{"id":377,"date":"2025-11-05T16:46:57","date_gmt":"2025-11-05T15:46:57","guid":{"rendered":"http:\/\/sudariumchristi.stage.bergwerk-it.de\/facts-and-fiction\/the-contradiction-of-the-pillar-of-st-veronica\/"},"modified":"2025-12-19T13:44:18","modified_gmt":"2025-12-19T12:44:18","slug":"the-contradiction-of-the-pillar-of-st-veronica","status":"publish","type":"page","link":"https:\/\/www.sudariumchristi.com\/en\/facts-and-fiction\/the-contradiction-of-the-pillar-of-st-veronica\/","title":{"rendered":"The contradiction of the Pillar of St. Veronica"},"content":{"rendered":"\t\t<div data-elementor-type=\"wp-page\" data-elementor-id=\"377\" class=\"elementor elementor-377 elementor-45\" data-elementor-post-type=\"page\">\n\t\t\t\t<div class=\"elementor-element elementor-element-afb83c0 e-flex e-con-boxed e-con e-parent\" data-id=\"afb83c0\" data-element_type=\"container\" data-e-type=\"container\">\n\t\t\t\t\t<div class=\"e-con-inner\">\n\t\t\t\t<div class=\"elementor-element elementor-element-4b76fd5 elementor-blockquote--skin-quotation elementor-blockquote--align-left elementor-widget elementor-widget-blockquote\" data-id=\"4b76fd5\" data-element_type=\"widget\" data-e-type=\"widget\" data-widget_type=\"blockquote.default\">\n\t\t\t\t\t\t\t<blockquote class=\"elementor-blockquote\">\n\t\t\t<p class=\"elementor-blockquote__content\">\n\t\t\t\tVULTUM TUUM DEPRECABUNTUR \u2013 They shall entreat thy countenance\t\t\t<\/p>\n\t\t\t\t\t\t\t<div class=\"e-q-footer\">\n\t\t\t\t\t\t\t\t\t\t\t<cite class=\"elementor-blockquote__author\">(Ps 45,13)<\/cite>\n\t\t\t\t\t\t\t\t\t\t\t\t\t\t<\/div>\n\t\t\t\t\t<\/blockquote>\n\t\t\t\t\t\t<\/div>\n\t\t\t\t<div class=\"elementor-element elementor-element-ec493d8 elementor-widget__width-initial elementor-widget elementor-widget-image-carousel\" data-id=\"ec493d8\" data-element_type=\"widget\" data-e-type=\"widget\" data-settings=\"{&quot;slides_to_show&quot;:&quot;1&quot;,&quot;navigation&quot;:&quot;none&quot;,&quot;lazyload&quot;:&quot;yes&quot;,&quot;autoplay&quot;:&quot;yes&quot;,&quot;pause_on_hover&quot;:&quot;yes&quot;,&quot;pause_on_interaction&quot;:&quot;yes&quot;,&quot;autoplay_speed&quot;:5000,&quot;infinite&quot;:&quot;yes&quot;,&quot;effect&quot;:&quot;slide&quot;,&quot;speed&quot;:500}\" data-widget_type=\"image-carousel.default\">\n\t\t\t\t\t\t\t<div class=\"elementor-image-carousel-wrapper swiper\" role=\"region\" aria-roledescription=\"carousel\" aria-label=\"Bild Karussell\" dir=\"ltr\">\n\t\t\t<div class=\"elementor-image-carousel swiper-wrapper swiper-image-stretch\" aria-live=\"off\">\n\t\t\t\t\t\t\t\t<div class=\"swiper-slide\" role=\"group\" aria-roledescription=\"slide\" aria-label=\"1 of 7\"><figure class=\"swiper-slide-inner\"><img class=\"swiper-slide-image swiper-lazy\" data-src=\"https:\/\/www.sudariumchristi.com\/wp-content\/uploads\/2025\/12\/veronica_01.jpg\" alt=\"Veronika-Pfeiler\" \/><div class=\"swiper-lazy-preloader\"><\/div><figcaption class=\"elementor-image-carousel-caption\">Veronika-Pfeiler<\/figcaption><\/figure><\/div><div class=\"swiper-slide\" role=\"group\" aria-roledescription=\"slide\" aria-label=\"2 of 7\"><figure class=\"swiper-slide-inner\"><img class=\"swiper-slide-image swiper-lazy\" data-src=\"https:\/\/www.sudariumchristi.com\/wp-content\/uploads\/2025\/12\/veronica_02.jpg\" alt=\"Veronika mit Schwei\u00dftuch\" \/><div class=\"swiper-lazy-preloader\"><\/div><figcaption class=\"elementor-image-carousel-caption\">Veronika mit Schwei\u00dftuch<\/figcaption><\/figure><\/div><div class=\"swiper-slide\" role=\"group\" aria-roledescription=\"slide\" aria-label=\"3 of 7\"><figure class=\"swiper-slide-inner\"><img class=\"swiper-slide-image swiper-lazy\" data-src=\"https:\/\/www.sudariumchristi.com\/wp-content\/uploads\/2025\/12\/veronica_03.jpg\" alt=\"Veronika mit Schwei\u00dftuch\" \/><div class=\"swiper-lazy-preloader\"><\/div><figcaption class=\"elementor-image-carousel-caption\">Veronika mit Schwei\u00dftuch<\/figcaption><\/figure><\/div><div class=\"swiper-slide\" role=\"group\" aria-roledescription=\"slide\" aria-label=\"4 of 7\"><figure class=\"swiper-slide-inner\"><img class=\"swiper-slide-image swiper-lazy\" data-src=\"https:\/\/www.sudariumchristi.com\/wp-content\/uploads\/2025\/12\/veronica_04.jpg\" alt=\"Veronika mit Schwei\u00dftuch\" \/><div class=\"swiper-lazy-preloader\"><\/div><figcaption class=\"elementor-image-carousel-caption\">Veronika mit Schwei\u00dftuch<\/figcaption><\/figure><\/div><div class=\"swiper-slide\" role=\"group\" aria-roledescription=\"slide\" aria-label=\"5 of 7\"><figure class=\"swiper-slide-inner\"><img class=\"swiper-slide-image swiper-lazy\" data-src=\"https:\/\/www.sudariumchristi.com\/wp-content\/uploads\/2025\/12\/veronica_05.jpg\" alt=\"Engel mit dem Sudarium Christi\" \/><div class=\"swiper-lazy-preloader\"><\/div><figcaption class=\"elementor-image-carousel-caption\">Engel mit dem Sudarium Christi<\/figcaption><\/figure><\/div><div class=\"swiper-slide\" role=\"group\" aria-roledescription=\"slide\" aria-label=\"6 of 7\"><figure class=\"swiper-slide-inner\"><img class=\"swiper-slide-image swiper-lazy\" data-src=\"https:\/\/www.sudariumchristi.com\/wp-content\/uploads\/2025\/12\/veronica_06.jpg\" alt=\"Engel mit dem Sudarium Christi\" \/><div class=\"swiper-lazy-preloader\"><\/div><figcaption class=\"elementor-image-carousel-caption\">Engel mit dem Sudarium Christi<\/figcaption><\/figure><\/div><div class=\"swiper-slide\" role=\"group\" aria-roledescription=\"slide\" aria-label=\"7 of 7\"><figure class=\"swiper-slide-inner\"><img class=\"swiper-slide-image swiper-lazy\" data-src=\"https:\/\/www.sudariumchristi.com\/wp-content\/uploads\/2025\/12\/veronica_07.jpg\" alt=\"Engel mit dem Sudarium Christi\" \/><div class=\"swiper-lazy-preloader\"><\/div><figcaption class=\"elementor-image-carousel-caption\">Engel mit dem Sudarium Christi<\/figcaption><\/figure><\/div>\t\t\t<\/div>\n\t\t\t\t\t\t\t\n\t\t\t\t\t\t\t\t\t<\/div>\n\t\t\t\t\t\t<\/div>\n\t\t\t\t<div class=\"elementor-element elementor-element-1e1a280 elementor-widget elementor-widget-text-editor\" data-id=\"1e1a280\" data-element_type=\"widget\" data-e-type=\"widget\" data-widget_type=\"text-editor.default\">\n\t\t\t\t\t\t\t\t\t<p class=\"txt1\">A contradiction carved in stone is revealed at the Pillar of St. Veronica in St. Peter\u2019s Basilica in Rome. In the sculpture adorning the lower part of the pillar, created in 1646 by Francesco Mochi, Veronica is holding a sweat cloth on which a face with the eyes closed is visible. The angel over the balcony, on the other hand, which probably stems from the school of Gianlorenzo Bernini, bears a cloth showing a face with the eyes open. It resembles the sudarium of Manoppello \u2013 it is the face of Christ.   <\/p><p class=\"txt1\">The work \u201cOpusculum de Sacrosanto Veronicae Sudario\u201d (Little Opus on the Most Holy Sweat Cloth of Veronica) by <b>Giacomo Grimaldi, <\/b>who undertook a detailed inventory of the treasures of the old St. Peter\u2019s Basilica, likewise impressively documented the changes in the depictions of Christ during the 17th century. The Veronica is shown on the title page of the volume: in the 1618 and 1620 editions, it depicts the familiar face with open eyes, but in the verbatim copy from 1635 a different face with closed eyes is pictured. <\/p>\t\t\t\t\t\t\t\t<\/div>\n\t\t\t\t\t<\/div>\n\t\t\t\t<\/div>\n\t\t\t\t<\/div>\n\t\t","protected":false},"excerpt":{"rendered":"<p>VULTUM TUUM DEPRECABUNTUR \u2013 They shall entreat thy countenance (Ps 45,13) Veronika-Pfeiler Veronika mit Schwei\u00dftuch Veronika mit Schwei\u00dftuch Veronika mit Schwei\u00dftuch Engel mit dem Sudarium Christi Engel mit dem Sudarium Christi Engel mit dem Sudarium Christi A contradiction carved in stone is revealed at the Pillar of St. Veronica in St. Peter\u2019s Basilica in Rome. [&hellip;]<\/p>\n","protected":false},"author":1,"featured_media":0,"parent":344,"menu_order":0,"comment_status":"closed","ping_status":"closed","template":"","meta":{"footnotes":""},"class_list":["post-377","page","type-page","status-publish","hentry"],"_links":{"self":[{"href":"https:\/\/www.sudariumchristi.com\/en\/wp-json\/wp\/v2\/pages\/377","targetHints":{"allow":["GET"]}}],"collection":[{"href":"https:\/\/www.sudariumchristi.com\/en\/wp-json\/wp\/v2\/pages"}],"about":[{"href":"https:\/\/www.sudariumchristi.com\/en\/wp-json\/wp\/v2\/types\/page"}],"author":[{"embeddable":true,"href":"https:\/\/www.sudariumchristi.com\/en\/wp-json\/wp\/v2\/users\/1"}],"replies":[{"embeddable":true,"href":"https:\/\/www.sudariumchristi.com\/en\/wp-json\/wp\/v2\/comments?post=377"}],"version-history":[{"count":7,"href":"https:\/\/www.sudariumchristi.com\/en\/wp-json\/wp\/v2\/pages\/377\/revisions"}],"predecessor-version":[{"id":3706,"href":"https:\/\/www.sudariumchristi.com\/en\/wp-json\/wp\/v2\/pages\/377\/revisions\/3706"}],"up":[{"embeddable":true,"href":"https:\/\/www.sudariumchristi.com\/en\/wp-json\/wp\/v2\/pages\/344"}],"wp:attachment":[{"href":"https:\/\/www.sudariumchristi.com\/en\/wp-json\/wp\/v2\/media?parent=377"}],"curies":[{"name":"wp","href":"https:\/\/api.w.org\/{rel}","templated":true}]}}