{"id":180,"date":"2025-11-05T14:06:44","date_gmt":"2025-11-05T13:06:44","guid":{"rendered":"http:\/\/sudariumchristi.stage.bergwerk-it.de\/bienvenida\/"},"modified":"2025-12-19T13:37:05","modified_gmt":"2025-12-19T12:37:05","slug":"bienvenida","status":"publish","type":"page","link":"https:\/\/www.sudariumchristi.com\/es\/","title":{"rendered":"Bienvenida"},"content":{"rendered":"\t\t<div data-elementor-type=\"wp-page\" data-elementor-id=\"180\" class=\"elementor elementor-180 elementor-9\" data-elementor-post-type=\"page\">\n\t\t\t\t<div class=\"elementor-element elementor-element-0027e72 e-flex e-con-boxed e-con e-parent\" data-id=\"0027e72\" data-element_type=\"container\" data-e-type=\"container\">\n\t\t\t\t\t<div class=\"e-con-inner\">\n\t\t<div class=\"elementor-element elementor-element-552bc82 e-con-full e-flex e-con e-child\" data-id=\"552bc82\" data-element_type=\"container\" data-e-type=\"container\">\n\t\t\t\t<div class=\"elementor-element elementor-element-4645ec2 elementor-blockquote--skin-quotation elementor-blockquote--align-left elementor-widget elementor-widget-blockquote\" data-id=\"4645ec2\" data-element_type=\"widget\" data-e-type=\"widget\" data-widget_type=\"blockquote.default\">\n\t\t\t\t\t\t\t<blockquote class=\"elementor-blockquote\">\n\t\t\t<p class=\"elementor-blockquote__content\">\n\t\t\t\t\u00abEl que me ha visto a M\u00ed ha visto al Padre\u00bb\t\t\t<\/p>\n\t\t\t\t\t\t\t<div class=\"e-q-footer\">\n\t\t\t\t\t\t\t\t\t\t\t<cite class=\"elementor-blockquote__author\">(Joh 14,9)<\/cite>\n\t\t\t\t\t\t\t\t\t\t\t\t\t\t<\/div>\n\t\t\t\t\t<\/blockquote>\n\t\t\t\t\t\t<\/div>\n\t\t\t\t<div class=\"elementor-element elementor-element-b417377 elementor-widget elementor-widget-text-editor\" data-id=\"b417377\" data-element_type=\"widget\" data-e-type=\"widget\" data-widget_type=\"text-editor.default\">\n\t\t\t\t\t\t\t\t\t<p><strong>Desde la \u00e9poca paleocristiana<\/strong> se hace referencia, tanto en las tradiciones tanto orales como escritas, a un pa\u00f1o con el rostro de Jesucristo. Lienzo de Camulia, Mandylion, Acheiropo\u00edetos, Ver\u00f3nica o Volto Santo\u2026 toda una variedad de nombres con cierto car\u00e1cter misterioso acompa\u00f1an al Sudario por su largo camino desde Jerusal\u00e9n hasta Manoppello, un lugar rec\u00f3ndito de los Abruzos italianos, pasando por Edesa, Constantinopla y Roma. <\/p><p><strong>El Santo Sudario de Oviedo, la Santa Cofia de Cahors, la S\u00e1bana Santa de Tur\u00edn, los lienzos de Kornelim\u00fcnster<\/strong>: con el entierro de Cristo se relaciona un considerable n\u00famero de reliquias textiles pues, en su Evangelio, San Juan menciona varios lienzos.<\/p><p>La religiosa trapista Blandina Paschalis Schl\u00f6mer pudo probar \u2013mediante la t\u00e9cnica de la superposici\u00f3n\u2013 que las im\u00e1genes que se encuentran <strong>en el Sudario de Manoppello y la S\u00e1bana Santa de Tur\u00edn<\/strong> son de la misma persona. M\u00e1s tarde, aplic\u00f3 esta t\u00e9cnica al Lienzo de Oviedo y obtuvo el mismo resultado. <\/p><p>El Sudario de Manoppello es de biso (o byssus) \u2013tambi\u00e9n denominado filamento del molusco noble\u2013, por lo que parece cambiar dependiendo de la incidencia de la luz.<\/p><p>Las reliquias como la S\u00e1bana Santa de Tur\u00edn y el Sudario de Manoppello, pero tambi\u00e9n la imagen de la Virgen de Guadalupe o la imagen milagrosa de Absam se denominan Acheiropo\u00edetos (\u00abno realizadas por la mano del hombre\u00bb).<\/p>\t\t\t\t\t\t\t\t<\/div>\n\t\t\t\t<\/div>\n\t\t<div class=\"elementor-element elementor-element-cce47c0 e-con-full e-flex e-con e-child\" data-id=\"cce47c0\" data-element_type=\"container\" data-e-type=\"container\">\n\t\t\t\t<div class=\"elementor-element elementor-element-2e6101e elementor-widget elementor-widget-video\" data-id=\"2e6101e\" data-element_type=\"widget\" data-e-type=\"widget\" data-settings=\"{&quot;video_type&quot;:&quot;hosted&quot;,&quot;controls&quot;:&quot;yes&quot;}\" data-widget_type=\"video.default\">\n\t\t\t\t\t\t\t<div class=\"e-hosted-video elementor-wrapper elementor-open-inline\">\n\t\t\t\t\t<video class=\"elementor-video\" src=\"https:\/\/www.sudariumchristi.com\/wp-content\/uploads\/2025\/12\/start.mp4\" controls=\"\" preload=\"metadata\" controlsList=\"nodownload\" poster=\"https:\/\/www.sudariumchristi.com\/wp-content\/uploads\/2025\/12\/start.jpg\"><\/video>\n\t\t\t\t<\/div>\n\t\t\t\t\t\t<\/div>\n\t\t\t\t<\/div>\n\t\t\t\t\t<\/div>\n\t\t\t\t<\/div>\n\t\t\t\t<\/div>\n\t\t","protected":false},"excerpt":{"rendered":"<p>\u00abEl que me ha visto a M\u00ed ha visto al Padre\u00bb (Joh 14,9) Desde la \u00e9poca paleocristiana se hace referencia, tanto en las tradiciones tanto orales como escritas, a un pa\u00f1o con el rostro de Jesucristo. Lienzo de Camulia, Mandylion, Acheiropo\u00edetos, Ver\u00f3nica o Volto Santo\u2026 toda una variedad de nombres con cierto car\u00e1cter misterioso acompa\u00f1an [&hellip;]<\/p>\n","protected":false},"author":1,"featured_media":0,"parent":0,"menu_order":0,"comment_status":"closed","ping_status":"closed","template":"","meta":{"footnotes":""},"class_list":["post-180","page","type-page","status-publish","hentry"],"_links":{"self":[{"href":"https:\/\/www.sudariumchristi.com\/es\/wp-json\/wp\/v2\/pages\/180","targetHints":{"allow":["GET"]}}],"collection":[{"href":"https:\/\/www.sudariumchristi.com\/es\/wp-json\/wp\/v2\/pages"}],"about":[{"href":"https:\/\/www.sudariumchristi.com\/es\/wp-json\/wp\/v2\/types\/page"}],"author":[{"embeddable":true,"href":"https:\/\/www.sudariumchristi.com\/es\/wp-json\/wp\/v2\/users\/1"}],"replies":[{"embeddable":true,"href":"https:\/\/www.sudariumchristi.com\/es\/wp-json\/wp\/v2\/comments?post=180"}],"version-history":[{"count":6,"href":"https:\/\/www.sudariumchristi.com\/es\/wp-json\/wp\/v2\/pages\/180\/revisions"}],"predecessor-version":[{"id":3584,"href":"https:\/\/www.sudariumchristi.com\/es\/wp-json\/wp\/v2\/pages\/180\/revisions\/3584"}],"wp:attachment":[{"href":"https:\/\/www.sudariumchristi.com\/es\/wp-json\/wp\/v2\/media?parent=180"}],"curies":[{"name":"wp","href":"https:\/\/api.w.org\/{rel}","templated":true}]}}