{"id":222,"date":"2025-11-05T16:41:52","date_gmt":"2025-11-05T15:41:52","guid":{"rendered":"http:\/\/sudariumchristi.stage.bergwerk-it.de\/introduccion\/"},"modified":"2025-12-19T13:37:48","modified_gmt":"2025-12-19T12:37:48","slug":"introduccion","status":"publish","type":"page","link":"https:\/\/www.sudariumchristi.com\/es\/introduccion\/","title":{"rendered":"Introducci\u00f3n"},"content":{"rendered":"\t\t<div data-elementor-type=\"wp-page\" data-elementor-id=\"222\" class=\"elementor elementor-222 elementor-17\" data-elementor-post-type=\"page\">\n\t\t\t\t<div class=\"elementor-element elementor-element-3c76bd5 e-flex e-con-boxed e-con e-parent\" data-id=\"3c76bd5\" data-element_type=\"container\" data-e-type=\"container\">\n\t\t\t\t\t<div class=\"e-con-inner\">\n\t\t<div class=\"elementor-element elementor-element-8ae4f50 e-con-full e-flex e-con e-child\" data-id=\"8ae4f50\" data-element_type=\"container\" data-e-type=\"container\">\n\t\t\t\t<div class=\"elementor-element elementor-element-006c8ce elementor-blockquote--skin-quotation elementor-blockquote--align-left elementor-widget elementor-widget-blockquote\" data-id=\"006c8ce\" data-element_type=\"widget\" data-e-type=\"widget\" data-widget_type=\"blockquote.default\">\n\t\t\t\t\t\t\t<blockquote class=\"elementor-blockquote\">\n\t\t\t<p class=\"elementor-blockquote__content\">\n\t\t\t\tLos que siembran con l\u00e1grimas cosechan entre cantares de alegr\u00eda. Al marchar iban llorando, llevando las semillas. Al volver vienen cantando, trayendo sus gavillas \u2013manipulos \t\t\t<\/p>\n\t\t\t\t\t\t\t<div class=\"e-q-footer\">\n\t\t\t\t\t\t\t\t\t\t\t<cite class=\"elementor-blockquote__author\">\u2013 Ps 126,5 f.<\/cite>\n\t\t\t\t\t\t\t\t\t\t\t\t\t\t<\/div>\n\t\t\t\t\t<\/blockquote>\n\t\t\t\t\t\t<\/div>\n\t\t\t\t<div class=\"elementor-element elementor-element-dd7c92c elementor-widget elementor-widget-text-editor\" data-id=\"dd7c92c\" data-element_type=\"widget\" data-e-type=\"widget\" data-widget_type=\"text-editor.default\">\n\t\t\t\t\t\t\t\t\t<p><strong>En pleno paisaje monta\u00f1oso<\/strong>, al pie del macizo de Majella, en los Abruzos italianos, se encuentra la peque\u00f1a ciudad de Manoppello. En este rec\u00f3ndito lugar se conserva una reliquia de valor inestimable: un velo en el que se reproduce el rostro de Jesucristo. <\/p><p><strong>Durante casi 400 a\u00f1os<\/strong>, este sudario solo dio consuelo y esperanza a un n\u00famero reducido de creyentes, mientras que se mantuvo casi oculto al resto de la cristiandad. Sin embargo, cada vez hay m\u00e1s indicios de que se trata de la \u00abaut\u00e9ntica efigie\u00bb que deber\u00eda encontrarse en realidad en la catedral de San Pedro de Roma. <\/p><p><strong>Velado, inescrutable, desvelado.<\/strong> Ya de por s\u00ed, la contextura del sudario hace referencia a un car\u00e1cter enigm\u00e1tico y misterioso: un velo transparente en el que la imagen de Jesucristo parece estar sometida a un cambio permanente, dependiendo de la luz incidente. En su variedad, solo desarrolla toda su belleza durante las procesiones, a la luz del d\u00eda. Prestigiosos artistas han intentado reproducir este motivo, pero ni siquiera la m\u00e1s moderna t\u00e9cnica fotogr\u00e1fica est\u00e1 en condiciones de reflejar adecuadamente este rostro irisado. Adem\u00e1s, el sudario est\u00e1 tejido con un material muy especial: el biso (o byssus), un material rodeado de leyendas procedentes de la Antig\u00fcedad cl\u00e1sica. Un material para la eternidad, que ya ha sobrevivido 2.000 a\u00f1os desde la muerte de Cristo. Ya los primeros cristianos se plantearon la cuesti\u00f3n de c\u00f3mo pudo quedar grabado el rostro de Jesucristo en el sudario, una cuesti\u00f3n que sigue suscitando enigmas, a\u00fan hoy en d\u00eda.     <\/p><p><strong>Manoppello, manipulus, man\u00edpulo:<\/strong> el nombre de esta peque\u00f1a ciudad sin aparente importancia, que desde hace siglos viene concediendo refugio al sudario de Cristo, no podr\u00eda tener un significado m\u00e1s rico: Manoppello procede del t\u00e9rmino latino \u00abmanipulus\u00bb, una \u00abmano\u00bb, que en el escudo de la ciudad se representa como una \u00abmano llena de espigas\u00bb. Las espigas recuerdan el pan, al igual que Bel\u00e9n, la ciudad en la que naci\u00f3 Jes\u00fas, que en hebreo significa \u00abcasa del pan\u00bb. \u00abLos que siembran con l\u00e1grimas cosechan entre cantares de alegr\u00eda. Al marchar iban llorando, llevando las semillas. Al volver vienen cantando, trayendo sus gavillas \u2013manipulos\u2013\u00bb (Sal 126,5 y s.): as\u00ed reza el Salmo al que se refer\u00eda el sacerdote al revestirse con el man\u00edpulo, originariamente un sudario, que m\u00e1s tarde se empleaba en la Misa para cubrir la mano izquierda al entregar el c\u00e1liz, la patena y la custodia vac\u00eda. Por tanto, el nombre de Manoppello, lugar fundado mucho antes de la llegada del sudario, no solo contiene una referencia al sudario; como est\u00e1 relacionado con el pan y los objetos lit\u00fargicos, subraya por partida doble la importancia de la Eucarist\u00eda:    <\/p><p><strong>\u00abY tomando pan,<\/strong> dio gracias, lo parti\u00f3 y se lo dio diciendo: Esto es mi cuerpo, que es entregado por vosotros. Haced esto en memoria m\u00eda. Y del mismo modo el c\u00e1liz despu\u00e9s de haber cenado, diciendo: Este c\u00e1liz es la nueva alianza en mi sangre, que ser\u00e1 derramada por vosotros\u00bb (Lc 22, 19-20).<\/p><p>El padre Ignazio Scurti, fraile capuchino de Manoppello, subrayaba:<strong> \u00abLa aut\u00e9ntica Ver\u00f3nica, el verdadero velo, es la Hostia eucar\u00edstica, y el aut\u00e9ntico rostro de Cristo lo encuentras en el rostro del pr\u00f3jimo\u00bb.<\/strong><\/p>\t\t\t\t\t\t\t\t<\/div>\n\t\t\t\t<\/div>\n\t\t<div class=\"elementor-element elementor-element-98bb79e e-con-full e-flex e-con e-child\" data-id=\"98bb79e\" data-element_type=\"container\" data-e-type=\"container\">\n\t\t\t\t<div class=\"elementor-element elementor-element-51b12cf elementor-widget elementor-widget-image\" data-id=\"51b12cf\" data-element_type=\"widget\" data-e-type=\"widget\" data-widget_type=\"image.default\">\n\t\t\t\t\t\t\t\t\t\t\t\t<figure class=\"wp-caption\">\n\t\t\t\t\t\t\t\t\t\t<img fetchpriority=\"high\" decoding=\"async\" width=\"300\" height=\"222\" src=\"https:\/\/www.sudariumchristi.com\/wp-content\/uploads\/2025\/12\/santuario_1.jpg\" class=\"attachment-large size-large wp-image-1959\" alt=\"\" \/>\t\t\t\t\t\t\t\t\t\t\t<figcaption class=\"widget-image-caption wp-caption-text\">Manoppello se encuentra situado en un lugar bastante retirado, en los Abruzos italianos<\/figcaption>\n\t\t\t\t\t\t\t\t\t\t<\/figure>\n\t\t\t\t\t\t\t\t\t<\/div>\n\t\t\t\t<div class=\"elementor-element elementor-element-faa043f elementor-widget elementor-widget-image\" data-id=\"faa043f\" data-element_type=\"widget\" data-e-type=\"widget\" data-widget_type=\"image.default\">\n\t\t\t\t\t\t\t\t\t\t\t\t<figure class=\"wp-caption\">\n\t\t\t\t\t\t\t\t\t\t<img decoding=\"async\" width=\"278\" height=\"170\" src=\"https:\/\/www.sudariumchristi.com\/wp-content\/uploads\/2025\/12\/emblem.jpg\" class=\"attachment-large size-large wp-image-1960\" alt=\"\" \/>\t\t\t\t\t\t\t\t\t\t\t<figcaption class=\"widget-image-caption wp-caption-text\">Los escudos de Manoppello y de Bel\u00e9n<\/figcaption>\n\t\t\t\t\t\t\t\t\t\t<\/figure>\n\t\t\t\t\t\t\t\t\t<\/div>\n\t\t\t\t<div class=\"elementor-element elementor-element-2b62c74 elementor-widget elementor-widget-image\" data-id=\"2b62c74\" data-element_type=\"widget\" data-e-type=\"widget\" data-widget_type=\"image.default\">\n\t\t\t\t\t\t\t\t\t\t\t\t<figure class=\"wp-caption\">\n\t\t\t\t\t\t\t\t\t\t<img decoding=\"async\" width=\"300\" height=\"256\" src=\"https:\/\/www.sudariumchristi.com\/wp-content\/uploads\/2025\/12\/santuario_2.jpg\" class=\"attachment-large size-large wp-image-1961\" alt=\"\" \/>\t\t\t\t\t\t\t\t\t\t\t<figcaption class=\"widget-image-caption wp-caption-text\">La Bas\u00edlica pontifica del Volto Santo en Manoppello<\/figcaption>\n\t\t\t\t\t\t\t\t\t\t<\/figure>\n\t\t\t\t\t\t\t\t\t<\/div>\n\t\t\t\t<\/div>\n\t\t\t\t\t<\/div>\n\t\t\t\t<\/div>\n\t\t\t\t<\/div>\n\t\t","protected":false},"excerpt":{"rendered":"<p>Los que siembran con l\u00e1grimas cosechan entre cantares de alegr\u00eda. Al marchar iban llorando, llevando las semillas. Al volver vienen cantando, trayendo sus gavillas \u2013manipulos \u2013 Ps 126,5 f. En pleno paisaje monta\u00f1oso, al pie del macizo de Majella, en los Abruzos italianos, se encuentra la peque\u00f1a ciudad de Manoppello. En este rec\u00f3ndito lugar se [&hellip;]<\/p>\n","protected":false},"author":1,"featured_media":0,"parent":0,"menu_order":0,"comment_status":"closed","ping_status":"closed","template":"","meta":{"footnotes":""},"class_list":["post-222","page","type-page","status-publish","hentry"],"_links":{"self":[{"href":"https:\/\/www.sudariumchristi.com\/es\/wp-json\/wp\/v2\/pages\/222","targetHints":{"allow":["GET"]}}],"collection":[{"href":"https:\/\/www.sudariumchristi.com\/es\/wp-json\/wp\/v2\/pages"}],"about":[{"href":"https:\/\/www.sudariumchristi.com\/es\/wp-json\/wp\/v2\/types\/page"}],"author":[{"embeddable":true,"href":"https:\/\/www.sudariumchristi.com\/es\/wp-json\/wp\/v2\/users\/1"}],"replies":[{"embeddable":true,"href":"https:\/\/www.sudariumchristi.com\/es\/wp-json\/wp\/v2\/comments?post=222"}],"version-history":[{"count":6,"href":"https:\/\/www.sudariumchristi.com\/es\/wp-json\/wp\/v2\/pages\/222\/revisions"}],"predecessor-version":[{"id":3595,"href":"https:\/\/www.sudariumchristi.com\/es\/wp-json\/wp\/v2\/pages\/222\/revisions\/3595"}],"wp:attachment":[{"href":"https:\/\/www.sudariumchristi.com\/es\/wp-json\/wp\/v2\/media?parent=222"}],"curies":[{"name":"wp","href":"https:\/\/api.w.org\/{rel}","templated":true}]}}