{"id":238,"date":"2025-11-05T16:42:09","date_gmt":"2025-11-05T15:42:09","guid":{"rendered":"http:\/\/sudariumchristi.stage.bergwerk-it.de\/venid-y-vereis\/"},"modified":"2025-12-18T14:09:39","modified_gmt":"2025-12-18T13:09:39","slug":"venid-y-vereis","status":"publish","type":"page","link":"https:\/\/www.sudariumchristi.com\/es\/venid-y-vereis\/","title":{"rendered":"\u00a1Venid y ver\u00e9is! \u2013"},"content":{"rendered":"\t\t<div data-elementor-type=\"wp-page\" data-elementor-id=\"238\" class=\"elementor elementor-238 elementor-19\" data-elementor-post-type=\"page\">\n\t\t\t\t<div class=\"elementor-element elementor-element-2559779 e-flex e-con-boxed e-con e-parent\" data-id=\"2559779\" data-element_type=\"container\" data-e-type=\"container\">\n\t\t\t\t\t<div class=\"e-con-inner\">\n\t\t\t\t<div class=\"elementor-element elementor-element-1e4a1d3 elementor-blockquote--skin-quotation elementor-blockquote--align-left elementor-widget elementor-widget-blockquote\" data-id=\"1e4a1d3\" data-element_type=\"widget\" data-e-type=\"widget\" data-widget_type=\"blockquote.default\">\n\t\t\t\t\t\t\t<blockquote class=\"elementor-blockquote\">\n\t\t\t<p class=\"elementor-blockquote__content\">\n\t\t\t\tMaestro, \u00bfd\u00f3nde vives? Les respondi\u00f3: venid y ver\u00e9is \t\t\t<\/p>\n\t\t\t\t\t\t\t<div class=\"e-q-footer\">\n\t\t\t\t\t\t\t\t\t\t\t<cite class=\"elementor-blockquote__author\">\u2013 Joh 1,38-39<\/cite>\n\t\t\t\t\t\t\t\t\t\t\t\t\t\t<\/div>\n\t\t\t\t\t<\/blockquote>\n\t\t\t\t\t\t<\/div>\n\t\t\t\t<div class=\"elementor-element elementor-element-866364b elementor-widget elementor-widget-text-editor\" data-id=\"866364b\" data-element_type=\"widget\" data-e-type=\"widget\" data-widget_type=\"text-editor.default\">\n\t\t\t\t\t\t\t\t\t<p> <\/p><p>\u00abSantuario del Volto Santo\u00bb o \u00abBas\u00edlica de la Santa Faz\u00bb es el nombre de la iglesia que atienden los padres capuchinos y que se encuentra sobre una colina, no lejos del casco antiguo; dentro de sus muros se conserva el Sudario de Cristo. Construida en 1620, fue renovada y ampliada en 1960, a\u00f1adi\u00e9ndosele una fachada de piedra roja y blanca, que se inspiraba en la fachada de la iglesia rom\u00e1nico-protog\u00f3tica de Santa Maria di Collemaggio en L\u2019Aquila. En 1999, junto a la iglesia, se instal\u00f3 una exposici\u00f3n permanente denominada \u00abPenuel\u00bb (en hebreo: la faz del Se\u00f1or). Son tambi\u00e9n dignas de ver los paneles del primer piso sobre el tema \u00abLa transformaci\u00f3n de Jes\u00fas en la iconograf\u00eda occidental y oriental\u00bb.   <\/p><p>La iglesia, con el Sudario de Cristo, est\u00e1 abierta todos los d\u00edas de 6 a 12 h y de 15 a 19 h (en invierno, hasta las 18 h). Todos los a\u00f1os se celebran dos procesiones con el Sudario de Cristo: una larga, el tercer domingo de mayo, y otra m\u00e1s corta el 6 de agosto, fiesta de la Transfiguraci\u00f3n de Cristo en el monte Tabor. En la ma\u00f1ana de la procesi\u00f3n de mayo se lleva la estatua de San Pancracio, que m\u00e1s tarde abrir\u00e1 la procesi\u00f3n con el Sudario, desde la iglesia de la ciudad a la bas\u00edlica del Santo Rostro. Se puede reconstruir una relaci\u00f3n entre el Sudario y un San Pancracio con la ayuda de los escritos ap\u00f3crifos del Nuevo Testamento: \u00abTrae la imagen de Nuestro Se\u00f1or Jesucristo y exponla en la torre para que las gentes vean qu\u00e9 forma ha tomado el Hijo de Dios\u00bb, se dice en un Decreto del ap\u00f3stol San Pedro en las Actas de San Pancracio, el primer obispo de Taormina (Sicilia).   <\/p>\t\t\t\t\t\t\t\t<\/div>\n\t\t\t\t<div class=\"elementor-element elementor-element-aabef69 elementor-widget elementor-widget-video\" data-id=\"aabef69\" data-element_type=\"widget\" data-e-type=\"widget\" data-settings=\"{&quot;video_type&quot;:&quot;hosted&quot;,&quot;controls&quot;:&quot;yes&quot;}\" data-widget_type=\"video.default\">\n\t\t\t\t\t\t\t<div class=\"e-hosted-video elementor-wrapper elementor-open-inline\">\n\t\t\t\t\t<video class=\"elementor-video\" src=\"https:\/\/www.sudariumchristi.com\/wp-content\/uploads\/2025\/12\/come_w700_700kbit.mp4\" controls=\"\" preload=\"metadata\" controlsList=\"nodownload\" poster=\"https:\/\/www.sudariumchristi.com\/wp-content\/uploads\/2025\/12\/santuario.jpg\"><\/video>\n\t\t\t\t<\/div>\n\t\t\t\t\t\t<\/div>\n\t\t\t\t\t<\/div>\n\t\t\t\t<\/div>\n\t\t\t\t<\/div>\n\t\t","protected":false},"excerpt":{"rendered":"<p>Maestro, \u00bfd\u00f3nde vives? Les respondi\u00f3: venid y ver\u00e9is \u2013 Joh 1,38-39 \u00abSantuario del Volto Santo\u00bb o \u00abBas\u00edlica de la Santa Faz\u00bb es el nombre de la iglesia que atienden los padres capuchinos y que se encuentra sobre una colina, no lejos del casco antiguo; dentro de sus muros se conserva el Sudario de Cristo. Construida [&hellip;]<\/p>\n","protected":false},"author":1,"featured_media":0,"parent":0,"menu_order":0,"comment_status":"closed","ping_status":"closed","template":"","meta":{"footnotes":""},"class_list":["post-238","page","type-page","status-publish","hentry"],"_links":{"self":[{"href":"https:\/\/www.sudariumchristi.com\/es\/wp-json\/wp\/v2\/pages\/238","targetHints":{"allow":["GET"]}}],"collection":[{"href":"https:\/\/www.sudariumchristi.com\/es\/wp-json\/wp\/v2\/pages"}],"about":[{"href":"https:\/\/www.sudariumchristi.com\/es\/wp-json\/wp\/v2\/types\/page"}],"author":[{"embeddable":true,"href":"https:\/\/www.sudariumchristi.com\/es\/wp-json\/wp\/v2\/users\/1"}],"replies":[{"embeddable":true,"href":"https:\/\/www.sudariumchristi.com\/es\/wp-json\/wp\/v2\/comments?post=238"}],"version-history":[{"count":4,"href":"https:\/\/www.sudariumchristi.com\/es\/wp-json\/wp\/v2\/pages\/238\/revisions"}],"predecessor-version":[{"id":3121,"href":"https:\/\/www.sudariumchristi.com\/es\/wp-json\/wp\/v2\/pages\/238\/revisions\/3121"}],"wp:attachment":[{"href":"https:\/\/www.sudariumchristi.com\/es\/wp-json\/wp\/v2\/media?parent=238"}],"curies":[{"name":"wp","href":"https:\/\/api.w.org\/{rel}","templated":true}]}}