{"id":294,"date":"2025-11-05T16:42:32","date_gmt":"2025-11-05T15:42:32","guid":{"rendered":"http:\/\/sudariumchristi.stage.bergwerk-it.de\/cara-a-cara\/cara-a-cara\/"},"modified":"2025-12-19T13:40:16","modified_gmt":"2025-12-19T12:40:16","slug":"cara-a-cara","status":"publish","type":"page","link":"https:\/\/www.sudariumchristi.com\/es\/cara-a-cara\/cara-a-cara\/","title":{"rendered":"Cara a cara \u2013"},"content":{"rendered":"\t\t<div data-elementor-type=\"wp-page\" data-elementor-id=\"294\" class=\"elementor elementor-294 elementor-23\" data-elementor-post-type=\"page\">\n\t\t\t\t<div class=\"elementor-element elementor-element-946e17c e-flex e-con-boxed e-con e-parent\" data-id=\"946e17c\" data-element_type=\"container\" data-e-type=\"container\">\n\t\t\t\t\t<div class=\"e-con-inner\">\n\t\t\t\t<div class=\"elementor-element elementor-element-a112764 elementor-blockquote--skin-quotation elementor-blockquote--align-left elementor-widget elementor-widget-blockquote\" data-id=\"a112764\" data-element_type=\"widget\" data-e-type=\"widget\" data-widget_type=\"blockquote.default\">\n\t\t\t\t\t\t\t<blockquote class=\"elementor-blockquote\">\n\t\t\t<p class=\"elementor-blockquote__content\">\n\t\t\t\tComo se imprimi\u00f3 la efigie del Se\u00f1or\nen aquel velo de velos\t\t\t<\/p>\n\t\t\t\t\t\t\t<div class=\"e-q-footer\">\n\t\t\t\t\t\t\t\t\t\t\t<cite class=\"elementor-blockquote__author\">\u2013 Johann-Wolfgang von Goethe (1749-1832)<\/cite>\n\t\t\t\t\t\t\t\t\t\t\t\t\t\t<\/div>\n\t\t\t\t\t<\/blockquote>\n\t\t\t\t\t\t<\/div>\n\t\t\t\t<div class=\"elementor-element elementor-element-f2abf6c elementor-widget elementor-widget-text-editor\" data-id=\"f2abf6c\" data-element_type=\"widget\" data-e-type=\"widget\" data-widget_type=\"text-editor.default\">\n\t\t\t\t\t\t\t\t\t<p>La \u00ab\u00faltima de su oficio\u00bb, <strong>Chiara Vigo, tejedora de biso de Cerde\u00f1a,<\/strong> expuso en Manoppello, el 1 de septiembre de 2004, que el tejido del sudario es biso. Se mostr\u00f3 impresionada por la finura del tejido. Este material textil se denomina tambi\u00e9n seda marina, porque se obtiene de los filamentos que segrega el molusco noble (Pinna nobilis). El biso se puede te\u00f1ir con algunas pocas sustancias, pero no es posible pintar sobre \u00e9l. Ni se disuelve en agua ni es inflamable; adem\u00e1s, es resistente a diferentes agentes qu\u00edmicos. Los filamentos pueden almacenar luz de modo similar a como el ordenador graba informaci\u00f3n.     <\/p>\t\t\t\t\t\t\t\t<\/div>\n\t\t\t\t<div class=\"elementor-element elementor-element-40ca82e gallery-spacing-custom elementor-widget elementor-widget-image-gallery\" data-id=\"40ca82e\" data-element_type=\"widget\" data-e-type=\"widget\" data-widget_type=\"image-gallery.default\">\n\t\t\t\t\t\t\t<div class=\"elementor-image-gallery\">\n\t\t\t<div id='gallery-1' class='gallery galleryid-294 gallery-columns-5 gallery-size-large'><figure class='gallery-item'>\n\t\t\t<div class='gallery-icon landscape'>\n\t\t\t\t<a data-elementor-open-lightbox=\"yes\" data-elementor-lightbox-slideshow=\"40ca82e\" data-elementor-lightbox-title=\"shell_1\" data-e-action-hash=\"#elementor-action%3Aaction%3Dlightbox%26settings%3DeyJpZCI6MTkzNywidXJsIjoiaHR0cHM6XC9cL3d3dy5zdWRhcml1bWNocmlzdGkuY29tXC93cC1jb250ZW50XC91cGxvYWRzXC8yMDI1XC8xMlwvc2hlbGxfMS5qcGciLCJzbGlkZXNob3ciOiI0MGNhODJlIn0%3D\" href='https:\/\/www.sudariumchristi.com\/wp-content\/uploads\/2025\/12\/shell_1.jpg'><img decoding=\"async\" width=\"190\" height=\"127\" src=\"https:\/\/www.sudariumchristi.com\/wp-content\/uploads\/2025\/12\/shell_1.jpg\" class=\"attachment-large size-large\" alt=\"\" \/><\/a>\n\t\t\t<\/div><\/figure><figure class='gallery-item'>\n\t\t\t<div class='gallery-icon landscape'>\n\t\t\t\t<a data-elementor-open-lightbox=\"yes\" data-elementor-lightbox-slideshow=\"40ca82e\" data-elementor-lightbox-title=\"shell_2\" data-e-action-hash=\"#elementor-action%3Aaction%3Dlightbox%26settings%3DeyJpZCI6MTkzOCwidXJsIjoiaHR0cHM6XC9cL3d3dy5zdWRhcml1bWNocmlzdGkuY29tXC93cC1jb250ZW50XC91cGxvYWRzXC8yMDI1XC8xMlwvc2hlbGxfMi5qcGciLCJzbGlkZXNob3ciOiI0MGNhODJlIn0%3D\" href='https:\/\/www.sudariumchristi.com\/wp-content\/uploads\/2025\/12\/shell_2.jpg'><img decoding=\"async\" width=\"190\" height=\"127\" src=\"https:\/\/www.sudariumchristi.com\/wp-content\/uploads\/2025\/12\/shell_2.jpg\" class=\"attachment-large size-large\" alt=\"\" \/><\/a>\n\t\t\t<\/div><\/figure><figure class='gallery-item'>\n\t\t\t<div class='gallery-icon landscape'>\n\t\t\t\t<a data-elementor-open-lightbox=\"yes\" data-elementor-lightbox-slideshow=\"40ca82e\" data-elementor-lightbox-title=\"shell_5\" data-e-action-hash=\"#elementor-action%3Aaction%3Dlightbox%26settings%3DeyJpZCI6MTkzOSwidXJsIjoiaHR0cHM6XC9cL3d3dy5zdWRhcml1bWNocmlzdGkuY29tXC93cC1jb250ZW50XC91cGxvYWRzXC8yMDI1XC8xMlwvc2hlbGxfNS5qcGciLCJzbGlkZXNob3ciOiI0MGNhODJlIn0%3D\" href='https:\/\/www.sudariumchristi.com\/wp-content\/uploads\/2025\/12\/shell_5.jpg'><img decoding=\"async\" width=\"190\" height=\"127\" src=\"https:\/\/www.sudariumchristi.com\/wp-content\/uploads\/2025\/12\/shell_5.jpg\" class=\"attachment-large size-large\" alt=\"\" \/><\/a>\n\t\t\t<\/div><\/figure><figure class='gallery-item'>\n\t\t\t<div class='gallery-icon landscape'>\n\t\t\t\t<a data-elementor-open-lightbox=\"yes\" data-elementor-lightbox-slideshow=\"40ca82e\" data-elementor-lightbox-title=\"shell_4\" data-e-action-hash=\"#elementor-action%3Aaction%3Dlightbox%26settings%3DeyJpZCI6MTk0MCwidXJsIjoiaHR0cHM6XC9cL3d3dy5zdWRhcml1bWNocmlzdGkuY29tXC93cC1jb250ZW50XC91cGxvYWRzXC8yMDI1XC8xMlwvc2hlbGxfNC5qcGciLCJzbGlkZXNob3ciOiI0MGNhODJlIn0%3D\" href='https:\/\/www.sudariumchristi.com\/wp-content\/uploads\/2025\/12\/shell_4.jpg'><img loading=\"lazy\" decoding=\"async\" width=\"190\" height=\"127\" src=\"https:\/\/www.sudariumchristi.com\/wp-content\/uploads\/2025\/12\/shell_4.jpg\" class=\"attachment-large size-large\" alt=\"\" \/><\/a>\n\t\t\t<\/div><\/figure><figure class='gallery-item'>\n\t\t\t<div class='gallery-icon landscape'>\n\t\t\t\t<a data-elementor-open-lightbox=\"yes\" data-elementor-lightbox-slideshow=\"40ca82e\" data-elementor-lightbox-title=\"shell_3\" data-e-action-hash=\"#elementor-action%3Aaction%3Dlightbox%26settings%3DeyJpZCI6MTk0MSwidXJsIjoiaHR0cHM6XC9cL3d3dy5zdWRhcml1bWNocmlzdGkuY29tXC93cC1jb250ZW50XC91cGxvYWRzXC8yMDI1XC8xMlwvc2hlbGxfMy5qcGciLCJzbGlkZXNob3ciOiI0MGNhODJlIn0%3D\" href='https:\/\/www.sudariumchristi.com\/wp-content\/uploads\/2025\/12\/shell_3.jpg'><img loading=\"lazy\" decoding=\"async\" width=\"190\" height=\"127\" src=\"https:\/\/www.sudariumchristi.com\/wp-content\/uploads\/2025\/12\/shell_3.jpg\" class=\"attachment-large size-large\" alt=\"\" \/><\/a>\n\t\t\t<\/div><\/figure>\n\t\t<\/div>\n\t\t<\/div>\n\t\t\t\t\t\t<\/div>\n\t\t\t\t\t<\/div>\n\t\t\t\t<\/div>\n\t\t\t\t<\/div>\n\t\t","protected":false},"excerpt":{"rendered":"<p>Como se imprimi\u00f3 la efigie del Se\u00f1or en aquel velo de velos \u2013 Johann-Wolfgang von Goethe (1749-1832) La \u00ab\u00faltima de su oficio\u00bb, Chiara Vigo, tejedora de biso de Cerde\u00f1a, expuso en Manoppello, el 1 de septiembre de 2004, que el tejido del sudario es biso. Se mostr\u00f3 impresionada por la finura del tejido. Este material [&hellip;]<\/p>\n","protected":false},"author":1,"featured_media":0,"parent":256,"menu_order":0,"comment_status":"closed","ping_status":"closed","template":"","meta":{"footnotes":""},"class_list":["post-294","page","type-page","status-publish","hentry"],"_links":{"self":[{"href":"https:\/\/www.sudariumchristi.com\/es\/wp-json\/wp\/v2\/pages\/294","targetHints":{"allow":["GET"]}}],"collection":[{"href":"https:\/\/www.sudariumchristi.com\/es\/wp-json\/wp\/v2\/pages"}],"about":[{"href":"https:\/\/www.sudariumchristi.com\/es\/wp-json\/wp\/v2\/types\/page"}],"author":[{"embeddable":true,"href":"https:\/\/www.sudariumchristi.com\/es\/wp-json\/wp\/v2\/users\/1"}],"replies":[{"embeddable":true,"href":"https:\/\/www.sudariumchristi.com\/es\/wp-json\/wp\/v2\/comments?post=294"}],"version-history":[{"count":4,"href":"https:\/\/www.sudariumchristi.com\/es\/wp-json\/wp\/v2\/pages\/294\/revisions"}],"predecessor-version":[{"id":3624,"href":"https:\/\/www.sudariumchristi.com\/es\/wp-json\/wp\/v2\/pages\/294\/revisions\/3624"}],"up":[{"embeddable":true,"href":"https:\/\/www.sudariumchristi.com\/es\/wp-json\/wp\/v2\/pages\/256"}],"wp:attachment":[{"href":"https:\/\/www.sudariumchristi.com\/es\/wp-json\/wp\/v2\/media?parent=294"}],"curies":[{"name":"wp","href":"https:\/\/api.w.org\/{rel}","templated":true}]}}