{"id":303,"date":"2025-11-05T16:44:05","date_gmt":"2025-11-05T15:44:05","guid":{"rendered":"http:\/\/sudariumchristi.stage.bergwerk-it.de\/el-sepulcro-vacio\/biso-y-lino-puro\/"},"modified":"2026-01-21T11:41:43","modified_gmt":"2026-01-21T10:41:43","slug":"biso-y-lino-puro","status":"publish","type":"page","link":"https:\/\/www.sudariumchristi.com\/es\/el-sepulcro-vacio\/biso-y-lino-puro\/","title":{"rendered":"Biso y lino puro \u2013"},"content":{"rendered":"\t\t<div data-elementor-type=\"wp-page\" data-elementor-id=\"303\" class=\"elementor elementor-303 elementor-27\" data-elementor-post-type=\"page\">\n\t\t\t\t<div class=\"elementor-element elementor-element-244fe31 e-flex e-con-boxed e-con e-parent\" data-id=\"244fe31\" data-element_type=\"container\" data-e-type=\"container\">\n\t\t\t\t\t<div class=\"e-con-inner\">\n\t\t\t\t<div class=\"elementor-element elementor-element-c408579 elementor-widget elementor-widget-heading\" data-id=\"c408579\" data-element_type=\"widget\" data-e-type=\"widget\" data-widget_type=\"heading.default\">\n\t\t\t\t\t<h2 class=\"elementor-heading-title elementor-size-default\">Los lienzos del enterramiento de Cristo<\/h2>\t\t\t\t<\/div>\n\t\t\t\t<div class=\"elementor-element elementor-element-0aae319 elementor-widget-divider--view-line elementor-widget elementor-widget-divider\" data-id=\"0aae319\" data-element_type=\"widget\" data-e-type=\"widget\" data-widget_type=\"divider.default\">\n\t\t\t\t\t\t\t<div class=\"elementor-divider\">\n\t\t\t<span class=\"elementor-divider-separator\">\n\t\t\t\t\t\t<\/span>\n\t\t<\/div>\n\t\t\t\t\t\t<\/div>\n\t\t\t\t<div class=\"elementor-element elementor-element-e2e5492 elementor-widget elementor-widget-image\" data-id=\"e2e5492\" data-element_type=\"widget\" data-e-type=\"widget\" data-widget_type=\"image.default\">\n\t\t\t\t\t\t\t\t\t\t\t\t\t\t\t<img fetchpriority=\"high\" decoding=\"async\" width=\"700\" height=\"375\" src=\"https:\/\/www.sudariumchristi.com\/wp-content\/uploads\/2025\/12\/cloths-2.jpg\" class=\"attachment-large size-large wp-image-1357\" alt=\"\" srcset=\"https:\/\/www.sudariumchristi.com\/wp-content\/uploads\/2025\/12\/cloths-2.jpg 700w, https:\/\/www.sudariumchristi.com\/wp-content\/uploads\/2025\/12\/cloths-2-300x161.jpg 300w\" sizes=\"(max-width: 700px) 100vw, 700px\" \/>\t\t\t\t\t\t\t\t\t\t\t\t\t\t\t<\/div>\n\t\t<div class=\"elementor-element elementor-element-f1a0982 e-con-full e-flex e-con e-child\" data-id=\"f1a0982\" data-element_type=\"container\" data-e-type=\"container\">\n\t\t<div class=\"elementor-element elementor-element-37136d5 e-con-full e-flex e-con e-child\" data-id=\"37136d5\" data-element_type=\"container\" data-e-type=\"container\">\n\t\t\t\t<div class=\"elementor-element elementor-element-dcbcde6 elementor-widget elementor-widget-text-editor\" data-id=\"dcbcde6\" data-element_type=\"widget\" data-e-type=\"widget\" data-widget_type=\"text-editor.default\">\n\t\t\t\t\t\t\t\t\t<p class=\"txt1\"><b>El Lienzo de Oviedo, la Santa Cofia de Cahors, La S\u00e1bana Santa de Tur\u00edn, los Lienzos de Kornelim\u00fcnster <\/b>\u2013 un buen n\u00famero de reliquias textiles est\u00e1 relacionado con el enterramiento de Cristo. Juan \u2013adem\u00e1s de los lienzos, en plural\u2013 menciona tambi\u00e9n expresamente un sudario enrollado (o plegado, en griego \u00abentylisso\u00bb), en su evangelio sobre la Resurrecci\u00f3n: <\/p><p class=\"txt1\"><b>\u00abSe inclin\u00f3 y vio all\u00ed los lienzos ca\u00eddos, pero no entr\u00f3. Lleg\u00f3 tras \u00e9l Sim\u00f3n Pedro, entr\u00f3 en el sepulcro y vio los lienzos ca\u00eddos, y el sudario que hab\u00eda sido puesto a su cabeza, no ca\u00eddo junto con los lienzos, sino aparte, todav\u00eda enrollado, en su sitio\u00bb<\/b> (Jn 20, 5-7).<\/p><p class=\"txt1\">En la Antig\u00fcedad, en un enterramiento seg\u00fan las costumbres jud\u00edas, no era nada fuera de lo com\u00fan que se emplearan varios lienzos y que se velara el rostro del difunto. En la resurrecci\u00f3n de L\u00e1zaro se habla tambi\u00e9n de vendas y un sudario: <\/p><p class=\"txt1\"><b>\u00abY el que estaba muerto sali\u00f3 atado de pies y manos con vendas, y su rostro envuelto en un sudario\u00bb <\/b>(Jn 11, 44).<\/p><p class=\"txt1\">Al igual que suced\u00eda entre los egipcios, el rostro del fallecido se cubri\u00f3 con un velo transparente de biso, de modo que quedaba visible al ser enterrado. Debido a las fuertes hemorragias, en el caso de Jesucristo el velo de biso no pudo colocarse en primer lugar, siguiendo esa tradici\u00f3n, por no absorber l\u00edquido. <\/p><p class=\"txt1\"><b>La S\u00e1bana Santa de Tur\u00edn y el Lienzo de Oviedo<\/b> est\u00e1n bien estudiados por la ciencia. Las huellas de sangre que aparecen en ambos pa\u00f1os proceden de un hombre del grupo sangu\u00edneo AB. <\/p><p class=\"txt1\">Seg\u00fan la concepci\u00f3n hebrea, la sangre es sacrosanta, porque all\u00ed se concentra la vida y est\u00e1 considerada como un medio de expiaci\u00f3n. Toda la sangre derramada hab\u00eda de ser recuperada y enterrada con el cuerpo. Por ello, inmediatamente despu\u00e9s de producirse la muerte se coloc\u00f3 en la cabeza el Sudario de Oviedo; durante el descendimiento del cuerpo de la Cruz se apret\u00f3, en dos capas, sobre la nariz y la boca. En la reliquia se pueden reconocer los contornos de la mano que ejerci\u00f3 esa presi\u00f3n. M\u00e1s tarde se coloc\u00f3 sobre la cabeza la Santa Cofia, que consta de ocho capas de gasa y se conserva en Cahors (Francia), y que serv\u00eda para fijar la mand\u00edbula inferior. A continuaci\u00f3n, todo el cuerpo se envolvi\u00f3 en la S\u00e1bana Santa de Tur\u00edn.     <\/p><p class=\"txt1\">\u00abY Jos\u00e9 tom\u00f3 el cuerpo y lo envolvi\u00f3 en una s\u00e1bana limpia\u00bb (Mt 27,59). Sin duda, la utilidad pr\u00e1ctica no fue el \u00fanico criterio para seleccionar los lienzos, sino tambi\u00e9n su calidad, con la que se quer\u00eda rendir homenaje al fallecido. Esto puede decirse tambi\u00e9n del enorme sudario (unos 6,50 x 3,50m), de biso, y del lienzo con ricas decoraciones; los dos se conservan en Kornelim\u00fcnster.  <\/p><p class=\"txt1\">Los tres lienzos que cubr\u00edan el rostro visualizan el \u00abTriduum Sacrum\u00bb: el Sudario de Oviedo, la Pasi\u00f3n y muerte el Viernes Santo; la S\u00e1bana Santa de Tur\u00edn, el reposo en la tumba el S\u00e1bado Santo; y el Sudario de Manoppello, el momento de la Resurrecci\u00f3n el Domingo de Pascua.<\/p>\t\t\t\t\t\t\t\t<\/div>\n\t\t\t\t<\/div>\n\t\t<div class=\"elementor-element elementor-element-5a0d8ad e-con-full e-flex e-con e-child\" data-id=\"5a0d8ad\" data-element_type=\"container\" data-e-type=\"container\">\n\t\t\t\t<div class=\"elementor-element elementor-element-94b3556 elementor-widget elementor-widget-image\" data-id=\"94b3556\" data-element_type=\"widget\" data-e-type=\"widget\" data-widget_type=\"image.default\">\n\t\t\t\t\t\t\t\t\t\t\t\t<figure class=\"wp-caption\">\n\t\t\t\t\t\t\t\t\t\t<img decoding=\"async\" width=\"300\" height=\"300\" src=\"https:\/\/www.sudariumchristi.com\/wp-content\/uploads\/2025\/12\/pala_1.jpg\" class=\"attachment-large size-large wp-image-1358\" alt=\"\" srcset=\"https:\/\/www.sudariumchristi.com\/wp-content\/uploads\/2025\/12\/pala_1.jpg 300w, https:\/\/www.sudariumchristi.com\/wp-content\/uploads\/2025\/12\/pala_1-150x150.jpg 150w\" sizes=\"(max-width: 300px) 100vw, 300px\" \/>\t\t\t\t\t\t\t\t\t\t\t<figcaption class=\"widget-image-caption wp-caption-text\">La Santa Cofia, Pala d\u00b4Oro, San Marcos de Venecia<\/figcaption>\n\t\t\t\t\t\t\t\t\t\t<\/figure>\n\t\t\t\t\t\t\t\t\t<\/div>\n\t\t\t\t<div class=\"elementor-element elementor-element-dd24107 elementor-widget elementor-widget-image\" data-id=\"dd24107\" data-element_type=\"widget\" data-e-type=\"widget\" data-widget_type=\"image.default\">\n\t\t\t\t\t\t\t\t\t\t\t\t<figure class=\"wp-caption\">\n\t\t\t\t\t\t\t\t\t\t<img decoding=\"async\" width=\"300\" height=\"316\" src=\"https:\/\/www.sudariumchristi.com\/wp-content\/uploads\/2025\/12\/pala_2.jpg\" class=\"attachment-large size-large wp-image-1359\" alt=\"\" srcset=\"https:\/\/www.sudariumchristi.com\/wp-content\/uploads\/2025\/12\/pala_2.jpg 300w, https:\/\/www.sudariumchristi.com\/wp-content\/uploads\/2025\/12\/pala_2-285x300.jpg 285w\" sizes=\"(max-width: 300px) 100vw, 300px\" \/>\t\t\t\t\t\t\t\t\t\t\t<figcaption class=\"widget-image-caption wp-caption-text\">La Santa Cofia, Codex Egberti, 980 \u2013 983<\/figcaption>\n\t\t\t\t\t\t\t\t\t\t<\/figure>\n\t\t\t\t\t\t\t\t\t<\/div>\n\t\t\t\t<div class=\"elementor-element elementor-element-4273564 elementor-widget elementor-widget-image\" data-id=\"4273564\" data-element_type=\"widget\" data-e-type=\"widget\" data-widget_type=\"image.default\">\n\t\t\t\t\t\t\t\t\t\t\t\t<figure class=\"wp-caption\">\n\t\t\t\t\t\t\t\t\t\t<img loading=\"lazy\" decoding=\"async\" width=\"300\" height=\"432\" src=\"https:\/\/www.sudariumchristi.com\/wp-content\/uploads\/2025\/12\/holy-coif-of-cahors.jpg\" class=\"attachment-large size-large wp-image-1360\" alt=\"\" srcset=\"https:\/\/www.sudariumchristi.com\/wp-content\/uploads\/2025\/12\/holy-coif-of-cahors.jpg 300w, https:\/\/www.sudariumchristi.com\/wp-content\/uploads\/2025\/12\/holy-coif-of-cahors-208x300.jpg 208w\" sizes=\"(max-width: 300px) 100vw, 300px\" \/>\t\t\t\t\t\t\t\t\t\t\t<figcaption class=\"widget-image-caption wp-caption-text\">La Santa Cofia, Cahors<\/figcaption>\n\t\t\t\t\t\t\t\t\t\t<\/figure>\n\t\t\t\t\t\t\t\t\t<\/div>\n\t\t\t\t<\/div>\n\t\t\t\t<\/div>\n\t\t\t\t\t<\/div>\n\t\t\t\t<\/div>\n\t\t\t\t<\/div>\n\t\t","protected":false},"excerpt":{"rendered":"<p>Los lienzos del enterramiento de Cristo El Lienzo de Oviedo, la Santa Cofia de Cahors, La S\u00e1bana Santa de Tur\u00edn, los Lienzos de Kornelim\u00fcnster \u2013 un buen n\u00famero de reliquias textiles est\u00e1 relacionado con el enterramiento de Cristo. Juan \u2013adem\u00e1s de los lienzos, en plural\u2013 menciona tambi\u00e9n expresamente un sudario enrollado (o plegado, en griego [&hellip;]<\/p>\n","protected":false},"author":1,"featured_media":0,"parent":274,"menu_order":0,"comment_status":"closed","ping_status":"closed","template":"","meta":{"footnotes":""},"class_list":["post-303","page","type-page","status-publish","hentry"],"_links":{"self":[{"href":"https:\/\/www.sudariumchristi.com\/es\/wp-json\/wp\/v2\/pages\/303","targetHints":{"allow":["GET"]}}],"collection":[{"href":"https:\/\/www.sudariumchristi.com\/es\/wp-json\/wp\/v2\/pages"}],"about":[{"href":"https:\/\/www.sudariumchristi.com\/es\/wp-json\/wp\/v2\/types\/page"}],"author":[{"embeddable":true,"href":"https:\/\/www.sudariumchristi.com\/es\/wp-json\/wp\/v2\/users\/1"}],"replies":[{"embeddable":true,"href":"https:\/\/www.sudariumchristi.com\/es\/wp-json\/wp\/v2\/comments?post=303"}],"version-history":[{"count":8,"href":"https:\/\/www.sudariumchristi.com\/es\/wp-json\/wp\/v2\/pages\/303\/revisions"}],"predecessor-version":[{"id":3933,"href":"https:\/\/www.sudariumchristi.com\/es\/wp-json\/wp\/v2\/pages\/303\/revisions\/3933"}],"up":[{"embeddable":true,"href":"https:\/\/www.sudariumchristi.com\/es\/wp-json\/wp\/v2\/pages\/274"}],"wp:attachment":[{"href":"https:\/\/www.sudariumchristi.com\/es\/wp-json\/wp\/v2\/media?parent=303"}],"curies":[{"name":"wp","href":"https:\/\/api.w.org\/{rel}","templated":true}]}}