{"id":319,"date":"2025-11-05T16:45:04","date_gmt":"2025-11-05T15:45:04","guid":{"rendered":"http:\/\/sudariumchristi.stage.bergwerk-it.de\/sudario-de-cristo-y-sabana-santa-de-turin\/"},"modified":"2025-12-18T13:36:09","modified_gmt":"2025-12-18T12:36:09","slug":"sudario-de-cristo-y-sabana-santa-de-turin","status":"publish","type":"page","link":"https:\/\/www.sudariumchristi.com\/es\/sudario-de-cristo-y-sabana-santa-de-turin\/","title":{"rendered":"Sudario de Cristo y S\u00e1bana Santa de Tur\u00edn"},"content":{"rendered":"\t\t<div data-elementor-type=\"wp-page\" data-elementor-id=\"319\" class=\"elementor elementor-319 elementor-31\" data-elementor-post-type=\"page\">\n\t\t\t\t<div class=\"elementor-element elementor-element-42a2e65 e-flex e-con-boxed e-con e-parent\" data-id=\"42a2e65\" data-element_type=\"container\" data-e-type=\"container\">\n\t\t\t\t\t<div class=\"e-con-inner\">\n\t\t\t\t<div class=\"elementor-element elementor-element-541ecfd elementor-widget elementor-widget-heading\" data-id=\"541ecfd\" data-element_type=\"widget\" data-e-type=\"widget\" data-widget_type=\"heading.default\">\n\t\t\t\t\t<h2 class=\"elementor-heading-title elementor-size-default\">Superposici\u00f3n<\/h2>\t\t\t\t<\/div>\n\t\t\t\t<div class=\"elementor-element elementor-element-fab683a elementor-widget-divider--view-line elementor-widget elementor-widget-divider\" data-id=\"fab683a\" data-element_type=\"widget\" data-e-type=\"widget\" data-widget_type=\"divider.default\">\n\t\t\t\t\t\t\t<div class=\"elementor-divider\">\n\t\t\t<span class=\"elementor-divider-separator\">\n\t\t\t\t\t\t<\/span>\n\t\t<\/div>\n\t\t\t\t\t\t<\/div>\n\t\t\t\t<div class=\"elementor-element elementor-element-2d8c9c3 elementor-widget elementor-widget-image\" data-id=\"2d8c9c3\" data-element_type=\"widget\" data-e-type=\"widget\" data-widget_type=\"image.default\">\n\t\t\t\t\t\t\t\t\t\t\t\t\t\t\t<img fetchpriority=\"high\" decoding=\"async\" width=\"700\" height=\"375\" src=\"https:\/\/www.sudariumchristi.com\/wp-content\/uploads\/2025\/12\/compare_1.jpg\" class=\"attachment-large size-large wp-image-2034\" alt=\"\" srcset=\"https:\/\/www.sudariumchristi.com\/wp-content\/uploads\/2025\/12\/compare_1.jpg 700w, https:\/\/www.sudariumchristi.com\/wp-content\/uploads\/2025\/12\/compare_1-300x161.jpg 300w\" sizes=\"(max-width: 700px) 100vw, 700px\" \/>\t\t\t\t\t\t\t\t\t\t\t\t\t\t\t<\/div>\n\t\t\t\t<div class=\"elementor-element elementor-element-efcee2c elementor-widget elementor-widget-text-editor\" data-id=\"efcee2c\" data-element_type=\"widget\" data-e-type=\"widget\" data-widget_type=\"text-editor.default\">\n\t\t\t\t\t\t\t\t\t<p><b>En la S\u00e1bana Santa de Tur\u00edn<\/b> se aprecia la Pasi\u00f3n y la muerte de Cristo. Jes\u00fas est\u00e1 muerto; su mirada, consumida. Por el contrario, en el Sudario de Cristo puede verse el rostro, marcado por el martirio, de Jes\u00fas resucitado, que parece mirar al observador con una mirada despierta.  <\/p><p><a href=\"https:\/\/www.sudariumchristi.com\/es\/el-sepulcro-vacio\/biso-y-lino-puro-2\/\">M\u00e1s \u2026<\/a><\/p>\t\t\t\t\t\t\t\t<\/div>\n\t\t\t\t\t<\/div>\n\t\t\t\t<\/div>\n\t\t\t\t<\/div>\n\t\t","protected":false},"excerpt":{"rendered":"<p>Superposici\u00f3n En la S\u00e1bana Santa de Tur\u00edn se aprecia la Pasi\u00f3n y la muerte de Cristo. Jes\u00fas est\u00e1 muerto; su mirada, consumida. Por el contrario, en el Sudario de Cristo puede verse el rostro, marcado por el martirio, de Jes\u00fas resucitado, que parece mirar al observador con una mirada despierta. M\u00e1s \u2026<\/p>\n","protected":false},"author":1,"featured_media":0,"parent":0,"menu_order":0,"comment_status":"closed","ping_status":"closed","template":"","meta":{"footnotes":""},"class_list":["post-319","page","type-page","status-publish","hentry"],"_links":{"self":[{"href":"https:\/\/www.sudariumchristi.com\/es\/wp-json\/wp\/v2\/pages\/319","targetHints":{"allow":["GET"]}}],"collection":[{"href":"https:\/\/www.sudariumchristi.com\/es\/wp-json\/wp\/v2\/pages"}],"about":[{"href":"https:\/\/www.sudariumchristi.com\/es\/wp-json\/wp\/v2\/types\/page"}],"author":[{"embeddable":true,"href":"https:\/\/www.sudariumchristi.com\/es\/wp-json\/wp\/v2\/users\/1"}],"replies":[{"embeddable":true,"href":"https:\/\/www.sudariumchristi.com\/es\/wp-json\/wp\/v2\/comments?post=319"}],"version-history":[{"count":6,"href":"https:\/\/www.sudariumchristi.com\/es\/wp-json\/wp\/v2\/pages\/319\/revisions"}],"predecessor-version":[{"id":3082,"href":"https:\/\/www.sudariumchristi.com\/es\/wp-json\/wp\/v2\/pages\/319\/revisions\/3082"}],"wp:attachment":[{"href":"https:\/\/www.sudariumchristi.com\/es\/wp-json\/wp\/v2\/media?parent=319"}],"curies":[{"name":"wp","href":"https:\/\/api.w.org\/{rel}","templated":true}]}}