{"id":335,"date":"2025-11-05T16:45:26","date_gmt":"2025-11-05T15:45:26","guid":{"rendered":"http:\/\/sudariumchristi.stage.bergwerk-it.de\/cuadros-frescos-e-iconos\/"},"modified":"2025-12-19T13:42:36","modified_gmt":"2025-12-19T12:42:36","slug":"cuadros-frescos-e-iconos","status":"publish","type":"page","link":"https:\/\/www.sudariumchristi.com\/es\/cuadros-frescos-e-iconos\/","title":{"rendered":"Cuadros, frescos e iconos"},"content":{"rendered":"\t\t<div data-elementor-type=\"wp-page\" data-elementor-id=\"335\" class=\"elementor elementor-335 elementor-35\" data-elementor-post-type=\"page\">\n\t\t\t\t<div class=\"elementor-element elementor-element-ec9d5da e-flex e-con-boxed e-con e-parent\" data-id=\"ec9d5da\" data-element_type=\"container\" data-e-type=\"container\">\n\t\t\t\t\t<div class=\"e-con-inner\">\n\t\t<div class=\"elementor-element elementor-element-710d013 e-con-full e-flex e-con e-child\" data-id=\"710d013\" data-element_type=\"container\" data-e-type=\"container\">\n\t\t\t\t<div class=\"elementor-element elementor-element-aff23a6 elementor-blockquote--skin-quotation elementor-blockquote--align-left elementor-widget elementor-widget-blockquote\" data-id=\"aff23a6\" data-element_type=\"widget\" data-e-type=\"widget\" data-widget_type=\"blockquote.default\">\n\t\t\t\t\t\t\t<blockquote class=\"elementor-blockquote\">\n\t\t\t<p class=\"elementor-blockquote__content\">\n\t\t\t\tLo m\u00e1s bello de todo el mundo:\nun rostro iluminado por el esp\u00edritu\nen el que se aprecia la pureza del alma,\nen el que reina la paz celestial.\n<br><br>- Friedrich Gottlieb Klopstock (1724 - 1803)\t\t\t<\/p>\n\t\t\t\t\t<\/blockquote>\n\t\t\t\t\t\t<\/div>\n\t\t\t\t<div class=\"elementor-element elementor-element-a6c556d elementor-widget elementor-widget-text-editor\" data-id=\"a6c556d\" data-element_type=\"widget\" data-e-type=\"widget\" data-widget_type=\"text-editor.default\">\n\t\t\t\t\t\t\t\t\t<p class=\"txt1\"><b>Aunque se trata sencillamente de un mech\u00f3n de cabello<\/b> poco llamativo, sobre la frente de Jes\u00fas, este puede seguirse a lo largo de la historia del arte y tiene como modelo el sudario de Cristo de Manoppello; los poco n\u00edtidos contornos de la S\u00e1bana Santa de Tur\u00edn no habr\u00edan sido suficientes para una reproducci\u00f3n de tal exactitud. <\/p><p class=\"txt1\"><b>A pesar de la prohibici\u00f3n de hacer im\u00e1genes <\/b>del Antiguo Testamento y de la querella iconoclasta en Bizancio, los cristianos siguieron sintiendo la necesidad de disponer de im\u00e1genes de Cristo. En 2005, Andreas Resch, en su libro \u00abDas Antlitz Christi\u00bb (El rostro de Cristo), desvel\u00f3 que obras como el \u00abBuen pastor\u00bb (catacumbas de Priscila) eran realmente im\u00e1genes ocultas de Cristo. Aplic\u00f3 el principio de la superposici\u00f3n, desarrollado por sor Blandina para demostrar la coincidencia de diferentes sudarios, a las representaciones protocristianas de las catacumbas de Roma y en iconos.  <\/p><p class=\"txt1\"><b>Hlasta el sigo XVII, <\/b>numerosas obras de arte presentaban las caracter\u00edsticas del sudario; se parec\u00edan a \u00e9l de manera sorprendente, como el Vera Icon que puede verse en el Sudario del Maestro de Fl\u00e9maille (probablemente 1375 &#8211; 1444). En este tipo de reproducciones que siguen estrictamente al original, se representan tan solo el rostro y el cabello, con o sin velo. <\/p><p class=\"txt1\">En su condici\u00f3n de<b> icono primigenio,<\/b> el Sudario sirvi\u00f3, tanto en Oriente (Bizancio) como en Occidente, para desarrollar un ideal divino de belleza desde el punto de vista geom\u00e9trico. Esto puede decirse no solo de copias y de modelos para iconos, sino tambi\u00e9n para nuevas creaciones. Muchas representaciones est\u00e1n marcadas por las particularidades de su \u00e9poca; es decir, en ellos se llevaron a la pr\u00e1ctica los correspondientes principios, p.ej. del retrato. En ocasiones se recurri\u00f3 a un estilo pict\u00f3rico antiguo para causar una mayor impresi\u00f3n de autenticidad. La expresi\u00f3n del rostro refleja tambi\u00e9n el papel que se concedi\u00f3 a Jesucristo.    <\/p><p class=\"txt1\">Frecuentemente, la representaci\u00f3n del Sudario se inscribe en una<b> narraci\u00f3n pict\u00f3rica. <\/b>El origen de la reliquia, p.ej., se explica de diversos modos mediante la introducci\u00f3n de figuras portantes. Si Ver\u00f3nica presenta el pa\u00f1o para su veneraci\u00f3n, se unen en una sola imagen la representaci\u00f3n de la reliquia y la leyenda. Si son \u00e1ngeles los que portan la imagen de Cristo, se subraya el origen celestial. El hecho de que los pliegues no contin\u00faen sobre el rostro de Cristo, es decir que parezca que este flota delante del tejido, hace tambi\u00e9n referencia a su origen divino.    <\/p>\t\t\t\t\t\t\t\t<\/div>\n\t\t\t\t<\/div>\n\t\t<div class=\"elementor-element elementor-element-797ddf0 e-con-full e-flex e-con e-child\" data-id=\"797ddf0\" data-element_type=\"container\" data-e-type=\"container\">\n\t\t\t\t<div class=\"elementor-element elementor-element-f30ddd2 elementor-widget elementor-widget-image\" data-id=\"f30ddd2\" data-element_type=\"widget\" data-e-type=\"widget\" data-widget_type=\"image.default\">\n\t\t\t\t\t\t\t\t\t\t\t\t\t\t\t<img fetchpriority=\"high\" decoding=\"async\" width=\"300\" height=\"352\" src=\"https:\/\/www.sudariumchristi.com\/wp-content\/uploads\/2025\/12\/ikonen.jpg\" class=\"attachment-large size-large wp-image-2007\" alt=\"\" srcset=\"https:\/\/www.sudariumchristi.com\/wp-content\/uploads\/2025\/12\/ikonen.jpg 300w, https:\/\/www.sudariumchristi.com\/wp-content\/uploads\/2025\/12\/ikonen-256x300.jpg 256w\" sizes=\"(max-width: 300px) 100vw, 300px\" \/>\t\t\t\t\t\t\t\t\t\t\t\t\t\t\t<\/div>\n\t\t\t\t<\/div>\n\t\t\t\t\t<\/div>\n\t\t\t\t<\/div>\n\t\t\t\t<\/div>\n\t\t","protected":false},"excerpt":{"rendered":"<p>Lo m\u00e1s bello de todo el mundo: un rostro iluminado por el esp\u00edritu en el que se aprecia la pureza del alma, en el que reina la paz celestial. &#8211; Friedrich Gottlieb Klopstock (1724 &#8211; 1803) Aunque se trata sencillamente de un mech\u00f3n de cabello poco llamativo, sobre la frente de Jes\u00fas, este puede seguirse [&hellip;]<\/p>\n","protected":false},"author":1,"featured_media":0,"parent":0,"menu_order":0,"comment_status":"closed","ping_status":"closed","template":"","meta":{"footnotes":""},"class_list":["post-335","page","type-page","status-publish","hentry"],"_links":{"self":[{"href":"https:\/\/www.sudariumchristi.com\/es\/wp-json\/wp\/v2\/pages\/335","targetHints":{"allow":["GET"]}}],"collection":[{"href":"https:\/\/www.sudariumchristi.com\/es\/wp-json\/wp\/v2\/pages"}],"about":[{"href":"https:\/\/www.sudariumchristi.com\/es\/wp-json\/wp\/v2\/types\/page"}],"author":[{"embeddable":true,"href":"https:\/\/www.sudariumchristi.com\/es\/wp-json\/wp\/v2\/users\/1"}],"replies":[{"embeddable":true,"href":"https:\/\/www.sudariumchristi.com\/es\/wp-json\/wp\/v2\/comments?post=335"}],"version-history":[{"count":5,"href":"https:\/\/www.sudariumchristi.com\/es\/wp-json\/wp\/v2\/pages\/335\/revisions"}],"predecessor-version":[{"id":3660,"href":"https:\/\/www.sudariumchristi.com\/es\/wp-json\/wp\/v2\/pages\/335\/revisions\/3660"}],"wp:attachment":[{"href":"https:\/\/www.sudariumchristi.com\/es\/wp-json\/wp\/v2\/media?parent=335"}],"curies":[{"name":"wp","href":"https:\/\/api.w.org\/{rel}","templated":true}]}}