{"id":359,"date":"2025-11-05T16:46:29","date_gmt":"2025-11-05T15:46:29","guid":{"rendered":"http:\/\/sudariumchristi.stage.bergwerk-it.de\/ficcion-y-realidad\/a-la-busqueda-de-huellas-en-el-oriente\/"},"modified":"2025-12-19T13:43:13","modified_gmt":"2025-12-19T12:43:13","slug":"a-la-busqueda-de-huellas-en-el-oriente","status":"publish","type":"page","link":"https:\/\/www.sudariumchristi.com\/es\/ficcion-y-realidad\/a-la-busqueda-de-huellas-en-el-oriente\/","title":{"rendered":"A la b\u00fasqueda de huellas en el Oriente"},"content":{"rendered":"\t\t<div data-elementor-type=\"wp-page\" data-elementor-id=\"359\" class=\"elementor elementor-359 elementor-42\" data-elementor-post-type=\"page\">\n\t\t\t\t<div class=\"elementor-element elementor-element-e1a1bb9 e-flex e-con-boxed e-con e-parent\" data-id=\"e1a1bb9\" data-element_type=\"container\" data-e-type=\"container\">\n\t\t\t\t\t<div class=\"e-con-inner\">\n\t\t<div class=\"elementor-element elementor-element-f259066 e-con-full e-flex e-con e-child\" data-id=\"f259066\" data-element_type=\"container\" data-e-type=\"container\">\n\t\t\t\t<div class=\"elementor-element elementor-element-5400859 elementor-widget elementor-widget-text-editor\" data-id=\"5400859\" data-element_type=\"widget\" data-e-type=\"widget\" data-widget_type=\"text-editor.default\">\n\t\t\t\t\t\t\t\t\t<p class=\"txt1\"><b>Desde la \u00e9poca de la primitiva cristiandad<\/b> existen tradiciones orales y escritas que hablan de un velo con el rostro de Jesucristo. Velo de Camulia, Mandylion, Acheiropo\u00edetos, Ver\u00f3nica o Volto Santo&#8230; toda una serie de nombres llenos de misterio, que en parte tambi\u00e9n se aplicaron a iconos tempranos, dificulta la b\u00fasqueda de huellas en documentos, leyendas y en la literatura. A ello hay que a\u00f1adir que despu\u00e9s de la Resurrecci\u00f3n, en el sepulcro se encontraban diversos pa\u00f1os, pues Juan \u2013adem\u00e1s de los lienzos, en plural\u2013 menciona tambi\u00e9n expresamente un sudario enrollado (o plegado, en griego: \u00abentylisso\u00bb), en su evangelio sobre la Resurrecci\u00f3n:  <\/p><p class=\"txt1\"><b>\u00abSe inclin\u00f3 y vio all\u00ed los lienzos ca\u00eddos, pero no entr\u00f3. Lleg\u00f3 tras \u00e9l Sim\u00f3n Pedro, entr\u00f3 en el sepulcro y vio los lienzos ca\u00eddos, y el sudario que hab\u00eda sido puesto a su cabeza, no ca\u00eddo junto con los lienzos, sino aparte, todav\u00eda enrollado, en su sitio\u00bb <\/b>(Jn 20, 5-7).<\/p><p class=\"txt1\">Aqu\u00ed no se menciona que dichos pa\u00f1os tuvieran im\u00e1genes. Si se hubieran mencionado, se habr\u00eda puesto en peligro la existencia de los pa\u00f1os en la Jerusal\u00e9n jud\u00eda; en primer lugar, porque materiales extra\u00eddos de sepulcros estaban considerados como extremadamente \u00abimpuros\u00bb, de acuerdo con el mandamiento jud\u00edo de pureza; en segundo lugar, porque esas im\u00e1genes parec\u00edan atentar contra la prohibici\u00f3n jud\u00eda de fabricar im\u00e1genes.   <\/p><p class=\"txt1\">Lo que se refiere a continuaci\u00f3n se limita a las fuentes procedentes de casi dos mil a\u00f1os de historia relacionadas con el sudario de Manoppello; algunas de ellas se ponen en relaci\u00f3n con el sudario porque este presenta un formato m\u00e1s manejable (24 x 17,5 cm) que la S\u00e1bana Santa de Tur\u00edn (437 x 111 cm). <\/p><p class=\"txt1\">Es de suponer que la Virgen Mar\u00eda, tras la muerte de Jes\u00fas, llev\u00f3 consigo la S\u00e1bana Santa a \u00c9feso. En un texto procedente de Georgia, del siglo VI, se dice que Mar\u00eda recibi\u00f3 de manos de Dios una imagen con el bello rostro de su Hijo, surgido sobre un pa\u00f1o del sepulcro, y que Ella lo extendi\u00f3 hacia el oriente para rezar.<\/p><p class=\"txt1\">Seg\u00fan diversas leyendas, a manos del rey <b>Abgar V de Edessa<\/b> (4 a.C. &#8211; 7 d. C. y 13 &#8211; 50 d. C.) lleg\u00f3 un pa\u00f1o con un retrato de Cristo. La historiograf\u00eda relata que dicho pa\u00f1o estuvo durante 400 a\u00f1os en Edessa (situada en la actual Turqu\u00eda). Durante el cerco de la ciudad por los persas, en 544, fue extra\u00eddo del lugar donde se escond\u00eda, en un muro, lo cual produjo la victoria de Edessa.  <\/p><p class=\"txt1\">Desde entonces, en el Imperio Bizantino, el retrato se denominaba <b>Mandylion<\/b> (\u00abMindil\u00bb, pa\u00f1o en \u00e1rabe) o tambi\u00e9n Velo de Camulia, despu\u00e9s de que se llevase desde all\u00ed a Constantinopla en 574.<\/p><p class=\"txt1\"><b>En el siglo VI<\/b> se relataba que en Menfis (Egipto) exist\u00eda un lienzo en el que Jes\u00fas hab\u00eda dejado una imagen de su rostro, cuando se limpi\u00f3 con \u00e9l. Que apenas pod\u00eda verse porque cambiaba continuamente, propiedad esta que recuerda el sudario de Manoppello. Exactamente en esta regi\u00f3n egipcia se descubrieron a finales del siglo XIX numerosas im\u00e1genes en momias, que est\u00e1n consideradas como precursoras de los iconos.   <\/p><p class=\"txt1\">En 586, <b>Theopylaktos Simokates<\/b> describi\u00f3 el pa\u00f1o como arte divino, sin participaci\u00f3n de la mano de un tejedor ni de las pinturas de un pintor.<\/p><p class=\"txt1\">En su obra hist\u00f3rica, Evagrius Scholasticus describi\u00f3 la imagen de Cristo de Edessa, hacia 594, como \u00abimagen creada por Dios, no obra de manos humanas\u00bb; el Velo de Camulia fue denominado tambi\u00e9n Acheiropo\u00edetos (\u00abno hecho por manos humanas\u00bb).<\/p><p class=\"txt1\">En los a\u00f1os comprendidos entre 574 y 700, aproximadamente, el <b>Acheiropo\u00edetos<\/b> fue el estandarte oficial del Imperio Bizantino; serv\u00eda para motivar a las tropas en las campa\u00f1as militares.<\/p><p class=\"txt1\">A finales del siglo VII y comienzos del VIII, el Velo no estaba ya seguro en Constantinopla y fue llevado a Roma. All\u00ed fue denominado \u00abVer\u00f3nica\u00bb; desde 1204, la reliquia se conserva en el Vaticano.    <\/p><p class=\"txt1\"><b>Dante Alighieri<\/b> (1265-1321) mencion\u00f3 la efigie aut\u00e9ntica, la \u00abVera Icon\u00bb, en su \u00abDivina Comedia\u00bb.<\/p><p class=\"txt2\">Qual \u00e8 colui che forse di Croazia<br>viene a veder la Veronica nostra,<br>che per l&#8217;antica fame non sen sazia,<br>ma dice nel pensier, fin che si mostra:<br>&#8216;Segnor mio Ies\u00f9 Cristo, Dio verace,<br>or fu s\u00ec fatta la sembianza vostra?<\/p><p class=\"txt2\">Igual que aquel que acaso de Croacia,<br>viene por ver el pa\u00f1o de Ver\u00f3nica,<br>a quien no sacia un hambre tan antigua<br>mas va pensando mientras se la ense\u00f1an:<br>\u00abMi se\u00f1or Jesucristo, Dios veraz,<br>\u00bfde esta manera fue vuestro semblante?\u00bb<\/p><p class=\"txt1\">Tambi\u00e9n los siguientes versos parecen hacer referencia a dicha efigie:<\/p><p class=\"txt2\">Dentro da s\u00e9, del suo colore stesso,<br>mi parve pinta de la nostra effige,<br>per che \u00b4il mio viso in lei tutto era messo.<\/p><p class=\"txt2\">Dentro de s\u00ed, pintado en el mismo color,<br>se me apareci\u00f3 nuestra efigie,<br>en la que descubr\u00ed mi rostro dentro del suyo.<\/p><p class=\"txt1\">Esta cita permite interpretar en una luz completamente nueva los siguientes versos del Himno de la Perla (Actas de Santo Tom\u00e1s, 1\u00aa mitad del siglo III, cerca de Edessa), en el que se trata el motivo del hijo pr\u00f3digo:<\/p><p class=\"txt2\">\u00abEscrito con almagre sobre tejido chino, brillando ante m\u00ed con su aspecto\u00bb<\/p><p class=\"txt1\">y<\/p><p class=\"txt2\">\u00abcomo si fuera un espejo,<br>vi de repente el vestido sobre m\u00ed,<br>lo vi enteramente sobre m\u00ed,<br>me vi y me reconoc\u00ed a trav\u00e9s suyo;<br>hab\u00edamos estado separados,<br>de nuevo \u00e9ramos lo mismo\u00bb.<\/p><p class=\"txt1\">Ignorando que a contraluz desaparece la imagen del sudario, <b>Mart\u00edn Lutero<\/b> acus\u00f3 en 1545 a los Papas de presentar a los peregrinos, como Ver\u00f3nica, sencillamente un \u00abpa\u00f1o claro\u00bb.<\/p>\t\t\t\t\t\t\t\t<\/div>\n\t\t\t\t<\/div>\n\t\t<div class=\"elementor-element elementor-element-62e5704 e-con-full e-flex e-con e-child\" data-id=\"62e5704\" data-element_type=\"container\" data-e-type=\"container\">\n\t\t\t\t<div class=\"elementor-element elementor-element-f71d0c3 elementor-widget elementor-widget-image\" data-id=\"f71d0c3\" data-element_type=\"widget\" data-e-type=\"widget\" data-widget_type=\"image.default\">\n\t\t\t\t\t\t\t\t\t\t\t\t<figure class=\"wp-caption\">\n\t\t\t\t\t\t\t\t\t\t<img fetchpriority=\"high\" decoding=\"async\" width=\"300\" height=\"200\" src=\"https:\/\/www.sudariumchristi.com\/wp-content\/uploads\/2025\/12\/search_1.jpg\" class=\"attachment-large size-large wp-image-1860\" alt=\"\" \/>\t\t\t\t\t\t\t\t\t\t\t<figcaption class=\"widget-image-caption wp-caption-text\">El rey Abgar V, E. Ballerini, 1940<\/figcaption>\n\t\t\t\t\t\t\t\t\t\t<\/figure>\n\t\t\t\t\t\t\t\t\t<\/div>\n\t\t\t\t<div class=\"elementor-element elementor-element-f864372 elementor-widget elementor-widget-image\" data-id=\"f864372\" data-element_type=\"widget\" data-e-type=\"widget\" data-widget_type=\"image.default\">\n\t\t\t\t\t\t\t\t\t\t\t\t<figure class=\"wp-caption\">\n\t\t\t\t\t\t\t\t\t\t<img decoding=\"async\" width=\"300\" height=\"225\" src=\"https:\/\/www.sudariumchristi.com\/wp-content\/uploads\/2025\/12\/search_3.jpg\" class=\"attachment-large size-large wp-image-1861\" alt=\"\" \/>\t\t\t\t\t\t\t\t\t\t\t<figcaption class=\"widget-image-caption wp-caption-text\"> Detalle de un fresco de Benozzo Gozzoli (hacia 1450), iglesia de SS. Domenico e Sisto, Roma <\/figcaption>\n\t\t\t\t\t\t\t\t\t\t<\/figure>\n\t\t\t\t\t\t\t\t\t<\/div>\n\t\t\t\t<div class=\"elementor-element elementor-element-27163f7 elementor-widget elementor-widget-image\" data-id=\"27163f7\" data-element_type=\"widget\" data-e-type=\"widget\" data-widget_type=\"image.default\">\n\t\t\t\t\t\t\t\t\t\t\t\t<figure class=\"wp-caption\">\n\t\t\t\t\t\t\t\t\t\t<img decoding=\"async\" width=\"300\" height=\"257\" src=\"https:\/\/www.sudariumchristi.com\/wp-content\/uploads\/2025\/12\/search_4.jpg\" class=\"attachment-large size-large wp-image-1862\" alt=\"\" \/>\t\t\t\t\t\t\t\t\t\t\t<figcaption class=\"widget-image-caption wp-caption-text\">Icono ruso, iglesia de Santa Ver\u00f3nica, Via Dolorosa, Jerusal\u00e9n<\/figcaption>\n\t\t\t\t\t\t\t\t\t\t<\/figure>\n\t\t\t\t\t\t\t\t\t<\/div>\n\t\t\t\t<div class=\"elementor-element elementor-element-a9a19bf elementor-widget elementor-widget-image\" data-id=\"a9a19bf\" data-element_type=\"widget\" data-e-type=\"widget\" data-widget_type=\"image.default\">\n\t\t\t\t\t\t\t\t\t\t\t\t<figure class=\"wp-caption\">\n\t\t\t\t\t\t\t\t\t\t<img loading=\"lazy\" decoding=\"async\" width=\"300\" height=\"399\" src=\"https:\/\/www.sudariumchristi.com\/wp-content\/uploads\/2025\/12\/search_5.jpg\" class=\"attachment-large size-large wp-image-1863\" alt=\"\" srcset=\"https:\/\/www.sudariumchristi.com\/wp-content\/uploads\/2025\/12\/search_5.jpg 300w, https:\/\/www.sudariumchristi.com\/wp-content\/uploads\/2025\/12\/search_5-226x300.jpg 226w\" sizes=\"(max-width: 300px) 100vw, 300px\" \/>\t\t\t\t\t\t\t\t\t\t\t<figcaption class=\"widget-image-caption wp-caption-text\">Salvador, Andrej Rubljow, a\u00f1os 10 del siglo XV<\/figcaption>\n\t\t\t\t\t\t\t\t\t\t<\/figure>\n\t\t\t\t\t\t\t\t\t<\/div>\n\t\t\t\t<div class=\"elementor-element elementor-element-fb049ae elementor-widget elementor-widget-image\" data-id=\"fb049ae\" data-element_type=\"widget\" data-e-type=\"widget\" data-widget_type=\"image.default\">\n\t\t\t\t\t\t\t\t\t\t\t\t<figure class=\"wp-caption\">\n\t\t\t\t\t\t\t\t\t\t<img loading=\"lazy\" decoding=\"async\" width=\"300\" height=\"254\" src=\"https:\/\/www.sudariumchristi.com\/wp-content\/uploads\/2025\/12\/search_2.jpg\" class=\"attachment-large size-large wp-image-1864\" alt=\"\" \/>\t\t\t\t\t\t\t\t\t\t\t<figcaption class=\"widget-image-caption wp-caption-text\"> Ilustraci\u00f3n de un manuscrito de la Divina Comedia, Venecia 1390<\/figcaption>\n\t\t\t\t\t\t\t\t\t\t<\/figure>\n\t\t\t\t\t\t\t\t\t<\/div>\n\t\t\t\t<\/div>\n\t\t\t\t\t<\/div>\n\t\t\t\t<\/div>\n\t\t\t\t<\/div>\n\t\t","protected":false},"excerpt":{"rendered":"<p>Desde la \u00e9poca de la primitiva cristiandad existen tradiciones orales y escritas que hablan de un velo con el rostro de Jesucristo. Velo de Camulia, Mandylion, Acheiropo\u00edetos, Ver\u00f3nica o Volto Santo&#8230; toda una serie de nombres llenos de misterio, que en parte tambi\u00e9n se aplicaron a iconos tempranos, dificulta la b\u00fasqueda de huellas en documentos, [&hellip;]<\/p>\n","protected":false},"author":1,"featured_media":0,"parent":351,"menu_order":0,"comment_status":"closed","ping_status":"closed","template":"","meta":{"footnotes":""},"class_list":["post-359","page","type-page","status-publish","hentry"],"_links":{"self":[{"href":"https:\/\/www.sudariumchristi.com\/es\/wp-json\/wp\/v2\/pages\/359","targetHints":{"allow":["GET"]}}],"collection":[{"href":"https:\/\/www.sudariumchristi.com\/es\/wp-json\/wp\/v2\/pages"}],"about":[{"href":"https:\/\/www.sudariumchristi.com\/es\/wp-json\/wp\/v2\/types\/page"}],"author":[{"embeddable":true,"href":"https:\/\/www.sudariumchristi.com\/es\/wp-json\/wp\/v2\/users\/1"}],"replies":[{"embeddable":true,"href":"https:\/\/www.sudariumchristi.com\/es\/wp-json\/wp\/v2\/comments?post=359"}],"version-history":[{"count":4,"href":"https:\/\/www.sudariumchristi.com\/es\/wp-json\/wp\/v2\/pages\/359\/revisions"}],"predecessor-version":[{"id":3682,"href":"https:\/\/www.sudariumchristi.com\/es\/wp-json\/wp\/v2\/pages\/359\/revisions\/3682"}],"up":[{"embeddable":true,"href":"https:\/\/www.sudariumchristi.com\/es\/wp-json\/wp\/v2\/pages\/351"}],"wp:attachment":[{"href":"https:\/\/www.sudariumchristi.com\/es\/wp-json\/wp\/v2\/media?parent=359"}],"curies":[{"name":"wp","href":"https:\/\/api.w.org\/{rel}","templated":true}]}}