{"id":376,"date":"2025-11-05T16:46:46","date_gmt":"2025-11-05T15:46:46","guid":{"rendered":"http:\/\/sudariumchristi.stage.bergwerk-it.de\/ficcion-y-realidad\/el-rapto-de-la-veronica\/"},"modified":"2026-01-21T13:22:01","modified_gmt":"2026-01-21T12:22:01","slug":"el-rapto-de-la-veronica","status":"publish","type":"page","link":"https:\/\/www.sudariumchristi.com\/es\/ficcion-y-realidad\/el-rapto-de-la-veronica\/","title":{"rendered":"El rapto de la Ver\u00f3nica"},"content":{"rendered":"\t\t<div data-elementor-type=\"wp-page\" data-elementor-id=\"376\" class=\"elementor elementor-376 elementor-44\" data-elementor-post-type=\"page\">\n\t\t\t\t<div class=\"elementor-element elementor-element-9530c99 e-flex e-con-boxed e-con e-parent\" data-id=\"9530c99\" data-element_type=\"container\" data-e-type=\"container\">\n\t\t\t\t\t<div class=\"e-con-inner\">\n\t\t<div class=\"elementor-element elementor-element-29403fc e-con-full e-flex e-con e-child\" data-id=\"29403fc\" data-element_type=\"container\" data-e-type=\"container\">\n\t\t\t\t<div class=\"elementor-element elementor-element-52f8c55 elementor-widget elementor-widget-text-editor\" data-id=\"52f8c55\" data-element_type=\"widget\" data-e-type=\"widget\" data-widget_type=\"text-editor.default\">\n\t\t\t\t\t\t\t\t\t<p class=\"txt1\">Un marco veneciano da\u00f1ado; cristal roto: En la c\u00e1mara del tesoro de la bas\u00edlica de San Pedro puede verse hoy en d\u00eda el marco en que, entre dos planchas de cristal, se conserv\u00f3 la Ver\u00f3nica hasta el siglo XVII. Sus medidas lo demuestran: se trata de un marco hecho a la medida para el sudario de Manoppello, y no para la reliquia oscura y opaca que se venera en el Vaticano como Ver\u00f3nica y que solo unos pocos elegidos pueden ver de cerca. Esta es una de las razones por las que hoy en d\u00eda se duda de que la aut\u00e9ntica Ver\u00f3nica realmente se encuentre en el Vaticano.  <\/p><p class=\"txt1\">La Edad Moderna, marcada por la Reforma y la Contrarreforma con sus profundas repercusiones sociales, conmocionada por guerras de fe y de religi\u00f3n, ofrece el contexto hist\u00f3rico de la p\u00e9rdida de la Ver\u00f3nica:<\/p><p class=\"txt1\">El 18 de abril de 1506 se puso la primera piedra para la Bas\u00edlica de San Pedro. Hoy en d\u00eda se encuentra bajo el pilar de la Ver\u00f3nica, en cuyo tesoro deb\u00eda conservarse segura la preciosa reliquia. La construcci\u00f3n de San Pedro se financi\u00f3 en parte con el tr\u00e1fico de las indulgencias, lo que llev\u00f3 a las tesis de Lutero y a la Reforma. Seg\u00fan la \u00abRelatione hist\u00f3rica\u00bb, un relato hist\u00f3rico de Donato da Bomba, en el a\u00f1o en que se puso la primera piedra, el doctor Giacomo Antonio Leonelli adquiri\u00f3 en Manoppello la Santa Faz, \u00abIl Volto Santo\u00bb, de un peregrino.   <\/p><p class=\"txt1\">En 1527, soldados mercenarios y lansquenetes saquearon Roma en el \u00abSacco di Roma\u00bb; como consecuencia de este, diversos testigos de la \u00e9poca deploran la p\u00e9rdida de la Ver\u00f3nica. Sin embargo, la Ver\u00f3nica se expuso hasta comienzos del siglo XVII en varias ocasiones: en 1533, 1550, 1575, 1580 y 1600. <\/p><p class=\"txt1\">En 1606 se llev\u00f3 el arca con la reliquia de la Ver\u00f3nica a la nueva Bas\u00edlica de San Pedro de Roma; en 1608 se derrib\u00f3 el antiguo oratorio en que se conservaba anteriormente. En una copia de la \u00abRelatione hist\u00f3rica\u00bb que se conserva en L\u00b4Aquila se encuentra una anotaci\u00f3n en otro manuscrito; seg\u00fan esta, ese mismo a\u00f1o, el marido de Marzia Leonelli sustrajo la santa imagen de la casa de su suegro. <\/p><p class=\"txt1\">El \u00abOpusculum de Sacrosanto Veronicae Sudario\u00bb \u2013Un op\u00fasculo sobre el sacrosanto Sudario de Ver\u00f3nica\u2013, un inventario de los tesoros del antiguo San Pedro, obra de Jacopo Grimaldi del a\u00f1o 1618 (la fecha se adelant\u00f3 posiblemente m\u00e1s tarde en 2-3 a\u00f1os), muestra en su portada la Santa Faz con los ojos abiertos. En una copia literal de 1635 se reproduce un rostro con los ojos cerrados, lo que hace referencia a que su modelo fue la S\u00e1bana Santa de Tur\u00edn. Desde 1616, copiar la Ver\u00f3nica estaba reservado a los can\u00f3nigos de San Pedro, que representaban la faz con los ojos cerrados. En 1628 se llev\u00f3 a cabo una extra\u00f1a \u00abllamada de devoluci\u00f3n\u00bb de las copias realizadas anteriormente, que fueron destruidas.   <\/p><p class=\"txt1\">En 1618 \u00f3 1620 \u2013en este punto se diferencian las dos versiones de la \u00abRelatione hist\u00f3rica\u00bb de L\u00b4Aquila y Manoppello\u2013 adquiri\u00f3 el Sudario Donato Antonio de Fabritiis. Europa se encontraba en los inicios de la Guerra de los Treinta A\u00f1os, en la que los principados italianos y la Santa Sede se vieron envueltos desde un principio, aunque la historiograf\u00eda lo ha olvidado casi por completo. En 1620, tras dos a\u00f1os de construcci\u00f3n, fue fundado el convento de los capuchinos en Manoppello.  <\/p><p class=\"txt1\">Seg\u00fan la \u00abRelatione hist\u00f3rica\u00bb, De Fabritiis don\u00f3 el Sudario a los capuchinos en 1638. El relato hist\u00f3rico se termin\u00f3 en 1645; al a\u00f1o siguiente fue le\u00eddo p\u00fablicamente, junto con el acta de donaci\u00f3n, y el Sudario fue expuesto por primera vez. <\/p><p class=\"txt1\">Sigue siendo incierto el momento y las circunstancias en las que la Ver\u00f3nica se extravi\u00f3 en Roma y lleg\u00f3 a Manoppello. Sin duda, el Vaticano \u2013para que no descendiera el n\u00famero de peregrinos\u2013 no ten\u00eda inter\u00e9s en hacer p\u00fablica la p\u00e9rdida. En la \u00abRelatione hist\u00f3rica\u00bb se indic\u00f3 una fecha anterior para la llegada del Volto Santo a Manoppello probablemente para protegerlo de la destrucci\u00f3n o de que se exigiera su devoluci\u00f3n. Posiblemente, lo llevaron a este lugar los capuchinos, que pod\u00edan cruzar el pa\u00eds en su condici\u00f3n de frailes mendicantes sin que les atacaran los sitiadores de caminos.   <\/p><p class=\"txt1\">El convento de Manoppello se construy\u00f3 ostensiblemente para conservar el Sudario que, seg\u00fan la\u00abRelatione hist\u00f3rica\u00bb, en ese momento todav\u00eda no estaba en posesi\u00f3n de los capuchinos. El retablo del convento de Penne, antiguamente de las mismas dimensiones, y que se ha conservado en su estado original, estaba coronado por una cruz, mientras que en el de Manoppello, que actualmente se encuentra en el tesoro del convento, se alzaba el Resucitado. La antigua Capilla de la Ver\u00f3nica est\u00e1 clausurada porque el espacio se precisaba para albergue de los peregrinos. Hoy en d\u00eda, solo una vidriera oscura, por la que no puede entrar la luz en la iglesia, hace referencia a un espacio hueco.   <\/p><p class=\"txt1\">Al parecer, el Sudario fue enclaustrado en una columna que separa el coro del presbiterio. Resulta interesante que, hoy en d\u00eda, en ese mismo lugar se encuentra un cuadro que representa la entrega del Volto Santo a los capuchinos. En 1686 se llev\u00f3 a un tabern\u00e1culo con tres cerrojos: solo se pod\u00eda abrir cuando estaban presentes, con su llave respectiva, el alcalde, el p\u00e1rroco de Manoppello y el guardi\u00e1n de la orden capuchina. Si el derecho de los capuchinos hubiera sido inapelable \u2013como hacen suponer la \u00abRelatione hist\u00f3rica\u00bb y el acta de donaci\u00f3n\u2013 no habr\u00eda sido necesario enclaustrar el Sudario y los capuchinos habr\u00edan tenido el derecho exclusivo de acceso a \u00e9l.   <\/p><p class=\"txt1\">En 1714, se erigi\u00f3 el Volto Santo. Se le asign\u00f3 un altar en la antigua capilla mariana, con una puerta de hierro que se pod\u00eda subir y bajar. En 1718, el papa Clemente XI concedi\u00f3 a los peregrinos del Volto Santo una indulgencia de siete a\u00f1os, sin que el Vaticano reclamara su propiedad. No fue hasta 1923 que el Volto Santo encontr\u00f3 su ubicaci\u00f3n actual en el altar mayor.   <\/p>\t\t\t\t\t\t\t\t<\/div>\n\t\t\t\t<\/div>\n\t\t<div class=\"elementor-element elementor-element-8989302 e-con-full e-flex e-con e-child\" data-id=\"8989302\" data-element_type=\"container\" data-e-type=\"container\">\n\t\t\t\t<div class=\"elementor-element elementor-element-f16b02b elementor-widget elementor-widget-image\" data-id=\"f16b02b\" data-element_type=\"widget\" data-e-type=\"widget\" data-widget_type=\"image.default\">\n\t\t\t\t\t\t\t\t\t\t\t\t<figure class=\"wp-caption\">\n\t\t\t\t\t\t\t\t\t\t<img fetchpriority=\"high\" decoding=\"async\" width=\"300\" height=\"402\" src=\"https:\/\/www.sudariumchristi.com\/wp-content\/uploads\/2025\/12\/robbery.jpg\" class=\"attachment-large size-large wp-image-1428\" alt=\"\" srcset=\"https:\/\/www.sudariumchristi.com\/wp-content\/uploads\/2025\/12\/robbery.jpg 300w, https:\/\/www.sudariumchristi.com\/wp-content\/uploads\/2025\/12\/robbery-224x300.jpg 224w\" sizes=\"(max-width: 300px) 100vw, 300px\" \/>\t\t\t\t\t\t\t\t\t\t\t<figcaption class=\"widget-image-caption wp-caption-text\">Marco vac\u00edo de la Ver\u00f3nica con un disco de cristal de roca roto en el tesoro de la Bas\u00edlica de San Pedro.<\/figcaption>\n\t\t\t\t\t\t\t\t\t\t<\/figure>\n\t\t\t\t\t\t\t\t\t<\/div>\n\t\t\t\t<div class=\"elementor-element elementor-element-fba10ef elementor-widget elementor-widget-image\" data-id=\"fba10ef\" data-element_type=\"widget\" data-e-type=\"widget\" data-widget_type=\"image.default\">\n\t\t\t\t\t\t\t\t\t\t\t\t<figure class=\"wp-caption\">\n\t\t\t\t\t\t\t\t\t\t<img decoding=\"async\" width=\"300\" height=\"200\" src=\"https:\/\/www.sudariumchristi.com\/wp-content\/uploads\/2025\/12\/flag.jpg\" class=\"attachment-large size-large wp-image-1427\" alt=\"\" \/>\t\t\t\t\t\t\t\t\t\t\t<figcaption class=\"widget-image-caption wp-caption-text\">Roma, bandera de la Guardia Suiza 1512<\/figcaption>\n\t\t\t\t\t\t\t\t\t\t<\/figure>\n\t\t\t\t\t\t\t\t\t<\/div>\n\t\t\t\t<div class=\"elementor-element elementor-element-efe59fc elementor-widget elementor-widget-image\" data-id=\"efe59fc\" data-element_type=\"widget\" data-e-type=\"widget\" data-widget_type=\"image.default\">\n\t\t\t\t\t\t\t\t\t\t\t\t<figure class=\"wp-caption\">\n\t\t\t\t\t\t\t\t\t\t<img decoding=\"async\" width=\"300\" height=\"424\" src=\"https:\/\/www.sudariumchristi.com\/wp-content\/uploads\/2025\/12\/opusculum-1618.jpg\" class=\"attachment-large size-large wp-image-1426\" alt=\"\" srcset=\"https:\/\/www.sudariumchristi.com\/wp-content\/uploads\/2025\/12\/opusculum-1618.jpg 300w, https:\/\/www.sudariumchristi.com\/wp-content\/uploads\/2025\/12\/opusculum-1618-212x300.jpg 212w\" sizes=\"(max-width: 300px) 100vw, 300px\" \/>\t\t\t\t\t\t\t\t\t\t\t<figcaption class=\"widget-image-caption wp-caption-text\">Op\u00fasculo del a\u00f1o 1618<\/figcaption>\n\t\t\t\t\t\t\t\t\t\t<\/figure>\n\t\t\t\t\t\t\t\t\t<\/div>\n\t\t\t\t<div class=\"elementor-element elementor-element-846570a elementor-widget elementor-widget-image\" data-id=\"846570a\" data-element_type=\"widget\" data-e-type=\"widget\" data-widget_type=\"image.default\">\n\t\t\t\t\t\t\t\t\t\t\t\t<figure class=\"wp-caption\">\n\t\t\t\t\t\t\t\t\t\t<img loading=\"lazy\" decoding=\"async\" width=\"300\" height=\"424\" src=\"https:\/\/www.sudariumchristi.com\/wp-content\/uploads\/2025\/12\/opusculum-1635.jpg\" class=\"attachment-large size-large wp-image-1425\" alt=\"\" srcset=\"https:\/\/www.sudariumchristi.com\/wp-content\/uploads\/2025\/12\/opusculum-1635.jpg 300w, https:\/\/www.sudariumchristi.com\/wp-content\/uploads\/2025\/12\/opusculum-1635-212x300.jpg 212w\" sizes=\"(max-width: 300px) 100vw, 300px\" \/>\t\t\t\t\t\t\t\t\t\t\t<figcaption class=\"widget-image-caption wp-caption-text\">Op\u00fasculo del a\u00f1o 1635<\/figcaption>\n\t\t\t\t\t\t\t\t\t\t<\/figure>\n\t\t\t\t\t\t\t\t\t<\/div>\n\t\t\t\t<div class=\"elementor-element elementor-element-1b59ac1 elementor-widget elementor-widget-image\" data-id=\"1b59ac1\" data-element_type=\"widget\" data-e-type=\"widget\" data-widget_type=\"image.default\">\n\t\t\t\t\t\t\t\t\t\t\t\t<figure class=\"wp-caption\">\n\t\t\t\t\t\t\t\t\t\t<img loading=\"lazy\" decoding=\"async\" width=\"300\" height=\"400\" src=\"https:\/\/www.sudariumchristi.com\/wp-content\/uploads\/2025\/12\/tabernacle_1.jpg\" class=\"attachment-large size-large wp-image-1424\" alt=\"\" srcset=\"https:\/\/www.sudariumchristi.com\/wp-content\/uploads\/2025\/12\/tabernacle_1.jpg 300w, https:\/\/www.sudariumchristi.com\/wp-content\/uploads\/2025\/12\/tabernacle_1-225x300.jpg 225w\" sizes=\"(max-width: 300px) 100vw, 300px\" \/>\t\t\t\t\t\t\t\t\t\t\t<figcaption class=\"widget-image-caption wp-caption-text\">Tabern\u00e1culo con tres cerraduras<\/figcaption>\n\t\t\t\t\t\t\t\t\t\t<\/figure>\n\t\t\t\t\t\t\t\t\t<\/div>\n\t\t\t\t<div class=\"elementor-element elementor-element-eb8451a elementor-widget elementor-widget-image\" data-id=\"eb8451a\" data-element_type=\"widget\" data-e-type=\"widget\" data-widget_type=\"image.default\">\n\t\t\t\t\t\t\t\t\t\t\t\t<figure class=\"wp-caption\">\n\t\t\t\t\t\t\t\t\t\t<img loading=\"lazy\" decoding=\"async\" width=\"300\" height=\"400\" src=\"https:\/\/www.sudariumchristi.com\/wp-content\/uploads\/2025\/12\/tabernacle_2.jpg\" class=\"attachment-large size-large wp-image-1423\" alt=\"\" srcset=\"https:\/\/www.sudariumchristi.com\/wp-content\/uploads\/2025\/12\/tabernacle_2.jpg 300w, https:\/\/www.sudariumchristi.com\/wp-content\/uploads\/2025\/12\/tabernacle_2-225x300.jpg 225w\" sizes=\"(max-width: 300px) 100vw, 300px\" \/>\t\t\t\t\t\t\t\t\t\t\t<figcaption class=\"widget-image-caption wp-caption-text\"><\/figcaption>\n\t\t\t\t\t\t\t\t\t\t<\/figure>\n\t\t\t\t\t\t\t\t\t<\/div>\n\t\t\t\t<\/div>\n\t\t\t\t\t<\/div>\n\t\t\t\t<\/div>\n\t\t\t\t<\/div>\n\t\t","protected":false},"excerpt":{"rendered":"<p>Un marco veneciano da\u00f1ado; cristal roto: En la c\u00e1mara del tesoro de la bas\u00edlica de San Pedro puede verse hoy en d\u00eda el marco en que, entre dos planchas de cristal, se conserv\u00f3 la Ver\u00f3nica hasta el siglo XVII. Sus medidas lo demuestran: se trata de un marco hecho a la medida para el sudario [&hellip;]<\/p>\n","protected":false},"author":1,"featured_media":0,"parent":351,"menu_order":0,"comment_status":"closed","ping_status":"closed","template":"","meta":{"footnotes":""},"class_list":["post-376","page","type-page","status-publish","hentry"],"_links":{"self":[{"href":"https:\/\/www.sudariumchristi.com\/es\/wp-json\/wp\/v2\/pages\/376","targetHints":{"allow":["GET"]}}],"collection":[{"href":"https:\/\/www.sudariumchristi.com\/es\/wp-json\/wp\/v2\/pages"}],"about":[{"href":"https:\/\/www.sudariumchristi.com\/es\/wp-json\/wp\/v2\/types\/page"}],"author":[{"embeddable":true,"href":"https:\/\/www.sudariumchristi.com\/es\/wp-json\/wp\/v2\/users\/1"}],"replies":[{"embeddable":true,"href":"https:\/\/www.sudariumchristi.com\/es\/wp-json\/wp\/v2\/comments?post=376"}],"version-history":[{"count":8,"href":"https:\/\/www.sudariumchristi.com\/es\/wp-json\/wp\/v2\/pages\/376\/revisions"}],"predecessor-version":[{"id":3977,"href":"https:\/\/www.sudariumchristi.com\/es\/wp-json\/wp\/v2\/pages\/376\/revisions\/3977"}],"up":[{"embeddable":true,"href":"https:\/\/www.sudariumchristi.com\/es\/wp-json\/wp\/v2\/pages\/351"}],"wp:attachment":[{"href":"https:\/\/www.sudariumchristi.com\/es\/wp-json\/wp\/v2\/media?parent=376"}],"curies":[{"name":"wp","href":"https:\/\/api.w.org\/{rel}","templated":true}]}}