{"id":384,"date":"2025-11-05T16:46:57","date_gmt":"2025-11-05T15:46:57","guid":{"rendered":"http:\/\/sudariumchristi.stage.bergwerk-it.de\/ficcion-y-realidad\/las-contradicciones-en-el-pilar-de-veronica\/"},"modified":"2025-12-19T13:44:19","modified_gmt":"2025-12-19T12:44:19","slug":"las-contradicciones-en-el-pilar-de-veronica","status":"publish","type":"page","link":"https:\/\/www.sudariumchristi.com\/es\/ficcion-y-realidad\/las-contradicciones-en-el-pilar-de-veronica\/","title":{"rendered":"Las contradicciones en el pilar de Ver\u00f3nica"},"content":{"rendered":"\t\t<div data-elementor-type=\"wp-page\" data-elementor-id=\"384\" class=\"elementor elementor-384 elementor-45\" data-elementor-post-type=\"page\">\n\t\t\t\t<div class=\"elementor-element elementor-element-afb83c0 e-flex e-con-boxed e-con e-parent\" data-id=\"afb83c0\" data-element_type=\"container\" data-e-type=\"container\">\n\t\t\t\t\t<div class=\"e-con-inner\">\n\t\t\t\t<div class=\"elementor-element elementor-element-4b76fd5 elementor-blockquote--skin-quotation elementor-blockquote--align-left elementor-widget elementor-widget-blockquote\" data-id=\"4b76fd5\" data-element_type=\"widget\" data-e-type=\"widget\" data-widget_type=\"blockquote.default\">\n\t\t\t\t\t\t\t<blockquote class=\"elementor-blockquote\">\n\t\t\t<p class=\"elementor-blockquote__content\">\n\t\t\t\tVULTUM TUUM DEPRECABUNTUR \u2013 Los pueblos buscan tu rostro\t\t\t<\/p>\n\t\t\t\t\t\t\t<div class=\"e-q-footer\">\n\t\t\t\t\t\t\t\t\t\t\t<cite class=\"elementor-blockquote__author\">(Ps 45,13)<\/cite>\n\t\t\t\t\t\t\t\t\t\t\t\t\t\t<\/div>\n\t\t\t\t\t<\/blockquote>\n\t\t\t\t\t\t<\/div>\n\t\t\t\t<div class=\"elementor-element elementor-element-ec493d8 elementor-widget__width-initial elementor-widget elementor-widget-image-carousel\" data-id=\"ec493d8\" data-element_type=\"widget\" data-e-type=\"widget\" data-settings=\"{&quot;slides_to_show&quot;:&quot;1&quot;,&quot;navigation&quot;:&quot;none&quot;,&quot;lazyload&quot;:&quot;yes&quot;,&quot;autoplay&quot;:&quot;yes&quot;,&quot;pause_on_hover&quot;:&quot;yes&quot;,&quot;pause_on_interaction&quot;:&quot;yes&quot;,&quot;autoplay_speed&quot;:5000,&quot;infinite&quot;:&quot;yes&quot;,&quot;effect&quot;:&quot;slide&quot;,&quot;speed&quot;:500}\" data-widget_type=\"image-carousel.default\">\n\t\t\t\t\t\t\t<div class=\"elementor-image-carousel-wrapper swiper\" role=\"region\" aria-roledescription=\"carousel\" aria-label=\"Bild Karussell\" dir=\"ltr\">\n\t\t\t<div class=\"elementor-image-carousel swiper-wrapper swiper-image-stretch\" aria-live=\"off\">\n\t\t\t\t\t\t\t\t<div class=\"swiper-slide\" role=\"group\" aria-roledescription=\"slide\" aria-label=\"1 de 7\"><figure class=\"swiper-slide-inner\"><img class=\"swiper-slide-image swiper-lazy\" data-src=\"https:\/\/www.sudariumchristi.com\/wp-content\/uploads\/2025\/12\/veronica_01.jpg\" alt=\"Veronika-Pfeiler\" \/><div class=\"swiper-lazy-preloader\"><\/div><figcaption class=\"elementor-image-carousel-caption\">Veronika-Pfeiler<\/figcaption><\/figure><\/div><div class=\"swiper-slide\" role=\"group\" aria-roledescription=\"slide\" aria-label=\"2 de 7\"><figure class=\"swiper-slide-inner\"><img class=\"swiper-slide-image swiper-lazy\" data-src=\"https:\/\/www.sudariumchristi.com\/wp-content\/uploads\/2025\/12\/veronica_02.jpg\" alt=\"Veronika mit Schwei\u00dftuch\" \/><div class=\"swiper-lazy-preloader\"><\/div><figcaption class=\"elementor-image-carousel-caption\">Veronika mit Schwei\u00dftuch<\/figcaption><\/figure><\/div><div class=\"swiper-slide\" role=\"group\" aria-roledescription=\"slide\" aria-label=\"3 de 7\"><figure class=\"swiper-slide-inner\"><img class=\"swiper-slide-image swiper-lazy\" data-src=\"https:\/\/www.sudariumchristi.com\/wp-content\/uploads\/2025\/12\/veronica_03.jpg\" alt=\"Veronika mit Schwei\u00dftuch\" \/><div class=\"swiper-lazy-preloader\"><\/div><figcaption class=\"elementor-image-carousel-caption\">Veronika mit Schwei\u00dftuch<\/figcaption><\/figure><\/div><div class=\"swiper-slide\" role=\"group\" aria-roledescription=\"slide\" aria-label=\"4 de 7\"><figure class=\"swiper-slide-inner\"><img class=\"swiper-slide-image swiper-lazy\" data-src=\"https:\/\/www.sudariumchristi.com\/wp-content\/uploads\/2025\/12\/veronica_04.jpg\" alt=\"Veronika mit Schwei\u00dftuch\" \/><div class=\"swiper-lazy-preloader\"><\/div><figcaption class=\"elementor-image-carousel-caption\">Veronika mit Schwei\u00dftuch<\/figcaption><\/figure><\/div><div class=\"swiper-slide\" role=\"group\" aria-roledescription=\"slide\" aria-label=\"5 de 7\"><figure class=\"swiper-slide-inner\"><img class=\"swiper-slide-image swiper-lazy\" data-src=\"https:\/\/www.sudariumchristi.com\/wp-content\/uploads\/2025\/12\/veronica_05.jpg\" alt=\"Engel mit dem Sudarium Christi\" \/><div class=\"swiper-lazy-preloader\"><\/div><figcaption class=\"elementor-image-carousel-caption\">Engel mit dem Sudarium Christi<\/figcaption><\/figure><\/div><div class=\"swiper-slide\" role=\"group\" aria-roledescription=\"slide\" aria-label=\"6 de 7\"><figure class=\"swiper-slide-inner\"><img class=\"swiper-slide-image swiper-lazy\" data-src=\"https:\/\/www.sudariumchristi.com\/wp-content\/uploads\/2025\/12\/veronica_06.jpg\" alt=\"Engel mit dem Sudarium Christi\" \/><div class=\"swiper-lazy-preloader\"><\/div><figcaption class=\"elementor-image-carousel-caption\">Engel mit dem Sudarium Christi<\/figcaption><\/figure><\/div><div class=\"swiper-slide\" role=\"group\" aria-roledescription=\"slide\" aria-label=\"7 de 7\"><figure class=\"swiper-slide-inner\"><img class=\"swiper-slide-image swiper-lazy\" data-src=\"https:\/\/www.sudariumchristi.com\/wp-content\/uploads\/2025\/12\/veronica_07.jpg\" alt=\"Engel mit dem Sudarium Christi\" \/><div class=\"swiper-lazy-preloader\"><\/div><figcaption class=\"elementor-image-carousel-caption\">Engel mit dem Sudarium Christi<\/figcaption><\/figure><\/div>\t\t\t<\/div>\n\t\t\t\t\t\t\t\n\t\t\t\t\t\t\t\t\t<\/div>\n\t\t\t\t\t\t<\/div>\n\t\t\t\t<div class=\"elementor-element elementor-element-1e1a280 elementor-widget elementor-widget-text-editor\" data-id=\"1e1a280\" data-element_type=\"widget\" data-e-type=\"widget\" data-widget_type=\"text-editor.default\">\n\t\t\t\t\t\t\t\t\t<p class=\"txt1\">En el pilar de Ver\u00f3nica, en la Bas\u00edlica de San Pedro, se aprecia una contradicci\u00f3n esculpida en piedra. En el \u00e1mbito inferior, en una escultura de Ver\u00f3nica esculpida por Francesco Mochi en 1646, Ver\u00f3nica sostiene un sudario en que puede reconocerse un rostro con los ojos cerrados. Por el contrario, el \u00e1ngel que aparece sobre el balc\u00f3n \u2013probablemente sea obra de la escuela de Gianlorenzo Bernini\u2013, porta un velo con un rostro con los ojos abiertos; tiene parecido con el Sudario de Manoppello: es el rostro del Se\u00f1or.   <\/p><p class=\"txt1\">Con la obra \u00abOpusculum de Sacrosanto Veronicae Sudario\u00bb (Op\u00fasculo del sacrosanto sudario de la Ver\u00f3nica) de <b>Jacopo Grimaldi, <\/b>un inventario de los tesoros de la antigua bas\u00edlica de San Pedro, queda asimismo claramente documentado el cambio que a lo largo del siglo XVII se produce en las representaciones de Cristo. En la portada se representa la \u00abVer\u00f3nica\u00bb: en las ediciones de 1618 y 1620, en esta puede verse la faz familiar, con los ojos abiertos; sin embargo, en la reproducci\u00f3n literal de 1635 aparece una figura desconocida, con los ojos cerrados. <\/p>\t\t\t\t\t\t\t\t<\/div>\n\t\t\t\t\t<\/div>\n\t\t\t\t<\/div>\n\t\t\t\t<\/div>\n\t\t","protected":false},"excerpt":{"rendered":"<p>VULTUM TUUM DEPRECABUNTUR \u2013 Los pueblos buscan tu rostro (Ps 45,13) Veronika-Pfeiler Veronika mit Schwei\u00dftuch Veronika mit Schwei\u00dftuch Veronika mit Schwei\u00dftuch Engel mit dem Sudarium Christi Engel mit dem Sudarium Christi Engel mit dem Sudarium Christi En el pilar de Ver\u00f3nica, en la Bas\u00edlica de San Pedro, se aprecia una contradicci\u00f3n esculpida en piedra. En [&hellip;]<\/p>\n","protected":false},"author":1,"featured_media":0,"parent":351,"menu_order":0,"comment_status":"closed","ping_status":"closed","template":"","meta":{"footnotes":""},"class_list":["post-384","page","type-page","status-publish","hentry"],"_links":{"self":[{"href":"https:\/\/www.sudariumchristi.com\/es\/wp-json\/wp\/v2\/pages\/384","targetHints":{"allow":["GET"]}}],"collection":[{"href":"https:\/\/www.sudariumchristi.com\/es\/wp-json\/wp\/v2\/pages"}],"about":[{"href":"https:\/\/www.sudariumchristi.com\/es\/wp-json\/wp\/v2\/types\/page"}],"author":[{"embeddable":true,"href":"https:\/\/www.sudariumchristi.com\/es\/wp-json\/wp\/v2\/users\/1"}],"replies":[{"embeddable":true,"href":"https:\/\/www.sudariumchristi.com\/es\/wp-json\/wp\/v2\/comments?post=384"}],"version-history":[{"count":7,"href":"https:\/\/www.sudariumchristi.com\/es\/wp-json\/wp\/v2\/pages\/384\/revisions"}],"predecessor-version":[{"id":3713,"href":"https:\/\/www.sudariumchristi.com\/es\/wp-json\/wp\/v2\/pages\/384\/revisions\/3713"}],"up":[{"embeddable":true,"href":"https:\/\/www.sudariumchristi.com\/es\/wp-json\/wp\/v2\/pages\/351"}],"wp:attachment":[{"href":"https:\/\/www.sudariumchristi.com\/es\/wp-json\/wp\/v2\/media?parent=384"}],"curies":[{"name":"wp","href":"https:\/\/api.w.org\/{rel}","templated":true}]}}