{"id":392,"date":"2025-11-05T16:47:07","date_gmt":"2025-11-05T15:47:07","guid":{"rendered":"http:\/\/sudariumchristi.stage.bergwerk-it.de\/el-velo-se-alza\/"},"modified":"2025-12-19T13:44:42","modified_gmt":"2025-12-19T12:44:42","slug":"el-velo-se-alza","status":"publish","type":"page","link":"https:\/\/www.sudariumchristi.com\/es\/ficcion-y-realidad\/el-velo-se-alza\/","title":{"rendered":"El velo se alza"},"content":{"rendered":"\t\t<div data-elementor-type=\"wp-page\" data-elementor-id=\"392\" class=\"elementor elementor-392 elementor-41\" data-elementor-post-type=\"page\">\n\t\t\t\t<div class=\"elementor-element elementor-element-b9eddc1 e-flex e-con-boxed e-con e-parent\" data-id=\"b9eddc1\" data-element_type=\"container\" data-e-type=\"container\">\n\t\t\t\t\t<div class=\"e-con-inner\">\n\t\t<div class=\"elementor-element elementor-element-e67f4bb e-con-full e-flex e-con e-child\" data-id=\"e67f4bb\" data-element_type=\"container\" data-e-type=\"container\">\n\t\t\t\t<div class=\"elementor-element elementor-element-7874ebf elementor-widget elementor-widget-text-editor\" data-id=\"7874ebf\" data-element_type=\"widget\" data-e-type=\"widget\" data-widget_type=\"text-editor.default\">\n\t\t\t\t\t\t\t\t\t<p class=\"txt1\">En 1977, con ocasi\u00f3n del Congreso Eucar\u00edstico celebrado en Pescara, el fraile capuchino Domenico da Cese, cuyo proceso de beatificaci\u00f3n se est\u00e1 procurando comenzar, organiz\u00f3 una exposici\u00f3n con fotos del sudario. El periodista italiano Renzo Allegri escribi\u00f3 un art\u00edculo sobre dicha exposici\u00f3n. En 1979, este art\u00edculo cay\u00f3 en manos de la monja trapista Blandina Paschalis Schl\u00f6mer, quien reconoci\u00f3 la coincidencia entre los rasgos faciales que aparecen en el Sudario y en la S\u00e1bana Santa de Tur\u00edn. Partiendo de puntos de orientaci\u00f3n, la trapista alemana, que adem\u00e1s es farmac\u00e9utica y pintora de iconos, desarroll\u00f3 una t\u00e9cnica de superposici\u00f3n (sopraposition) con la que demostr\u00f3 que en los dos lienzos se representa a la misma persona. Desde 2003, sor Blandina vive como eremita en Manoppello.   <\/p><p class=\"txt1\">Sor Blandina consigui\u00f3 despertar el inter\u00e9s de Heinrich Pfeiffer S.J., catedr\u00e1tico de Historia del arte cristiano en la Universidad Pontificia Gregoriana de Roma. Este lleg\u00f3 a la conclusi\u00f3n de que el Sudario de Manoppello es la \u00abVer\u00f3nica\u00bb perdida del Vaticano.<\/p><p class=\"txt1\">\u00abEl aut\u00e9ntico rostro de Cristo\u00bb: as\u00ed se titul\u00f3 el art\u00edculo, aparecido el 23 de septiembre de 2004 en el diario DIE WELT, en el que el periodista Paul Badde publicaba por primera vez los resultados de sus amplios estudios.<\/p><p class=\"txt1\">El 1 de septiembre de 2006, el Papa Benedicto XVI acudi\u00f3 a Manoppello para visitar el Sudario de Cristo.<\/p>\t\t\t\t\t\t\t\t<\/div>\n\t\t\t\t<div class=\"elementor-element elementor-element-73e0241 elementor-widget elementor-widget-text-editor\" data-id=\"73e0241\" data-element_type=\"widget\" data-e-type=\"widget\" data-widget_type=\"text-editor.default\">\n\t\t\t\t\t\t\t\t\t<div class=\"thoughts2\"><a href=\"https:\/\/www.sudariumchristi.com\/wp-content\/uploads\/2025\/12\/speech.pdf\">Jesucristo mediador y plenitud de toda la revelaci\u00f3n<\/a><br>Papa Benedicto XVI durante la habitual Audiencia de los mi\u00e9rcoles.<br>Ciudad del Vaticano, 16 de enero de 2013 (Zenit.org).<\/div>\t\t\t\t\t\t\t\t<\/div>\n\t\t\t\t<\/div>\n\t\t<div class=\"elementor-element elementor-element-c5e86ff e-con-full e-flex e-con e-child\" data-id=\"c5e86ff\" data-element_type=\"container\" data-e-type=\"container\">\n\t\t\t\t<div class=\"elementor-element elementor-element-b525252 elementor-widget elementor-widget-image\" data-id=\"b525252\" data-element_type=\"widget\" data-e-type=\"widget\" data-widget_type=\"image.default\">\n\t\t\t\t\t\t\t\t\t\t\t\t<figure class=\"wp-caption\">\n\t\t\t\t\t\t\t\t\t\t<img fetchpriority=\"high\" decoding=\"async\" width=\"300\" height=\"400\" src=\"https:\/\/www.sudariumchristi.com\/wp-content\/uploads\/2025\/12\/veil.jpg\" class=\"attachment-large size-large wp-image-1516\" alt=\"\" srcset=\"https:\/\/www.sudariumchristi.com\/wp-content\/uploads\/2025\/12\/veil.jpg 300w, https:\/\/www.sudariumchristi.com\/wp-content\/uploads\/2025\/12\/veil-225x300.jpg 225w\" sizes=\"(max-width: 300px) 100vw, 300px\" \/>\t\t\t\t\t\t\t\t\t\t\t<figcaption class=\"widget-image-caption wp-caption-text\">Superposici\u00f3n del Sudario y de la S\u00e1bana Santa de Tur\u00edn<\/figcaption>\n\t\t\t\t\t\t\t\t\t\t<\/figure>\n\t\t\t\t\t\t\t\t\t<\/div>\n\t\t\t\t<div class=\"elementor-element elementor-element-c0ef2c3 elementor-widget elementor-widget-image\" data-id=\"c0ef2c3\" data-element_type=\"widget\" data-e-type=\"widget\" data-widget_type=\"image.default\">\n\t\t\t\t\t\t\t\t\t\t\t\t<figure class=\"wp-caption\">\n\t\t\t\t\t\t\t\t\t\t<img decoding=\"async\" width=\"300\" height=\"185\" src=\"https:\/\/www.sudariumchristi.com\/wp-content\/uploads\/2025\/12\/pope.jpg\" class=\"attachment-large size-large wp-image-1517\" alt=\"\" \/>\t\t\t\t\t\t\t\t\t\t\t<figcaption class=\"widget-image-caption wp-caption-text\">El 1 de septiembre de 2006, el Papa Benedicto XVI acudi\u00f3 a Manoppello para visitar el Sudario de Cristo.<\/figcaption>\n\t\t\t\t\t\t\t\t\t\t<\/figure>\n\t\t\t\t\t\t\t\t\t<\/div>\n\t\t\t\t<\/div>\n\t\t\t\t\t<\/div>\n\t\t\t\t<\/div>\n\t\t\t\t<\/div>\n\t\t","protected":false},"excerpt":{"rendered":"<p>En 1977, con ocasi\u00f3n del Congreso Eucar\u00edstico celebrado en Pescara, el fraile capuchino Domenico da Cese, cuyo proceso de beatificaci\u00f3n se est\u00e1 procurando comenzar, organiz\u00f3 una exposici\u00f3n con fotos del sudario. El periodista italiano Renzo Allegri escribi\u00f3 un art\u00edculo sobre dicha exposici\u00f3n. En 1979, este art\u00edculo cay\u00f3 en manos de la monja trapista Blandina Paschalis [&hellip;]<\/p>\n","protected":false},"author":1,"featured_media":0,"parent":351,"menu_order":0,"comment_status":"closed","ping_status":"closed","template":"","meta":{"footnotes":""},"class_list":["post-392","page","type-page","status-publish","hentry"],"_links":{"self":[{"href":"https:\/\/www.sudariumchristi.com\/es\/wp-json\/wp\/v2\/pages\/392","targetHints":{"allow":["GET"]}}],"collection":[{"href":"https:\/\/www.sudariumchristi.com\/es\/wp-json\/wp\/v2\/pages"}],"about":[{"href":"https:\/\/www.sudariumchristi.com\/es\/wp-json\/wp\/v2\/types\/page"}],"author":[{"embeddable":true,"href":"https:\/\/www.sudariumchristi.com\/es\/wp-json\/wp\/v2\/users\/1"}],"replies":[{"embeddable":true,"href":"https:\/\/www.sudariumchristi.com\/es\/wp-json\/wp\/v2\/comments?post=392"}],"version-history":[{"count":4,"href":"https:\/\/www.sudariumchristi.com\/es\/wp-json\/wp\/v2\/pages\/392\/revisions"}],"predecessor-version":[{"id":3724,"href":"https:\/\/www.sudariumchristi.com\/es\/wp-json\/wp\/v2\/pages\/392\/revisions\/3724"}],"up":[{"embeddable":true,"href":"https:\/\/www.sudariumchristi.com\/es\/wp-json\/wp\/v2\/pages\/351"}],"wp:attachment":[{"href":"https:\/\/www.sudariumchristi.com\/es\/wp-json\/wp\/v2\/media?parent=392"}],"curies":[{"name":"wp","href":"https:\/\/api.w.org\/{rel}","templated":true}]}}