{"id":398,"date":"2025-11-05T16:48:44","date_gmt":"2025-11-05T15:48:44","guid":{"rendered":"http:\/\/sudariumchristi.stage.bergwerk-it.de\/maria-madre-de-dios\/"},"modified":"2025-12-19T13:45:03","modified_gmt":"2025-12-19T12:45:03","slug":"maria-madre-de-dios","status":"publish","type":"page","link":"https:\/\/www.sudariumchristi.com\/es\/maria-madre-de-dios\/","title":{"rendered":"Mar\u00eda, Madre de Dios"},"content":{"rendered":"\t\t<div data-elementor-type=\"wp-page\" data-elementor-id=\"398\" class=\"elementor elementor-398 elementor-51\" data-elementor-post-type=\"page\">\n\t\t\t\t<div class=\"elementor-element elementor-element-7891ae7 e-flex e-con-boxed e-con e-parent\" data-id=\"7891ae7\" data-element_type=\"container\" data-e-type=\"container\">\n\t\t\t\t\t<div class=\"e-con-inner\">\n\t\t<div class=\"elementor-element elementor-element-9c9a684 e-con-full e-flex e-con e-child\" data-id=\"9c9a684\" data-element_type=\"container\" data-e-type=\"container\">\n\t\t\t\t<div class=\"elementor-element elementor-element-15256e5 elementor-widget elementor-widget-text-editor\" data-id=\"15256e5\" data-element_type=\"widget\" data-e-type=\"widget\" data-widget_type=\"text-editor.default\">\n\t\t\t\t\t\t\t\t\t<p>Del mismo modo que la Virgen Mar\u00eda precedi\u00f3 a Jes\u00fas en la vida, tambi\u00e9n su velo lleg\u00f3 primero a Manoppello, y solo despu\u00e9s el Sudario de su Hijo, ambos de biso: en 1320, el conde Tommaso degli Orsini de Manoppello don\u00f3 el Velo a Francisco de As\u00eds, despu\u00e9s de quedar curado de una enfermedad incurable.<\/p>\t\t\t\t\t\t\t\t<\/div>\n\t\t\t\t<\/div>\n\t\t<div class=\"elementor-element elementor-element-17684ca e-con-full e-flex e-con e-child\" data-id=\"17684ca\" data-element_type=\"container\" data-e-type=\"container\">\n\t\t\t\t<div class=\"elementor-element elementor-element-8170f8b elementor-widget elementor-widget-image\" data-id=\"8170f8b\" data-element_type=\"widget\" data-e-type=\"widget\" data-widget_type=\"image.default\">\n\t\t\t\t\t\t\t\t\t\t\t\t<figure class=\"wp-caption\">\n\t\t\t\t\t\t\t\t\t\t<img fetchpriority=\"high\" decoding=\"async\" width=\"300\" height=\"224\" src=\"https:\/\/www.sudariumchristi.com\/wp-content\/uploads\/2025\/12\/maria_1.jpg\" class=\"attachment-large size-large wp-image-2063\" alt=\"\" \/>\t\t\t\t\t\t\t\t\t\t\t<figcaption class=\"widget-image-caption wp-caption-text\">El Velo de Biso de la Virgen Mar\u00eda en As\u00eds<\/figcaption>\n\t\t\t\t\t\t\t\t\t\t<\/figure>\n\t\t\t\t\t\t\t\t\t<\/div>\n\t\t\t\t<\/div>\n\t\t\t\t\t<\/div>\n\t\t\t\t<\/div>\n\t\t\t\t<\/div>\n\t\t","protected":false},"excerpt":{"rendered":"<p>Del mismo modo que la Virgen Mar\u00eda precedi\u00f3 a Jes\u00fas en la vida, tambi\u00e9n su velo lleg\u00f3 primero a Manoppello, y solo despu\u00e9s el Sudario de su Hijo, ambos de biso: en 1320, el conde Tommaso degli Orsini de Manoppello don\u00f3 el Velo a Francisco de As\u00eds, despu\u00e9s de quedar curado de una enfermedad incurable. [&hellip;]<\/p>\n","protected":false},"author":1,"featured_media":0,"parent":0,"menu_order":0,"comment_status":"closed","ping_status":"closed","template":"","meta":{"footnotes":""},"class_list":["post-398","page","type-page","status-publish","hentry"],"_links":{"self":[{"href":"https:\/\/www.sudariumchristi.com\/es\/wp-json\/wp\/v2\/pages\/398","targetHints":{"allow":["GET"]}}],"collection":[{"href":"https:\/\/www.sudariumchristi.com\/es\/wp-json\/wp\/v2\/pages"}],"about":[{"href":"https:\/\/www.sudariumchristi.com\/es\/wp-json\/wp\/v2\/types\/page"}],"author":[{"embeddable":true,"href":"https:\/\/www.sudariumchristi.com\/es\/wp-json\/wp\/v2\/users\/1"}],"replies":[{"embeddable":true,"href":"https:\/\/www.sudariumchristi.com\/es\/wp-json\/wp\/v2\/comments?post=398"}],"version-history":[{"count":4,"href":"https:\/\/www.sudariumchristi.com\/es\/wp-json\/wp\/v2\/pages\/398\/revisions"}],"predecessor-version":[{"id":3740,"href":"https:\/\/www.sudariumchristi.com\/es\/wp-json\/wp\/v2\/pages\/398\/revisions\/3740"}],"wp:attachment":[{"href":"https:\/\/www.sudariumchristi.com\/es\/wp-json\/wp\/v2\/media?parent=398"}],"curies":[{"name":"wp","href":"https:\/\/api.w.org\/{rel}","templated":true}]}}