{"id":414,"date":"2025-11-05T16:49:20","date_gmt":"2025-11-05T15:49:20","guid":{"rendered":"http:\/\/sudariumchristi.stage.bergwerk-it.de\/la-virgen-de-guadalupe\/rosas-en-invierno\/"},"modified":"2025-12-19T13:45:22","modified_gmt":"2025-12-19T12:45:22","slug":"rosas-en-invierno","status":"publish","type":"page","link":"https:\/\/www.sudariumchristi.com\/es\/la-virgen-de-guadalupe\/rosas-en-invierno\/","title":{"rendered":"Rosas en invierno"},"content":{"rendered":"\t\t<div data-elementor-type=\"wp-page\" data-elementor-id=\"414\" class=\"elementor elementor-414 elementor-54\" data-elementor-post-type=\"page\">\n\t\t\t\t<div class=\"elementor-element elementor-element-0c17328 e-flex e-con-boxed e-con e-parent\" data-id=\"0c17328\" data-element_type=\"container\" data-e-type=\"container\">\n\t\t\t\t\t<div class=\"e-con-inner\">\n\t\t\t\t<div class=\"elementor-element elementor-element-22ef8f8 elementor-widget__width-initial elementor-widget elementor-widget-image-carousel\" data-id=\"22ef8f8\" data-element_type=\"widget\" data-e-type=\"widget\" data-settings=\"{&quot;slides_to_show&quot;:&quot;1&quot;,&quot;navigation&quot;:&quot;none&quot;,&quot;lazyload&quot;:&quot;yes&quot;,&quot;autoplay&quot;:&quot;yes&quot;,&quot;pause_on_hover&quot;:&quot;yes&quot;,&quot;pause_on_interaction&quot;:&quot;yes&quot;,&quot;autoplay_speed&quot;:5000,&quot;infinite&quot;:&quot;yes&quot;,&quot;effect&quot;:&quot;slide&quot;,&quot;speed&quot;:500}\" data-widget_type=\"image-carousel.default\">\n\t\t\t\t\t\t\t<div class=\"elementor-image-carousel-wrapper swiper\" role=\"region\" aria-roledescription=\"carousel\" aria-label=\"Bild Karussell\" dir=\"ltr\">\n\t\t\t<div class=\"elementor-image-carousel swiper-wrapper swiper-image-stretch\" aria-live=\"off\">\n\t\t\t\t\t\t\t\t<div class=\"swiper-slide\" role=\"group\" aria-roledescription=\"slide\" aria-label=\"1 de 6\"><figure class=\"swiper-slide-inner\"><img class=\"swiper-slide-image swiper-lazy\" data-src=\"https:\/\/www.sudariumchristi.com\/wp-content\/uploads\/2025\/12\/la-villa_01.jpg\" alt=\"La Villa, Mexico D.F.\" \/><div class=\"swiper-lazy-preloader\"><\/div><figcaption class=\"elementor-image-carousel-caption\">La Villa, Mexico D.F.<\/figcaption><\/figure><\/div><div class=\"swiper-slide\" role=\"group\" aria-roledescription=\"slide\" aria-label=\"2 de 6\"><figure class=\"swiper-slide-inner\"><img class=\"swiper-slide-image swiper-lazy\" data-src=\"https:\/\/www.sudariumchristi.com\/wp-content\/uploads\/2025\/12\/la-villa_02.jpg\" alt=\"La Villa, Mexico D.F.\" \/><div class=\"swiper-lazy-preloader\"><\/div><figcaption class=\"elementor-image-carousel-caption\">La Villa, Mexico D.F.<\/figcaption><\/figure><\/div><div class=\"swiper-slide\" role=\"group\" aria-roledescription=\"slide\" aria-label=\"3 de 6\"><figure class=\"swiper-slide-inner\"><img class=\"swiper-slide-image swiper-lazy\" data-src=\"https:\/\/www.sudariumchristi.com\/wp-content\/uploads\/2025\/12\/la-villa_03.jpg\" alt=\"La Villa, Mexico D.F.\" \/><div class=\"swiper-lazy-preloader\"><\/div><figcaption class=\"elementor-image-carousel-caption\">La Villa, Mexico D.F.<\/figcaption><\/figure><\/div><div class=\"swiper-slide\" role=\"group\" aria-roledescription=\"slide\" aria-label=\"4 de 6\"><figure class=\"swiper-slide-inner\"><img class=\"swiper-slide-image swiper-lazy\" data-src=\"https:\/\/www.sudariumchristi.com\/wp-content\/uploads\/2025\/12\/la-villa_04.jpg\" alt=\"La Villa, Mexico D.F.\" \/><div class=\"swiper-lazy-preloader\"><\/div><figcaption class=\"elementor-image-carousel-caption\">La Villa, Mexico D.F.<\/figcaption><\/figure><\/div><div class=\"swiper-slide\" role=\"group\" aria-roledescription=\"slide\" aria-label=\"5 de 6\"><figure class=\"swiper-slide-inner\"><img class=\"swiper-slide-image swiper-lazy\" data-src=\"https:\/\/www.sudariumchristi.com\/wp-content\/uploads\/2025\/12\/la-villa_05.jpg\" alt=\"La Villa, Mexico D.F.\" \/><div class=\"swiper-lazy-preloader\"><\/div><figcaption class=\"elementor-image-carousel-caption\">La Villa, Mexico D.F.<\/figcaption><\/figure><\/div><div class=\"swiper-slide\" role=\"group\" aria-roledescription=\"slide\" aria-label=\"6 de 6\"><figure class=\"swiper-slide-inner\"><img class=\"swiper-slide-image swiper-lazy\" data-src=\"https:\/\/www.sudariumchristi.com\/wp-content\/uploads\/2025\/12\/la-villa_06.jpg\" alt=\"La Villa, Mexico D.F.\" \/><div class=\"swiper-lazy-preloader\"><\/div><figcaption class=\"elementor-image-carousel-caption\">La Villa, Mexico D.F.<\/figcaption><\/figure><\/div>\t\t\t<\/div>\n\t\t\t\t\t\t\t\n\t\t\t\t\t\t\t\t\t<\/div>\n\t\t\t\t\t\t<\/div>\n\t\t\t\t<div class=\"elementor-element elementor-element-8960847 elementor-widget elementor-widget-text-editor\" data-id=\"8960847\" data-element_type=\"widget\" data-e-type=\"widget\" data-widget_type=\"text-editor.default\">\n\t\t\t\t\t\t\t\t\t<p class=\"txt1\"><b>El 9 de diciembre 1531, <\/b>se apareci\u00f3 la Virgen Mar\u00eda en el Monte Tepeyac a un azteca bautizado con el nombre de Juan Diego. En ese mismo lugar, situado al norte de la ciudad de M\u00e9xico, conquistada por los espa\u00f1oles 10 a\u00f1os antes, se encontraba un santuario de la divinidad azteca de la tierra y la fertilidad, Tonantzin. Mar\u00eda pidi\u00f3 a Juan Diego que se dirigiera al Obispo para que este construyera una iglesia en dicho lugar. Sin embargo, el prelado no dio cr\u00e9dito a la narraci\u00f3n del sencillo hombre. Por dicho motivo, Juan Diego se dirigi\u00f3 en varias ocasiones al Obispo, animado por nuevas apariciones de la Virgen. Por \u00faltimo, el prelado exigi\u00f3 una prueba, que Mar\u00eda concedi\u00f3 a Juan Diego en su cuarta y \u00faltima aparici\u00f3n, el 12 de diciembre: en la cumbre de la colina, donde solo crec\u00edan plantas especialmente resistentes a las inclemencias del tiempo, encontr\u00f3 rosas en flor, en pleno invierno. Cuando las olorosas flores cayeron de su tilma en la casa del Obispo, apareci\u00f3 sobre el tejido la imagen de la Virgen Mar\u00eda. Ese mismo d\u00eda, Mar\u00eda se apareci\u00f3 tambi\u00e9n al t\u00edo de Juan Diego; le cur\u00f3 de una grave enfermedad y le dijo que la veneraran como la Virgen de Guadalupe.       <\/p><p class=\"txt1\">Ese mismo a\u00f1o se levant\u00f3 una peque\u00f1a capilla, terminada el 26 de diciembre. Hoy en d\u00eda, la \u00abBas\u00edlica de Nuestra Se\u00f1ora de Guadalupe\u00bb, con la santa imagen, ofrece espacio para 10.000 personas. Con sus 20 millones de peregrinos al a\u00f1o, es el santuario m\u00e1s visitado de la cristiandad.  <\/p>\t\t\t\t\t\t\t\t<\/div>\n\t\t\t\t\t<\/div>\n\t\t\t\t<\/div>\n\t\t\t\t<\/div>\n\t\t","protected":false},"excerpt":{"rendered":"<p>La Villa, Mexico D.F. La Villa, Mexico D.F. La Villa, Mexico D.F. La Villa, Mexico D.F. La Villa, Mexico D.F. La Villa, Mexico D.F. El 9 de diciembre 1531, se apareci\u00f3 la Virgen Mar\u00eda en el Monte Tepeyac a un azteca bautizado con el nombre de Juan Diego. En ese mismo lugar, situado al norte [&hellip;]<\/p>\n","protected":false},"author":1,"featured_media":0,"parent":406,"menu_order":0,"comment_status":"closed","ping_status":"closed","template":"","meta":{"footnotes":""},"class_list":["post-414","page","type-page","status-publish","hentry"],"_links":{"self":[{"href":"https:\/\/www.sudariumchristi.com\/es\/wp-json\/wp\/v2\/pages\/414","targetHints":{"allow":["GET"]}}],"collection":[{"href":"https:\/\/www.sudariumchristi.com\/es\/wp-json\/wp\/v2\/pages"}],"about":[{"href":"https:\/\/www.sudariumchristi.com\/es\/wp-json\/wp\/v2\/types\/page"}],"author":[{"embeddable":true,"href":"https:\/\/www.sudariumchristi.com\/es\/wp-json\/wp\/v2\/users\/1"}],"replies":[{"embeddable":true,"href":"https:\/\/www.sudariumchristi.com\/es\/wp-json\/wp\/v2\/comments?post=414"}],"version-history":[{"count":4,"href":"https:\/\/www.sudariumchristi.com\/es\/wp-json\/wp\/v2\/pages\/414\/revisions"}],"predecessor-version":[{"id":3751,"href":"https:\/\/www.sudariumchristi.com\/es\/wp-json\/wp\/v2\/pages\/414\/revisions\/3751"}],"up":[{"embeddable":true,"href":"https:\/\/www.sudariumchristi.com\/es\/wp-json\/wp\/v2\/pages\/406"}],"wp:attachment":[{"href":"https:\/\/www.sudariumchristi.com\/es\/wp-json\/wp\/v2\/media?parent=414"}],"curies":[{"name":"wp","href":"https:\/\/api.w.org\/{rel}","templated":true}]}}