{"id":422,"date":"2025-11-05T16:49:46","date_gmt":"2025-11-05T15:49:46","guid":{"rendered":"http:\/\/sudariumchristi.stage.bergwerk-it.de\/la-virgen-de-guadalupe\/no-pintada-por-mano-del-hombre-una-comparacion\/"},"modified":"2025-12-19T13:41:49","modified_gmt":"2025-12-19T12:41:49","slug":"no-pintada-por-mano-del-hombre-una-comparacion","status":"publish","type":"page","link":"https:\/\/www.sudariumchristi.com\/es\/la-virgen-de-guadalupe\/no-pintada-por-mano-del-hombre-una-comparacion\/","title":{"rendered":"No pintada por mano del hombre \u2013 una comparaci\u00f3n"},"content":{"rendered":"\t\t<div data-elementor-type=\"wp-page\" data-elementor-id=\"422\" class=\"elementor elementor-422 elementor-55\" data-elementor-post-type=\"page\">\n\t\t\t\t<div class=\"elementor-element elementor-element-a55d9d8 e-flex e-con-boxed e-con e-parent\" data-id=\"a55d9d8\" data-element_type=\"container\" data-e-type=\"container\">\n\t\t\t\t\t<div class=\"e-con-inner\">\n\t\t\t\t<div class=\"elementor-element elementor-element-fb8fbe6 elementor-widget__width-initial elementor-widget elementor-widget-image-carousel\" data-id=\"fb8fbe6\" data-element_type=\"widget\" data-e-type=\"widget\" data-settings=\"{&quot;slides_to_show&quot;:&quot;1&quot;,&quot;navigation&quot;:&quot;none&quot;,&quot;lazyload&quot;:&quot;yes&quot;,&quot;autoplay&quot;:&quot;yes&quot;,&quot;pause_on_hover&quot;:&quot;yes&quot;,&quot;pause_on_interaction&quot;:&quot;yes&quot;,&quot;autoplay_speed&quot;:5000,&quot;infinite&quot;:&quot;yes&quot;,&quot;effect&quot;:&quot;slide&quot;,&quot;speed&quot;:500}\" data-widget_type=\"image-carousel.default\">\n\t\t\t\t\t\t\t<div class=\"elementor-image-carousel-wrapper swiper\" role=\"region\" aria-roledescription=\"carousel\" aria-label=\"Bild Karussell\" dir=\"ltr\">\n\t\t\t<div class=\"elementor-image-carousel swiper-wrapper swiper-image-stretch\" aria-live=\"off\">\n\t\t\t\t\t\t\t\t<div class=\"swiper-slide\" role=\"group\" aria-roledescription=\"slide\" aria-label=\"1 de 9\"><figure class=\"swiper-slide-inner\"><img class=\"swiper-slide-image swiper-lazy\" data-src=\"https:\/\/www.sudariumchristi.com\/wp-content\/uploads\/2025\/12\/la-villa_07.jpg\" alt=\"La Villa, Mexico D.F.\" \/><div class=\"swiper-lazy-preloader\"><\/div><figcaption class=\"elementor-image-carousel-caption\">La Villa, Mexico D.F.<\/figcaption><\/figure><\/div><div class=\"swiper-slide\" role=\"group\" aria-roledescription=\"slide\" aria-label=\"2 de 9\"><figure class=\"swiper-slide-inner\"><img class=\"swiper-slide-image swiper-lazy\" data-src=\"https:\/\/www.sudariumchristi.com\/wp-content\/uploads\/2025\/12\/la-villa_08.jpg\" alt=\"La Villa, Mexico D.F.\" \/><div class=\"swiper-lazy-preloader\"><\/div><figcaption class=\"elementor-image-carousel-caption\">La Villa, Mexico D.F.<\/figcaption><\/figure><\/div><div class=\"swiper-slide\" role=\"group\" aria-roledescription=\"slide\" aria-label=\"3 de 9\"><figure class=\"swiper-slide-inner\"><img class=\"swiper-slide-image swiper-lazy\" data-src=\"https:\/\/www.sudariumchristi.com\/wp-content\/uploads\/2025\/12\/la-villa_09.jpg\" alt=\"La Villa, Mexico D.F.\" \/><div class=\"swiper-lazy-preloader\"><\/div><figcaption class=\"elementor-image-carousel-caption\">La Villa, Mexico D.F.<\/figcaption><\/figure><\/div><div class=\"swiper-slide\" role=\"group\" aria-roledescription=\"slide\" aria-label=\"4 de 9\"><figure class=\"swiper-slide-inner\"><img class=\"swiper-slide-image swiper-lazy\" data-src=\"https:\/\/www.sudariumchristi.com\/wp-content\/uploads\/2025\/12\/la-villa_10.jpg\" alt=\"La Villa, Mexico D.F.\" \/><div class=\"swiper-lazy-preloader\"><\/div><figcaption class=\"elementor-image-carousel-caption\">La Villa, Mexico D.F.<\/figcaption><\/figure><\/div><div class=\"swiper-slide\" role=\"group\" aria-roledescription=\"slide\" aria-label=\"5 de 9\"><figure class=\"swiper-slide-inner\"><img class=\"swiper-slide-image swiper-lazy\" data-src=\"https:\/\/www.sudariumchristi.com\/wp-content\/uploads\/2025\/12\/la-villa_11.jpg\" alt=\"La Villa, Mexico D.F.\" \/><div class=\"swiper-lazy-preloader\"><\/div><figcaption class=\"elementor-image-carousel-caption\">La Villa, Mexico D.F.<\/figcaption><\/figure><\/div><div class=\"swiper-slide\" role=\"group\" aria-roledescription=\"slide\" aria-label=\"6 de 9\"><figure class=\"swiper-slide-inner\"><img class=\"swiper-slide-image swiper-lazy\" data-src=\"https:\/\/www.sudariumchristi.com\/wp-content\/uploads\/2025\/12\/capilla-del-pocito_01.jpg\" alt=\"Capilla del Pocito\" \/><div class=\"swiper-lazy-preloader\"><\/div><figcaption class=\"elementor-image-carousel-caption\">Capilla del Pocito<\/figcaption><\/figure><\/div><div class=\"swiper-slide\" role=\"group\" aria-roledescription=\"slide\" aria-label=\"7 de 9\"><figure class=\"swiper-slide-inner\"><img class=\"swiper-slide-image swiper-lazy\" data-src=\"https:\/\/www.sudariumchristi.com\/wp-content\/uploads\/2025\/12\/basilica_01.jpg\" alt=\"Basilica del Volto Santo, Manoppello\" \/><div class=\"swiper-lazy-preloader\"><\/div><figcaption class=\"elementor-image-carousel-caption\">Basilica del Volto Santo, Manoppello<\/figcaption><\/figure><\/div><div class=\"swiper-slide\" role=\"group\" aria-roledescription=\"slide\" aria-label=\"8 de 9\"><figure class=\"swiper-slide-inner\"><img class=\"swiper-slide-image swiper-lazy\" data-src=\"https:\/\/www.sudariumchristi.com\/wp-content\/uploads\/2025\/12\/la-villa_12.jpg\" alt=\"La Villa, Mexico D.F.\" \/><div class=\"swiper-lazy-preloader\"><\/div><figcaption class=\"elementor-image-carousel-caption\">La Villa, Mexico D.F.<\/figcaption><\/figure><\/div><div class=\"swiper-slide\" role=\"group\" aria-roledescription=\"slide\" aria-label=\"9 de 9\"><figure class=\"swiper-slide-inner\"><img class=\"swiper-slide-image swiper-lazy\" data-src=\"https:\/\/www.sudariumchristi.com\/wp-content\/uploads\/2025\/12\/la-villa_13.jpg\" alt=\"La Villa, Mexico D.F.\" \/><div class=\"swiper-lazy-preloader\"><\/div><figcaption class=\"elementor-image-carousel-caption\">La Villa, Mexico D.F.<\/figcaption><\/figure><\/div>\t\t\t<\/div>\n\t\t\t\t\t\t\t\n\t\t\t\t\t\t\t\t\t<\/div>\n\t\t\t\t\t\t<\/div>\n\t\t\t\t<div class=\"elementor-element elementor-element-12396a9 elementor-widget elementor-widget-text-editor\" data-id=\"12396a9\" data-element_type=\"widget\" data-e-type=\"widget\" data-widget_type=\"text-editor.default\">\n\t\t\t\t\t\t\t\t\t<div class=\"main\"><p class=\"txt1\">La S\u00e1bana Santa de Tur\u00edn y el Sudario de Manoppello, con su perspectiva frontal, parecen fotograf\u00edas, im\u00e1genes biom\u00e9tricas. Por el contrario, la efigie de Nuestra Se\u00f1ora de Guadalupe en M\u00e9xico recuerda a un cuadro, una representaci\u00f3n mariana t\u00edpica del arte. \u00d3leo, pintura al temple, acuarela y temple labrado&#8230; parece haberse empleado las m\u00e1s diversas t\u00e9cnicas y, sin embargo, no se reconoce ninguna pincelada.  <\/p><p class=\"txt1\">Mientras que, en la elecci\u00f3n de los sudarios \u2013como prueba de respeto\u2013 se busc\u00f3 una calidad excepcional, la imagen de la Virgen de Guadalupe aparece sobre un material portante muy pobre, que no suele tener una larga duraci\u00f3n, un m\u00e1ximo de 20 a\u00f1os. La tilma que Juan Diego llevaba a modo de toga romana, est\u00e1 compuesta de un tejido de fibras de agave. Para poder pintar sobre un material de estas caracter\u00edsticas se precisa una imprimaci\u00f3n; sin embargo, la tilma carece completamente de esta: de lo contrario, no se podr\u00eda percibir el motivo por el reverso. Algunas desigualdades se aprovecharon, al parecer, para dar profundidad al rostro. Sin embargo, la superficie ofrece un pulido que los investigadores no consiguen explicar. Mientras que el velo de Manoppello se puede contemplar por ambos lados, la imagen de la Virgen de Guadalupe solo ofrece transparencia por un lado; una mancha verde en el reverso no es visible en el anverso.      <\/p><p class=\"txt1\">Al igual que las im\u00e1genes de los sudarios, podr\u00eda tratarse de una representaci\u00f3n de tama\u00f1o natural: la gr\u00e1cil figura sobre la tilma, de un tama\u00f1o de aprox. 1,67x 1,05 m, que consta de dos partes, mide 1,43 m. Desde la distancia, la imagen parece de mayor tama\u00f1o y m\u00e1s di\u00e1fana.<\/p><p class=\"txt1\">En contraposici\u00f3n a la S\u00e1bana Santa y al Sudario, la imagen de la Virgen de Guadalupe est\u00e1 expuesta a un amplio p\u00fablico desde su aparici\u00f3n, y durante mucho tiempo sin protecci\u00f3n especial. A pesar de las desfavorables condiciones climatol\u00f3gicas debidas a la geograf\u00eda, a la luz de las velas, el holl\u00edn y el incienso, al contacto de innumerables peregrinos, a un accidente sufrido con un \u00e1cido y a un atentado, no solo el tejido, sino tambi\u00e9n los colores presentan un sorprendente estado de conservaci\u00f3n. Los tonos rosas son permeables a los rayos infrarrojos \u2013algo absolutamente fuera de lo com\u00fan\u2013 y no se han podido descubrir colorantes org\u00e1nicos ni minerales. Al igual que en el Sudario y en las alas de una mariposa, los colores, que parecen modificarse seg\u00fan el \u00e1ngulo de vista, surgen por refracci\u00f3n de la luz.   <\/p><p class=\"txt1\">En este Acheiropo\u00edetos (\u00abno realizado por la mano del hombre\u00bb) tienen especial importancia los ojos, que desde lejos parecen estar casi cerrados y que presentan el mismo color que los del Sudario. En los ojos de la Virgen de Guadalupe pueden comprobarse diferentes fen\u00f3menos, descubiertos en el siglo XIX en el ojo humano y relacionados con reflejos de la luz (Helmholtz) y reflexiones (Purkinje-Samson). Adem\u00e1s, en sus pupilas se refleja la escena de la aparici\u00f3n de la imagen como en un ojo vivo, con las correspondientes distorsiones debidas a la curvatura de la c\u00f3rnea, as\u00ed como un desplazamiento en el segundo ojo. Se pudo identificar a numerosas personas presentes.    <\/p><\/div>\t\t\t\t\t\t\t\t<\/div>\n\t\t\t\t\t<\/div>\n\t\t\t\t<\/div>\n\t\t\t\t<\/div>\n\t\t","protected":false},"excerpt":{"rendered":"<p>La Villa, Mexico D.F. La Villa, Mexico D.F. La Villa, Mexico D.F. La Villa, Mexico D.F. La Villa, Mexico D.F. Capilla del Pocito Basilica del Volto Santo, Manoppello La Villa, Mexico D.F. La Villa, Mexico D.F. La S\u00e1bana Santa de Tur\u00edn y el Sudario de Manoppello, con su perspectiva frontal, parecen fotograf\u00edas, im\u00e1genes biom\u00e9tricas. Por [&hellip;]<\/p>\n","protected":false},"author":1,"featured_media":0,"parent":406,"menu_order":0,"comment_status":"closed","ping_status":"closed","template":"","meta":{"footnotes":""},"class_list":["post-422","page","type-page","status-publish","hentry"],"_links":{"self":[{"href":"https:\/\/www.sudariumchristi.com\/es\/wp-json\/wp\/v2\/pages\/422","targetHints":{"allow":["GET"]}}],"collection":[{"href":"https:\/\/www.sudariumchristi.com\/es\/wp-json\/wp\/v2\/pages"}],"about":[{"href":"https:\/\/www.sudariumchristi.com\/es\/wp-json\/wp\/v2\/types\/page"}],"author":[{"embeddable":true,"href":"https:\/\/www.sudariumchristi.com\/es\/wp-json\/wp\/v2\/users\/1"}],"replies":[{"embeddable":true,"href":"https:\/\/www.sudariumchristi.com\/es\/wp-json\/wp\/v2\/comments?post=422"}],"version-history":[{"count":4,"href":"https:\/\/www.sudariumchristi.com\/es\/wp-json\/wp\/v2\/pages\/422\/revisions"}],"predecessor-version":[{"id":3649,"href":"https:\/\/www.sudariumchristi.com\/es\/wp-json\/wp\/v2\/pages\/422\/revisions\/3649"}],"up":[{"embeddable":true,"href":"https:\/\/www.sudariumchristi.com\/es\/wp-json\/wp\/v2\/pages\/406"}],"wp:attachment":[{"href":"https:\/\/www.sudariumchristi.com\/es\/wp-json\/wp\/v2\/media?parent=422"}],"curies":[{"name":"wp","href":"https:\/\/api.w.org\/{rel}","templated":true}]}}