{"id":431,"date":"2025-11-05T16:49:54","date_gmt":"2025-11-05T15:49:54","guid":{"rendered":"http:\/\/sudariumchristi.stage.bergwerk-it.de\/la-virgen-de-guadalupe\/sol-luna-y-estrellas\/"},"modified":"2025-12-19T13:45:57","modified_gmt":"2025-12-19T12:45:57","slug":"sol-luna-y-estrellas","status":"publish","type":"page","link":"https:\/\/www.sudariumchristi.com\/es\/la-virgen-de-guadalupe\/sol-luna-y-estrellas\/","title":{"rendered":"Sol, luna y estrellas"},"content":{"rendered":"\t\t<div data-elementor-type=\"wp-page\" data-elementor-id=\"431\" class=\"elementor elementor-431 elementor-56\" data-elementor-post-type=\"page\">\n\t\t\t\t<div class=\"elementor-element elementor-element-e618e8f e-flex e-con-boxed e-con e-parent\" data-id=\"e618e8f\" data-element_type=\"container\" data-e-type=\"container\">\n\t\t\t\t\t<div class=\"e-con-inner\">\n\t\t\t\t<div class=\"elementor-element elementor-element-5de1774 elementor-blockquote--skin-quotation elementor-blockquote--align-left elementor-widget elementor-widget-blockquote\" data-id=\"5de1774\" data-element_type=\"widget\" data-e-type=\"widget\" data-widget_type=\"blockquote.default\">\n\t\t\t\t\t\t\t<blockquote class=\"elementor-blockquote\">\n\t\t\t<p class=\"elementor-blockquote__content\">\n\t\t\t\t\u00abApareci\u00f3 en el cielo una gran se\u00f1al: una mujer vestida del sol, con la luna debajo de sus pies, y sobre su cabeza una corona de doce estrellas\u00bb\n(Apocalipsis de San Juan, 12,1)\t\t\t<\/p>\n\t\t\t\t\t\t\t<div class=\"e-q-footer\">\n\t\t\t\t\t\t\t\t\t\t\t<cite class=\"elementor-blockquote__author\">\u2013 Ps 126,5 f.<\/cite>\n\t\t\t\t\t\t\t\t\t\t\t\t\t\t<\/div>\n\t\t\t\t\t<\/blockquote>\n\t\t\t\t\t\t<\/div>\n\t\t\t\t<div class=\"elementor-element elementor-element-b8a4e96 elementor-widget__width-initial elementor-widget elementor-widget-image-carousel\" data-id=\"b8a4e96\" data-element_type=\"widget\" data-e-type=\"widget\" data-settings=\"{&quot;slides_to_show&quot;:&quot;1&quot;,&quot;navigation&quot;:&quot;none&quot;,&quot;lazyload&quot;:&quot;yes&quot;,&quot;autoplay&quot;:&quot;yes&quot;,&quot;pause_on_hover&quot;:&quot;yes&quot;,&quot;pause_on_interaction&quot;:&quot;yes&quot;,&quot;autoplay_speed&quot;:5000,&quot;infinite&quot;:&quot;yes&quot;,&quot;effect&quot;:&quot;slide&quot;,&quot;speed&quot;:500}\" data-widget_type=\"image-carousel.default\">\n\t\t\t\t\t\t\t<div class=\"elementor-image-carousel-wrapper swiper\" role=\"region\" aria-roledescription=\"carousel\" aria-label=\"Bild Karussell\" dir=\"ltr\">\n\t\t\t<div class=\"elementor-image-carousel swiper-wrapper swiper-image-stretch\" aria-live=\"off\">\n\t\t\t\t\t\t\t\t<div class=\"swiper-slide\" role=\"group\" aria-roledescription=\"slide\" aria-label=\"1 de 8\"><figure class=\"swiper-slide-inner\"><img class=\"swiper-slide-image swiper-lazy\" data-src=\"https:\/\/www.sudariumchristi.com\/wp-content\/uploads\/2025\/12\/la-villa_14.jpg\" alt=\"La Villa, Mexico D.F.\" \/><div class=\"swiper-lazy-preloader\"><\/div><figcaption class=\"elementor-image-carousel-caption\">La Villa, Mexico D.F.<\/figcaption><\/figure><\/div><div class=\"swiper-slide\" role=\"group\" aria-roledescription=\"slide\" aria-label=\"2 de 8\"><figure class=\"swiper-slide-inner\"><img class=\"swiper-slide-image swiper-lazy\" data-src=\"https:\/\/www.sudariumchristi.com\/wp-content\/uploads\/2025\/12\/la-villa_15.jpg\" alt=\"La Villa, Mexico D.F.\" \/><div class=\"swiper-lazy-preloader\"><\/div><figcaption class=\"elementor-image-carousel-caption\">La Villa, Mexico D.F.<\/figcaption><\/figure><\/div><div class=\"swiper-slide\" role=\"group\" aria-roledescription=\"slide\" aria-label=\"3 de 8\"><figure class=\"swiper-slide-inner\"><img class=\"swiper-slide-image swiper-lazy\" data-src=\"https:\/\/www.sudariumchristi.com\/wp-content\/uploads\/2025\/12\/la-villa_16.jpg\" alt=\"La Villa, Mexico D.F.\" \/><div class=\"swiper-lazy-preloader\"><\/div><figcaption class=\"elementor-image-carousel-caption\">La Villa, Mexico D.F.<\/figcaption><\/figure><\/div><div class=\"swiper-slide\" role=\"group\" aria-roledescription=\"slide\" aria-label=\"4 de 8\"><figure class=\"swiper-slide-inner\"><img class=\"swiper-slide-image swiper-lazy\" data-src=\"https:\/\/www.sudariumchristi.com\/wp-content\/uploads\/2025\/12\/la-villa_17.jpg\" alt=\"La Villa, Mexico D.F.\" \/><div class=\"swiper-lazy-preloader\"><\/div><figcaption class=\"elementor-image-carousel-caption\">La Villa, Mexico D.F.<\/figcaption><\/figure><\/div><div class=\"swiper-slide\" role=\"group\" aria-roledescription=\"slide\" aria-label=\"5 de 8\"><figure class=\"swiper-slide-inner\"><img class=\"swiper-slide-image swiper-lazy\" data-src=\"https:\/\/www.sudariumchristi.com\/wp-content\/uploads\/2025\/12\/la-villa_18.jpg\" alt=\"La Villa, Mexico D.F.\" \/><div class=\"swiper-lazy-preloader\"><\/div><figcaption class=\"elementor-image-carousel-caption\">La Villa, Mexico D.F.<\/figcaption><\/figure><\/div><div class=\"swiper-slide\" role=\"group\" aria-roledescription=\"slide\" aria-label=\"6 de 8\"><figure class=\"swiper-slide-inner\"><img class=\"swiper-slide-image swiper-lazy\" data-src=\"https:\/\/www.sudariumchristi.com\/wp-content\/uploads\/2025\/12\/la-villa_19.jpg\" alt=\"La Villa, Mexico D.F.\" \/><div class=\"swiper-lazy-preloader\"><\/div><figcaption class=\"elementor-image-carousel-caption\">La Villa, Mexico D.F.<\/figcaption><\/figure><\/div><div class=\"swiper-slide\" role=\"group\" aria-roledescription=\"slide\" aria-label=\"7 de 8\"><figure class=\"swiper-slide-inner\"><img class=\"swiper-slide-image swiper-lazy\" data-src=\"https:\/\/www.sudariumchristi.com\/wp-content\/uploads\/2025\/12\/la-villa_20.jpg\" alt=\"La Villa, Mexico D.F.\" \/><div class=\"swiper-lazy-preloader\"><\/div><figcaption class=\"elementor-image-carousel-caption\">La Villa, Mexico D.F.<\/figcaption><\/figure><\/div><div class=\"swiper-slide\" role=\"group\" aria-roledescription=\"slide\" aria-label=\"8 de 8\"><figure class=\"swiper-slide-inner\"><img class=\"swiper-slide-image swiper-lazy\" data-src=\"https:\/\/www.sudariumchristi.com\/wp-content\/uploads\/2025\/12\/la-villa_21.jpg\" alt=\"La Villa, Mexico D.F.\" \/><div class=\"swiper-lazy-preloader\"><\/div><figcaption class=\"elementor-image-carousel-caption\">La Villa, Mexico D.F.<\/figcaption><\/figure><\/div>\t\t\t<\/div>\n\t\t\t\t\t\t\t\n\t\t\t\t\t\t\t\t\t<\/div>\n\t\t\t\t\t\t<\/div>\n\t\t\t\t<div class=\"elementor-element elementor-element-9c94565 elementor-widget elementor-widget-text-editor\" data-id=\"9c94565\" data-element_type=\"widget\" data-e-type=\"widget\" data-widget_type=\"text-editor.default\">\n\t\t\t\t\t\t\t\t\t<p class=\"txt1\">Mientras que en la S\u00e1bana Santa y en el Sudario no aparecen ni prendas de vestir ni decoraci\u00f3n que pudieran distraer la atenci\u00f3n de la persona representada, la Virgen de Guadalupe est\u00e1 pr\u00e1cticamente velada, con excepci\u00f3n del rostro y las manos. Entre nubes, rodeada por rayos de sol, se alza sobre una media luna negra, bajo la cual est\u00e1 suspendido un \u00e1ngel. La representaci\u00f3n es rica en s\u00edmbolos, que han de interpretarse de acuerdo con la iconograf\u00eda azteca.  <\/p><p class=\"txt1\">Tiene un cutis ligeramente moreno y cabellos negros, que lleva sueltos; para los aztecas, es un indicio de estar embarazada. Las manos juntas son de diferente color \u2013la derecha, m\u00e1s clara; la izquierda, m\u00e1s oscura\u2013 y posiblemente simbolicen la uni\u00f3n de dos pueblos. <\/p><p class=\"txt1\">Los numerosos ornamentos que aparecen sobre la t\u00fanica se refieren a la tierra y el altiplano de M\u00e9xico, as\u00ed como a la historia de los aztecas. Bajos las manos pueden verse las cintas negras de un cintur\u00f3n, que hace referencia al embarazo. Los extremos de forma trapezoidal prometen un parto inminente. En el lugar en que descansa el no nato en el regazo de la madre, aparece una flor de jazm\u00edn de cuatro p\u00e9talos, \u00abnahui ollin\u00bb, el centro del espacio y tiempo, que se empleaba como se\u00f1al de la presencia de la deidad creadora azteca, un motivo asimismo central en el calendario sobre piedra de los aztecas. Sobre la imagen de la Virgen puede apreciarse, con una gran ampliaci\u00f3n, la figura de un ni\u00f1o de pecho despert\u00e1ndose.     <\/p><p class=\"txt1\">El manto de la Virgen tiene el color azul y verde de los reyes aztecas, signo de la divinidad y del universo. Las 46 estrellas que aparecen sobre \u00e9l reflejan el cielo estrellado del 12 de diciembre de 1531, visto desde arriba. <\/p><p class=\"txt1\">El momento de la aparici\u00f3n de la imagen no podr\u00eda haberse elegido mejor, pues en esa fecha se celebraba el solsticio de invierno, con el que para los aztecas se anunciaba el nacimiento del nuevo sol, el regreso de la vida. El cometa de Halley alcanzaba su c\u00e9nit y se produc\u00eda una conjunci\u00f3n entre el Sol y Venus, un fen\u00f3meno que solo se puede observar cada ocho a\u00f1os. Los aztecas interpretaban este fen\u00f3meno como el regreso de su dios creador, representado por Venus. En la imagen, la Virgen Mar\u00eda manifiesta su supremac\u00eda sobre la deidad solar al tapar al sol naciente, cuyos rayos la rodean como un nimbo.   <\/p><p class=\"txt1\">En el lenguaje de los abor\u00edgenes, M\u00e9xico significa \u00abcentro de la luna\u00bb; al mismo tiempo, la media luna es s\u00edmbolo de Quetzalc\u00f3atl, el dios en forma de serpiente y cubierto de plumas. Por tanto, la representaci\u00f3n de la Virgen Mar\u00eda sobre una media luna es no solo una localizaci\u00f3n, sino tambi\u00e9n una alusi\u00f3n a la inferioridad del dios azteca. Posiblemente, el nombre de Guadalupe se debe a un error de comprensi\u00f3n del nombre coatlaxopeuh , \u00abla que vence a la serpiente\u00bb. Adem\u00e1s, la luna est\u00e1 considerada como s\u00edmbolo de fertilidad.   <\/p><p class=\"txt1\">El \u00e1ngel con alas de \u00e1guila suele identificarse con Juan Diego, cuyo nombre indio significa \u00abel que habla como un \u00e1guila\u00bb. Con una mano en el manto y la otra en la t\u00fanica, representa la uni\u00f3n entre el cielo y la tierra. Se sospecha que fue a\u00f1adido posteriormente, al igual que algunos otros elementos de la imagen; quiz\u00e1 intentaran monjes espa\u00f1oles acercar as\u00ed la imagen a sus concepciones.   <\/p><p class=\"txt1\">Por el lugar y el momento de la aparici\u00f3n, por su aspecto y los s\u00edmbolos, la Virgen de Guadalupe representa la fusi\u00f3n entre el pasado azteca y el presente cristiano, entre el Antiguo y el Nuevo Mundo. Su aparici\u00f3n hizo que en los a\u00f1os siguientes abrazaran la fe cat\u00f3lica millones de aztecas, que anteriormente no hab\u00edan querido convertirse. <\/p>\t\t\t\t\t\t\t\t<\/div>\n\t\t\t\t\t<\/div>\n\t\t\t\t<\/div>\n\t\t<div class=\"elementor-element elementor-element-46a1bdf e-flex e-con-boxed e-con e-parent\" data-id=\"46a1bdf\" data-element_type=\"container\" data-e-type=\"container\">\n\t\t\t\t\t<div class=\"e-con-inner\">\n\t\t\t\t\t<\/div>\n\t\t\t\t<\/div>\n\t\t\t\t<\/div>\n\t\t","protected":false},"excerpt":{"rendered":"<p>\u00abApareci\u00f3 en el cielo una gran se\u00f1al: una mujer vestida del sol, con la luna debajo de sus pies, y sobre su cabeza una corona de doce estrellas\u00bb (Apocalipsis de San Juan, 12,1) \u2013 Ps 126,5 f. La Villa, Mexico D.F. La Villa, Mexico D.F. La Villa, Mexico D.F. La Villa, Mexico D.F. La Villa, [&hellip;]<\/p>\n","protected":false},"author":1,"featured_media":0,"parent":406,"menu_order":0,"comment_status":"closed","ping_status":"closed","template":"","meta":{"footnotes":""},"class_list":["post-431","page","type-page","status-publish","hentry"],"_links":{"self":[{"href":"https:\/\/www.sudariumchristi.com\/es\/wp-json\/wp\/v2\/pages\/431","targetHints":{"allow":["GET"]}}],"collection":[{"href":"https:\/\/www.sudariumchristi.com\/es\/wp-json\/wp\/v2\/pages"}],"about":[{"href":"https:\/\/www.sudariumchristi.com\/es\/wp-json\/wp\/v2\/types\/page"}],"author":[{"embeddable":true,"href":"https:\/\/www.sudariumchristi.com\/es\/wp-json\/wp\/v2\/users\/1"}],"replies":[{"embeddable":true,"href":"https:\/\/www.sudariumchristi.com\/es\/wp-json\/wp\/v2\/comments?post=431"}],"version-history":[{"count":5,"href":"https:\/\/www.sudariumchristi.com\/es\/wp-json\/wp\/v2\/pages\/431\/revisions"}],"predecessor-version":[{"id":3762,"href":"https:\/\/www.sudariumchristi.com\/es\/wp-json\/wp\/v2\/pages\/431\/revisions\/3762"}],"up":[{"embeddable":true,"href":"https:\/\/www.sudariumchristi.com\/es\/wp-json\/wp\/v2\/pages\/406"}],"wp:attachment":[{"href":"https:\/\/www.sudariumchristi.com\/es\/wp-json\/wp\/v2\/media?parent=431"}],"curies":[{"name":"wp","href":"https:\/\/api.w.org\/{rel}","templated":true}]}}