{"id":437,"date":"2025-11-05T16:51:07","date_gmt":"2025-11-05T15:51:07","guid":{"rendered":"http:\/\/sudariumchristi.stage.bergwerk-it.de\/la-virgen-de-absam\/"},"modified":"2025-12-19T13:46:13","modified_gmt":"2025-12-19T12:46:13","slug":"la-virgen-de-absam","status":"publish","type":"page","link":"https:\/\/www.sudariumchristi.com\/es\/la-virgen-de-absam\/","title":{"rendered":"La Virgen de Absam"},"content":{"rendered":"\t\t<div data-elementor-type=\"wp-page\" data-elementor-id=\"437\" class=\"elementor elementor-437 elementor-61\" data-elementor-post-type=\"page\">\n\t\t\t\t<div class=\"elementor-element elementor-element-85abdd6 e-flex e-con-boxed e-con e-parent\" data-id=\"85abdd6\" data-element_type=\"container\" data-e-type=\"container\">\n\t\t\t\t\t<div class=\"e-con-inner\">\n\t\t<div class=\"elementor-element elementor-element-5f1ea6c e-con-full e-flex e-con e-child\" data-id=\"5f1ea6c\" data-element_type=\"container\" data-e-type=\"container\">\n\t\t\t\t<div class=\"elementor-element elementor-element-bab94e6 elementor-widget elementor-widget-heading\" data-id=\"bab94e6\" data-element_type=\"widget\" data-e-type=\"widget\" data-widget_type=\"heading.default\">\n\t\t\t\t\t<h2 class=\"elementor-heading-title elementor-size-default\">La imagen milagrosa de Absam<\/h2>\t\t\t\t<\/div>\n\t\t\t\t<div class=\"elementor-element elementor-element-ca6141b elementor-widget-divider--view-line elementor-widget elementor-widget-divider\" data-id=\"ca6141b\" data-element_type=\"widget\" data-e-type=\"widget\" data-widget_type=\"divider.default\">\n\t\t\t\t\t\t\t<div class=\"elementor-divider\">\n\t\t\t<span class=\"elementor-divider-separator\">\n\t\t\t\t\t\t<\/span>\n\t\t<\/div>\n\t\t\t\t\t\t<\/div>\n\t\t\t\t<div class=\"elementor-element elementor-element-fa56deb elementor-widget elementor-widget-text-editor\" data-id=\"fa56deb\" data-element_type=\"widget\" data-e-type=\"widget\" data-widget_type=\"text-editor.default\">\n\t\t\t\t\t\t\t\t\t<p class=\"txt1\">El 17 de enero de 1797, entre las 15:00 y las 16:00 h, Rosina Bucher, de 18 a\u00f1os de edad, descubri\u00f3 un retrato de la Virgen Mar\u00eda en el cristal de una ventana situada en la planta baja de la casa paterna en Absam (Tirol).<\/p><p class=\"txt1\">Tras su aparici\u00f3n, la imagen fue sometida a un estudio exhaustivo por las autoridades civiles y religiosas, por cient\u00edficos y artesanos:<\/p><p class=\"txt1\">Sobre la superficie lisa del vidrio no se apreciaron huellas de actuaci\u00f3n exterior, ni diferencias en la propiedad de la superficie. El motivo puede borrarse lav\u00e1ndose, pero vuelve a aparecer poco tiempo despu\u00e9s, partiendo de una opacidad del vidrio. Las sustancias qu\u00edmicas tampoco hacen desaparecer el retrato de modo duradero. Aplicando diversos procedimientos de lijado o bien de pulido no volv\u00eda a aparecer solo en los lugares pulidos con diatomita.   <\/p><p class=\"txt1\">A pesar de que las autoridades, partiendo de la investigaci\u00f3n, descartaron un milagro, la poblaci\u00f3n traslad\u00f3 la imagen a la iglesia parroquial de San Miguel, que se transform\u00f3 en el lugar de peregrinaci\u00f3n mariano m\u00e1s importante de Tirol, y que el Papa Juan Pablo II elev\u00f3 a bas\u00edlica en el a\u00f1o 2000 .<\/p><p class=\"txt1\">El retrato apareci\u00f3 en la cuarta secci\u00f3n de la mitad superior de un ala de ventana interior, un cristal de aprox. 0,18 m x 0,13 m. No se encuentra en el centro del vidrio, sino trasladado hacia el borde izquierdo\/a la esquina inferior izquierda.<\/p><p class=\"txt1\">La imagen no recuerda tanto una fotograf\u00eda como un grabado en madera expresionista, en blanco y negro, que por la carencia de color y de contornos finos se concentra en la informaci\u00f3n fundamental de su modelo.<\/p><p class=\"txt1\">Mientras que en la Virgen de Guadalupe el manto cubre el cabello, con raya, la cabeza de la Virgen de Absam est\u00e1 rodeada por un velo doble. El manto est\u00e1 rodeado de rayos del sol; el velo, por un nimbo. <\/p><p class=\"txt1\">En ambas im\u00e1genes de la Virgen, la cabeza est\u00e1 inclinada hacia la derecha, en un \u00e1ngulo similar. Mientras que la mirada de la Virgen de Guadalupe se dirige hacia abajo a la derecha, Mar\u00eda de Absam parece mirar absorta al observador. En el ojo derecho se aprecian l\u00e1grimas.  <\/p><p class=\"txt1\">Las cuatro im\u00e1genes de Mar\u00eda y Jes\u00fas no realizadas por la mano del hombre \u2013en cada caso, un retrato y una representaci\u00f3n de cuerpo entero\u2013 se asemejan; todas presentan una nariz delgada y alargada.<\/p>\t\t\t\t\t\t\t\t<\/div>\n\t\t\t\t<\/div>\n\t\t<div class=\"elementor-element elementor-element-aa93c3c e-con-full e-flex e-con e-child\" data-id=\"aa93c3c\" data-element_type=\"container\" data-e-type=\"container\">\n\t\t\t\t<div class=\"elementor-element elementor-element-4ec6908 elementor-widget elementor-widget-image\" data-id=\"4ec6908\" data-element_type=\"widget\" data-e-type=\"widget\" data-widget_type=\"image.default\">\n\t\t\t\t\t\t\t\t\t\t\t\t<figure class=\"wp-caption\">\n\t\t\t\t\t\t\t\t\t\t<img fetchpriority=\"high\" decoding=\"async\" width=\"300\" height=\"200\" src=\"https:\/\/www.sudariumchristi.com\/wp-content\/uploads\/2025\/12\/absam_1.jpg\" class=\"attachment-large size-large wp-image-2068\" alt=\"\" \/>\t\t\t\t\t\t\t\t\t\t\t<figcaption class=\"widget-image-caption wp-caption-text\">La imagen milagrosa de Absam<\/figcaption>\n\t\t\t\t\t\t\t\t\t\t<\/figure>\n\t\t\t\t\t\t\t\t\t<\/div>\n\t\t\t\t<div class=\"elementor-element elementor-element-1af7f79 elementor-widget elementor-widget-image\" data-id=\"1af7f79\" data-element_type=\"widget\" data-e-type=\"widget\" data-widget_type=\"image.default\">\n\t\t\t\t\t\t\t\t\t\t\t\t<figure class=\"wp-caption\">\n\t\t\t\t\t\t\t\t\t\t<img decoding=\"async\" width=\"300\" height=\"200\" src=\"https:\/\/www.sudariumchristi.com\/wp-content\/uploads\/2025\/12\/absam_2.jpg\" class=\"attachment-large size-large wp-image-2069\" alt=\"\" \/>\t\t\t\t\t\t\t\t\t\t\t<figcaption class=\"widget-image-caption wp-caption-text\">Representaciones del Sudario en la Bas\u00edlica de Santa Mar\u00eda en Absam<\/figcaption>\n\t\t\t\t\t\t\t\t\t\t<\/figure>\n\t\t\t\t\t\t\t\t\t<\/div>\n\t\t\t\t<div class=\"elementor-element elementor-element-819d305 elementor-widget elementor-widget-image\" data-id=\"819d305\" data-element_type=\"widget\" data-e-type=\"widget\" data-widget_type=\"image.default\">\n\t\t\t\t\t\t\t\t\t\t\t\t<figure class=\"wp-caption\">\n\t\t\t\t\t\t\t\t\t\t<img decoding=\"async\" width=\"300\" height=\"200\" src=\"https:\/\/www.sudariumchristi.com\/wp-content\/uploads\/2025\/12\/absam_3.jpg\" class=\"attachment-large size-large wp-image-2070\" alt=\"\" \/>\t\t\t\t\t\t\t\t\t\t\t<figcaption class=\"widget-image-caption wp-caption-text\"><\/figcaption>\n\t\t\t\t\t\t\t\t\t\t<\/figure>\n\t\t\t\t\t\t\t\t\t<\/div>\n\t\t\t\t<\/div>\n\t\t\t\t\t<\/div>\n\t\t\t\t<\/div>\n\t\t\t\t<\/div>\n\t\t","protected":false},"excerpt":{"rendered":"<p>La imagen milagrosa de Absam El 17 de enero de 1797, entre las 15:00 y las 16:00 h, Rosina Bucher, de 18 a\u00f1os de edad, descubri\u00f3 un retrato de la Virgen Mar\u00eda en el cristal de una ventana situada en la planta baja de la casa paterna en Absam (Tirol). Tras su aparici\u00f3n, la imagen [&hellip;]<\/p>\n","protected":false},"author":1,"featured_media":0,"parent":0,"menu_order":0,"comment_status":"closed","ping_status":"closed","template":"","meta":{"footnotes":""},"class_list":["post-437","page","type-page","status-publish","hentry"],"_links":{"self":[{"href":"https:\/\/www.sudariumchristi.com\/es\/wp-json\/wp\/v2\/pages\/437","targetHints":{"allow":["GET"]}}],"collection":[{"href":"https:\/\/www.sudariumchristi.com\/es\/wp-json\/wp\/v2\/pages"}],"about":[{"href":"https:\/\/www.sudariumchristi.com\/es\/wp-json\/wp\/v2\/types\/page"}],"author":[{"embeddable":true,"href":"https:\/\/www.sudariumchristi.com\/es\/wp-json\/wp\/v2\/users\/1"}],"replies":[{"embeddable":true,"href":"https:\/\/www.sudariumchristi.com\/es\/wp-json\/wp\/v2\/comments?post=437"}],"version-history":[{"count":5,"href":"https:\/\/www.sudariumchristi.com\/es\/wp-json\/wp\/v2\/pages\/437\/revisions"}],"predecessor-version":[{"id":3771,"href":"https:\/\/www.sudariumchristi.com\/es\/wp-json\/wp\/v2\/pages\/437\/revisions\/3771"}],"wp:attachment":[{"href":"https:\/\/www.sudariumchristi.com\/es\/wp-json\/wp\/v2\/media?parent=437"}],"curies":[{"name":"wp","href":"https:\/\/api.w.org\/{rel}","templated":true}]}}