{"id":525,"date":"2025-11-05T14:32:31","date_gmt":"2025-11-05T13:32:31","guid":{"rendered":"http:\/\/sudariumchristi.stage.bergwerk-it.de\/pie-de-imprenta\/"},"modified":"2025-11-14T13:59:14","modified_gmt":"2025-11-14T12:59:14","slug":"pie-de-imprenta","status":"publish","type":"page","link":"https:\/\/www.sudariumchristi.com\/es\/pie-de-imprenta\/","title":{"rendered":"Pie de imprenta"},"content":{"rendered":"\n<p>Manfred Prosch<br\/>Bauernallee 23<br\/>19288 Ludwigslust<\/p>\n\n<p>Tfno.: +49 3874 4240251<br\/>Fax: +49 3874 4240252<br\/>Correo electr\u00f3nico: info@sudariumchristi.com<\/p>\n\n<p>Cr\u00e9ditos fotogr\u00e1ficos:<br\/>Im\u00e1genes del Velo Santo: Blandina Paschalis Schl\u00f6mer, Paul Badde, Prof. Andreas Resch, Dr. Raphaela Pallin<\/p>\n\n<p>Si no se indica otra cosa, las fotograf\u00edas son propiedad de Blandina Paschalis Schl\u00f6mer, Paul Badde o Eva-Maria Proksch.<\/p>\n\n<p>Fuentes:<br\/>Badde, Paul: Das G\u00f6ttliche Gesicht, M\u00fcnchen 2006<br\/>Badde, Paul: Das Grabtuch von Turin oder das Geheimnis der heiligen Bilder, M\u00fcnchen 2010<br\/>Badde, Paul: Maria von Guadalupe, Berlin 2004<br\/>Badde, Paul: Woher kommt Marias unsichtbarer Schleier, Die Welt, 25.12.10<br\/>Belting, Hans: Bild und Kult \u2013 Eine Geschichte des Bildes vor dem Zeitalter der Kunst, M\u00fcnchen 1991<br\/>Berger, Klaus: Jesusportrait sorgt f\u00fcr Aufsehen, Die Welt, 05.02.07<br\/>Frascadore, Antonio: Il Sacro Velo il Volto Santo di Manoppello, DVD 2010<br\/>Resch, Andreas: Das Antlitz Christi, Innsbruck 2006<br\/>The Human Face of God, Blagovest Media, 2010<br\/>Schl\u00f6mer, Blandina Paschalis: Jezus Chrystus swiadestwo jego calun\u00f3w, Radom 2009<br\/>Schl\u00f6mer, Blandina Paschalis und Basti, Lidia: Il Volto della Parola Ges\u00fa &#8211; Jesus das Gesicht des Wortes, Teramo 2010<br\/>http:\/\/www.alte-messe.de\/04_gewand.html<br\/>http:\/\/austria-catholica.blogspot.de\/2006\/02\/das-gnadenbild-von-absam-in-tirol_10.html<br\/>http:\/\/de.wikipedia.org<br\/>http:\/\/www.hall-wattens.at\/de\/das-gnadenbild-von-absam.html<br\/>http:\/\/kath-zdw.ch<br\/>http:\/\/www.mexiko-lexikon.de<br\/>http:\/\/www.virgendeguadalupe.org.mx<\/p>\n\n<p>Textos:<br\/>Blandina Paschalis Schl\u00f6mer, Astrid Schwarz,<br\/>Paul Badde, Eva-Maria Proksch<\/p>\n\n<p>Exclusi\u00f3n de responsabilidad:<br\/>Nuestra oferta contiene enlaces con p\u00e1ginas web externas de terceros, sobre cuyos contenidos no tenemos influencia, por lo que no podemos asumir responsabilidad por dichos contenidos ajenos. De los contenidos de los sitios enlazados siempre es responsable el ofertante o explotador de cada uno de esos sitios. Los sitios enlazados fueron examinados en relaci\u00f3n con posibles lesiones legales, en el momento de hacerse el enlace; en el momento de llevarse a cabo el enlace no se pod\u00edan reconocer contenidos ilegales. Sin embargo, no es posible llevar a cabo un control permanente del contenido de los sitios enlazados, sin indicios concretos de una lesi\u00f3n legal. En caso de conocerse lesiones de la legalidad eliminaremos inmediatamente dichos enlaces.      <\/p>\n\n<p>Realizaci\u00f3n:<br\/>Janner &amp; Sch\u00f6ne Medien GmbH, Schwerin<\/p>\n","protected":false},"excerpt":{"rendered":"<p>Manfred ProschBauernallee 2319288 Ludwigslust Tfno.: +49 3874 4240251Fax: +49 3874 4240252Correo electr\u00f3nico: info@sudariumchristi.com Cr\u00e9ditos fotogr\u00e1ficos:Im\u00e1genes del Velo Santo: Blandina Paschalis Schl\u00f6mer, Paul Badde, Prof. Andreas Resch, Dr. Raphaela Pallin Si no se indica otra cosa, las fotograf\u00edas son propiedad de Blandina Paschalis Schl\u00f6mer, Paul Badde o Eva-Maria Proksch. Fuentes:Badde, Paul: Das G\u00f6ttliche Gesicht, M\u00fcnchen 2006Badde, [&hellip;]<\/p>\n","protected":false},"author":1,"featured_media":0,"parent":0,"menu_order":0,"comment_status":"closed","ping_status":"closed","template":"","meta":{"footnotes":""},"class_list":["post-525","page","type-page","status-publish","hentry"],"_links":{"self":[{"href":"https:\/\/www.sudariumchristi.com\/es\/wp-json\/wp\/v2\/pages\/525","targetHints":{"allow":["GET"]}}],"collection":[{"href":"https:\/\/www.sudariumchristi.com\/es\/wp-json\/wp\/v2\/pages"}],"about":[{"href":"https:\/\/www.sudariumchristi.com\/es\/wp-json\/wp\/v2\/types\/page"}],"author":[{"embeddable":true,"href":"https:\/\/www.sudariumchristi.com\/es\/wp-json\/wp\/v2\/users\/1"}],"replies":[{"embeddable":true,"href":"https:\/\/www.sudariumchristi.com\/es\/wp-json\/wp\/v2\/comments?post=525"}],"version-history":[{"count":1,"href":"https:\/\/www.sudariumchristi.com\/es\/wp-json\/wp\/v2\/pages\/525\/revisions"}],"predecessor-version":[{"id":526,"href":"https:\/\/www.sudariumchristi.com\/es\/wp-json\/wp\/v2\/pages\/525\/revisions\/526"}],"wp:attachment":[{"href":"https:\/\/www.sudariumchristi.com\/es\/wp-json\/wp\/v2\/media?parent=525"}],"curies":[{"name":"wp","href":"https:\/\/api.w.org\/{rel}","templated":true}]}}