{"id":539,"date":"2025-11-05T14:03:40","date_gmt":"2025-11-05T13:03:40","guid":{"rendered":"http:\/\/sudariumchristi.stage.bergwerk-it.de\/proteccion-de-datos-y-confidencialidad\/"},"modified":"2025-11-14T14:41:31","modified_gmt":"2025-11-14T13:41:31","slug":"proteccion-de-datos-y-confidencialidad","status":"publish","type":"page","link":"https:\/\/www.sudariumchristi.com\/es\/proteccion-de-datos-y-confidencialidad\/","title":{"rendered":"Protecci\u00f3n de datos y confidencialidad"},"content":{"rendered":"\n<h2 class=\"wp-block-heading\">1. Sobre la recopilaci\u00f3n y el almacenamiento de datos personales as\u00ed como sobre la manera y el objetivo de su empleo<\/h2>\n\n<p><strong>a) Durante la visita al sitio de internet<\/strong><\/p>\n\n<p>En el momento en el que usted accede a nuestra p\u00e1gina de internet, el navegador (browser) que est\u00e9 instalado en su dispositivo terminal empieza a enviar autom\u00e1ticamente informaciones al servidor de red de nuestro sitio en internet. Dichas informaciones quedan almacenadas en un, as\u00ed denominado, archivo de registro (en ingl\u00e9s Logfile). Las siguientes informaciones son registradas y almacenadas sin que sea necesaria su participaci\u00f3n activa:  <\/p>\n\n<ul class=\"wp-block-list\">\n<li>La p\u00e1gina de internet que haya sido visitada,<\/li>\n\n\n\n<li>El tipo y la versi\u00f3n del servidor de red (Browser).<\/li>\n\n\n\n<li>El sistema operativo que se utilice.<\/li>\n\n\n\n<li>La cantidad de datos enviados en bytes.<\/li>\n\n\n\n<li>La fuente\/el enlace desde el que usted lleg\u00f3 a la p\u00e1gina.<\/li>\n\n\n\n<li>El nombre del ordenador central (host) del ordenador de acceso.<\/li>\n\n\n\n<li>Fecha y hora de la petici\u00f3n de informaci\u00f3n al servidor (Server)<\/li>\n\n\n\n<li>La direcci\u00f3n de protocolo de internet (direcci\u00f3n IP).<\/li>\n<\/ul>\n\n<p>Estos datos no se pueden asignar a personas determinadas y tampoco son contrastados con los datos procedentes de otras fuentes. Nos reservamos el derecho a comprobar a posteriori estos datos en caso de que llegaran a nuestro conocimiento indicios concretos de que se podr\u00eda estar produciendo un uso ilegal o inapropiado.  <\/p>\n\n<p>Nuestra compa\u00f1\u00eda procesa los mencionados datos con los siguientes objetivos:<\/p>\n\n<ul class=\"wp-block-list\">\n<li>A fin de garantizar un acceso f\u00e1cil y sin perturbaciones a la p\u00e1gina de internet;<\/li>\n\n\n\n<li>para hacer posible un uso confortable de nuestro sitio de internet;<\/li>\n\n\n\n<li>con el fin de evaluar la seguridad y estabilidad del sistema; as\u00ed como<\/li>\n\n\n\n<li>para otros usos administrativos.<\/li>\n<\/ul>\n\n<p><strong>b) Sobre el uso de nuestro correo electr\u00f3nico<\/strong><\/p>\n\n<p>En caso de que tenga usted dudas o quiera plantearnos alguna pregunta de cualquier tipo, con mucho gusto le ofrecemos la posibilidad de entrar en contacto con nosotros por medio de la direcci\u00f3n de correo electr\u00f3nico que podr\u00e1 encontrar a su disposici\u00f3n en nuestra p\u00e1gina de internet. Para poder hacer uso de esta posibilidad de contacto deber\u00e1 usted especificar tanto una direcci\u00f3n v\u00e1lida de correo electr\u00f3nico como su nombre, de forma que nosotros podamos saber de qui\u00e9n procede la petici\u00f3n de informaci\u00f3n y podamos responderla. En el formulario tambi\u00e9n se pueden especificar de forma voluntaria otros datos.  <\/p>\n\n<p>Conforme a lo dispuesto en el art\u00edculo 6, p\u00e1rrafo 1 p. 1 lit. a del Reglamento General de Protecci\u00f3n de Datos (en alem\u00e1n DSGVO), el procesamiento de los datos que sea necesario a fin de establecer contacto con nosotros se realizar\u00e1 sobre la base de su consentimiento libremente otorgado.  <\/p>\n\n<p>Los datos personales que recopilemos en el marco de la utilizaci\u00f3n de la citada direcci\u00f3n de correo electr\u00f3nico ser\u00e1n almacenados con el objeto de solucionar las dudas y\/o responder las preguntas que usted nos plantee, as\u00ed como para realizar el correspondiente seguimiento de las posibles preguntas subsiguientes que usted nos pudiera plantear.<\/p>\n\n<h2 class=\"wp-block-heading\">2. Borrado o bloqueo de los datos<\/h2>\n\n<p>En lo referente a la recopilaci\u00f3n de datos, nos regimos por los principios de evitaci\u00f3n y ahorro. Por ese motivo solo mantendremos almacenados sus datos personales en tanto sea necesario para alcanzar los aqu\u00ed mencionados objetivos o durante el periodo que en su caso prevean las variados plazos m\u00e1ximos de almacenamiento que las leyes vigentes hayan establecido. Una vez que hayan desaparecido los motivos que sustentaran el almacenamiento de los datos o, en su caso, tras la terminaci\u00f3n de los plazos previstos de almacenamiento, los correspondientes datos ser\u00e1n bloqueados o borrados de forma rutinaria en conformidad con las normas legales vigentes de aplicaci\u00f3n.  <\/p>\n\n<h2 class=\"wp-block-heading\">3. Derecho de los afectados a la r\u00e9plica u oposici\u00f3n, la informaci\u00f3n, la correcci\u00f3n, el bloqueo y el borrado de datos<\/h2>\n\n<p>A usted le asisten los siguientes derechos:<\/p>\n\n<ul class=\"wp-block-list\">\n<li>Conforme al art\u00edculo 15 del Reglamento General de Protecci\u00f3n de Datos (en alem\u00e1n DSGVO) tiene usted el derecho a exigir informaci\u00f3n sobre aquellos de sus datos personales que nosotros hayamos procesado. Del mismo modo a usted le asiste el derecho a la rectificaci\u00f3n, al bloqueo o -aparte de los plazos de almacenamiento previstos para la tramitaci\u00f3n y la respuesta de la petici\u00f3n de informaci\u00f3n- al borrado de sus datos personales.<br\/>Para que en cualquier momento se pueda atender la petici\u00f3n de un bloqueo de datos personales, los citados datos deber\u00e1n estar contenidos a efectos de control en un fichero de bloqueo. Usted tambi\u00e9n puede exigir el borrado de los datos en tanto no exista una obligaci\u00f3n legal de archivo y almacenamiento. En caso de que exista una tal obligaci\u00f3n, bloquearemos sus datos en caso de que usted nos lo pida.   <\/li>\n\n\n\n<li>Seg\u00fan el art\u00edculo 16 del Reglamento General de Protecci\u00f3n de Datos, posee usted el derecho a exigir la inmediata correcci\u00f3n o completaci\u00f3n de aquellos de sus datos personales que nosotros hayamos almacenados y que sean incorrectos o est\u00e9n incompletos.<\/li>\n\n\n\n<li>En conformidad con el art\u00edculo 17 del Reglamento General de Protecci\u00f3n de Datos, usted podr\u00e1 exigir el borrado de aquellos de sus datos personales que hayamos almacenado, siempre y cuando el procesamiento de los datos en cuesti\u00f3n no sea necesario para el ejercicio de los derechos a la libertad de expresi\u00f3n y a la informaci\u00f3n; para el cumplimiento de una obligaci\u00f3n legal; por motivos de inter\u00e9s p\u00fablico o para la validaci\u00f3n, la ejecuci\u00f3n o la defensa de pretensiones legales.<\/li>\n\n\n\n<li>Conforme a lo dispuesto en el art\u00edculo 18 del Reglamento General de Protecci\u00f3n de Datos, tiene usted derecho a exigir la limitaci\u00f3n del procesamiento de sus datos personales en el caso de que usted ponga en duda su correcci\u00f3n; de que el procesamiento no se ajuste a la ley; de que usted rechace su borrado -a\u00fan cuando nosotros ya no necesitemos los datos en cuesti\u00f3n- porque en su opini\u00f3n usted necesita dichos datos para llevar a cabo la validaci\u00f3n, la ejecuci\u00f3n o la defensa de pretensiones legales o en el caso de que, conforme al art\u00edculo 21 del Reglamento General de Protecci\u00f3n de Datos, usted haya presentado un recurso contra el procesamiento de dichos datos.<\/li>\n\n\n\n<li>Seg\u00fan el art\u00edculo 20 del Reglamento General de Protecci\u00f3n de Datos, goza usted del derecho a recibir los datos personales que usted nos haya facilitado en un formato estructurado, de uso com\u00fan y legible por medios electr\u00f3nicos o, en su caso, de pedir el traslado de los citados datos a otro responsable.<\/li>\n\n\n\n<li>Conforme al art\u00edculo 7, p\u00e1rrafo 3 del Reglamento General de Protecci\u00f3n de Datos tiene usted el derecho a revocar en cualquier momento el consentimiento que usted nos hubiera prestado originalmente. Esto tendr\u00eda como consecuencia que nosotros no podr\u00edamos proseguir en el futuro con el procesamiento de datos que estuviera fundamentado en dicho consentimiento.  <\/li>\n\n\n\n<li>Adem\u00e1s, seg\u00fan el art\u00edculo 77 del Reglamento General de Protecci\u00f3n de Datos, goza usted del derecho a presentar una reclamaci\u00f3n ante una autoridad de inspecci\u00f3n. Por regla general, a este efecto podr\u00e1 usted dirigirse a una autoridad de inspecci\u00f3n de su localidad habitual de residencia o de trabajo o de nuestra sede empresarial. <\/li>\n<\/ul>\n\n<h2 class=\"wp-block-heading\">4. Derecho de oposici\u00f3n<\/h2>\n\n<ul class=\"wp-block-list\">\n<li>En tanto y cuanto el procesamiento de sus datos personales se realice sobre la base de intereses que est\u00e9n justificados conforme al art\u00edculo 6 p\u00e1rrafo 1 p. 1 lit. y siguientes del Reglamento General de Protecci\u00f3n de Datos, dispone usted del derecho de presentar un recurso de oposici\u00f3n contra el procesamiento de sus datos personales seg\u00fan el art\u00edculo 21 del Reglamento General de Protecci\u00f3n de Datos, siempre y cuando existan motivos para la presentaci\u00f3n de dicho recurso que se deriven de su situaci\u00f3n individual o que su recurso de oposici\u00f3n se dirija contra una publicidad directa. En el \u00faltimo caso dispone usted de un derecho general de oposici\u00f3n que nosotros ejecutar\u00edamos sin necesidad de que usted detallara una situaci\u00f3n especial.   <\/li>\n\n\n\n<li>En caso de que deseara usted hacer uso de su derecho de revocaci\u00f3n u oposici\u00f3n, solo tendr\u00eda usted que enviarnos con efecto futuro el correspondiente correo electr\u00f3nico de oposici\u00f3n a la direcci\u00f3n: <a href=\"mailto:info@sudariumchristi.com\">info@sudariumchristi.com<\/a>.<\/li>\n<\/ul>\n\n<h2 class=\"wp-block-heading\">5. Transmisi\u00f3n de datos<\/h2>\n\n<p>No tendr\u00e1 lugar ninguna transmisi\u00f3n de sus datos personales a terceros con fines diferentes a los que a continuaci\u00f3n se refieren. S\u00f3lo transmitiremos sus datos a terceros en caso de que: <\/p>\n\n<ul class=\"wp-block-list\">\n<li>Usted hubiera otorgado expresamente su consentimiento conforme al art\u00edculo 6 p\u00e1rrafo 1 p. 1 lit. a del Reglamento General de Protecci\u00f3n de Datos.  <\/li>\n\n\n\n<li>En caso de que exista una obligaci\u00f3n legal de realizar la citada transmisi\u00f3n en aplicaci\u00f3n del art\u00edculo 6 p\u00e1rrafo 1 p 1 lit. c del Reglamento General de Protecci\u00f3n de Datos as\u00ed como en el caso de que tal transmisi\u00f3n est\u00e9 autorizada por la Ley y sea necesaria conforme al art\u00edculo 6 p\u00e1rrafo 1 p. 1 lit. b del Reglamento General de Protecci\u00f3n de Datos con el objeto de dar respuesta a su pregunta o demanda.    <\/li>\n<\/ul>\n\n<h2 class=\"wp-block-heading\">6. Cookies (galletas inform\u00e1ticas), herramientas de an\u00e1lisis, medios sociales y complementos inform\u00e1ticos de YouTube (YouTube-Plug-ins)<\/h2>\n\n<p>No utilizamos ning\u00fan tipo de \u201ccookies\u201d (galletas inform\u00e1ticas); herramientas de an\u00e1lisis o aplicaciones inform\u00e1ticas de complemento (Plug-ins) de YouTube o de cualquier otro tipo en las redes sociales.<\/p>\n\n<h2 class=\"wp-block-heading\">7. Actualidad y modificaci\u00f3n de esta declaraci\u00f3n de protecci\u00f3n de datos y confidencialidad<\/h2>\n\n<p>Esta declaraci\u00f3n de protecci\u00f3n de datos y confidencialidad est\u00e1 en vigor y fue actualizada en <strong>mayo de 2018.<\/strong><\/p>\n\n<p>En el futuro podr\u00e1 ser necesario actualizar esta declaraci\u00f3n de confidencialidad y protecci\u00f3n de datos en virtud de la mejora de nuestro sitio de internet y de nuestras ofertas o a causa de de la modificaci\u00f3n de las normas legales o, en su caso, administrativas al respecto. Usted podr\u00e1 consultar, bajar e imprimir en cualquier momento la declaraci\u00f3n de confidencialidad y protecci\u00f3n que est\u00e9 actualmente en vigor en la direcci\u00f3n <a href=\"http:\/\/www.sudariumchristi.com\/de\/privacy\/index.htm\">https:\/\/www.sudariumchristi.com\/es\/privacy\/index.htm<\/a>. <\/p>\n","protected":false},"excerpt":{"rendered":"<p>1. Sobre la recopilaci\u00f3n y el almacenamiento de datos personales as\u00ed como sobre la manera y el objetivo de su empleo a) Durante la visita al sitio de internet En el momento en el que usted accede a nuestra p\u00e1gina de internet, el navegador (browser) que est\u00e9 instalado en su dispositivo terminal empieza a enviar [&hellip;]<\/p>\n","protected":false},"author":1,"featured_media":0,"parent":0,"menu_order":0,"comment_status":"closed","ping_status":"closed","template":"","meta":{"footnotes":""},"class_list":["post-539","page","type-page","status-publish","hentry"],"_links":{"self":[{"href":"https:\/\/www.sudariumchristi.com\/es\/wp-json\/wp\/v2\/pages\/539","targetHints":{"allow":["GET"]}}],"collection":[{"href":"https:\/\/www.sudariumchristi.com\/es\/wp-json\/wp\/v2\/pages"}],"about":[{"href":"https:\/\/www.sudariumchristi.com\/es\/wp-json\/wp\/v2\/types\/page"}],"author":[{"embeddable":true,"href":"https:\/\/www.sudariumchristi.com\/es\/wp-json\/wp\/v2\/users\/1"}],"replies":[{"embeddable":true,"href":"https:\/\/www.sudariumchristi.com\/es\/wp-json\/wp\/v2\/comments?post=539"}],"version-history":[{"count":1,"href":"https:\/\/www.sudariumchristi.com\/es\/wp-json\/wp\/v2\/pages\/539\/revisions"}],"predecessor-version":[{"id":540,"href":"https:\/\/www.sudariumchristi.com\/es\/wp-json\/wp\/v2\/pages\/539\/revisions\/540"}],"wp:attachment":[{"href":"https:\/\/www.sudariumchristi.com\/es\/wp-json\/wp\/v2\/media?parent=539"}],"curies":[{"name":"wp","href":"https:\/\/api.w.org\/{rel}","templated":true}]}}