{"id":168,"date":"2025-11-05T14:06:44","date_gmt":"2025-11-05T13:06:44","guid":{"rendered":"http:\/\/sudariumchristi.stage.bergwerk-it.de\/bienvenue\/"},"modified":"2025-12-19T13:37:05","modified_gmt":"2025-12-19T12:37:05","slug":"bienvenue","status":"publish","type":"page","link":"https:\/\/www.sudariumchristi.com\/fr\/","title":{"rendered":"Bienvenue"},"content":{"rendered":"\t\t<div data-elementor-type=\"wp-page\" data-elementor-id=\"168\" class=\"elementor elementor-168 elementor-9\" data-elementor-post-type=\"page\">\n\t\t\t\t<div class=\"elementor-element elementor-element-0027e72 e-flex e-con-boxed e-con e-parent\" data-id=\"0027e72\" data-element_type=\"container\" data-e-type=\"container\">\n\t\t\t\t\t<div class=\"e-con-inner\">\n\t\t<div class=\"elementor-element elementor-element-552bc82 e-con-full e-flex e-con e-child\" data-id=\"552bc82\" data-element_type=\"container\" data-e-type=\"container\">\n\t\t\t\t<div class=\"elementor-element elementor-element-4645ec2 elementor-blockquote--skin-quotation elementor-blockquote--align-left elementor-widget elementor-widget-blockquote\" data-id=\"4645ec2\" data-element_type=\"widget\" data-e-type=\"widget\" data-widget_type=\"blockquote.default\">\n\t\t\t\t\t\t\t<blockquote class=\"elementor-blockquote\">\n\t\t\t<p class=\"elementor-blockquote__content\">\n\t\t\t\t\u00ab Celui qui m\u2019a vu a vu le P\u00e8re \u00bb\t\t\t<\/p>\n\t\t\t\t\t\t\t<div class=\"e-q-footer\">\n\t\t\t\t\t\t\t\t\t\t\t<cite class=\"elementor-blockquote__author\">(Joh 14,9)<\/cite>\n\t\t\t\t\t\t\t\t\t\t\t\t\t\t<\/div>\n\t\t\t\t\t<\/blockquote>\n\t\t\t\t\t\t<\/div>\n\t\t\t\t<div class=\"elementor-element elementor-element-b417377 elementor-widget elementor-widget-text-editor\" data-id=\"b417377\" data-element_type=\"widget\" data-e-type=\"widget\" data-widget_type=\"text-editor.default\">\n\t\t\t\t\t\t\t\t\t<p>D\u00e8s l\u2019\u00e9poque pal\u00e9ochr\u00e9tienne, de nombreuses traditions orales et \u00e9crites parlent d\u2019un linge avec le visage de J\u00e9sus-Christ. L\u2019image de Camulia, le Mandylion, l\u2019image acheiropo\u00ef\u00e8te, le Voile de V\u00e9ronique ou le Volto Santo \u2013 une s\u00e9rie de noms myst\u00e9rieux a accompagn\u00e9 le Saint Voile durant son long voyage de J\u00e9rusalem \u00e0 Manoppello, une petite ville recul\u00e9e des Abruzzes, en Italie, en passant par \u00c9desse, Constantinople et Rome. <\/p><p><strong>Le Suaire d\u2019Oviedo, dans le nord de l\u2019Espagne<\/strong>, la Sainte Coiffe de Cahors, le Suaire de Turin, les linges de Kornelim\u00fcnster \u2013 \u2013 un nombre consid\u00e9rable de reliques textiles sont mises en relation avec la s\u00e9pulture de J\u00e9sus, car, dans son \u00c9vangile de P\u00e2ques, saint Jean mentionne plusieurs linceuls.<\/p><p>La trappistine Blandina Paschalis Schl\u00f6mer put, gr\u00e2ce une technique de superposition, fournir la preuve que les images du Suaire de Manoppello et du Suaire de Turin \u00e9taient de la m\u00eame personne. Ult\u00e9rieurement, elle appliqua cette m\u00eame technique au Suaire d\u2019Oviedo et arriva au m\u00eame r\u00e9sultat. <\/p><p>Le Suaire de Manoppello est confectionn\u00e9 en byssus \u2013 \u00e9galement appel\u00e9 soie marine \u2013 semblant changer d\u2019aspect en fonction de la lumi\u00e8re.<\/p><p>Les reliques telles que le Suaire de Turin et le Suaire de Manoppello, mais \u00e9galement l\u2019image de Notre-Dame de Guadalupe ou l\u2019ic\u00f4ne d\u2019Absam sont qualifi\u00e9es d\u2019acheiropo\u00ef\u00e8tes (\u00ab non faite de main d\u2019homme \u00bb).<\/p>\t\t\t\t\t\t\t\t<\/div>\n\t\t\t\t<\/div>\n\t\t<div class=\"elementor-element elementor-element-cce47c0 e-con-full e-flex e-con e-child\" data-id=\"cce47c0\" data-element_type=\"container\" data-e-type=\"container\">\n\t\t\t\t<div class=\"elementor-element elementor-element-2e6101e elementor-widget elementor-widget-video\" data-id=\"2e6101e\" data-element_type=\"widget\" data-e-type=\"widget\" data-settings=\"{&quot;video_type&quot;:&quot;hosted&quot;,&quot;controls&quot;:&quot;yes&quot;}\" data-widget_type=\"video.default\">\n\t\t\t\t\t\t\t<div class=\"e-hosted-video elementor-wrapper elementor-open-inline\">\n\t\t\t\t\t<video class=\"elementor-video\" src=\"https:\/\/www.sudariumchristi.com\/wp-content\/uploads\/2025\/12\/start.mp4\" controls=\"\" preload=\"metadata\" controlsList=\"nodownload\" poster=\"https:\/\/www.sudariumchristi.com\/wp-content\/uploads\/2025\/12\/start.jpg\"><\/video>\n\t\t\t\t<\/div>\n\t\t\t\t\t\t<\/div>\n\t\t\t\t<\/div>\n\t\t\t\t\t<\/div>\n\t\t\t\t<\/div>\n\t\t\t\t<\/div>\n\t\t","protected":false},"excerpt":{"rendered":"<p>\u00ab Celui qui m\u2019a vu a vu le P\u00e8re \u00bb (Joh 14,9) D\u00e8s l\u2019\u00e9poque pal\u00e9ochr\u00e9tienne, de nombreuses traditions orales et \u00e9crites parlent d\u2019un linge avec le visage de J\u00e9sus-Christ. L\u2019image de Camulia, le Mandylion, l\u2019image acheiropo\u00ef\u00e8te, le Voile de V\u00e9ronique ou le Volto Santo \u2013 une s\u00e9rie de noms myst\u00e9rieux a accompagn\u00e9 le Saint Voile [&hellip;]<\/p>\n","protected":false},"author":1,"featured_media":0,"parent":0,"menu_order":0,"comment_status":"closed","ping_status":"closed","template":"","meta":{"footnotes":""},"class_list":["post-168","page","type-page","status-publish","hentry"],"_links":{"self":[{"href":"https:\/\/www.sudariumchristi.com\/fr\/wp-json\/wp\/v2\/pages\/168","targetHints":{"allow":["GET"]}}],"collection":[{"href":"https:\/\/www.sudariumchristi.com\/fr\/wp-json\/wp\/v2\/pages"}],"about":[{"href":"https:\/\/www.sudariumchristi.com\/fr\/wp-json\/wp\/v2\/types\/page"}],"author":[{"embeddable":true,"href":"https:\/\/www.sudariumchristi.com\/fr\/wp-json\/wp\/v2\/users\/1"}],"replies":[{"embeddable":true,"href":"https:\/\/www.sudariumchristi.com\/fr\/wp-json\/wp\/v2\/comments?post=168"}],"version-history":[{"count":12,"href":"https:\/\/www.sudariumchristi.com\/fr\/wp-json\/wp\/v2\/pages\/168\/revisions"}],"predecessor-version":[{"id":3580,"href":"https:\/\/www.sudariumchristi.com\/fr\/wp-json\/wp\/v2\/pages\/168\/revisions\/3580"}],"wp:attachment":[{"href":"https:\/\/www.sudariumchristi.com\/fr\/wp-json\/wp\/v2\/media?parent=168"}],"curies":[{"name":"wp","href":"https:\/\/api.w.org\/{rel}","templated":true}]}}