{"id":226,"date":"2025-11-05T16:42:09","date_gmt":"2025-11-05T15:42:09","guid":{"rendered":"http:\/\/sudariumchristi.stage.bergwerk-it.de\/venez-et-vous-verrez\/"},"modified":"2025-12-18T14:08:00","modified_gmt":"2025-12-18T13:08:00","slug":"venez-et-vous-verrez","status":"publish","type":"page","link":"https:\/\/www.sudariumchristi.com\/fr\/venez-et-vous-verrez\/","title":{"rendered":"Venez et vous verrez !"},"content":{"rendered":"\t\t<div data-elementor-type=\"wp-page\" data-elementor-id=\"226\" class=\"elementor elementor-226 elementor-19\" data-elementor-post-type=\"page\">\n\t\t\t\t<div class=\"elementor-element elementor-element-2559779 e-flex e-con-boxed e-con e-parent\" data-id=\"2559779\" data-element_type=\"container\" data-e-type=\"container\">\n\t\t\t\t\t<div class=\"e-con-inner\">\n\t\t\t\t<div class=\"elementor-element elementor-element-1e4a1d3 elementor-blockquote--skin-quotation elementor-blockquote--align-left elementor-widget elementor-widget-blockquote\" data-id=\"1e4a1d3\" data-element_type=\"widget\" data-e-type=\"widget\" data-widget_type=\"blockquote.default\">\n\t\t\t\t\t\t\t<blockquote class=\"elementor-blockquote\">\n\t\t\t<p class=\"elementor-blockquote__content\">\n\t\t\t\tMa\u00eetre, o\u00f9 demeurez-vous? Il leur dit: \"Venez et vous verrez. \t\t\t<\/p>\n\t\t\t\t\t\t\t<div class=\"e-q-footer\">\n\t\t\t\t\t\t\t\t\t\t\t<cite class=\"elementor-blockquote__author\">\u2013 Joh 1,38-39<\/cite>\n\t\t\t\t\t\t\t\t\t\t\t\t\t\t<\/div>\n\t\t\t\t\t<\/blockquote>\n\t\t\t\t\t\t<\/div>\n\t\t\t\t<div class=\"elementor-element elementor-element-866364b elementor-widget elementor-widget-text-editor\" data-id=\"866364b\" data-element_type=\"widget\" data-e-type=\"widget\" data-widget_type=\"text-editor.default\">\n\t\t\t\t\t\t\t\t\t<p> <\/p><p>L\u2019\u00e9glise de p\u00e8lerinage abritant le Saint Voile dans ses murs porte le nom de \u00ab Santuario del Volto Santo \u00bb ou \u00ab Basilique de la Sainte Face \u00bb. Elle est encadr\u00e9e par des capucins et se trouve sur une colline, non loin de la vieille ville. \u00c9rig\u00e9e en 1620, elle a, lors de sa restauration et de son \u00e9largissement en 1960, \u00e9t\u00e9 pourvue d\u2019une fa\u00e7ade en pierres rouges et blanches inspir\u00e9e de la fa\u00e7ade de style roman et premier gothique de la basilique Sainte-Marie de Collemaggio \u00e0 L\u00b4Aquila. En 1999, une exposition permanente du nom de \u00ab Penuel \u00bb (\u2018Face du Seigneur \u00bb en h\u00e9breu) a \u00e9t\u00e9 am\u00e9nag\u00e9e \u00e0 c\u00f4t\u00e9 de l\u2019\u00e9glise de p\u00e8lerinage. Les tableaux de pr\u00e9sentation au premier \u00e9tage valent \u00e9galement la peine d\u2019\u00eatre vus ; ceux-ci th\u00e9matisent \u00ab La m\u00e9tamorphose de J\u00e9sus dans l\u2019iconographie occidentale et orientale \u00bb.   <\/p><p>Deux processions avec le Saint Voile ont lieu chaque ann\u00e9e. Une procession assez longue le troisi\u00e8me dimanche du mois de mai, et une procession plus courte le 6 ao\u00fbt, la f\u00eate de la Transfiguration du Christ sur le mont Thabor. Le matin du jour o\u00f9 a lieu de la procession de mai, la statue de saint Pancrace, qui sera plus tard port\u00e9e en t\u00eate de la procession avec le Saint Voile, est transport\u00e9e de l\u2019\u00e9glise de la ville \u00e0 la basilique de la Sainte Face. Les apocryphes du Nouveau Testament permettent d\u2019\u00e9tablir une relation entre le Saint Voile et un saint Pancrace : \u00ab Apporte l\u2019image de notre seigneur J\u00e9sus-Christ et place-la dans la tour, pour que les peuples voient l\u2019apparence du fils de Dieu. \u00bb, dit un d\u00e9cret de l\u2019ap\u00f4tre Pierre dans les Actes de saint Pancrace, le premier \u00e9v\u00eaque de Taormina, en Sicile.   <\/p>\t\t\t\t\t\t\t\t<\/div>\n\t\t\t\t<div class=\"elementor-element elementor-element-aabef69 elementor-widget elementor-widget-video\" data-id=\"aabef69\" data-element_type=\"widget\" data-e-type=\"widget\" data-settings=\"{&quot;video_type&quot;:&quot;hosted&quot;,&quot;controls&quot;:&quot;yes&quot;}\" data-widget_type=\"video.default\">\n\t\t\t\t\t\t\t<div class=\"e-hosted-video elementor-wrapper elementor-open-inline\">\n\t\t\t\t\t<video class=\"elementor-video\" src=\"https:\/\/www.sudariumchristi.com\/wp-content\/uploads\/2025\/12\/come_w700_700kbit.mp4\" controls=\"\" preload=\"metadata\" controlsList=\"nodownload\" poster=\"https:\/\/www.sudariumchristi.com\/wp-content\/uploads\/2025\/12\/santuario.jpg\"><\/video>\n\t\t\t\t<\/div>\n\t\t\t\t\t\t<\/div>\n\t\t\t\t\t<\/div>\n\t\t\t\t<\/div>\n\t\t\t\t<\/div>\n\t\t","protected":false},"excerpt":{"rendered":"<p>Ma\u00eetre, o\u00f9 demeurez-vous? Il leur dit: \u00ab\u00a0Venez et vous verrez. \u2013 Joh 1,38-39 L\u2019\u00e9glise de p\u00e8lerinage abritant le Saint Voile dans ses murs porte le nom de \u00ab Santuario del Volto Santo \u00bb ou \u00ab Basilique de la Sainte Face \u00bb. Elle est encadr\u00e9e par des capucins et se trouve sur une colline, non loin [&hellip;]<\/p>\n","protected":false},"author":1,"featured_media":0,"parent":0,"menu_order":0,"comment_status":"closed","ping_status":"closed","template":"","meta":{"footnotes":""},"class_list":["post-226","page","type-page","status-publish","hentry"],"_links":{"self":[{"href":"https:\/\/www.sudariumchristi.com\/fr\/wp-json\/wp\/v2\/pages\/226","targetHints":{"allow":["GET"]}}],"collection":[{"href":"https:\/\/www.sudariumchristi.com\/fr\/wp-json\/wp\/v2\/pages"}],"about":[{"href":"https:\/\/www.sudariumchristi.com\/fr\/wp-json\/wp\/v2\/types\/page"}],"author":[{"embeddable":true,"href":"https:\/\/www.sudariumchristi.com\/fr\/wp-json\/wp\/v2\/users\/1"}],"replies":[{"embeddable":true,"href":"https:\/\/www.sudariumchristi.com\/fr\/wp-json\/wp\/v2\/comments?post=226"}],"version-history":[{"count":4,"href":"https:\/\/www.sudariumchristi.com\/fr\/wp-json\/wp\/v2\/pages\/226\/revisions"}],"predecessor-version":[{"id":3109,"href":"https:\/\/www.sudariumchristi.com\/fr\/wp-json\/wp\/v2\/pages\/226\/revisions\/3109"}],"wp:attachment":[{"href":"https:\/\/www.sudariumchristi.com\/fr\/wp-json\/wp\/v2\/media?parent=226"}],"curies":[{"name":"wp","href":"https:\/\/api.w.org\/{rel}","templated":true}]}}