{"id":242,"date":"2025-11-05T16:42:21","date_gmt":"2025-11-05T15:42:21","guid":{"rendered":"http:\/\/sudariumchristi.stage.bergwerk-it.de\/face-a-face\/"},"modified":"2025-12-19T13:39:02","modified_gmt":"2025-12-19T12:39:02","slug":"face-a-face","status":"publish","type":"page","link":"https:\/\/www.sudariumchristi.com\/fr\/face-a-face\/","title":{"rendered":"Face \u00e0 face \u2013"},"content":{"rendered":"\t\t<div data-elementor-type=\"wp-page\" data-elementor-id=\"242\" class=\"elementor elementor-242 elementor-21\" data-elementor-post-type=\"page\">\n\t\t\t\t<div class=\"elementor-element elementor-element-9bf9c96 e-flex e-con-boxed e-con e-parent\" data-id=\"9bf9c96\" data-element_type=\"container\" data-e-type=\"container\">\n\t\t\t\t\t<div class=\"e-con-inner\">\n\t\t\t\t<div class=\"elementor-element elementor-element-0b30fa1 elementor-widget elementor-widget-heading\" data-id=\"0b30fa1\" data-element_type=\"widget\" data-e-type=\"widget\" data-widget_type=\"heading.default\">\n\t\t\t\t\t<h2 class=\"elementor-heading-title elementor-size-default\">La description<\/h2>\t\t\t\t<\/div>\n\t\t\t\t<div class=\"elementor-element elementor-element-850a43e elementor-blockquote--skin-quotation elementor-blockquote--align-left elementor-widget elementor-widget-blockquote\" data-id=\"850a43e\" data-element_type=\"widget\" data-e-type=\"widget\" data-widget_type=\"blockquote.default\">\n\t\t\t\t\t\t\t<blockquote class=\"elementor-blockquote\">\n\t\t\t<p class=\"elementor-blockquote__content\">\n\t\t\t\tIl s\u2019enveloppe de lumi\u00e8re comme d\u2019un manteau.\t\t\t<\/p>\n\t\t\t\t\t\t\t<div class=\"e-q-footer\">\n\t\t\t\t\t\t\t\t\t\t\t<cite class=\"elementor-blockquote__author\">\u2013 Ps 104,2<\/cite>\n\t\t\t\t\t\t\t\t\t\t\t\t\t\t<\/div>\n\t\t\t\t\t<\/blockquote>\n\t\t\t\t\t\t<\/div>\n\t\t\t\t<div class=\"elementor-element elementor-element-6118315 elementor-widget__width-initial elementor-widget elementor-widget-image-carousel\" data-id=\"6118315\" data-element_type=\"widget\" data-e-type=\"widget\" data-settings=\"{&quot;slides_to_show&quot;:&quot;1&quot;,&quot;navigation&quot;:&quot;none&quot;,&quot;lazyload&quot;:&quot;yes&quot;,&quot;autoplay&quot;:&quot;yes&quot;,&quot;pause_on_hover&quot;:&quot;yes&quot;,&quot;pause_on_interaction&quot;:&quot;yes&quot;,&quot;autoplay_speed&quot;:5000,&quot;infinite&quot;:&quot;yes&quot;,&quot;effect&quot;:&quot;slide&quot;,&quot;speed&quot;:500}\" data-widget_type=\"image-carousel.default\">\n\t\t\t\t\t\t\t<div class=\"elementor-image-carousel-wrapper swiper\" role=\"region\" aria-roledescription=\"carousel\" aria-label=\"Bild Karussell\" dir=\"ltr\">\n\t\t\t<div class=\"elementor-image-carousel swiper-wrapper swiper-image-stretch\" aria-live=\"off\">\n\t\t\t\t\t\t\t\t<div class=\"swiper-slide\" role=\"group\" aria-roledescription=\"slide\" aria-label=\"1 sur 13\"><figure class=\"swiper-slide-inner\"><img class=\"swiper-slide-image swiper-lazy\" data-src=\"https:\/\/www.sudariumchristi.com\/wp-content\/uploads\/2025\/12\/canvas.png\" alt=\"canvas\" \/><div class=\"swiper-lazy-preloader\"><\/div><\/figure><\/div><div class=\"swiper-slide\" role=\"group\" aria-roledescription=\"slide\" aria-label=\"2 sur 13\"><figure class=\"swiper-slide-inner\"><img class=\"swiper-slide-image swiper-lazy\" data-src=\"https:\/\/www.sudariumchristi.com\/wp-content\/uploads\/2025\/12\/canvas1.png\" alt=\"canvas1\" \/><div class=\"swiper-lazy-preloader\"><\/div><\/figure><\/div><div class=\"swiper-slide\" role=\"group\" aria-roledescription=\"slide\" aria-label=\"3 sur 13\"><figure class=\"swiper-slide-inner\"><img class=\"swiper-slide-image swiper-lazy\" data-src=\"https:\/\/www.sudariumchristi.com\/wp-content\/uploads\/2025\/12\/canvas2.png\" alt=\"canvas2\" \/><div class=\"swiper-lazy-preloader\"><\/div><\/figure><\/div><div class=\"swiper-slide\" role=\"group\" aria-roledescription=\"slide\" aria-label=\"4 sur 13\"><figure class=\"swiper-slide-inner\"><img class=\"swiper-slide-image swiper-lazy\" data-src=\"https:\/\/www.sudariumchristi.com\/wp-content\/uploads\/2025\/12\/canvas3.png\" alt=\"canvas3\" \/><div class=\"swiper-lazy-preloader\"><\/div><\/figure><\/div><div class=\"swiper-slide\" role=\"group\" aria-roledescription=\"slide\" aria-label=\"5 sur 13\"><figure class=\"swiper-slide-inner\"><img class=\"swiper-slide-image swiper-lazy\" data-src=\"https:\/\/www.sudariumchristi.com\/wp-content\/uploads\/2025\/12\/canvas4.png\" alt=\"canvas4\" \/><div class=\"swiper-lazy-preloader\"><\/div><\/figure><\/div><div class=\"swiper-slide\" role=\"group\" aria-roledescription=\"slide\" aria-label=\"6 sur 13\"><figure class=\"swiper-slide-inner\"><img class=\"swiper-slide-image swiper-lazy\" data-src=\"https:\/\/www.sudariumchristi.com\/wp-content\/uploads\/2025\/12\/canvas5.png\" alt=\"canvas5\" \/><div class=\"swiper-lazy-preloader\"><\/div><\/figure><\/div><div class=\"swiper-slide\" role=\"group\" aria-roledescription=\"slide\" aria-label=\"7 sur 13\"><figure class=\"swiper-slide-inner\"><img class=\"swiper-slide-image swiper-lazy\" data-src=\"https:\/\/www.sudariumchristi.com\/wp-content\/uploads\/2025\/12\/canvas6.png\" alt=\"canvas6\" \/><div class=\"swiper-lazy-preloader\"><\/div><\/figure><\/div><div class=\"swiper-slide\" role=\"group\" aria-roledescription=\"slide\" aria-label=\"8 sur 13\"><figure class=\"swiper-slide-inner\"><img class=\"swiper-slide-image swiper-lazy\" data-src=\"https:\/\/www.sudariumchristi.com\/wp-content\/uploads\/2025\/12\/canvas7.png\" alt=\"canvas7\" \/><div class=\"swiper-lazy-preloader\"><\/div><\/figure><\/div><div class=\"swiper-slide\" role=\"group\" aria-roledescription=\"slide\" aria-label=\"9 sur 13\"><figure class=\"swiper-slide-inner\"><img class=\"swiper-slide-image swiper-lazy\" data-src=\"https:\/\/www.sudariumchristi.com\/wp-content\/uploads\/2025\/12\/canvas8.png\" alt=\"canvas8\" \/><div class=\"swiper-lazy-preloader\"><\/div><\/figure><\/div><div class=\"swiper-slide\" role=\"group\" aria-roledescription=\"slide\" aria-label=\"10 sur 13\"><figure class=\"swiper-slide-inner\"><img class=\"swiper-slide-image swiper-lazy\" data-src=\"https:\/\/www.sudariumchristi.com\/wp-content\/uploads\/2025\/12\/canvas9.png\" alt=\"canvas9\" \/><div class=\"swiper-lazy-preloader\"><\/div><\/figure><\/div><div class=\"swiper-slide\" role=\"group\" aria-roledescription=\"slide\" aria-label=\"11 sur 13\"><figure class=\"swiper-slide-inner\"><img class=\"swiper-slide-image swiper-lazy\" data-src=\"https:\/\/www.sudariumchristi.com\/wp-content\/uploads\/2025\/12\/canvas10.png\" alt=\"canvas10\" \/><div class=\"swiper-lazy-preloader\"><\/div><\/figure><\/div><div class=\"swiper-slide\" role=\"group\" aria-roledescription=\"slide\" aria-label=\"12 sur 13\"><figure class=\"swiper-slide-inner\"><img class=\"swiper-slide-image swiper-lazy\" data-src=\"https:\/\/www.sudariumchristi.com\/wp-content\/uploads\/2025\/12\/canvas11.png\" alt=\"canvas11\" \/><div class=\"swiper-lazy-preloader\"><\/div><\/figure><\/div><div class=\"swiper-slide\" role=\"group\" aria-roledescription=\"slide\" aria-label=\"13 sur 13\"><figure class=\"swiper-slide-inner\"><img class=\"swiper-slide-image swiper-lazy\" data-src=\"https:\/\/www.sudariumchristi.com\/wp-content\/uploads\/2025\/12\/canvas12.png\" alt=\"canvas12\" \/><div class=\"swiper-lazy-preloader\"><\/div><\/figure><\/div>\t\t\t<\/div>\n\t\t\t\t\t\t\t\n\t\t\t\t\t\t\t\t\t<\/div>\n\t\t\t\t\t\t<\/div>\n\t\t\t\t<div class=\"elementor-element elementor-element-c07af07 elementor-widget elementor-widget-text-editor\" data-id=\"c07af07\" data-element_type=\"widget\" data-e-type=\"widget\" data-widget_type=\"text-editor.default\">\n\t\t\t\t\t\t\t\t\t<p><strong>Des yeux en forme d\u2019amande,<\/strong> des sourcils arqu\u00e9s, un nez fin, une bouche entrouverte \u2013 voil\u00e0 comment le visage sur le Saint Voile se d\u00e9voile au contemplateur \u2013 un visage r\u00e9gulier, encadr\u00e9 de cheveux longs et d\u2019une barbe d\u00e9garnie, avec une m\u00e8che \u00e9bouriff\u00e9e sur le front. En y regardant de plus pr\u00e8s, on remarque une joue droite l\u00e9g\u00e8rement enfl\u00e9e <\/p><p>Les blessures pouvant \u00eatre localis\u00e9es sur le Suaire de Turin en raison des traces de sang semblent \u00eatre recouvertes de cro\u00fbtes. L\u2019ombre sous la bouche indique le rel\u00e2chement des traits du visage face \u00e0 la mort. La bouche seule n\u2019est toutefois pas ouverte, mais \u00e9galement les l\u00e8vres, comme si elles articulaient une lettre, un \u00ab A \u00bb comme \u00ab abba \u00bb, le mot aram\u00e9en pour \u00ab p\u00e8re \u00bb.  <\/p><p>En raison des propri\u00e9t\u00e9s du mat\u00e9riau porteur, une fine \u00e9toffe transparente de 24 x 17,5 cm, le motif semble changer d\u2019aspect en fonction de la lumi\u00e8re et de la perspective. Parfois, une pupille a l\u2019air plus grande que l\u2019autre, comme si elle avait perdu la capacit\u00e9 de s\u2019adapter \u00e0 la clart\u00e9 en raison d\u2019un choc. Une accumulation de liquide visible sous l\u2019iris parle \u00e9galement en faveur de cette th\u00e9orie :  <\/p>\t\t\t\t\t\t\t\t<\/div>\n\t\t\t\t<div class=\"elementor-element elementor-element-873e820 elementor-widget elementor-widget-image\" data-id=\"873e820\" data-element_type=\"widget\" data-e-type=\"widget\" data-widget_type=\"image.default\">\n\t\t\t\t\t\t\t\t\t\t\t\t\t\t\t<img fetchpriority=\"high\" decoding=\"async\" width=\"344\" height=\"192\" src=\"https:\/\/www.sudariumchristi.com\/wp-content\/uploads\/2025\/12\/description_1.jpg\" class=\"attachment-large size-large wp-image-1155\" alt=\"\" srcset=\"https:\/\/www.sudariumchristi.com\/wp-content\/uploads\/2025\/12\/description_1.jpg 344w, https:\/\/www.sudariumchristi.com\/wp-content\/uploads\/2025\/12\/description_1-300x167.jpg 300w\" sizes=\"(max-width: 344px) 100vw, 344px\" \/>\t\t\t\t\t\t\t\t\t\t\t\t\t\t\t<\/div>\n\t\t\t\t<div class=\"elementor-element elementor-element-6bc6a62 elementor-widget elementor-widget-text-editor\" data-id=\"6bc6a62\" data-element_type=\"widget\" data-e-type=\"widget\" data-widget_type=\"text-editor.default\">\n\t\t\t\t\t\t\t\t\t<p>Parfois, le regard semble m\u00eame changer de direction :<\/p>\t\t\t\t\t\t\t\t<\/div>\n\t\t\t\t<div class=\"elementor-element elementor-element-8382003 elementor-widget elementor-widget-image\" data-id=\"8382003\" data-element_type=\"widget\" data-e-type=\"widget\" data-widget_type=\"image.default\">\n\t\t\t\t\t\t\t\t\t\t\t\t\t\t\t<img decoding=\"async\" width=\"344\" height=\"160\" src=\"https:\/\/www.sudariumchristi.com\/wp-content\/uploads\/2025\/12\/description_2.jpg\" class=\"attachment-large size-large wp-image-1156\" alt=\"\" srcset=\"https:\/\/www.sudariumchristi.com\/wp-content\/uploads\/2025\/12\/description_2.jpg 344w, https:\/\/www.sudariumchristi.com\/wp-content\/uploads\/2025\/12\/description_2-300x140.jpg 300w\" sizes=\"(max-width: 344px) 100vw, 344px\" \/>\t\t\t\t\t\t\t\t\t\t\t\t\t\t\t<\/div>\n\t\t\t\t<div class=\"elementor-element elementor-element-6fce4f3 elementor-widget elementor-widget-text-editor\" data-id=\"6fce4f3\" data-element_type=\"widget\" data-e-type=\"widget\" data-widget_type=\"text-editor.default\">\n\t\t\t\t\t\t\t\t\t<p>Le motif est miraculeusement visible des deux c\u00f4t\u00e9s, mais il est diff\u00e9rent de chaque c\u00f4t\u00e9. Vu de l\u2019autel, J\u00e9sus se pr\u00e9sente en tant que vainqueur souriant de la mort. <\/p><p>Comme dans le cas du Suaire de Turin, aucun pigment ne peut \u00eatre d\u00e9tect\u00e9 sur le Saint Voile. La gamme de couleurs du Saint Voile va cependant, selon la lumi\u00e8re, du gris ardoise au dor\u00e9 en passant par des tons bruns. Le ton rose du front donne l\u2019impression qu\u2019il s\u2019agit d\u2019une personne venant d\u2019\u00eatre r\u00e9anim\u00e9e. Sous un \u00e9clairage puissant, le voile devient blanc et le motif n\u2019est plus visible. Comme dans le cas de l\u2019arc-en-ciel et des ailes de papillons, les couleurs du Saint Voile sont distingu\u00e9es par r\u00e9fraction et superposition d\u2019ondes lumineuses.    <\/p>\t\t\t\t\t\t\t\t<\/div>\n\t\t\t\t\t<\/div>\n\t\t\t\t<\/div>\n\t\t\t\t<\/div>\n\t\t","protected":false},"excerpt":{"rendered":"<p>La description Il s\u2019enveloppe de lumi\u00e8re comme d\u2019un manteau. \u2013 Ps 104,2 Des yeux en forme d\u2019amande, des sourcils arqu\u00e9s, un nez fin, une bouche entrouverte \u2013 voil\u00e0 comment le visage sur le Saint Voile se d\u00e9voile au contemplateur \u2013 un visage r\u00e9gulier, encadr\u00e9 de cheveux longs et d\u2019une barbe d\u00e9garnie, avec une m\u00e8che \u00e9bouriff\u00e9e [&hellip;]<\/p>\n","protected":false},"author":1,"featured_media":0,"parent":0,"menu_order":0,"comment_status":"closed","ping_status":"closed","template":"","meta":{"footnotes":""},"class_list":["post-242","page","type-page","status-publish","hentry"],"_links":{"self":[{"href":"https:\/\/www.sudariumchristi.com\/fr\/wp-json\/wp\/v2\/pages\/242","targetHints":{"allow":["GET"]}}],"collection":[{"href":"https:\/\/www.sudariumchristi.com\/fr\/wp-json\/wp\/v2\/pages"}],"about":[{"href":"https:\/\/www.sudariumchristi.com\/fr\/wp-json\/wp\/v2\/types\/page"}],"author":[{"embeddable":true,"href":"https:\/\/www.sudariumchristi.com\/fr\/wp-json\/wp\/v2\/users\/1"}],"replies":[{"embeddable":true,"href":"https:\/\/www.sudariumchristi.com\/fr\/wp-json\/wp\/v2\/comments?post=242"}],"version-history":[{"count":10,"href":"https:\/\/www.sudariumchristi.com\/fr\/wp-json\/wp\/v2\/pages\/242\/revisions"}],"predecessor-version":[{"id":3609,"href":"https:\/\/www.sudariumchristi.com\/fr\/wp-json\/wp\/v2\/pages\/242\/revisions\/3609"}],"wp:attachment":[{"href":"https:\/\/www.sudariumchristi.com\/fr\/wp-json\/wp\/v2\/media?parent=242"}],"curies":[{"name":"wp","href":"https:\/\/api.w.org\/{rel}","templated":true}]}}