{"id":278,"date":"2025-11-05T16:42:32","date_gmt":"2025-11-05T15:42:32","guid":{"rendered":"http:\/\/sudariumchristi.stage.bergwerk-it.de\/face-a-face\/face-a-face\/"},"modified":"2025-12-19T13:40:16","modified_gmt":"2025-12-19T12:40:16","slug":"face-a-face","status":"publish","type":"page","link":"https:\/\/www.sudariumchristi.com\/fr\/face-a-face\/face-a-face\/","title":{"rendered":"Face \u00e0 face \u2013"},"content":{"rendered":"\t\t<div data-elementor-type=\"wp-page\" data-elementor-id=\"278\" class=\"elementor elementor-278 elementor-23\" data-elementor-post-type=\"page\">\n\t\t\t\t<div class=\"elementor-element elementor-element-946e17c e-flex e-con-boxed e-con e-parent\" data-id=\"946e17c\" data-element_type=\"container\" data-e-type=\"container\">\n\t\t\t\t\t<div class=\"e-con-inner\">\n\t\t\t\t<div class=\"elementor-element elementor-element-a112764 elementor-blockquote--skin-quotation elementor-blockquote--align-left elementor-widget elementor-widget-blockquote\" data-id=\"a112764\" data-element_type=\"widget\" data-e-type=\"widget\" data-widget_type=\"blockquote.default\">\n\t\t\t\t\t\t\t<blockquote class=\"elementor-blockquote\">\n\t\t\t<p class=\"elementor-blockquote__content\">\n\t\t\t\tComme sur le linge b\u00e9nit\ns'imprima l'image du Seigneur\t\t\t<\/p>\n\t\t\t\t\t\t\t<div class=\"e-q-footer\">\n\t\t\t\t\t\t\t\t\t\t\t<cite class=\"elementor-blockquote__author\">\u2013 Johann-Wolfgang von Goethe (1749-1832)<\/cite>\n\t\t\t\t\t\t\t\t\t\t\t\t\t\t<\/div>\n\t\t\t\t\t<\/blockquote>\n\t\t\t\t\t\t<\/div>\n\t\t\t\t<div class=\"elementor-element elementor-element-f2abf6c elementor-widget elementor-widget-text-editor\" data-id=\"f2abf6c\" data-element_type=\"widget\" data-e-type=\"widget\" data-widget_type=\"text-editor.default\">\n\t\t\t\t\t\t\t\t\t<p><strong>Chiara Vigo, une tisserande de byssus sarde,<\/strong> la derni\u00e8re de son ordre, a expliqu\u00e9 le 1er septembre 2004 \u00e0 Manoppello que l\u2019\u00e9toffe du Saint Voile \u00e9tait du byssus. Elle s\u2019est montr\u00e9e impressionn\u00e9e par le fin tissage. Cette mati\u00e8re textile est \u00e9galement nomm\u00e9e soie marine, puisqu\u2019elle est fabriqu\u00e9e \u00e0 partir des fils de fixation de la grande nacre (Pinna nobilis). Le byssus ne peut \u00eatre teint qu\u2019avec de rares substances, mais ne peut \u00eatre peint. Il n\u2019est ni soluble dans l\u2019eau ni inflammable, et r\u00e9sistant contre diff\u00e9rentes substances chimiques. Les fibres sont capables de stocker la lumi\u00e8re comme des informations sont stock\u00e9es sur un ordinateur.     <\/p>\t\t\t\t\t\t\t\t<\/div>\n\t\t\t\t<div class=\"elementor-element elementor-element-40ca82e gallery-spacing-custom elementor-widget elementor-widget-image-gallery\" data-id=\"40ca82e\" data-element_type=\"widget\" data-e-type=\"widget\" data-widget_type=\"image-gallery.default\">\n\t\t\t\t\t\t\t<div class=\"elementor-image-gallery\">\n\t\t\t<div id='gallery-1' class='gallery galleryid-278 gallery-columns-5 gallery-size-large'><figure class='gallery-item'>\n\t\t\t<div class='gallery-icon landscape'>\n\t\t\t\t<a data-elementor-open-lightbox=\"yes\" data-elementor-lightbox-slideshow=\"40ca82e\" data-elementor-lightbox-title=\"shell_1\" data-e-action-hash=\"#elementor-action%3Aaction%3Dlightbox%26settings%3DeyJpZCI6MTg5NCwidXJsIjoiaHR0cHM6XC9cL3d3dy5zdWRhcml1bWNocmlzdGkuY29tXC93cC1jb250ZW50XC91cGxvYWRzXC8yMDI1XC8xMlwvc2hlbGxfMS5qcGciLCJzbGlkZXNob3ciOiI0MGNhODJlIn0%3D\" href='https:\/\/www.sudariumchristi.com\/wp-content\/uploads\/2025\/12\/shell_1.jpg'><img decoding=\"async\" width=\"190\" height=\"127\" src=\"https:\/\/www.sudariumchristi.com\/wp-content\/uploads\/2025\/12\/shell_1.jpg\" class=\"attachment-large size-large\" alt=\"\" \/><\/a>\n\t\t\t<\/div><\/figure><figure class='gallery-item'>\n\t\t\t<div class='gallery-icon landscape'>\n\t\t\t\t<a data-elementor-open-lightbox=\"yes\" data-elementor-lightbox-slideshow=\"40ca82e\" data-elementor-lightbox-title=\"shell_2\" data-e-action-hash=\"#elementor-action%3Aaction%3Dlightbox%26settings%3DeyJpZCI6MTg5NSwidXJsIjoiaHR0cHM6XC9cL3d3dy5zdWRhcml1bWNocmlzdGkuY29tXC93cC1jb250ZW50XC91cGxvYWRzXC8yMDI1XC8xMlwvc2hlbGxfMi5qcGciLCJzbGlkZXNob3ciOiI0MGNhODJlIn0%3D\" href='https:\/\/www.sudariumchristi.com\/wp-content\/uploads\/2025\/12\/shell_2.jpg'><img decoding=\"async\" width=\"190\" height=\"127\" src=\"https:\/\/www.sudariumchristi.com\/wp-content\/uploads\/2025\/12\/shell_2.jpg\" class=\"attachment-large size-large\" alt=\"\" \/><\/a>\n\t\t\t<\/div><\/figure><figure class='gallery-item'>\n\t\t\t<div class='gallery-icon landscape'>\n\t\t\t\t<a data-elementor-open-lightbox=\"yes\" data-elementor-lightbox-slideshow=\"40ca82e\" data-elementor-lightbox-title=\"shell_5\" data-e-action-hash=\"#elementor-action%3Aaction%3Dlightbox%26settings%3DeyJpZCI6MTg5NiwidXJsIjoiaHR0cHM6XC9cL3d3dy5zdWRhcml1bWNocmlzdGkuY29tXC93cC1jb250ZW50XC91cGxvYWRzXC8yMDI1XC8xMlwvc2hlbGxfNS5qcGciLCJzbGlkZXNob3ciOiI0MGNhODJlIn0%3D\" href='https:\/\/www.sudariumchristi.com\/wp-content\/uploads\/2025\/12\/shell_5.jpg'><img decoding=\"async\" width=\"190\" height=\"127\" src=\"https:\/\/www.sudariumchristi.com\/wp-content\/uploads\/2025\/12\/shell_5.jpg\" class=\"attachment-large size-large\" alt=\"\" \/><\/a>\n\t\t\t<\/div><\/figure><figure class='gallery-item'>\n\t\t\t<div class='gallery-icon landscape'>\n\t\t\t\t<a data-elementor-open-lightbox=\"yes\" data-elementor-lightbox-slideshow=\"40ca82e\" data-elementor-lightbox-title=\"shell_4\" data-e-action-hash=\"#elementor-action%3Aaction%3Dlightbox%26settings%3DeyJpZCI6MTg5NywidXJsIjoiaHR0cHM6XC9cL3d3dy5zdWRhcml1bWNocmlzdGkuY29tXC93cC1jb250ZW50XC91cGxvYWRzXC8yMDI1XC8xMlwvc2hlbGxfNC5qcGciLCJzbGlkZXNob3ciOiI0MGNhODJlIn0%3D\" href='https:\/\/www.sudariumchristi.com\/wp-content\/uploads\/2025\/12\/shell_4.jpg'><img loading=\"lazy\" decoding=\"async\" width=\"190\" height=\"127\" src=\"https:\/\/www.sudariumchristi.com\/wp-content\/uploads\/2025\/12\/shell_4.jpg\" class=\"attachment-large size-large\" alt=\"\" \/><\/a>\n\t\t\t<\/div><\/figure><figure class='gallery-item'>\n\t\t\t<div class='gallery-icon landscape'>\n\t\t\t\t<a data-elementor-open-lightbox=\"yes\" data-elementor-lightbox-slideshow=\"40ca82e\" data-elementor-lightbox-title=\"shell_3\" data-e-action-hash=\"#elementor-action%3Aaction%3Dlightbox%26settings%3DeyJpZCI6MTg5OCwidXJsIjoiaHR0cHM6XC9cL3d3dy5zdWRhcml1bWNocmlzdGkuY29tXC93cC1jb250ZW50XC91cGxvYWRzXC8yMDI1XC8xMlwvc2hlbGxfMy5qcGciLCJzbGlkZXNob3ciOiI0MGNhODJlIn0%3D\" href='https:\/\/www.sudariumchristi.com\/wp-content\/uploads\/2025\/12\/shell_3.jpg'><img loading=\"lazy\" decoding=\"async\" width=\"190\" height=\"127\" src=\"https:\/\/www.sudariumchristi.com\/wp-content\/uploads\/2025\/12\/shell_3.jpg\" class=\"attachment-large size-large\" alt=\"\" \/><\/a>\n\t\t\t<\/div><\/figure>\n\t\t<\/div>\n\t\t<\/div>\n\t\t\t\t\t\t<\/div>\n\t\t\t\t\t<\/div>\n\t\t\t\t<\/div>\n\t\t\t\t<\/div>\n\t\t","protected":false},"excerpt":{"rendered":"<p>Comme sur le linge b\u00e9nit s&rsquo;imprima l&rsquo;image du Seigneur \u2013 Johann-Wolfgang von Goethe (1749-1832) Chiara Vigo, une tisserande de byssus sarde, la derni\u00e8re de son ordre, a expliqu\u00e9 le 1er septembre 2004 \u00e0 Manoppello que l\u2019\u00e9toffe du Saint Voile \u00e9tait du byssus. Elle s\u2019est montr\u00e9e impressionn\u00e9e par le fin tissage. Cette mati\u00e8re textile est \u00e9galement [&hellip;]<\/p>\n","protected":false},"author":1,"featured_media":0,"parent":242,"menu_order":0,"comment_status":"closed","ping_status":"closed","template":"","meta":{"footnotes":""},"class_list":["post-278","page","type-page","status-publish","hentry"],"_links":{"self":[{"href":"https:\/\/www.sudariumchristi.com\/fr\/wp-json\/wp\/v2\/pages\/278","targetHints":{"allow":["GET"]}}],"collection":[{"href":"https:\/\/www.sudariumchristi.com\/fr\/wp-json\/wp\/v2\/pages"}],"about":[{"href":"https:\/\/www.sudariumchristi.com\/fr\/wp-json\/wp\/v2\/types\/page"}],"author":[{"embeddable":true,"href":"https:\/\/www.sudariumchristi.com\/fr\/wp-json\/wp\/v2\/users\/1"}],"replies":[{"embeddable":true,"href":"https:\/\/www.sudariumchristi.com\/fr\/wp-json\/wp\/v2\/comments?post=278"}],"version-history":[{"count":4,"href":"https:\/\/www.sudariumchristi.com\/fr\/wp-json\/wp\/v2\/pages\/278\/revisions"}],"predecessor-version":[{"id":3618,"href":"https:\/\/www.sudariumchristi.com\/fr\/wp-json\/wp\/v2\/pages\/278\/revisions\/3618"}],"up":[{"embeddable":true,"href":"https:\/\/www.sudariumchristi.com\/fr\/wp-json\/wp\/v2\/pages\/242"}],"wp:attachment":[{"href":"https:\/\/www.sudariumchristi.com\/fr\/wp-json\/wp\/v2\/media?parent=278"}],"curies":[{"name":"wp","href":"https:\/\/api.w.org\/{rel}","templated":true}]}}