{"id":297,"date":"2025-11-05T16:44:05","date_gmt":"2025-11-05T15:44:05","guid":{"rendered":"http:\/\/sudariumchristi.stage.bergwerk-it.de\/le-tombeau-est-vide\/byssus-et-pur-lin\/"},"modified":"2026-01-21T11:38:33","modified_gmt":"2026-01-21T10:38:33","slug":"byssus-et-pur-lin","status":"publish","type":"page","link":"https:\/\/www.sudariumchristi.com\/fr\/le-tombeau-est-vide\/byssus-et-pur-lin\/","title":{"rendered":"Byssus et pur lin \u2013"},"content":{"rendered":"\t\t<div data-elementor-type=\"wp-page\" data-elementor-id=\"297\" class=\"elementor elementor-297 elementor-27\" data-elementor-post-type=\"page\">\n\t\t\t\t<div class=\"elementor-element elementor-element-244fe31 e-flex e-con-boxed e-con e-parent\" data-id=\"244fe31\" data-element_type=\"container\" data-e-type=\"container\">\n\t\t\t\t\t<div class=\"e-con-inner\">\n\t\t\t\t<div class=\"elementor-element elementor-element-c408579 elementor-widget elementor-widget-heading\" data-id=\"c408579\" data-element_type=\"widget\" data-e-type=\"widget\" data-widget_type=\"heading.default\">\n\t\t\t\t\t<h2 class=\"elementor-heading-title elementor-size-default\">Les suaires du Christ<\/h2>\t\t\t\t<\/div>\n\t\t\t\t<div class=\"elementor-element elementor-element-0aae319 elementor-widget-divider--view-line elementor-widget elementor-widget-divider\" data-id=\"0aae319\" data-element_type=\"widget\" data-e-type=\"widget\" data-widget_type=\"divider.default\">\n\t\t\t\t\t\t\t<div class=\"elementor-divider\">\n\t\t\t<span class=\"elementor-divider-separator\">\n\t\t\t\t\t\t<\/span>\n\t\t<\/div>\n\t\t\t\t\t\t<\/div>\n\t\t\t\t<div class=\"elementor-element elementor-element-e2e5492 elementor-widget elementor-widget-image\" data-id=\"e2e5492\" data-element_type=\"widget\" data-e-type=\"widget\" data-widget_type=\"image.default\">\n\t\t\t\t\t\t\t\t\t\t\t\t\t\t\t<img fetchpriority=\"high\" decoding=\"async\" width=\"700\" height=\"375\" src=\"https:\/\/www.sudariumchristi.com\/wp-content\/uploads\/2025\/12\/cloths.jpg\" class=\"attachment-large size-large wp-image-1333\" alt=\"\" srcset=\"https:\/\/www.sudariumchristi.com\/wp-content\/uploads\/2025\/12\/cloths.jpg 700w, https:\/\/www.sudariumchristi.com\/wp-content\/uploads\/2025\/12\/cloths-300x161.jpg 300w\" sizes=\"(max-width: 700px) 100vw, 700px\" \/>\t\t\t\t\t\t\t\t\t\t\t\t\t\t\t<\/div>\n\t\t<div class=\"elementor-element elementor-element-f1a0982 e-con-full e-flex e-con e-child\" data-id=\"f1a0982\" data-element_type=\"container\" data-e-type=\"container\">\n\t\t<div class=\"elementor-element elementor-element-37136d5 e-con-full e-flex e-con e-child\" data-id=\"37136d5\" data-element_type=\"container\" data-e-type=\"container\">\n\t\t\t\t<div class=\"elementor-element elementor-element-dcbcde6 elementor-widget elementor-widget-text-editor\" data-id=\"dcbcde6\" data-element_type=\"widget\" data-e-type=\"widget\" data-widget_type=\"text-editor.default\">\n\t\t\t\t\t\t\t\t\t<p class=\"txt1\"><b>Le Suaire d\u2019Oviedo, dans le nord de l\u2019Espagne, la Sainte Coiffe de Cahors, le Suaire de Turin, les linges de Kornelim\u00fcnster (Allemagne)<\/b> \u2013 un nombre consid\u00e9rable de reliques textiles sont mises en relation avec la s\u00e9pulture de J\u00e9sus. Dans son \u00c9vangile de P\u00e2ques, Saint Jean mentionne, outre les linceuls au pluriel, un suaire roul\u00e9 (ou pli\u00e9 \u2013 \u00ab entylisso \u00bb en grec) : <\/p><p class=\"txt1\"><b>\u00ab \u2026 il vit les linceuls pos\u00e9s \u00e0 terre; mais il n&rsquo;entra pas. Simon-Pierre qui le suivait, arriva \u00e0 son tour et entra dans le s\u00e9pulcre. Il vit les linges pos\u00e9s \u00e0 terre, et le suaire qui couvrait la t\u00eate de J\u00e9sus, non pas pos\u00e9 avec les linges, mais roul\u00e9 dans un autre endroit. \u00bb<\/b> (Jean 20, 5-7)<\/p><p class=\"txt1\">Dans l\u2019Antiquit\u00e9, lors d\u2019une s\u00e9pulture de rite juif, il n\u2019\u00e9tait pas inhabituel d\u2019utiliser plusieurs linges. Lors de la r\u00e9surrection de Lazare, il est \u00e9galement question de bandelettes et d\u2019un suaire : <\/p><p class=\"txt1\"><b>\u00ab Et le mort sortit, les pieds et les mains li\u00e9s de bandelettes, et le visage envelopp\u00e9 d&rsquo;un suaire. \u00bb<\/b> (Jean 11, 44)<\/p><p class=\"txt1\">Comme d\u00e9j\u00e0 chez les \u00c9gyptiens, le visage du d\u00e9funt fut recouvert d\u2019un voile en byssus transparent, de sorte qu\u2019il restait visible lors de l\u2019inhumation. Dans le cas de J\u00e9sus-Christ, le voile en byssus ne put cependant pas \u00eatre utilis\u00e9 selon cette tradition, en raison des saignements abondants, puisque cette mati\u00e8re n\u2019absorbe aucun liquide. <\/p><p class=\"txt1\"><b>Le Suaire de Turin et le Suaire d\u2019Oviedo, dans le nord de l\u2019Espagne,<\/b> firent l\u2019objet de nombreuses \u00e9tudes scientifiques. Les traces de sang des deux toiles proviennent d\u2019un d\u00e9funt de sexe masculin et de groupe sanguin AB. <\/p><p class=\"txt1\">Pour les H\u00e9breux, le sang est sacr\u00e9, \u00e9tant le centre de la vie et faisant office de moyen d\u2019expiation. Tout sang doit \u00eatre recueilli et enseveli avec le corps. Le Suaire d\u2019Oviedo servit \u00e0 envelopper la t\u00eate directement apr\u00e8s la mort, et fut press\u00e9, en deux couches, sur la bouche et le nez lorsque la d\u00e9pouille fut d\u00e9tach\u00e9e de la croix. Les contours de la main ayant exerc\u00e9 la pression sont reconnaissables sur la relique. Apr\u00e8s cela, la Sainte Coiffe conserv\u00e9e \u00e0 Cahors (France), compos\u00e9e de huit linges en gaze, servit encore \u00e0 recouvrir la t\u00eate et \u00e0 fixer la m\u00e2choire inf\u00e9rieure. Et pour terminer, le corps fut envelopp\u00e9 dans le<strong> Suaire de Turin.<\/strong>     <\/p><p class=\"txt1\">\u00ab Joseph prit le corps, l\u2019enveloppa d\u2019un linceul blanc. \u00bb (Mt 27,59) L\u2019utilit\u00e9 pratique n\u2019\u00e9tait incontestablement pas le seul crit\u00e8re lors du choix des linceuls, mais \u00e9galement leur qualit\u00e9, avec laquelle on souhaitait faire preuve de respect envers le d\u00e9funt. Cela est vrai \u00e9galement pour le suaire en byssus (environ 6,50 x 3,50 m) et le linceul richement d\u00e9cor\u00e9, tous deux conserv\u00e9s \u00e0 Kornelim\u00fcnster.  <\/p><p class=\"txt1\">Les trois linges couvrant le visage symbolisent le Triduum Sacrum: le Suaire d\u2019Oviedo, la souffrance et la mort le Vendredi saint, le Suaire de Turin, le repos de la tombe le Samedi saint et le Voile de Manoppello, le moment de la r\u00e9surrection le dimanche de P\u00e2ques.<\/p>\t\t\t\t\t\t\t\t<\/div>\n\t\t\t\t<\/div>\n\t\t<div class=\"elementor-element elementor-element-5a0d8ad e-con-full e-flex e-con e-child\" data-id=\"5a0d8ad\" data-element_type=\"container\" data-e-type=\"container\">\n\t\t\t\t<div class=\"elementor-element elementor-element-94b3556 elementor-widget elementor-widget-image\" data-id=\"94b3556\" data-element_type=\"widget\" data-e-type=\"widget\" data-widget_type=\"image.default\">\n\t\t\t\t\t\t\t\t\t\t\t\t<figure class=\"wp-caption\">\n\t\t\t\t\t\t\t\t\t\t<img decoding=\"async\" width=\"300\" height=\"300\" src=\"https:\/\/www.sudariumchristi.com\/wp-content\/uploads\/2025\/12\/pala_1.jpg\" class=\"attachment-large size-large wp-image-1334\" alt=\"\" srcset=\"https:\/\/www.sudariumchristi.com\/wp-content\/uploads\/2025\/12\/pala_1.jpg 300w, https:\/\/www.sudariumchristi.com\/wp-content\/uploads\/2025\/12\/pala_1-150x150.jpg 150w\" sizes=\"(max-width: 300px) 100vw, 300px\" \/>\t\t\t\t\t\t\t\t\t\t\t<figcaption class=\"widget-image-caption wp-caption-text\">La Sainte Coiffe, Pala d\u00b4Oro, Basilique Saint-Marc de Venise<\/figcaption>\n\t\t\t\t\t\t\t\t\t\t<\/figure>\n\t\t\t\t\t\t\t\t\t<\/div>\n\t\t\t\t<div class=\"elementor-element elementor-element-dd24107 elementor-widget elementor-widget-image\" data-id=\"dd24107\" data-element_type=\"widget\" data-e-type=\"widget\" data-widget_type=\"image.default\">\n\t\t\t\t\t\t\t\t\t\t\t\t<figure class=\"wp-caption\">\n\t\t\t\t\t\t\t\t\t\t<img decoding=\"async\" width=\"300\" height=\"316\" src=\"https:\/\/www.sudariumchristi.com\/wp-content\/uploads\/2025\/12\/pala_2.jpg\" class=\"attachment-large size-large wp-image-1335\" alt=\"\" srcset=\"https:\/\/www.sudariumchristi.com\/wp-content\/uploads\/2025\/12\/pala_2.jpg 300w, https:\/\/www.sudariumchristi.com\/wp-content\/uploads\/2025\/12\/pala_2-285x300.jpg 285w\" sizes=\"(max-width: 300px) 100vw, 300px\" \/>\t\t\t\t\t\t\t\t\t\t\t<figcaption class=\"widget-image-caption wp-caption-text\">La Sainte Coiffe, Codex Egberti, 980 \u2013 983<\/figcaption>\n\t\t\t\t\t\t\t\t\t\t<\/figure>\n\t\t\t\t\t\t\t\t\t<\/div>\n\t\t\t\t<div class=\"elementor-element elementor-element-4273564 elementor-widget elementor-widget-image\" data-id=\"4273564\" data-element_type=\"widget\" data-e-type=\"widget\" data-widget_type=\"image.default\">\n\t\t\t\t\t\t\t\t\t\t\t\t<figure class=\"wp-caption\">\n\t\t\t\t\t\t\t\t\t\t<img loading=\"lazy\" decoding=\"async\" width=\"300\" height=\"432\" src=\"https:\/\/www.sudariumchristi.com\/wp-content\/uploads\/2025\/12\/holy-coif-of-cahors.jpg\" class=\"attachment-large size-large wp-image-1336\" alt=\"\" srcset=\"https:\/\/www.sudariumchristi.com\/wp-content\/uploads\/2025\/12\/holy-coif-of-cahors.jpg 300w, https:\/\/www.sudariumchristi.com\/wp-content\/uploads\/2025\/12\/holy-coif-of-cahors-208x300.jpg 208w\" sizes=\"(max-width: 300px) 100vw, 300px\" \/>\t\t\t\t\t\t\t\t\t\t\t<figcaption class=\"widget-image-caption wp-caption-text\">La Sainte Coiffe de Cahors<\/figcaption>\n\t\t\t\t\t\t\t\t\t\t<\/figure>\n\t\t\t\t\t\t\t\t\t<\/div>\n\t\t\t\t<\/div>\n\t\t\t\t<\/div>\n\t\t\t\t\t<\/div>\n\t\t\t\t<\/div>\n\t\t\t\t<\/div>\n\t\t","protected":false},"excerpt":{"rendered":"<p>Les suaires du Christ Le Suaire d\u2019Oviedo, dans le nord de l\u2019Espagne, la Sainte Coiffe de Cahors, le Suaire de Turin, les linges de Kornelim\u00fcnster (Allemagne) \u2013 un nombre consid\u00e9rable de reliques textiles sont mises en relation avec la s\u00e9pulture de J\u00e9sus. Dans son \u00c9vangile de P\u00e2ques, Saint Jean mentionne, outre les linceuls au pluriel, [&hellip;]<\/p>\n","protected":false},"author":1,"featured_media":0,"parent":260,"menu_order":0,"comment_status":"closed","ping_status":"closed","template":"","meta":{"footnotes":""},"class_list":["post-297","page","type-page","status-publish","hentry"],"_links":{"self":[{"href":"https:\/\/www.sudariumchristi.com\/fr\/wp-json\/wp\/v2\/pages\/297","targetHints":{"allow":["GET"]}}],"collection":[{"href":"https:\/\/www.sudariumchristi.com\/fr\/wp-json\/wp\/v2\/pages"}],"about":[{"href":"https:\/\/www.sudariumchristi.com\/fr\/wp-json\/wp\/v2\/types\/page"}],"author":[{"embeddable":true,"href":"https:\/\/www.sudariumchristi.com\/fr\/wp-json\/wp\/v2\/users\/1"}],"replies":[{"embeddable":true,"href":"https:\/\/www.sudariumchristi.com\/fr\/wp-json\/wp\/v2\/comments?post=297"}],"version-history":[{"count":11,"href":"https:\/\/www.sudariumchristi.com\/fr\/wp-json\/wp\/v2\/pages\/297\/revisions"}],"predecessor-version":[{"id":3921,"href":"https:\/\/www.sudariumchristi.com\/fr\/wp-json\/wp\/v2\/pages\/297\/revisions\/3921"}],"up":[{"embeddable":true,"href":"https:\/\/www.sudariumchristi.com\/fr\/wp-json\/wp\/v2\/pages\/260"}],"wp:attachment":[{"href":"https:\/\/www.sudariumchristi.com\/fr\/wp-json\/wp\/v2\/media?parent=297"}],"curies":[{"name":"wp","href":"https:\/\/api.w.org\/{rel}","templated":true}]}}