{"id":321,"date":"2025-11-05T16:45:16","date_gmt":"2025-11-05T15:45:16","guid":{"rendered":"http:\/\/sudariumchristi.stage.bergwerk-it.de\/le-saint-voile-et-le-suaire-doviedo\/"},"modified":"2025-12-18T13:37:28","modified_gmt":"2025-12-18T12:37:28","slug":"le-saint-voile-et-le-suaire-doviedo","status":"publish","type":"page","link":"https:\/\/www.sudariumchristi.com\/fr\/le-saint-voile-et-le-suaire-doviedo\/","title":{"rendered":"Le Saint Voile et le Suaire d\u2019Oviedo"},"content":{"rendered":"\t\t<div data-elementor-type=\"wp-page\" data-elementor-id=\"321\" class=\"elementor elementor-321 elementor-33\" data-elementor-post-type=\"page\">\n\t\t\t\t<div class=\"elementor-element elementor-element-8c597f6 e-flex e-con-boxed e-con e-parent\" data-id=\"8c597f6\" data-element_type=\"container\" data-e-type=\"container\">\n\t\t\t\t\t<div class=\"e-con-inner\">\n\t\t\t\t<div class=\"elementor-element elementor-element-ad54b9b elementor-widget elementor-widget-heading\" data-id=\"ad54b9b\" data-element_type=\"widget\" data-e-type=\"widget\" data-widget_type=\"heading.default\">\n\t\t\t\t\t<h2 class=\"elementor-heading-title elementor-size-default\">Une comparaison des suaires<\/h2>\t\t\t\t<\/div>\n\t\t\t\t<div class=\"elementor-element elementor-element-13b3790 elementor-widget-divider--view-line elementor-widget elementor-widget-divider\" data-id=\"13b3790\" data-element_type=\"widget\" data-e-type=\"widget\" data-widget_type=\"divider.default\">\n\t\t\t\t\t\t\t<div class=\"elementor-divider\">\n\t\t\t<span class=\"elementor-divider-separator\">\n\t\t\t\t\t\t<\/span>\n\t\t<\/div>\n\t\t\t\t\t\t<\/div>\n\t\t\t\t<div class=\"elementor-element elementor-element-5b76897 elementor-widget elementor-widget-image\" data-id=\"5b76897\" data-element_type=\"widget\" data-e-type=\"widget\" data-widget_type=\"image.default\">\n\t\t\t\t\t\t\t\t\t\t\t\t\t\t\t<img fetchpriority=\"high\" decoding=\"async\" width=\"700\" height=\"375\" src=\"https:\/\/www.sudariumchristi.com\/wp-content\/uploads\/2025\/12\/compare_2.jpg\" class=\"attachment-large size-large wp-image-1968\" alt=\"\" srcset=\"https:\/\/www.sudariumchristi.com\/wp-content\/uploads\/2025\/12\/compare_2.jpg 700w, https:\/\/www.sudariumchristi.com\/wp-content\/uploads\/2025\/12\/compare_2-300x161.jpg 300w\" sizes=\"(max-width: 700px) 100vw, 700px\" \/>\t\t\t\t\t\t\t\t\t\t\t\t\t\t\t<\/div>\n\t\t\t\t<div class=\"elementor-element elementor-element-bc86e29 elementor-widget elementor-widget-text-editor\" data-id=\"bc86e29\" data-element_type=\"widget\" data-e-type=\"widget\" data-widget_type=\"text-editor.default\">\n\t\t\t\t\t\t\t\t\t<p><b>Le Suaire d\u2019Oviedo<\/b> servit \u00e0 absorber le sang coulant du nez, de la bouche et les blessures du visage de J\u00e9sus-Christ mort. Sur le Saint Voile, par contre, c\u2019est le visage marqu\u00e9 par le martyre du Christ ressuscit\u00e9 qui appara\u00eet. Ses yeux sont ouverts.  <\/p><p><a href=\"https:\/\/www.sudariumchristi.com\/fr\/le-tombeau-est-vide\/byssus-et-pur-lin-2\/\">Pour en savoir plus \u2026<\/a><\/p>\t\t\t\t\t\t\t\t<\/div>\n\t\t\t\t\t<\/div>\n\t\t\t\t<\/div>\n\t\t\t\t<\/div>\n\t\t","protected":false},"excerpt":{"rendered":"<p>Une comparaison des suaires Le Suaire d\u2019Oviedo servit \u00e0 absorber le sang coulant du nez, de la bouche et les blessures du visage de J\u00e9sus-Christ mort. Sur le Saint Voile, par contre, c\u2019est le visage marqu\u00e9 par le martyre du Christ ressuscit\u00e9 qui appara\u00eet. Ses yeux sont ouverts. Pour en savoir plus \u2026<\/p>\n","protected":false},"author":1,"featured_media":0,"parent":0,"menu_order":0,"comment_status":"closed","ping_status":"closed","template":"","meta":{"footnotes":""},"class_list":["post-321","page","type-page","status-publish","hentry"],"_links":{"self":[{"href":"https:\/\/www.sudariumchristi.com\/fr\/wp-json\/wp\/v2\/pages\/321","targetHints":{"allow":["GET"]}}],"collection":[{"href":"https:\/\/www.sudariumchristi.com\/fr\/wp-json\/wp\/v2\/pages"}],"about":[{"href":"https:\/\/www.sudariumchristi.com\/fr\/wp-json\/wp\/v2\/types\/page"}],"author":[{"embeddable":true,"href":"https:\/\/www.sudariumchristi.com\/fr\/wp-json\/wp\/v2\/users\/1"}],"replies":[{"embeddable":true,"href":"https:\/\/www.sudariumchristi.com\/fr\/wp-json\/wp\/v2\/comments?post=321"}],"version-history":[{"count":6,"href":"https:\/\/www.sudariumchristi.com\/fr\/wp-json\/wp\/v2\/pages\/321\/revisions"}],"predecessor-version":[{"id":3086,"href":"https:\/\/www.sudariumchristi.com\/fr\/wp-json\/wp\/v2\/pages\/321\/revisions\/3086"}],"wp:attachment":[{"href":"https:\/\/www.sudariumchristi.com\/fr\/wp-json\/wp\/v2\/media?parent=321"}],"curies":[{"name":"wp","href":"https:\/\/api.w.org\/{rel}","templated":true}]}}