{"id":329,"date":"2025-11-05T16:45:26","date_gmt":"2025-11-05T15:45:26","guid":{"rendered":"http:\/\/sudariumchristi.stage.bergwerk-it.de\/peintures-fresques-et-icones\/"},"modified":"2025-12-19T13:42:35","modified_gmt":"2025-12-19T12:42:35","slug":"peintures-fresques-et-icones","status":"publish","type":"page","link":"https:\/\/www.sudariumchristi.com\/fr\/peintures-fresques-et-icones\/","title":{"rendered":"Peintures, fresques et ic\u00f4nes"},"content":{"rendered":"\t\t<div data-elementor-type=\"wp-page\" data-elementor-id=\"329\" class=\"elementor elementor-329 elementor-35\" data-elementor-post-type=\"page\">\n\t\t\t\t<div class=\"elementor-element elementor-element-ec9d5da e-flex e-con-boxed e-con e-parent\" data-id=\"ec9d5da\" data-element_type=\"container\" data-e-type=\"container\">\n\t\t\t\t\t<div class=\"e-con-inner\">\n\t\t<div class=\"elementor-element elementor-element-710d013 e-con-full e-flex e-con e-child\" data-id=\"710d013\" data-element_type=\"container\" data-e-type=\"container\">\n\t\t\t\t<div class=\"elementor-element elementor-element-aff23a6 elementor-blockquote--skin-quotation elementor-blockquote--align-left elementor-widget elementor-widget-blockquote\" data-id=\"aff23a6\" data-element_type=\"widget\" data-e-type=\"widget\" data-widget_type=\"blockquote.default\">\n\t\t\t\t\t\t\t<blockquote class=\"elementor-blockquote\">\n\t\t\t<p class=\"elementor-blockquote__content\">\n\t\t\t\tLa plus belle chose au monde :\nun visage, \u00e9clair\u00e9 par l\u2019Esprit,\ndans lequel habite une puret\u00e9 d\u2019\u00e2me\ntr\u00f4nant sur une paix c\u00e9leste.<br>\n- Friedrich Gottlieb Klopstock (1724 - 1803)\t\t\t<\/p>\n\t\t\t\t\t<\/blockquote>\n\t\t\t\t\t\t<\/div>\n\t\t\t\t<div class=\"elementor-element elementor-element-a6c556d elementor-widget elementor-widget-text-editor\" data-id=\"a6c556d\" data-element_type=\"widget\" data-e-type=\"widget\" data-widget_type=\"text-editor.default\">\n\t\t\t\t\t\t\t\t\t<p class=\"txt1\"><b>Seul une discr\u00e8te m\u00e8che de cheveux<\/b> sur le front de J\u00e9sus-Christ est le fil conducteur \u00e0 travers l\u2019histoire de l\u2019art et renvoie au Voile de Manoppello en tant que mod\u00e8le. Les contours flous du Suaire de Turin n\u2019auraient, \u00e0 eux seuls, pas permis une reproduction si pr\u00e9cise. <\/p><p class=\"txt1\"><b>Malgr\u00e9 l\u2019interdiction de repr\u00e9sentation<\/b> de l\u2019Ancien Testament et la querelle des images \u00e0 Byzance, le besoin des chr\u00e9tiens de cr\u00e9er une image devint pr\u00e9dominant. Dans son livre \u00ab Das Antlitz Christi \u00bb (\u2018Le visage du Christ\u2019), Andreas Resch d\u00e9masque en 2005 des \u0153uvres telles que \u00ab Le bon pasteur \u00bb (Catacombe de Priscilla) comme repr\u00e9sentations du Christ clandestines. Il applique le principe de la superposition, d\u00e9velopp\u00e9 par S\u0153ur Blandina pour prouver la concordance de divers suaires, \u00e0 des repr\u00e9sentations pal\u00e9ochr\u00e9tiennes dans les catacombes de Rome et sur des ic\u00f4nes.  <\/p><p class=\"txt1\"><b>Jusqu\u2019au 17e si\u00e8cle, <\/b>de nombreuses \u0153uvres d\u2019art poss\u00e9daient les caract\u00e9ristiques du Saint Voile, lui ressemblant de mani\u00e8re frappante, telle que la Vera Icon sur le suaire du ma\u00eetre de Fl\u00e9maille (probablement 1375 &#8211; 1444). Dans ce type de reproductions tr\u00e8s proches de l\u2019original, seuls le visage et les cheveux sont repr\u00e9sent\u00e9s \u2013 avec ou sans voile. <\/p><p class=\"txt1\">En tant <b>qu\u2019ic\u00f4ne originale,<\/b> le Saint Voile servit aussi bien en Orient (Byzance) qu\u2019en Occident au d\u00e9veloppement d\u2019un id\u00e9al de beaut\u00e9 divin sous l\u2019angle de la g\u00e9om\u00e9trie. Cela n\u2019est pas uniquement valable pour les copies et mod\u00e8les pour les ic\u00f4nes, mais aussi pour les cr\u00e9ations librement inspir\u00e9es du Saint Voile. De nombreuses repr\u00e9sentations sont marqu\u00e9es par l\u2019\u00e9poque o\u00f9 elles ont vu le jour ; les r\u00e8gles correspondantes, telles que p. ex. celles de la peinture de portraits, furent appliqu\u00e9es. L\u2019on recourt parfois \u00e0 un style de peinture plus ancien afin de conf\u00e9rer une plus grande authenticit\u00e9 au portrait. L\u2019expression du visage, quant \u00e0 elle, refl\u00e8te le r\u00f4le attribu\u00e9 \u00e0 J\u00e9sus-Christ.    <\/p><p class=\"txt1\">La repr\u00e9sentation du Saint Voile est souvent int\u00e9gr\u00e9e \u00e0 une <b>histoire imag\u00e9e.<\/b> L\u2019origine de la relique, p. ex., est expliqu\u00e9e de diff\u00e9rentes fa\u00e7ons par l\u2019introduction de personnages qui la tiennent en main. Si V\u00e9ronique pr\u00e9sente l\u2019empreinte du voile pour qu\u2019elle soit v\u00e9n\u00e9r\u00e9e, la repr\u00e9sentation de la relique et de la l\u00e9gende sont r\u00e9unies sur une image. Si les anges tiennent l\u2019image du Christ, l\u2019origine divine est soulign\u00e9e. En outre, le fait que les plis ne se poursuivent pas sur le visage de J\u00e9sus-Christ \u2013 celui-ci flottant pour ainsi dire devant le tissu \u2013 fait allusion \u00e0 une origine surnaturelle.    <\/p>\t\t\t\t\t\t\t\t<\/div>\n\t\t\t\t<\/div>\n\t\t<div class=\"elementor-element elementor-element-797ddf0 e-con-full e-flex e-con e-child\" data-id=\"797ddf0\" data-element_type=\"container\" data-e-type=\"container\">\n\t\t\t\t<div class=\"elementor-element elementor-element-f30ddd2 elementor-widget elementor-widget-image\" data-id=\"f30ddd2\" data-element_type=\"widget\" data-e-type=\"widget\" data-widget_type=\"image.default\">\n\t\t\t\t\t\t\t\t\t\t\t\t\t\t\t<img fetchpriority=\"high\" decoding=\"async\" width=\"300\" height=\"352\" src=\"https:\/\/www.sudariumchristi.com\/wp-content\/uploads\/2025\/12\/ikonen.jpg\" class=\"attachment-large size-large wp-image-1980\" alt=\"\" srcset=\"https:\/\/www.sudariumchristi.com\/wp-content\/uploads\/2025\/12\/ikonen.jpg 300w, https:\/\/www.sudariumchristi.com\/wp-content\/uploads\/2025\/12\/ikonen-256x300.jpg 256w\" sizes=\"(max-width: 300px) 100vw, 300px\" \/>\t\t\t\t\t\t\t\t\t\t\t\t\t\t\t<\/div>\n\t\t\t\t<\/div>\n\t\t\t\t\t<\/div>\n\t\t\t\t<\/div>\n\t\t\t\t<\/div>\n\t\t","protected":false},"excerpt":{"rendered":"<p>La plus belle chose au monde : un visage, \u00e9clair\u00e9 par l\u2019Esprit, dans lequel habite une puret\u00e9 d\u2019\u00e2me tr\u00f4nant sur une paix c\u00e9leste. &#8211; Friedrich Gottlieb Klopstock (1724 &#8211; 1803) Seul une discr\u00e8te m\u00e8che de cheveux sur le front de J\u00e9sus-Christ est le fil conducteur \u00e0 travers l\u2019histoire de l\u2019art et renvoie au Voile de [&hellip;]<\/p>\n","protected":false},"author":1,"featured_media":0,"parent":0,"menu_order":0,"comment_status":"closed","ping_status":"closed","template":"","meta":{"footnotes":""},"class_list":["post-329","page","type-page","status-publish","hentry"],"_links":{"self":[{"href":"https:\/\/www.sudariumchristi.com\/fr\/wp-json\/wp\/v2\/pages\/329","targetHints":{"allow":["GET"]}}],"collection":[{"href":"https:\/\/www.sudariumchristi.com\/fr\/wp-json\/wp\/v2\/pages"}],"about":[{"href":"https:\/\/www.sudariumchristi.com\/fr\/wp-json\/wp\/v2\/types\/page"}],"author":[{"embeddable":true,"href":"https:\/\/www.sudariumchristi.com\/fr\/wp-json\/wp\/v2\/users\/1"}],"replies":[{"embeddable":true,"href":"https:\/\/www.sudariumchristi.com\/fr\/wp-json\/wp\/v2\/comments?post=329"}],"version-history":[{"count":5,"href":"https:\/\/www.sudariumchristi.com\/fr\/wp-json\/wp\/v2\/pages\/329\/revisions"}],"predecessor-version":[{"id":3654,"href":"https:\/\/www.sudariumchristi.com\/fr\/wp-json\/wp\/v2\/pages\/329\/revisions\/3654"}],"wp:attachment":[{"href":"https:\/\/www.sudariumchristi.com\/fr\/wp-json\/wp\/v2\/media?parent=329"}],"curies":[{"name":"wp","href":"https:\/\/api.w.org\/{rel}","templated":true}]}}