{"id":386,"date":"2025-11-05T16:47:07","date_gmt":"2025-11-05T15:47:07","guid":{"rendered":"http:\/\/sudariumchristi.stage.bergwerk-it.de\/devoilement\/"},"modified":"2025-12-19T13:44:42","modified_gmt":"2025-12-19T12:44:42","slug":"devoilement","status":"publish","type":"page","link":"https:\/\/www.sudariumchristi.com\/fr\/poesie-et-verite\/devoilement\/","title":{"rendered":"D\u00e9voilement"},"content":{"rendered":"\t\t<div data-elementor-type=\"wp-page\" data-elementor-id=\"386\" class=\"elementor elementor-386 elementor-41\" data-elementor-post-type=\"page\">\n\t\t\t\t<div class=\"elementor-element elementor-element-b9eddc1 e-flex e-con-boxed e-con e-parent\" data-id=\"b9eddc1\" data-element_type=\"container\" data-e-type=\"container\">\n\t\t\t\t\t<div class=\"e-con-inner\">\n\t\t<div class=\"elementor-element elementor-element-e67f4bb e-con-full e-flex e-con e-child\" data-id=\"e67f4bb\" data-element_type=\"container\" data-e-type=\"container\">\n\t\t\t\t<div class=\"elementor-element elementor-element-7874ebf elementor-widget elementor-widget-text-editor\" data-id=\"7874ebf\" data-element_type=\"widget\" data-e-type=\"widget\" data-widget_type=\"text-editor.default\">\n\t\t\t\t\t\t\t\t\t<p class=\"txt1\">En 1977, \u00e0 l\u2019occasion du Congr\u00e8s eucharistique de Pescara, le capucin Domenico da Cese, dont on essaie d\u2019obtenir la b\u00e9atification actuellement, organisa une exposition avec des photos du Voile de Manoppello, ce que relata le journaliste italien Renzo Allegri. En 1979, cet article tomba dans les mains de la trappistine Blandina Paschalis Schl\u00f6mer, qui reconnut les correspondances entre les traits du Voile de Manoppello et ceux du Saint Suaire. \u00c0 l\u2019aide de points d\u2019orientation, la pharmacienne et iconographe allemande d\u00e9veloppa une technique de superposition et put, par concordance, fournir la preuve que les images des deux linges \u00e9taient celles de la m\u00eame personne. Depuis 2003, S\u0153ur Blandina vit en tant qu\u2019ermite \u00e0 Manoppello.   <\/p><p class=\"txt1\">Elle r\u00e9ussit \u00e0 \u00e9veiller l\u2019int\u00e9r\u00eat du professeur j\u00e9suite Heinrich Pfeiffer S.J., professeur d\u2019histoire de l\u2019art chr\u00e9tien \u00e0 l\u2019Universit\u00e9 pontificale gr\u00e9gorienne \u00e0 Rome, qui finit par \u00eatre convaincu que le Voile de Manoppello \u00e9tait bien la V\u00e9ronique disparue du Vatican.<\/p><p class=\"txt1\">\u00ab Le vrai visage de J\u00e9sus \u00bb, annon\u00e7ait le journal allemand Die Welt le 23 septembre 2004, avec un article de Paul Badde, un journaliste qui, pour la premi\u00e8re fois, partagea le r\u00e9sultat de ses recherches \u00e9labor\u00e9es avec un large public.<\/p><p class=\"txt1\">Le 1er septembre 2006, le pape Beno\u00eet XVI se rendit \u00e0 Manoppello pour v\u00e9n\u00e9rer le Saint Voile.<\/p>\t\t\t\t\t\t\t\t<\/div>\n\t\t\t\t<div class=\"elementor-element elementor-element-73e0241 elementor-widget elementor-widget-text-editor\" data-id=\"73e0241\" data-element_type=\"widget\" data-e-type=\"widget\" data-widget_type=\"text-editor.default\">\n\t\t\t\t\t\t\t\t\t<div class=\"thoughts2\"><a href=\"https:\/\/www.sudariumchristi.com\/wp-content\/uploads\/2025\/12\/speech.pdf\">Jesus Christus, Mittler und F\u00fclle der Offenbarung (PDF herunterladen)<\/a><br>Ansprache von Papst Benedikt XVI. bei der Generalaudienz am 16. Januar 2013<br><i>Vatikanstadt, 16. Januar 2013 (ZENIT.org).<\/i><\/div>\t\t\t\t\t\t\t\t<\/div>\n\t\t\t\t<\/div>\n\t\t<div class=\"elementor-element elementor-element-c5e86ff e-con-full e-flex e-con e-child\" data-id=\"c5e86ff\" data-element_type=\"container\" data-e-type=\"container\">\n\t\t\t\t<div class=\"elementor-element elementor-element-b525252 elementor-widget elementor-widget-image\" data-id=\"b525252\" data-element_type=\"widget\" data-e-type=\"widget\" data-widget_type=\"image.default\">\n\t\t\t\t\t\t\t\t\t\t\t\t<figure class=\"wp-caption\">\n\t\t\t\t\t\t\t\t\t\t<img fetchpriority=\"high\" decoding=\"async\" width=\"300\" height=\"400\" src=\"https:\/\/www.sudariumchristi.com\/wp-content\/uploads\/2025\/12\/veil.jpg\" class=\"attachment-large size-large wp-image-1461\" alt=\"\" srcset=\"https:\/\/www.sudariumchristi.com\/wp-content\/uploads\/2025\/12\/veil.jpg 300w, https:\/\/www.sudariumchristi.com\/wp-content\/uploads\/2025\/12\/veil-225x300.jpg 225w\" sizes=\"(max-width: 300px) 100vw, 300px\" \/>\t\t\t\t\t\t\t\t\t\t\t<figcaption class=\"widget-image-caption wp-caption-text\">Superposition du Saint Voile et du Suaire de Turin.<\/figcaption>\n\t\t\t\t\t\t\t\t\t\t<\/figure>\n\t\t\t\t\t\t\t\t\t<\/div>\n\t\t\t\t<div class=\"elementor-element elementor-element-c0ef2c3 elementor-widget elementor-widget-image\" data-id=\"c0ef2c3\" data-element_type=\"widget\" data-e-type=\"widget\" data-widget_type=\"image.default\">\n\t\t\t\t\t\t\t\t\t\t\t\t<figure class=\"wp-caption\">\n\t\t\t\t\t\t\t\t\t\t<img decoding=\"async\" width=\"300\" height=\"185\" src=\"https:\/\/www.sudariumchristi.com\/wp-content\/uploads\/2025\/12\/pope.jpg\" class=\"attachment-large size-large wp-image-1462\" alt=\"\" \/>\t\t\t\t\t\t\t\t\t\t\t<figcaption class=\"widget-image-caption wp-caption-text\">Le 1er septembre 2006, le pape Beno\u00eet XVI se rendit \u00e0 Manoppello pour v\u00e9n\u00e9rer le Saint Voile.<\/figcaption>\n\t\t\t\t\t\t\t\t\t\t<\/figure>\n\t\t\t\t\t\t\t\t\t<\/div>\n\t\t\t\t<\/div>\n\t\t\t\t\t<\/div>\n\t\t\t\t<\/div>\n\t\t\t\t<\/div>\n\t\t","protected":false},"excerpt":{"rendered":"<p>En 1977, \u00e0 l\u2019occasion du Congr\u00e8s eucharistique de Pescara, le capucin Domenico da Cese, dont on essaie d\u2019obtenir la b\u00e9atification actuellement, organisa une exposition avec des photos du Voile de Manoppello, ce que relata le journaliste italien Renzo Allegri. En 1979, cet article tomba dans les mains de la trappistine Blandina Paschalis Schl\u00f6mer, qui reconnut [&hellip;]<\/p>\n","protected":false},"author":1,"featured_media":0,"parent":345,"menu_order":0,"comment_status":"closed","ping_status":"closed","template":"","meta":{"footnotes":""},"class_list":["post-386","page","type-page","status-publish","hentry"],"_links":{"self":[{"href":"https:\/\/www.sudariumchristi.com\/fr\/wp-json\/wp\/v2\/pages\/386","targetHints":{"allow":["GET"]}}],"collection":[{"href":"https:\/\/www.sudariumchristi.com\/fr\/wp-json\/wp\/v2\/pages"}],"about":[{"href":"https:\/\/www.sudariumchristi.com\/fr\/wp-json\/wp\/v2\/types\/page"}],"author":[{"embeddable":true,"href":"https:\/\/www.sudariumchristi.com\/fr\/wp-json\/wp\/v2\/users\/1"}],"replies":[{"embeddable":true,"href":"https:\/\/www.sudariumchristi.com\/fr\/wp-json\/wp\/v2\/comments?post=386"}],"version-history":[{"count":4,"href":"https:\/\/www.sudariumchristi.com\/fr\/wp-json\/wp\/v2\/pages\/386\/revisions"}],"predecessor-version":[{"id":3718,"href":"https:\/\/www.sudariumchristi.com\/fr\/wp-json\/wp\/v2\/pages\/386\/revisions\/3718"}],"up":[{"embeddable":true,"href":"https:\/\/www.sudariumchristi.com\/fr\/wp-json\/wp\/v2\/pages\/345"}],"wp:attachment":[{"href":"https:\/\/www.sudariumchristi.com\/fr\/wp-json\/wp\/v2\/media?parent=386"}],"curies":[{"name":"wp","href":"https:\/\/api.w.org\/{rel}","templated":true}]}}