{"id":394,"date":"2025-11-05T16:48:44","date_gmt":"2025-11-05T15:48:44","guid":{"rendered":"http:\/\/sudariumchristi.stage.bergwerk-it.de\/marie-la-mere-de-dieu\/"},"modified":"2025-12-19T13:45:02","modified_gmt":"2025-12-19T12:45:02","slug":"marie-la-mere-de-dieu","status":"publish","type":"page","link":"https:\/\/www.sudariumchristi.com\/fr\/marie-la-mere-de-dieu\/","title":{"rendered":"Marie, la m\u00e8re de Dieu"},"content":{"rendered":"\t\t<div data-elementor-type=\"wp-page\" data-elementor-id=\"394\" class=\"elementor elementor-394 elementor-51\" data-elementor-post-type=\"page\">\n\t\t\t\t<div class=\"elementor-element elementor-element-7891ae7 e-flex e-con-boxed e-con e-parent\" data-id=\"7891ae7\" data-element_type=\"container\" data-e-type=\"container\">\n\t\t\t\t\t<div class=\"e-con-inner\">\n\t\t<div class=\"elementor-element elementor-element-9c9a684 e-con-full e-flex e-con e-child\" data-id=\"9c9a684\" data-element_type=\"container\" data-e-type=\"container\">\n\t\t\t\t<div class=\"elementor-element elementor-element-15256e5 elementor-widget elementor-widget-text-editor\" data-id=\"15256e5\" data-element_type=\"widget\" data-e-type=\"widget\" data-widget_type=\"text-editor.default\">\n\t\t\t\t\t\t\t\t\t<p>Comme Marie pr\u00e9c\u00e9da J\u00e9sus dans la vie, son voile apparut lui aussi \u00e0 Manoppello avant le suaire de son fils (tous deux en byssus) : en 1320, le comte Tommaso degli Orsini de Manoppello fit cadeau de ce voile \u00e0 saint Fran\u00e7ois d\u2019Assise, apr\u00e8s avoir \u00e9t\u00e9 gu\u00e9ri d\u2019une maladie incurable.<\/p>\t\t\t\t\t\t\t\t<\/div>\n\t\t\t\t<\/div>\n\t\t<div class=\"elementor-element elementor-element-17684ca e-con-full e-flex e-con e-child\" data-id=\"17684ca\" data-element_type=\"container\" data-e-type=\"container\">\n\t\t\t\t<div class=\"elementor-element elementor-element-8170f8b elementor-widget elementor-widget-image\" data-id=\"8170f8b\" data-element_type=\"widget\" data-e-type=\"widget\" data-widget_type=\"image.default\">\n\t\t\t\t\t\t\t\t\t\t\t\t<figure class=\"wp-caption\">\n\t\t\t\t\t\t\t\t\t\t<img fetchpriority=\"high\" decoding=\"async\" width=\"300\" height=\"224\" src=\"https:\/\/www.sudariumchristi.com\/wp-content\/uploads\/2025\/12\/maria_1.jpg\" class=\"attachment-large size-large wp-image-2050\" alt=\"\" \/>\t\t\t\t\t\t\t\t\t\t\t<figcaption class=\"widget-image-caption wp-caption-text\">Le voile de Byssus de la Vierge Marie \u00e0 Assise<\/figcaption>\n\t\t\t\t\t\t\t\t\t\t<\/figure>\n\t\t\t\t\t\t\t\t\t<\/div>\n\t\t\t\t<\/div>\n\t\t\t\t\t<\/div>\n\t\t\t\t<\/div>\n\t\t\t\t<\/div>\n\t\t","protected":false},"excerpt":{"rendered":"<p>Comme Marie pr\u00e9c\u00e9da J\u00e9sus dans la vie, son voile apparut lui aussi \u00e0 Manoppello avant le suaire de son fils (tous deux en byssus) : en 1320, le comte Tommaso degli Orsini de Manoppello fit cadeau de ce voile \u00e0 saint Fran\u00e7ois d\u2019Assise, apr\u00e8s avoir \u00e9t\u00e9 gu\u00e9ri d\u2019une maladie incurable. Le voile de Byssus de [&hellip;]<\/p>\n","protected":false},"author":1,"featured_media":0,"parent":0,"menu_order":0,"comment_status":"closed","ping_status":"closed","template":"","meta":{"footnotes":""},"class_list":["post-394","page","type-page","status-publish","hentry"],"_links":{"self":[{"href":"https:\/\/www.sudariumchristi.com\/fr\/wp-json\/wp\/v2\/pages\/394","targetHints":{"allow":["GET"]}}],"collection":[{"href":"https:\/\/www.sudariumchristi.com\/fr\/wp-json\/wp\/v2\/pages"}],"about":[{"href":"https:\/\/www.sudariumchristi.com\/fr\/wp-json\/wp\/v2\/types\/page"}],"author":[{"embeddable":true,"href":"https:\/\/www.sudariumchristi.com\/fr\/wp-json\/wp\/v2\/users\/1"}],"replies":[{"embeddable":true,"href":"https:\/\/www.sudariumchristi.com\/fr\/wp-json\/wp\/v2\/comments?post=394"}],"version-history":[{"count":4,"href":"https:\/\/www.sudariumchristi.com\/fr\/wp-json\/wp\/v2\/pages\/394\/revisions"}],"predecessor-version":[{"id":3736,"href":"https:\/\/www.sudariumchristi.com\/fr\/wp-json\/wp\/v2\/pages\/394\/revisions\/3736"}],"wp:attachment":[{"href":"https:\/\/www.sudariumchristi.com\/fr\/wp-json\/wp\/v2\/media?parent=394"}],"curies":[{"name":"wp","href":"https:\/\/api.w.org\/{rel}","templated":true}]}}