{"id":408,"date":"2025-11-05T16:49:20","date_gmt":"2025-11-05T15:49:20","guid":{"rendered":"http:\/\/sudariumchristi.stage.bergwerk-it.de\/notre-dame-de-guadalupe\/des-roses-en-hiver\/"},"modified":"2025-12-19T13:45:22","modified_gmt":"2025-12-19T12:45:22","slug":"des-roses-en-hiver","status":"publish","type":"page","link":"https:\/\/www.sudariumchristi.com\/fr\/notre-dame-de-guadalupe\/des-roses-en-hiver\/","title":{"rendered":"Des roses en hiver"},"content":{"rendered":"\t\t<div data-elementor-type=\"wp-page\" data-elementor-id=\"408\" class=\"elementor elementor-408 elementor-54\" data-elementor-post-type=\"page\">\n\t\t\t\t<div class=\"elementor-element elementor-element-0c17328 e-flex e-con-boxed e-con e-parent\" data-id=\"0c17328\" data-element_type=\"container\" data-e-type=\"container\">\n\t\t\t\t\t<div class=\"e-con-inner\">\n\t\t\t\t<div class=\"elementor-element elementor-element-22ef8f8 elementor-widget__width-initial elementor-widget elementor-widget-image-carousel\" data-id=\"22ef8f8\" data-element_type=\"widget\" data-e-type=\"widget\" data-settings=\"{&quot;slides_to_show&quot;:&quot;1&quot;,&quot;navigation&quot;:&quot;none&quot;,&quot;lazyload&quot;:&quot;yes&quot;,&quot;autoplay&quot;:&quot;yes&quot;,&quot;pause_on_hover&quot;:&quot;yes&quot;,&quot;pause_on_interaction&quot;:&quot;yes&quot;,&quot;autoplay_speed&quot;:5000,&quot;infinite&quot;:&quot;yes&quot;,&quot;effect&quot;:&quot;slide&quot;,&quot;speed&quot;:500}\" data-widget_type=\"image-carousel.default\">\n\t\t\t\t\t\t\t<div class=\"elementor-image-carousel-wrapper swiper\" role=\"region\" aria-roledescription=\"carousel\" aria-label=\"Bild Karussell\" dir=\"ltr\">\n\t\t\t<div class=\"elementor-image-carousel swiper-wrapper swiper-image-stretch\" aria-live=\"off\">\n\t\t\t\t\t\t\t\t<div class=\"swiper-slide\" role=\"group\" aria-roledescription=\"slide\" aria-label=\"1 sur 6\"><figure class=\"swiper-slide-inner\"><img class=\"swiper-slide-image swiper-lazy\" data-src=\"https:\/\/www.sudariumchristi.com\/wp-content\/uploads\/2025\/12\/la-villa_01.jpg\" alt=\"La Villa, Mexico D.F.\" \/><div class=\"swiper-lazy-preloader\"><\/div><figcaption class=\"elementor-image-carousel-caption\">La Villa, Mexico D.F.<\/figcaption><\/figure><\/div><div class=\"swiper-slide\" role=\"group\" aria-roledescription=\"slide\" aria-label=\"2 sur 6\"><figure class=\"swiper-slide-inner\"><img class=\"swiper-slide-image swiper-lazy\" data-src=\"https:\/\/www.sudariumchristi.com\/wp-content\/uploads\/2025\/12\/la-villa_02.jpg\" alt=\"La Villa, Mexico D.F.\" \/><div class=\"swiper-lazy-preloader\"><\/div><figcaption class=\"elementor-image-carousel-caption\">La Villa, Mexico D.F.<\/figcaption><\/figure><\/div><div class=\"swiper-slide\" role=\"group\" aria-roledescription=\"slide\" aria-label=\"3 sur 6\"><figure class=\"swiper-slide-inner\"><img class=\"swiper-slide-image swiper-lazy\" data-src=\"https:\/\/www.sudariumchristi.com\/wp-content\/uploads\/2025\/12\/la-villa_03.jpg\" alt=\"La Villa, Mexico D.F.\" \/><div class=\"swiper-lazy-preloader\"><\/div><figcaption class=\"elementor-image-carousel-caption\">La Villa, Mexico D.F.<\/figcaption><\/figure><\/div><div class=\"swiper-slide\" role=\"group\" aria-roledescription=\"slide\" aria-label=\"4 sur 6\"><figure class=\"swiper-slide-inner\"><img class=\"swiper-slide-image swiper-lazy\" data-src=\"https:\/\/www.sudariumchristi.com\/wp-content\/uploads\/2025\/12\/la-villa_04.jpg\" alt=\"La Villa, Mexico D.F.\" \/><div class=\"swiper-lazy-preloader\"><\/div><figcaption class=\"elementor-image-carousel-caption\">La Villa, Mexico D.F.<\/figcaption><\/figure><\/div><div class=\"swiper-slide\" role=\"group\" aria-roledescription=\"slide\" aria-label=\"5 sur 6\"><figure class=\"swiper-slide-inner\"><img class=\"swiper-slide-image swiper-lazy\" data-src=\"https:\/\/www.sudariumchristi.com\/wp-content\/uploads\/2025\/12\/la-villa_05.jpg\" alt=\"La Villa, Mexico D.F.\" \/><div class=\"swiper-lazy-preloader\"><\/div><figcaption class=\"elementor-image-carousel-caption\">La Villa, Mexico D.F.<\/figcaption><\/figure><\/div><div class=\"swiper-slide\" role=\"group\" aria-roledescription=\"slide\" aria-label=\"6 sur 6\"><figure class=\"swiper-slide-inner\"><img class=\"swiper-slide-image swiper-lazy\" data-src=\"https:\/\/www.sudariumchristi.com\/wp-content\/uploads\/2025\/12\/la-villa_06.jpg\" alt=\"La Villa, Mexico D.F.\" \/><div class=\"swiper-lazy-preloader\"><\/div><figcaption class=\"elementor-image-carousel-caption\">La Villa, Mexico D.F.<\/figcaption><\/figure><\/div>\t\t\t<\/div>\n\t\t\t\t\t\t\t\n\t\t\t\t\t\t\t\t\t<\/div>\n\t\t\t\t\t\t<\/div>\n\t\t\t\t<div class=\"elementor-element elementor-element-8960847 elementor-widget elementor-widget-text-editor\" data-id=\"8960847\" data-element_type=\"widget\" data-e-type=\"widget\" data-widget_type=\"text-editor.default\">\n\t\t\t\t\t\t\t\t\t<p class=\"txt1\"><b>Le 9 d\u00e9cembre 1531,<\/b> le jour de l\u2019\u00ab Immacul\u00e9e Conception de Marie \u00bb, la Sainte Vierge Marie appara\u00eet \u00e0 Juan Diego, un Azt\u00e8que baptis\u00e9, sur la colline de Tepeyac. Au m\u00eame endroit se trouvait auparavant, au nord de la ville de Mexico conquise par les Espagnols dix ans plus t\u00f4t, un sanctuaire en l\u2019honneur de la d\u00e9esse m\u00e8re et d\u00e9esse de la terre azt\u00e8que Tonantzin. La Vierge Marie chargea Juan Diego de demander \u00e0 l\u2019\u00e9v\u00eaque de faire construire une \u00e9glise \u00e0 cet endroit. Celui-ci refusa tout d\u2019abord d\u2019accorder de l\u2019importance au r\u00e9cit de cet homme simple. Juan Diego est donc retourn\u00e9 plusieurs fois chez ce dernier, encourag\u00e9 par d\u2019autres apparitions de la Vierge. Finalement, l\u2019\u00e9v\u00eaque exigea un signe, que la Vierge Marie accorda \u00e0 Juan Diego lors de sa quatri\u00e8me et derni\u00e8re apparition, le 12 d\u00e9cembre : au sommet de la colline, o\u00f9 ne poussaient habituellement que des plantes particuli\u00e8rement r\u00e9sistantes, il trouva des roses en fleur en plein hiver. Lorsque les roses parfum\u00e9es tomb\u00e8rent de son manteau \u00e0 l\u2019\u00e9v\u00each\u00e9, l\u2019image repr\u00e9sentant la Vierge Marie s\u2019imprima sur le tissu. Le m\u00eame jour, la Vierge Marie apparut \u00e9galement \u00e0 l\u2019oncle de Juan Diego, qu\u2019elle gu\u00e9rit d\u2019une maladie mortelle ; elle lui dit aussi qu\u2019elle souhaitait qu\u2019on la v\u00e9n\u00e8re en tant que Sainte Vierge de Guadalupe.       <\/p><p class=\"txt1\">Une petite chapelle fut encore \u00e9rig\u00e9e l\u00e0-haut la m\u00eame ann\u00e9e, le 26 d\u00e9cembre. Aujourd\u2019hui, la \u00ab Bas\u00edlica de Nuestra Se\u00f1ora de Guadalupe \u00bb avec l\u2019image miraculeuse peut accueillir 10 000 personnes. Avec vingt millions de p\u00e8lerins par an, elle est le lieu de p\u00e8lerinage le plus visit\u00e9 du monde chr\u00e9tien.  <\/p>\t\t\t\t\t\t\t\t<\/div>\n\t\t\t\t\t<\/div>\n\t\t\t\t<\/div>\n\t\t\t\t<\/div>\n\t\t","protected":false},"excerpt":{"rendered":"<p>La Villa, Mexico D.F. La Villa, Mexico D.F. La Villa, Mexico D.F. La Villa, Mexico D.F. La Villa, Mexico D.F. La Villa, Mexico D.F. Le 9 d\u00e9cembre 1531, le jour de l\u2019\u00ab Immacul\u00e9e Conception de Marie \u00bb, la Sainte Vierge Marie appara\u00eet \u00e0 Juan Diego, un Azt\u00e8que baptis\u00e9, sur la colline de Tepeyac. Au m\u00eame [&hellip;]<\/p>\n","protected":false},"author":1,"featured_media":0,"parent":400,"menu_order":0,"comment_status":"closed","ping_status":"closed","template":"","meta":{"footnotes":""},"class_list":["post-408","page","type-page","status-publish","hentry"],"_links":{"self":[{"href":"https:\/\/www.sudariumchristi.com\/fr\/wp-json\/wp\/v2\/pages\/408","targetHints":{"allow":["GET"]}}],"collection":[{"href":"https:\/\/www.sudariumchristi.com\/fr\/wp-json\/wp\/v2\/pages"}],"about":[{"href":"https:\/\/www.sudariumchristi.com\/fr\/wp-json\/wp\/v2\/types\/page"}],"author":[{"embeddable":true,"href":"https:\/\/www.sudariumchristi.com\/fr\/wp-json\/wp\/v2\/users\/1"}],"replies":[{"embeddable":true,"href":"https:\/\/www.sudariumchristi.com\/fr\/wp-json\/wp\/v2\/comments?post=408"}],"version-history":[{"count":4,"href":"https:\/\/www.sudariumchristi.com\/fr\/wp-json\/wp\/v2\/pages\/408\/revisions"}],"predecessor-version":[{"id":3745,"href":"https:\/\/www.sudariumchristi.com\/fr\/wp-json\/wp\/v2\/pages\/408\/revisions\/3745"}],"up":[{"embeddable":true,"href":"https:\/\/www.sudariumchristi.com\/fr\/wp-json\/wp\/v2\/pages\/400"}],"wp:attachment":[{"href":"https:\/\/www.sudariumchristi.com\/fr\/wp-json\/wp\/v2\/media?parent=408"}],"curies":[{"name":"wp","href":"https:\/\/api.w.org\/{rel}","templated":true}]}}