{"id":416,"date":"2025-11-05T16:49:46","date_gmt":"2025-11-05T15:49:46","guid":{"rendered":"http:\/\/sudariumchristi.stage.bergwerk-it.de\/notre-dame-de-guadalupe\/une-oeuvre-non-faite-de-main-dhomme-une-comparaison\/"},"modified":"2025-12-19T13:41:48","modified_gmt":"2025-12-19T12:41:48","slug":"une-oeuvre-non-faite-de-main-dhomme-une-comparaison","status":"publish","type":"page","link":"https:\/\/www.sudariumchristi.com\/fr\/notre-dame-de-guadalupe\/une-oeuvre-non-faite-de-main-dhomme-une-comparaison\/","title":{"rendered":"Une \u0153uvre non faite de main d\u2019homme \u2013 une comparaison"},"content":{"rendered":"\t\t<div data-elementor-type=\"wp-page\" data-elementor-id=\"416\" class=\"elementor elementor-416 elementor-55\" data-elementor-post-type=\"page\">\n\t\t\t\t<div class=\"elementor-element elementor-element-a55d9d8 e-flex e-con-boxed e-con e-parent\" data-id=\"a55d9d8\" data-element_type=\"container\" data-e-type=\"container\">\n\t\t\t\t\t<div class=\"e-con-inner\">\n\t\t\t\t<div class=\"elementor-element elementor-element-fb8fbe6 elementor-widget__width-initial elementor-widget elementor-widget-image-carousel\" data-id=\"fb8fbe6\" data-element_type=\"widget\" data-e-type=\"widget\" data-settings=\"{&quot;slides_to_show&quot;:&quot;1&quot;,&quot;navigation&quot;:&quot;none&quot;,&quot;lazyload&quot;:&quot;yes&quot;,&quot;autoplay&quot;:&quot;yes&quot;,&quot;pause_on_hover&quot;:&quot;yes&quot;,&quot;pause_on_interaction&quot;:&quot;yes&quot;,&quot;autoplay_speed&quot;:5000,&quot;infinite&quot;:&quot;yes&quot;,&quot;effect&quot;:&quot;slide&quot;,&quot;speed&quot;:500}\" data-widget_type=\"image-carousel.default\">\n\t\t\t\t\t\t\t<div class=\"elementor-image-carousel-wrapper swiper\" role=\"region\" aria-roledescription=\"carousel\" aria-label=\"Bild Karussell\" dir=\"ltr\">\n\t\t\t<div class=\"elementor-image-carousel swiper-wrapper swiper-image-stretch\" aria-live=\"off\">\n\t\t\t\t\t\t\t\t<div class=\"swiper-slide\" role=\"group\" aria-roledescription=\"slide\" aria-label=\"1 sur 9\"><figure class=\"swiper-slide-inner\"><img class=\"swiper-slide-image swiper-lazy\" data-src=\"https:\/\/www.sudariumchristi.com\/wp-content\/uploads\/2025\/12\/la-villa_07.jpg\" alt=\"La Villa, Mexico D.F.\" \/><div class=\"swiper-lazy-preloader\"><\/div><figcaption class=\"elementor-image-carousel-caption\">La Villa, Mexico D.F.<\/figcaption><\/figure><\/div><div class=\"swiper-slide\" role=\"group\" aria-roledescription=\"slide\" aria-label=\"2 sur 9\"><figure class=\"swiper-slide-inner\"><img class=\"swiper-slide-image swiper-lazy\" data-src=\"https:\/\/www.sudariumchristi.com\/wp-content\/uploads\/2025\/12\/la-villa_08.jpg\" alt=\"La Villa, Mexico D.F.\" \/><div class=\"swiper-lazy-preloader\"><\/div><figcaption class=\"elementor-image-carousel-caption\">La Villa, Mexico D.F.<\/figcaption><\/figure><\/div><div class=\"swiper-slide\" role=\"group\" aria-roledescription=\"slide\" aria-label=\"3 sur 9\"><figure class=\"swiper-slide-inner\"><img class=\"swiper-slide-image swiper-lazy\" data-src=\"https:\/\/www.sudariumchristi.com\/wp-content\/uploads\/2025\/12\/la-villa_09.jpg\" alt=\"La Villa, Mexico D.F.\" \/><div class=\"swiper-lazy-preloader\"><\/div><figcaption class=\"elementor-image-carousel-caption\">La Villa, Mexico D.F.<\/figcaption><\/figure><\/div><div class=\"swiper-slide\" role=\"group\" aria-roledescription=\"slide\" aria-label=\"4 sur 9\"><figure class=\"swiper-slide-inner\"><img class=\"swiper-slide-image swiper-lazy\" data-src=\"https:\/\/www.sudariumchristi.com\/wp-content\/uploads\/2025\/12\/la-villa_10.jpg\" alt=\"La Villa, Mexico D.F.\" \/><div class=\"swiper-lazy-preloader\"><\/div><figcaption class=\"elementor-image-carousel-caption\">La Villa, Mexico D.F.<\/figcaption><\/figure><\/div><div class=\"swiper-slide\" role=\"group\" aria-roledescription=\"slide\" aria-label=\"5 sur 9\"><figure class=\"swiper-slide-inner\"><img class=\"swiper-slide-image swiper-lazy\" data-src=\"https:\/\/www.sudariumchristi.com\/wp-content\/uploads\/2025\/12\/la-villa_11.jpg\" alt=\"La Villa, Mexico D.F.\" \/><div class=\"swiper-lazy-preloader\"><\/div><figcaption class=\"elementor-image-carousel-caption\">La Villa, Mexico D.F.<\/figcaption><\/figure><\/div><div class=\"swiper-slide\" role=\"group\" aria-roledescription=\"slide\" aria-label=\"6 sur 9\"><figure class=\"swiper-slide-inner\"><img class=\"swiper-slide-image swiper-lazy\" data-src=\"https:\/\/www.sudariumchristi.com\/wp-content\/uploads\/2025\/12\/capilla-del-pocito_01.jpg\" alt=\"Capilla del Pocito\" \/><div class=\"swiper-lazy-preloader\"><\/div><figcaption class=\"elementor-image-carousel-caption\">Capilla del Pocito<\/figcaption><\/figure><\/div><div class=\"swiper-slide\" role=\"group\" aria-roledescription=\"slide\" aria-label=\"7 sur 9\"><figure class=\"swiper-slide-inner\"><img class=\"swiper-slide-image swiper-lazy\" data-src=\"https:\/\/www.sudariumchristi.com\/wp-content\/uploads\/2025\/12\/basilica_01.jpg\" alt=\"Basilica del Volto Santo, Manoppello\" \/><div class=\"swiper-lazy-preloader\"><\/div><figcaption class=\"elementor-image-carousel-caption\">Basilica del Volto Santo, Manoppello<\/figcaption><\/figure><\/div><div class=\"swiper-slide\" role=\"group\" aria-roledescription=\"slide\" aria-label=\"8 sur 9\"><figure class=\"swiper-slide-inner\"><img class=\"swiper-slide-image swiper-lazy\" data-src=\"https:\/\/www.sudariumchristi.com\/wp-content\/uploads\/2025\/12\/la-villa_12.jpg\" alt=\"La Villa, Mexico D.F.\" \/><div class=\"swiper-lazy-preloader\"><\/div><figcaption class=\"elementor-image-carousel-caption\">La Villa, Mexico D.F.<\/figcaption><\/figure><\/div><div class=\"swiper-slide\" role=\"group\" aria-roledescription=\"slide\" aria-label=\"9 sur 9\"><figure class=\"swiper-slide-inner\"><img class=\"swiper-slide-image swiper-lazy\" data-src=\"https:\/\/www.sudariumchristi.com\/wp-content\/uploads\/2025\/12\/la-villa_13.jpg\" alt=\"La Villa, Mexico D.F.\" \/><div class=\"swiper-lazy-preloader\"><\/div><figcaption class=\"elementor-image-carousel-caption\">La Villa, Mexico D.F.<\/figcaption><\/figure><\/div>\t\t\t<\/div>\n\t\t\t\t\t\t\t\n\t\t\t\t\t\t\t\t\t<\/div>\n\t\t\t\t\t\t<\/div>\n\t\t\t\t<div class=\"elementor-element elementor-element-12396a9 elementor-widget elementor-widget-text-editor\" data-id=\"12396a9\" data-element_type=\"widget\" data-e-type=\"widget\" data-widget_type=\"text-editor.default\">\n\t\t\t\t\t\t\t\t\t<div class=\"main\"><p class=\"txt1\">Avec leur perspective frontale, le Suaire de Turin et le Saint Voile de Manoppello font l\u2019effet de photos, d\u2019images biom\u00e9triques. Le portrait de Notre-Dame de Guadalupe \u00e0 Mexico, en revanche, rappelle beaucoup plus une peinture, les repr\u00e9sentations mariales dans l\u2019art. Huile, tempera, peinture \u00e0 l\u2019eau et tempera trait\u00e9e \u2013 les techniques de peinture les plus diverses semblent avoir \u00e9t\u00e9 utilis\u00e9es, sans que l\u2019on puisse d\u00e9cerner un trait de pinceau.  <\/p><p class=\"txt1\">Alors que la qualit\u00e9 \u00e9tait un facteur particuli\u00e8rement important pour le choix des suaires en tant que signe de respect, il s\u2019agit dans le cas de l\u2019image de Notre-Dame de Guadalupe d\u2019un mat\u00e9riau de qualit\u00e9 inf\u00e9rieure, n\u2019ayant g\u00e9n\u00e9ralement qu\u2019une courte dur\u00e9e de vie, vingt ans maximum. La tilma, que Juan Diego portait \u00e0 la mani\u00e8re d\u2019une toge romaine, \u00e9tait un tissu grossier en fibres d\u2019agave. Un appr\u00eat est indispensable pour pouvoir peindre sur un tel mat\u00e9riau. Celui-ci fait cependant enti\u00e8rement d\u00e9faut ; sinon, le motif ne pourrait pas \u00eatre per\u00e7u du c\u00f4t\u00e9 envers. Quelques irr\u00e9gularit\u00e9s du tissu ont manifestement \u00e9t\u00e9 exploit\u00e9es pour donner de la profondeur au visage. Malgr\u00e9 cela, la surface pr\u00e9sente un caract\u00e8re lisse que les chercheurs n\u2019arrivent pas \u00e0 expliquer. Alors que le Saint Voile peut \u00eatre contempl\u00e9 des deux c\u00f4t\u00e9s, l\u2019image de Notre-Dame de Guadalupe n\u2019est transparente que d\u2019un seul c\u00f4t\u00e9 ; une t\u00e2che verte se trouvant sur le c\u00f4t\u00e9 envers n\u2019est pas visible du c\u00f4t\u00e9 endroit.      <\/p><p class=\"txt1\">Tout comme pour les images se trouvant sur les deux autres tissus, il pourrait s\u2019agir d\u2019une repr\u00e9sentation en grandeur nature : la silhouette menue sur le manteau d\u2019environ 1,67 x 1,05 m mesure 1,43 m. De loin, l\u2019image para\u00eet plus grande, plus nette.<\/p><p class=\"txt1\">Contrairement au Suaire de Turin et au Saint Voile, l\u2019image miraculeuse de Notre-Dame de Guadalupe est accessible au grand public depuis son origine, longtemps sans protection particuli\u00e8re. En d\u00e9pit de conditions climatiques d\u00e9favorables, de la lumi\u00e8re des cierges, de la suie et de l\u2019encens, des innombrables p\u00e8lerins l\u2019ayant touch\u00e9e sans arr\u00eat, d\u2019un accident avec de l\u2019acide et d\u2019un attentat, non seulement le tissu, mais \u00e9galement les couleurs se trouvent dans un \u00e9tat de conservation \u00e9tonnamment bon. Les tons roses laissent p\u00e9n\u00e9trer la lumi\u00e8re infrarouge de mani\u00e8re inhabituelle et aucun pigment organique ou min\u00e9ral n\u2019a pu \u00eatre d\u00e9couvert. Tout comme dans le cas du Saint Voile ou des ailes des papillons, les couleurs, qui semblent changer selon l\u2019angle, sont cr\u00e9\u00e9es par r\u00e9fraction.   <\/p><p class=\"txt1\">Dans le cas de cette image acheiropo\u00ef\u00e8te (\u00ab non faite de main d\u2019homme \u00bb), les yeux ont une importance particuli\u00e8re ; de loin, ils semblent \u00eatre presque ferm\u00e9s, et ils sont de la m\u00eame couleur que ceux du Saint Voile. Diff\u00e9rents ph\u00e9nom\u00e8nes relatifs \u00e0 l\u2019\u0153il humain d\u00e9couverts au 19e si\u00e8cle quant aux reflets lumineux (Helmholtz) et aux r\u00e9flexions (Purkinje-Samson) se retrouvent dans les yeux de Notre-Dame de Guadalupe de mani\u00e8re pouvant \u00eatre prouv\u00e9e. En outre, la sc\u00e8ne du moment o\u00f9 l\u2019image appara\u00eet se refl\u00e8te dans les pupilles de la Vierge comme dans un \u0153il vivant, avec les distorsions dues \u00e0 la courbure de la corn\u00e9e ainsi qu\u2019un d\u00e9calage dans le second \u0153il. De nombreuses personnes pr\u00e9sentes ont pu \u00eatre identifi\u00e9es.    <\/p><\/div>\t\t\t\t\t\t\t\t<\/div>\n\t\t\t\t\t<\/div>\n\t\t\t\t<\/div>\n\t\t\t\t<\/div>\n\t\t","protected":false},"excerpt":{"rendered":"<p>La Villa, Mexico D.F. La Villa, Mexico D.F. La Villa, Mexico D.F. La Villa, Mexico D.F. La Villa, Mexico D.F. Capilla del Pocito Basilica del Volto Santo, Manoppello La Villa, Mexico D.F. La Villa, Mexico D.F. Avec leur perspective frontale, le Suaire de Turin et le Saint Voile de Manoppello font l\u2019effet de photos, d\u2019images [&hellip;]<\/p>\n","protected":false},"author":1,"featured_media":0,"parent":400,"menu_order":0,"comment_status":"closed","ping_status":"closed","template":"","meta":{"footnotes":""},"class_list":["post-416","page","type-page","status-publish","hentry"],"_links":{"self":[{"href":"https:\/\/www.sudariumchristi.com\/fr\/wp-json\/wp\/v2\/pages\/416","targetHints":{"allow":["GET"]}}],"collection":[{"href":"https:\/\/www.sudariumchristi.com\/fr\/wp-json\/wp\/v2\/pages"}],"about":[{"href":"https:\/\/www.sudariumchristi.com\/fr\/wp-json\/wp\/v2\/types\/page"}],"author":[{"embeddable":true,"href":"https:\/\/www.sudariumchristi.com\/fr\/wp-json\/wp\/v2\/users\/1"}],"replies":[{"embeddable":true,"href":"https:\/\/www.sudariumchristi.com\/fr\/wp-json\/wp\/v2\/comments?post=416"}],"version-history":[{"count":4,"href":"https:\/\/www.sudariumchristi.com\/fr\/wp-json\/wp\/v2\/pages\/416\/revisions"}],"predecessor-version":[{"id":3643,"href":"https:\/\/www.sudariumchristi.com\/fr\/wp-json\/wp\/v2\/pages\/416\/revisions\/3643"}],"up":[{"embeddable":true,"href":"https:\/\/www.sudariumchristi.com\/fr\/wp-json\/wp\/v2\/pages\/400"}],"wp:attachment":[{"href":"https:\/\/www.sudariumchristi.com\/fr\/wp-json\/wp\/v2\/media?parent=416"}],"curies":[{"name":"wp","href":"https:\/\/api.w.org\/{rel}","templated":true}]}}