{"id":433,"date":"2025-11-05T16:51:07","date_gmt":"2025-11-05T15:51:07","guid":{"rendered":"http:\/\/sudariumchristi.stage.bergwerk-it.de\/la-vierge-marie-dabsam\/"},"modified":"2025-12-19T13:46:13","modified_gmt":"2025-12-19T12:46:13","slug":"la-vierge-marie-dabsam","status":"publish","type":"page","link":"https:\/\/www.sudariumchristi.com\/fr\/la-vierge-marie-dabsam\/","title":{"rendered":"La Vierge Marie d\u2019Absam"},"content":{"rendered":"\t\t<div data-elementor-type=\"wp-page\" data-elementor-id=\"433\" class=\"elementor elementor-433 elementor-61\" data-elementor-post-type=\"page\">\n\t\t\t\t<div class=\"elementor-element elementor-element-85abdd6 e-flex e-con-boxed e-con e-parent\" data-id=\"85abdd6\" data-element_type=\"container\" data-e-type=\"container\">\n\t\t\t\t\t<div class=\"e-con-inner\">\n\t\t<div class=\"elementor-element elementor-element-5f1ea6c e-con-full e-flex e-con e-child\" data-id=\"5f1ea6c\" data-element_type=\"container\" data-e-type=\"container\">\n\t\t\t\t<div class=\"elementor-element elementor-element-bab94e6 elementor-widget elementor-widget-heading\" data-id=\"bab94e6\" data-element_type=\"widget\" data-e-type=\"widget\" data-widget_type=\"heading.default\">\n\t\t\t\t\t<h2 class=\"elementor-heading-title elementor-size-default\">L\u2019ic\u00f4ne d\u2019Absam<\/h2>\t\t\t\t<\/div>\n\t\t\t\t<div class=\"elementor-element elementor-element-ca6141b elementor-widget-divider--view-line elementor-widget elementor-widget-divider\" data-id=\"ca6141b\" data-element_type=\"widget\" data-e-type=\"widget\" data-widget_type=\"divider.default\">\n\t\t\t\t\t\t\t<div class=\"elementor-divider\">\n\t\t\t<span class=\"elementor-divider-separator\">\n\t\t\t\t\t\t<\/span>\n\t\t<\/div>\n\t\t\t\t\t\t<\/div>\n\t\t\t\t<div class=\"elementor-element elementor-element-fa56deb elementor-widget elementor-widget-text-editor\" data-id=\"fa56deb\" data-element_type=\"widget\" data-e-type=\"widget\" data-widget_type=\"text-editor.default\">\n\t\t\t\t\t\t\t\t\t<p class=\"txt1\">Le 17 janvier 1797, entre 15 et 16 heures, une jeune fille de 18 ans, Rosina Bucher vit un portrait de la Vierge Marie sur une fen\u00eatre, au rez-de-chauss\u00e9e de la maison de ses parents \u00e0 Absam\/Tyrol.<\/p><p class=\"txt1\">Apr\u00e8s cette apparition, l\u2019image fut soumise \u00e0 un examen minutieux des autorit\u00e9s civiles et eccl\u00e9siastiques, de scientifiques et d\u2019artisans :<\/p><p class=\"txt1\">Aucune trace d\u2019influence ext\u00e9rieure ni aucune diff\u00e9rence dans la nature de la surface ne purent \u00eatre d\u00e9cel\u00e9es sur la surface en verre lisse. Il est possible de faire dispara\u00eetre le motif au lavage, mais celui-ci r\u00e9appara\u00eet tr\u00e8s vite, le verre commen\u00e7ant par se ternir. Des substances chimiques non plus ne purent parvenir \u00e0 effacer le portrait durablement. Lors de l\u2019utilisation de diff\u00e9rents proc\u00e9d\u00e9s de polissage, le motif ne r\u00e9apparut plus uniquement aux endroits polis avec de la c\u00e9lite.   <\/p><p class=\"txt1\">En d\u00e9pit du fait que les autorit\u00e9s exclurent un miracle sur base de l\u2019examen, la population transf\u00e9ra l\u2019ic\u00f4ne \u00e0 l\u2019\u00e9glise paroissiale Saint-Michel, qui devint l\u2019\u00e9glise de p\u00e8lerinage marital la plus importante du Tyrol et fut \u00e9lev\u00e9e au rang de basilique en 2000 par le pape Jean-Paul II.<\/p><p class=\"txt1\">Le portrait apparut sur la quatri\u00e8me partie de la moiti\u00e9 sup\u00e9rieure d\u2019un battant de fen\u00eatre int\u00e9rieure, une vitre d\u2019environ 0,18 m x 0,13 m. Il ne se trouve pas au milieu de la vitre, mais est d\u00e9cal\u00e9 du c\u00f4t\u00e9 gauche\/vers le coin inf\u00e9rieur gauche.<\/p><p class=\"txt1\">Le portrait rappelle moins une photo qu\u2019une gravure sur bois expressionniste en noir et blanc, qui se concentre sur les informations principales du mod\u00e8le en raison du manque de couleur et de fins contours.<\/p><p class=\"txt1\">Alors que dans le cas de Notre-Dame de Guadalupe, le manteau couvre les cheveux s\u00e9par\u00e9s par une raie, un double voile enveloppe la t\u00eate de la Vierge Marie d\u2019Absam. Le manteau est envelopp\u00e9 de rayons de soleil ; le voile, d\u2019une aur\u00e9ole. <\/p><p class=\"txt1\">ans le cas des deux images de la Vierge Marie, la t\u00eate est pench\u00e9e vers la droite, dans un angle comparable. Tandis que le regard de Notre-Dame de Guadalupe se dirige vers le bas, \u00e0 droite, la Vierge Marie d\u2019Absam semble regarder le contemplateur, perdue dans ses pens\u00e9es. Des larmes peuvent \u00eatre distingu\u00e9es dans son \u0153il droit.  <\/p><p class=\"txt1\">Les quatre images non faites de main d\u2019homme de la Vierge Marie et de J\u00e9sus \u2013 \u00e0 chaque fois, un portait et une repr\u00e9sentation du corps entier \u2013 se ressemblent, pr\u00e9sentent un nez long et fin.<\/p>\t\t\t\t\t\t\t\t<\/div>\n\t\t\t\t<\/div>\n\t\t<div class=\"elementor-element elementor-element-aa93c3c e-con-full e-flex e-con e-child\" data-id=\"aa93c3c\" data-element_type=\"container\" data-e-type=\"container\">\n\t\t\t\t<div class=\"elementor-element elementor-element-4ec6908 elementor-widget elementor-widget-image\" data-id=\"4ec6908\" data-element_type=\"widget\" data-e-type=\"widget\" data-widget_type=\"image.default\">\n\t\t\t\t\t\t\t\t\t\t\t\t<figure class=\"wp-caption\">\n\t\t\t\t\t\t\t\t\t\t<img fetchpriority=\"high\" decoding=\"async\" width=\"300\" height=\"200\" src=\"https:\/\/www.sudariumchristi.com\/wp-content\/uploads\/2025\/12\/absam_1.jpg\" class=\"attachment-large size-large wp-image-2013\" alt=\"\" \/>\t\t\t\t\t\t\t\t\t\t\t<figcaption class=\"widget-image-caption wp-caption-text\">L\u2019ic\u00f4ne d\u2019Absam<\/figcaption>\n\t\t\t\t\t\t\t\t\t\t<\/figure>\n\t\t\t\t\t\t\t\t\t<\/div>\n\t\t\t\t<div class=\"elementor-element elementor-element-1af7f79 elementor-widget elementor-widget-image\" data-id=\"1af7f79\" data-element_type=\"widget\" data-e-type=\"widget\" data-widget_type=\"image.default\">\n\t\t\t\t\t\t\t\t\t\t\t\t<figure class=\"wp-caption\">\n\t\t\t\t\t\t\t\t\t\t<img decoding=\"async\" width=\"300\" height=\"200\" src=\"https:\/\/www.sudariumchristi.com\/wp-content\/uploads\/2025\/12\/absam_2.jpg\" class=\"attachment-large size-large wp-image-2014\" alt=\"\" \/>\t\t\t\t\t\t\t\t\t\t\t<figcaption class=\"widget-image-caption wp-caption-text\">Darstellungen des Sudariums in der Marienbasilika Absam<\/figcaption>\n\t\t\t\t\t\t\t\t\t\t<\/figure>\n\t\t\t\t\t\t\t\t\t<\/div>\n\t\t\t\t<div class=\"elementor-element elementor-element-819d305 elementor-widget elementor-widget-image\" data-id=\"819d305\" data-element_type=\"widget\" data-e-type=\"widget\" data-widget_type=\"image.default\">\n\t\t\t\t\t\t\t\t\t\t\t\t<figure class=\"wp-caption\">\n\t\t\t\t\t\t\t\t\t\t<img decoding=\"async\" width=\"300\" height=\"200\" src=\"https:\/\/www.sudariumchristi.com\/wp-content\/uploads\/2025\/12\/absam_3.jpg\" class=\"attachment-large size-large wp-image-2015\" alt=\"\" \/>\t\t\t\t\t\t\t\t\t\t\t<figcaption class=\"widget-image-caption wp-caption-text\"><\/figcaption>\n\t\t\t\t\t\t\t\t\t\t<\/figure>\n\t\t\t\t\t\t\t\t\t<\/div>\n\t\t\t\t<\/div>\n\t\t\t\t\t<\/div>\n\t\t\t\t<\/div>\n\t\t\t\t<\/div>\n\t\t","protected":false},"excerpt":{"rendered":"<p>L\u2019ic\u00f4ne d\u2019Absam Le 17 janvier 1797, entre 15 et 16 heures, une jeune fille de 18 ans, Rosina Bucher vit un portrait de la Vierge Marie sur une fen\u00eatre, au rez-de-chauss\u00e9e de la maison de ses parents \u00e0 Absam\/Tyrol. Apr\u00e8s cette apparition, l\u2019image fut soumise \u00e0 un examen minutieux des autorit\u00e9s civiles et eccl\u00e9siastiques, de [&hellip;]<\/p>\n","protected":false},"author":1,"featured_media":0,"parent":0,"menu_order":0,"comment_status":"closed","ping_status":"closed","template":"","meta":{"footnotes":""},"class_list":["post-433","page","type-page","status-publish","hentry"],"_links":{"self":[{"href":"https:\/\/www.sudariumchristi.com\/fr\/wp-json\/wp\/v2\/pages\/433","targetHints":{"allow":["GET"]}}],"collection":[{"href":"https:\/\/www.sudariumchristi.com\/fr\/wp-json\/wp\/v2\/pages"}],"about":[{"href":"https:\/\/www.sudariumchristi.com\/fr\/wp-json\/wp\/v2\/types\/page"}],"author":[{"embeddable":true,"href":"https:\/\/www.sudariumchristi.com\/fr\/wp-json\/wp\/v2\/users\/1"}],"replies":[{"embeddable":true,"href":"https:\/\/www.sudariumchristi.com\/fr\/wp-json\/wp\/v2\/comments?post=433"}],"version-history":[{"count":5,"href":"https:\/\/www.sudariumchristi.com\/fr\/wp-json\/wp\/v2\/pages\/433\/revisions"}],"predecessor-version":[{"id":3767,"href":"https:\/\/www.sudariumchristi.com\/fr\/wp-json\/wp\/v2\/pages\/433\/revisions\/3767"}],"wp:attachment":[{"href":"https:\/\/www.sudariumchristi.com\/fr\/wp-json\/wp\/v2\/media?parent=433"}],"curies":[{"name":"wp","href":"https:\/\/api.w.org\/{rel}","templated":true}]}}