{"id":472,"date":"2025-11-05T16:51:55","date_gmt":"2025-11-05T15:51:55","guid":{"rendered":"http:\/\/sudariumchristi.stage.bergwerk-it.de\/informations-pratiques\/qui-est-qui-a-manoppello\/"},"modified":"2025-12-19T13:49:00","modified_gmt":"2025-12-19T12:49:00","slug":"qui-est-qui-a-manoppello","status":"publish","type":"page","link":"https:\/\/www.sudariumchristi.com\/fr\/informations-pratiques\/qui-est-qui-a-manoppello\/","title":{"rendered":"Qui est qui \u00e0 Manoppello"},"content":{"rendered":"\t\t<div data-elementor-type=\"wp-page\" data-elementor-id=\"472\" class=\"elementor elementor-472 elementor-69\" data-elementor-post-type=\"page\">\n\t\t\t\t<div class=\"elementor-element elementor-element-dc15603 e-flex e-con-boxed e-con e-parent\" data-id=\"dc15603\" data-element_type=\"container\" data-e-type=\"container\">\n\t\t\t\t\t<div class=\"e-con-inner\">\n\t\t<div class=\"elementor-element elementor-element-5afa650 e-con-full e-flex e-con e-child\" data-id=\"5afa650\" data-element_type=\"container\" data-e-type=\"container\">\n\t\t\t\t<div class=\"elementor-element elementor-element-9cf5555 elementor-widget__width-initial elementor-widget elementor-widget-image\" data-id=\"9cf5555\" data-element_type=\"widget\" data-e-type=\"widget\" data-widget_type=\"image.default\">\n\t\t\t\t\t\t\t\t\t\t\t\t\t\t\t<img decoding=\"async\" width=\"130\" height=\"100\" src=\"https:\/\/www.sudariumchristi.com\/wp-content\/uploads\/2025\/12\/kap.jpg\" class=\"attachment-large size-large wp-image-1468\" alt=\"\" \/>\t\t\t\t\t\t\t\t\t\t\t\t\t\t\t<\/div>\n\t\t\t\t<div class=\"elementor-element elementor-element-c2a5e25 elementor-widget elementor-widget-text-editor\" data-id=\"c2a5e25\" data-element_type=\"widget\" data-e-type=\"widget\" data-widget_type=\"text-editor.default\">\n\t\t\t\t\t\t\t\t\t<p><strong>Les capucins.<\/strong><br>Le Saint Voile est la propri\u00e9t\u00e9 des capucins depuis 1638.<\/p><p><a title=\"Venez et vous verrez !\" href=\"https:\/\/www.sudariumchristi.com\/fr\/venez-et-vous-verrez\/\">Venez et vous verrez !<\/a><\/p>\t\t\t\t\t\t\t\t<\/div>\n\t\t\t\t<\/div>\n\t\t<div class=\"elementor-element elementor-element-edb2cd4 e-con-full e-flex e-con e-child\" data-id=\"edb2cd4\" data-element_type=\"container\" data-e-type=\"container\">\n\t\t\t\t<div class=\"elementor-element elementor-element-e8a6323 elementor-widget__width-initial elementor-widget elementor-widget-image\" data-id=\"e8a6323\" data-element_type=\"widget\" data-e-type=\"widget\" data-widget_type=\"image.default\">\n\t\t\t\t\t\t\t\t\t\t\t\t\t\t\t<img decoding=\"async\" width=\"130\" height=\"155\" src=\"https:\/\/www.sudariumchristi.com\/wp-content\/uploads\/2025\/12\/schloemer.jpg\" class=\"attachment-large size-large wp-image-1469\" alt=\"\" \/>\t\t\t\t\t\t\t\t\t\t\t\t\t\t\t<\/div>\n\t\t\t\t<div class=\"elementor-element elementor-element-59bd72a elementor-widget elementor-widget-text-editor\" data-id=\"59bd72a\" data-element_type=\"widget\" data-e-type=\"widget\" data-widget_type=\"text-editor.default\">\n\t\t\t\t\t\t\t\t\t<p><strong>Blandina Paschalis Schl\u00f6mer.<\/strong><br>La trappistine Blandina Paschalis Schl\u00f6mer put, gr\u00e2ce une technique de superposition, fournir la preuve que les images du Suaire de Manoppello et du Suaire de Turin \u00e9taient de la m\u00eame personne. Ult\u00e9rieurement, elle appliqua cette m\u00eame technique au Suaire d\u2019Oviedo et arriva au m\u00eame r\u00e9sultat. Depuis 2003, s\u0153ur Blandina vit comme ermite \u00e0 Manoppello.  <\/p><p><a title=\"de.wikipedia.org\/wiki\/Blandina_Paschalis_Schl\u00f6mer\" href=\"http:\/\/de.wikipedia.org\/wiki\/Blandina_Paschalis_Schl%C3%B6mer\">wikipedia.de<\/a><\/p>\t\t\t\t\t\t\t\t<\/div>\n\t\t\t\t<\/div>\n\t\t<div class=\"elementor-element elementor-element-c1f9a03 e-con-full e-flex e-con e-child\" data-id=\"c1f9a03\" data-element_type=\"container\" data-e-type=\"container\">\n\t\t\t\t<div class=\"elementor-element elementor-element-6068a63 elementor-widget__width-initial elementor-widget elementor-widget-image\" data-id=\"6068a63\" data-element_type=\"widget\" data-e-type=\"widget\" data-widget_type=\"image.default\">\n\t\t\t\t\t\t\t\t\t\t\t\t\t\t\t<img decoding=\"async\" width=\"130\" height=\"170\" src=\"https:\/\/www.sudariumchristi.com\/wp-content\/uploads\/2025\/12\/holy.jpg\" class=\"attachment-large size-large wp-image-1470\" alt=\"\" \/>\t\t\t\t\t\t\t\t\t\t\t\t\t\t\t<\/div>\n\t\t\t\t<div class=\"elementor-element elementor-element-bf1d3ee elementor-widget elementor-widget-text-editor\" data-id=\"bf1d3ee\" data-element_type=\"widget\" data-e-type=\"widget\" data-widget_type=\"text-editor.default\">\n\t\t\t\t\t\t\t\t\t<p><strong>Ancelle del Santissimo Sangue.<\/strong><br>Les servantes du Saint Sang font partie d\u2019une communaut\u00e9 catholique se d\u00e9diant \u00e0 un travail missionnaire sous le signe du sang de J\u00e9sus-Christ. Depuis 2010, elles se consacrent \u00e0 l\u2019encadrement des p\u00e8lerins \u00e0 Manoppello et collaborent \u00e0 l\u2019animation pour les enfants et les jeunes au sein de la paroisse de Saint-Nicolas. <\/p><p><a title=\"www.blut-christi.de\" href=\"http:\/\/www.blut-christi.de\/\">www.blut-christi.de<\/a><\/p>\t\t\t\t\t\t\t\t<\/div>\n\t\t\t\t<\/div>\n\t\t<div class=\"elementor-element elementor-element-8fed47e e-con-full e-flex e-con e-child\" data-id=\"8fed47e\" data-element_type=\"container\" data-e-type=\"container\">\n\t\t\t\t<div class=\"elementor-element elementor-element-240aea2 elementor-widget__width-initial elementor-widget elementor-widget-image\" data-id=\"240aea2\" data-element_type=\"widget\" data-e-type=\"widget\" data-widget_type=\"image.default\">\n\t\t\t\t\t\t\t\t\t\t\t\t\t\t\t<img loading=\"lazy\" decoding=\"async\" width=\"130\" height=\"173\" src=\"https:\/\/www.sudariumchristi.com\/wp-content\/uploads\/2025\/12\/steiner.jpg\" class=\"attachment-large size-large wp-image-1471\" alt=\"\" \/>\t\t\t\t\t\t\t\t\t\t\t\t\t\t\t<\/div>\n\t\t\t\t<div class=\"elementor-element elementor-element-853deaf elementor-widget elementor-widget-text-editor\" data-id=\"853deaf\" data-element_type=\"widget\" data-e-type=\"widget\" data-widget_type=\"text-editor.default\">\n\t\t\t\t\t\t\t\t\t<p><strong>Petra-Maria Steiner.<\/strong><br>S\u0153ur Petra-Maria s\u00e9journe \u00e0 Manoppello \u00e0 la demande de sa communaut\u00e9 \u00ab Vita Communis \u2013 Marie, m\u00e8re de la Sainte Famille \u00bb. Elle accompagne les p\u00e8lerins germanophones dans la \u00ab Basilique de la Sainte Face \u00bb et pr\u00e9sente, principalement pendant les mois d\u2019hiver, le Saint Voile aux paroisses int\u00e9ress\u00e9es \u00e0 l\u2019aide d\u2019une technique moderne. <\/p><p><a title=\"www.vitacommunis.de\" href=\"http:\/\/www.vitacommunis.de\/\">www.vitacommunis.de<\/a><\/p>\t\t\t\t\t\t\t\t<\/div>\n\t\t\t\t<\/div>\n\t\t\t\t\t<\/div>\n\t\t\t\t<\/div>\n\t\t\t\t<\/div>\n\t\t","protected":false},"excerpt":{"rendered":"<p>Les capucins.Le Saint Voile est la propri\u00e9t\u00e9 des capucins depuis 1638. Venez et vous verrez ! Blandina Paschalis Schl\u00f6mer.La trappistine Blandina Paschalis Schl\u00f6mer put, gr\u00e2ce une technique de superposition, fournir la preuve que les images du Suaire de Manoppello et du Suaire de Turin \u00e9taient de la m\u00eame personne. Ult\u00e9rieurement, elle appliqua cette m\u00eame technique [&hellip;]<\/p>\n","protected":false},"author":1,"featured_media":0,"parent":448,"menu_order":0,"comment_status":"closed","ping_status":"closed","template":"","meta":{"footnotes":""},"class_list":["post-472","page","type-page","status-publish","hentry"],"_links":{"self":[{"href":"https:\/\/www.sudariumchristi.com\/fr\/wp-json\/wp\/v2\/pages\/472","targetHints":{"allow":["GET"]}}],"collection":[{"href":"https:\/\/www.sudariumchristi.com\/fr\/wp-json\/wp\/v2\/pages"}],"about":[{"href":"https:\/\/www.sudariumchristi.com\/fr\/wp-json\/wp\/v2\/types\/page"}],"author":[{"embeddable":true,"href":"https:\/\/www.sudariumchristi.com\/fr\/wp-json\/wp\/v2\/users\/1"}],"replies":[{"embeddable":true,"href":"https:\/\/www.sudariumchristi.com\/fr\/wp-json\/wp\/v2\/comments?post=472"}],"version-history":[{"count":6,"href":"https:\/\/www.sudariumchristi.com\/fr\/wp-json\/wp\/v2\/pages\/472\/revisions"}],"predecessor-version":[{"id":3805,"href":"https:\/\/www.sudariumchristi.com\/fr\/wp-json\/wp\/v2\/pages\/472\/revisions\/3805"}],"up":[{"embeddable":true,"href":"https:\/\/www.sudariumchristi.com\/fr\/wp-json\/wp\/v2\/pages\/448"}],"wp:attachment":[{"href":"https:\/\/www.sudariumchristi.com\/fr\/wp-json\/wp\/v2\/media?parent=472"}],"curies":[{"name":"wp","href":"https:\/\/api.w.org\/{rel}","templated":true}]}}