{"id":488,"date":"2025-11-05T16:52:14","date_gmt":"2025-11-05T15:52:14","guid":{"rendered":"http:\/\/sudariumchristi.stage.bergwerk-it.de\/informations-pratiques\/logements-comme-on-fait-son-lit\/"},"modified":"2025-12-19T13:49:32","modified_gmt":"2025-12-19T12:49:32","slug":"logements-comme-on-fait-son-lit","status":"publish","type":"page","link":"https:\/\/www.sudariumchristi.com\/fr\/informations-pratiques\/logements-comme-on-fait-son-lit\/","title":{"rendered":"Logements \u2013 Comme on fait son lit\u2026"},"content":{"rendered":"\t\t<div data-elementor-type=\"wp-page\" data-elementor-id=\"488\" class=\"elementor elementor-488 elementor-71\" data-elementor-post-type=\"page\">\n\t\t\t\t<div class=\"elementor-element elementor-element-21f7544 e-flex e-con-boxed e-con e-parent\" data-id=\"21f7544\" data-element_type=\"container\" data-e-type=\"container\">\n\t\t\t\t\t<div class=\"e-con-inner\">\n\t\t<div class=\"elementor-element elementor-element-a10993a e-con-full e-flex e-con e-child\" data-id=\"a10993a\" data-element_type=\"container\" data-e-type=\"container\">\n\t\t\t\t<div class=\"elementor-element elementor-element-4e2b91a elementor-widget elementor-widget-text-editor\" data-id=\"4e2b91a\" data-element_type=\"widget\" data-e-type=\"widget\" data-widget_type=\"text-editor.default\">\n\t\t\t\t\t\t\t\t\t<h4>Restaurants et h\u00f4tels<\/h4><p class=\"v1MsoNormal\">Casa del Pellegrino<br>Via Cappuccini,26<br>65024 <span class=\"v1spelle\">Manoppello<\/span> (PE)<br>ITALIE<br>Portavble: +39 085 859828<br>Web: <a href=\"http:\/\/www.lacasadelpellegrinomanoppello.it\/\" target=\"_blank\" rel=\"noopener noreferrer\">www.lacasadelpellegrinomanoppello.it<\/a><\/p><p class=\"hotel\">Agriturismo La collina delle Rose<br>Contrada Defenza, n.17<br>65024 Manoppello (PE)<br>ITALIE<br>Portable : +39 366 4215495<br>E-mail : <a href=\"mailto:info@agriturismolacollinadellerose.eu\">info@agriturismolacollinadellerose.eu<\/a><br>Web : <a href=\"http:\/\/www.agriturismolacollinadellerose.eu\/\">www.agriturismolacollinadellerose.eu<\/a><\/p><p class=\"hotel\">Il Casolare di Nonno Mario<br>Contrada da Santa Maria Arabona, n.129<br>65025 Manoppello Scalo (PE)<br>ITALIE<br>T\u00e9l. : +39 085 8561545<br>T\u00e9l\u00e9copie : +39 085 8561545<br>Portable : +39 347 9318785<br>E-mail :<a href=\"mailto:info@casolarenonnomario.it\"> info@casolarenonnomario.it<\/a><br>Web : <a href=\"http:\/\/www.casolarenonnomario.it\/\">www.casolarenonnomario.it<\/a><\/p><p class=\"hotel\">Casale Centurione<br>Contrada da Santa Maria Arabona, n. 2<br>65024 Manoppello (PE)<br>ITALIE<br>T\u00e9l. : +39 085 8542093<br>Portable : +39 335 8257345<br>Web : <a href=\"http:\/\/www.casalecenturione.it\/\">www.casalecenturione.it<\/a><\/p><p class=\"hotel\">Villa Pardi<br>Contrada Capuccini,<br>65024 Manoppello (PE)<br>ITALIE<br>T\u00e9l. : +39 085 8590049<br>T\u00e9l\u00e9copie : +39 085 8590049<br>Portable : +39 335 7877672<br>E-mail : <a href=\"mailto:info@villapardi.it\">info@villapardi.it<\/a><br>Web : <a href=\"http:\/\/www.villapardi.it\/\">www.villapardi.it<\/a><\/p>\t\t\t\t\t\t\t\t<\/div>\n\t\t\t\t<\/div>\n\t\t<div class=\"elementor-element elementor-element-0367cc3 e-con-full e-flex e-con e-child\" data-id=\"0367cc3\" data-element_type=\"container\" data-e-type=\"container\">\n\t\t\t\t<div class=\"elementor-element elementor-element-f08b127 elementor-widget elementor-widget-image\" data-id=\"f08b127\" data-element_type=\"widget\" data-e-type=\"widget\" data-widget_type=\"image.default\">\n\t\t\t\t\t\t\t\t\t\t\t\t<figure class=\"wp-caption\">\n\t\t\t\t\t\t\t\t\t\t<img fetchpriority=\"high\" decoding=\"async\" width=\"300\" height=\"200\" src=\"https:\/\/www.sudariumchristi.com\/wp-content\/uploads\/2025\/12\/manoppello_3.jpg\" class=\"attachment-large size-large wp-image-1524\" alt=\"\" \/>\t\t\t\t\t\t\t\t\t\t\t<figcaption class=\"widget-image-caption wp-caption-text\">Manoppello, vu de la montagne<\/figcaption>\n\t\t\t\t\t\t\t\t\t\t<\/figure>\n\t\t\t\t\t\t\t\t\t<\/div>\n\t\t\t\t<\/div>\n\t\t\t\t\t<\/div>\n\t\t\t\t<\/div>\n\t\t\t\t<\/div>\n\t\t","protected":false},"excerpt":{"rendered":"<p>Restaurants et h\u00f4tels Casa del PellegrinoVia Cappuccini,2665024 Manoppello (PE)ITALIEPortavble: +39 085 859828Web: www.lacasadelpellegrinomanoppello.it Agriturismo La collina delle RoseContrada Defenza, n.1765024 Manoppello (PE)ITALIEPortable : +39 366 4215495E-mail : info@agriturismolacollinadellerose.euWeb : www.agriturismolacollinadellerose.eu Il Casolare di Nonno MarioContrada da Santa Maria Arabona, n.12965025 Manoppello Scalo (PE)ITALIET\u00e9l. : +39 085 8561545T\u00e9l\u00e9copie : +39 085 8561545Portable : +39 347 9318785E-mail [&hellip;]<\/p>\n","protected":false},"author":1,"featured_media":0,"parent":448,"menu_order":0,"comment_status":"closed","ping_status":"closed","template":"","meta":{"footnotes":""},"class_list":["post-488","page","type-page","status-publish","hentry"],"_links":{"self":[{"href":"https:\/\/www.sudariumchristi.com\/fr\/wp-json\/wp\/v2\/pages\/488","targetHints":{"allow":["GET"]}}],"collection":[{"href":"https:\/\/www.sudariumchristi.com\/fr\/wp-json\/wp\/v2\/pages"}],"about":[{"href":"https:\/\/www.sudariumchristi.com\/fr\/wp-json\/wp\/v2\/types\/page"}],"author":[{"embeddable":true,"href":"https:\/\/www.sudariumchristi.com\/fr\/wp-json\/wp\/v2\/users\/1"}],"replies":[{"embeddable":true,"href":"https:\/\/www.sudariumchristi.com\/fr\/wp-json\/wp\/v2\/comments?post=488"}],"version-history":[{"count":4,"href":"https:\/\/www.sudariumchristi.com\/fr\/wp-json\/wp\/v2\/pages\/488\/revisions"}],"predecessor-version":[{"id":3816,"href":"https:\/\/www.sudariumchristi.com\/fr\/wp-json\/wp\/v2\/pages\/488\/revisions\/3816"}],"up":[{"embeddable":true,"href":"https:\/\/www.sudariumchristi.com\/fr\/wp-json\/wp\/v2\/pages\/448"}],"wp:attachment":[{"href":"https:\/\/www.sudariumchristi.com\/fr\/wp-json\/wp\/v2\/media?parent=488"}],"curies":[{"name":"wp","href":"https:\/\/api.w.org\/{rel}","templated":true}]}}