{"id":496,"date":"2025-11-05T16:52:22","date_gmt":"2025-11-05T15:52:22","guid":{"rendered":"http:\/\/sudariumchristi.stage.bergwerk-it.de\/informations-pratiques\/comment-se-rendre-a-manoppello\/"},"modified":"2025-12-16T14:04:51","modified_gmt":"2025-12-16T13:04:51","slug":"comment-se-rendre-a-manoppello","status":"publish","type":"page","link":"https:\/\/www.sudariumchristi.com\/fr\/informations-pratiques\/comment-se-rendre-a-manoppello\/","title":{"rendered":"Comment se rendre \u00e0 Manoppello"},"content":{"rendered":"\t\t<div data-elementor-type=\"wp-page\" data-elementor-id=\"496\" class=\"elementor elementor-496 elementor-72\" data-elementor-post-type=\"page\">\n\t\t\t\t<div class=\"elementor-element elementor-element-9e5099a e-flex e-con-boxed e-con e-parent\" data-id=\"9e5099a\" data-element_type=\"container\" data-e-type=\"container\">\n\t\t\t\t\t<div class=\"e-con-inner\">\n\t\t<div class=\"elementor-element elementor-element-a1b1b55 e-con-full e-flex e-con e-child\" data-id=\"a1b1b55\" data-element_type=\"container\" data-e-type=\"container\">\n\t\t\t\t<div class=\"elementor-element elementor-element-807fd2f elementor-widget elementor-widget-text-editor\" data-id=\"807fd2f\" data-element_type=\"widget\" data-e-type=\"widget\" data-widget_type=\"text-editor.default\">\n\t\t\t\t\t\t\t\t\t<p class=\"directions\">Manoppello est une petite ville italienne d\u2019environ 6 700 habitants, situ\u00e9e dans la province de Pescara dans les Abruzzes, \u00e0 quelque 30 km de Pescara (sur les bords de la mer Adriatique) et \u00e0 environ 2 heures de voiture de Rome, direction nord-est.<\/p><p class=\"directions\">L\u2019\u00e9glise est accessible aux personnes \u00e0 mobilit\u00e9 r\u00e9duite. Pour arriver \u00e0 proximit\u00e9 imm\u00e9diate du Saint Voile derri\u00e8re l\u2019autel, il faut cependant franchir un escalier. <\/p><p class=\"directions\">EN VOITURE<br><b>De Rome : <\/b>autoroute A 25, direction Pescara, sortie Alanno-Scafa, suivre les panneaux indiquant la Basilique \u00ab Santuario del Volto Santo \u00bb<br><b>De Pescara : <\/b>route nationale Ss 5 (Tiburtina-Valeria), direction Popoli, sortie Ponte Alba, suivre les panneaux indiquant la Basilique \u00ab Santuario del Volto Santo \u00bb<br><b>De Bologne : <\/b>autoroute A 14, direction sud ; ensuite, \u00e0 partir de Pescara, A 25 en direction de Rome, sortie Alanno-Scafa, suivre les panneaux indiquant la Basilique \u00ab Santuario del Volto Santo \u00bb<br><b>De Bari :<\/b> autoroute A 14, direction nord ; ensuite, \u00e0 partir de Pescara A 25, en direction de Rome, sortie Alanno-Scafa, suivre les panneaux indiquant la Basilique \u00ab Santuario del Volto Santo \u00bb<\/p><p class=\"directions\">BUS<br><b>De Rome : <\/b>d\u00e9part de la place Tiburtina devant la gare vers Pescara ; \u00e0 Pescara continuer le voyage avec le bus de la ligne ARPA Pescara-Manoppello-Serramonacesca<br><a href=\"http:\/\/www.gruppolapanoramica.it\/\">www.gruppolapanoramica.it<\/a><br><a href=\"http:\/\/www.arpaonline.com\/\">www.arpaonline.com<\/a><br><a href=\"http:\/\/www.regione.abruzzo.it\/turismo\">www.regione.abruzzo.it\/turismo<\/a><\/p><p class=\"directions\">TRAIN<br><b>De Rome :<\/b> d\u00e9part de la gare Tiburtina direction Pescara, descendre \u00e0 la gare de Manoppello Scalo<br><b>De Pescara : <\/b>direction Sulmona &#8211; Rome, descendre \u00e0 la garde de Manoppello Scalo<br><a href=\"http:\/\/www.trenitalia.com\/\">www.trenitalia.com<\/a><\/p><p class=\"directions\">AVION<br>Aeroporto Internazionale d\u00b4Abruzzo \u00e0 Pescara<br><a href=\"http:\/\/www.abruzzoairport.com\/\">www.abruzzoairport.com<\/a><\/p>\t\t\t\t\t\t\t\t<\/div>\n\t\t\t\t<\/div>\n\t\t<div class=\"elementor-element elementor-element-7ccfff7 e-con-full e-flex e-con e-child\" data-id=\"7ccfff7\" data-element_type=\"container\" data-e-type=\"container\">\n\t\t\t\t<div class=\"elementor-element elementor-element-1f5fe77 elementor-widget elementor-widget-image\" data-id=\"1f5fe77\" data-element_type=\"widget\" data-e-type=\"widget\" data-widget_type=\"image.default\">\n\t\t\t\t\t\t\t\t\t\t\t\t\t\t\t<img fetchpriority=\"high\" decoding=\"async\" width=\"300\" height=\"300\" src=\"https:\/\/www.sudariumchristi.com\/wp-content\/uploads\/2025\/12\/anfahrt.gif\" class=\"attachment-large size-large wp-image-1677\" alt=\"\" \/>\t\t\t\t\t\t\t\t\t\t\t\t\t\t\t<\/div>\n\t\t\t\t<\/div>\n\t\t\t\t\t<\/div>\n\t\t\t\t<\/div>\n\t\t\t\t<\/div>\n\t\t","protected":false},"excerpt":{"rendered":"<p>Manoppello est une petite ville italienne d\u2019environ 6 700 habitants, situ\u00e9e dans la province de Pescara dans les Abruzzes, \u00e0 quelque 30 km de Pescara (sur les bords de la mer Adriatique) et \u00e0 environ 2 heures de voiture de Rome, direction nord-est. L\u2019\u00e9glise est accessible aux personnes \u00e0 mobilit\u00e9 r\u00e9duite. Pour arriver \u00e0 proximit\u00e9 [&hellip;]<\/p>\n","protected":false},"author":1,"featured_media":0,"parent":448,"menu_order":0,"comment_status":"closed","ping_status":"closed","template":"","meta":{"footnotes":""},"class_list":["post-496","page","type-page","status-publish","hentry"],"_links":{"self":[{"href":"https:\/\/www.sudariumchristi.com\/fr\/wp-json\/wp\/v2\/pages\/496","targetHints":{"allow":["GET"]}}],"collection":[{"href":"https:\/\/www.sudariumchristi.com\/fr\/wp-json\/wp\/v2\/pages"}],"about":[{"href":"https:\/\/www.sudariumchristi.com\/fr\/wp-json\/wp\/v2\/types\/page"}],"author":[{"embeddable":true,"href":"https:\/\/www.sudariumchristi.com\/fr\/wp-json\/wp\/v2\/users\/1"}],"replies":[{"embeddable":true,"href":"https:\/\/www.sudariumchristi.com\/fr\/wp-json\/wp\/v2\/comments?post=496"}],"version-history":[{"count":3,"href":"https:\/\/www.sudariumchristi.com\/fr\/wp-json\/wp\/v2\/pages\/496\/revisions"}],"predecessor-version":[{"id":1842,"href":"https:\/\/www.sudariumchristi.com\/fr\/wp-json\/wp\/v2\/pages\/496\/revisions\/1842"}],"up":[{"embeddable":true,"href":"https:\/\/www.sudariumchristi.com\/fr\/wp-json\/wp\/v2\/pages\/448"}],"wp:attachment":[{"href":"https:\/\/www.sudariumchristi.com\/fr\/wp-json\/wp\/v2\/media?parent=496"}],"curies":[{"name":"wp","href":"https:\/\/api.w.org\/{rel}","templated":true}]}}