{"id":513,"date":"2025-11-05T14:32:31","date_gmt":"2025-11-05T13:32:31","guid":{"rendered":"http:\/\/sudariumchristi.stage.bergwerk-it.de\/mentions-legales\/"},"modified":"2025-11-14T13:51:08","modified_gmt":"2025-11-14T12:51:08","slug":"mentions-legales","status":"publish","type":"page","link":"https:\/\/www.sudariumchristi.com\/fr\/mentions-legales\/","title":{"rendered":"Mentions l\u00e9gales"},"content":{"rendered":"\n<p>Manfred Prosch<br\/>Bauernallee 23<br\/>19288 Ludwigslust<\/p>\n\n<p>T\u00e9l.: +49 3874 4240251<br\/>T\u00e9l\u00e9copie: +49 3874 4240252<br\/>E-mail: info@sudariumchristi.com<\/p>\n\n<p>Cr\u00e9dit photos :<br\/>Images du Saint Voile : Blandina Paschalis Schl\u00f6mer,<br\/>Paul Badde, Prof. Andreas Resch, Dr. Raphaela Pallin<\/p>\n\n<p>Si rien d\u2019autre n\u2019est mentionn\u00e9, les images sont la propri\u00e9t\u00e9 de Blandina Paschalis Schl\u00f6mer, Paul Badde ou Eva-Maria Proksch.<\/p>\n\n<p>Sources :<br\/>Badde, Paul: Das G\u00f6ttliche Gesicht, M\u00fcnchen 2006<br\/>Badde, Paul: Das Grabtuch von Turin oder das Geheimnis der heiligen Bilder, M\u00fcnchen 2010<br\/>Badde, Paul: Maria von Guadalupe, Berlin 2004<br\/>Badde, Paul: Woher kommt Marias unsichtbarer Schleier, Die Welt, 25.12.10<br\/>Belting, Hans: Bild und Kult \u2013 Eine Geschichte des Bildes vor dem Zeitalter der Kunst, M\u00fcnchen 1991<br\/>Berger, Klaus: Jesusportrait sorgt f\u00fcr Aufsehen, Die Welt, 05.02.07<br\/>Frascadore, Antonio: Il Sacro Velo il Volto Santo di Manoppello, DVD 2010<br\/>Resch, Andreas: Das Antlitz Christi, Innsbruck 2006<br\/>The Human Face of God, Blagovest Media, 2010<br\/>Schl\u00f6mer, Blandina Paschalis: Jezus Chrystus swiadestwo jego calun\u00f3w, Radom 2009<br\/>Schl\u00f6mer, Blandina Paschalis und Basti, Lidia: Il Volto della Parola Ges\u00fa &#8211; Jesus das Gesicht des Wortes, Teramo 2010<br\/>http:\/\/www.alte-messe.de\/04_gewand.html<br\/>http:\/\/austria-catholica.blogspot.de\/2006\/02\/das-gnadenbild-von-absam-in-tirol_10.html<br\/>http:\/\/de.wikipedia.org<br\/>http:\/\/www.hall-wattens.at\/de\/das-gnadenbild-von-absam.html<br\/>http:\/\/kath-zdw.ch<br\/>http:\/\/www.mexiko-lexikon.de<br\/>http:\/\/www.virgendeguadalupe.org.mx<\/p>\n\n<p>Textes :<br\/>Blandina Paschalis Schl\u00f6mer, Astrid Schwarz,<br\/>Paul Badde, Eva-Maria Proksch<\/p>\n\n<p>Avis de non-responsabilit\u00e9 :<br\/>Notre offre renvoie \u00e0 des pages Web de tiers par des liens. N\u2019ayant aucune influence sur le contenu de ces pages Web, nous ne pouvons en aucun cas assumer la responsabilit\u00e9 de ces contenus \u00e9trangers. Le fournisseur ou l\u2019exploitant des pages li\u00e9es est toujours le responsable des contenus de ses pages. Les pages li\u00e9es ont \u00e9t\u00e9 contr\u00f4l\u00e9es avec soin au moment o\u00f9 elles ont \u00e9t\u00e9 li\u00e9es, pour y d\u00e9celer d\u2019\u00e9ventuelles violations de la loi. Des contenus ill\u00e9gitimes n\u2019\u00e9taient pas reconnaissables au moment de la cr\u00e9ation des liens. Un contr\u00f4le permanent des contenus des pages li\u00e9es ne peut cependant \u00eatre exig\u00e9 sans indice concret d\u2019une violation de la loi. De tels liens seront \u00e9limin\u00e9s imm\u00e9diatement d\u00e8s que nous aurons pris connaissance de la violation de la loi.      <\/p>\n\n<p>R\u00e9alisation :<br\/>Janner &amp; Sch\u00f6ne Medien GmbH, Schwerin<\/p>\n","protected":false},"excerpt":{"rendered":"<p>Manfred ProschBauernallee 2319288 Ludwigslust T\u00e9l.: +49 3874 4240251T\u00e9l\u00e9copie: +49 3874 4240252E-mail: info@sudariumchristi.com Cr\u00e9dit photos :Images du Saint Voile : Blandina Paschalis Schl\u00f6mer,Paul Badde, Prof. Andreas Resch, Dr. Raphaela Pallin Si rien d\u2019autre n\u2019est mentionn\u00e9, les images sont la propri\u00e9t\u00e9 de Blandina Paschalis Schl\u00f6mer, Paul Badde ou Eva-Maria Proksch. Sources :Badde, Paul: Das G\u00f6ttliche Gesicht, M\u00fcnchen [&hellip;]<\/p>\n","protected":false},"author":1,"featured_media":0,"parent":0,"menu_order":0,"comment_status":"closed","ping_status":"closed","template":"","meta":{"footnotes":""},"class_list":["post-513","page","type-page","status-publish","hentry"],"_links":{"self":[{"href":"https:\/\/www.sudariumchristi.com\/fr\/wp-json\/wp\/v2\/pages\/513","targetHints":{"allow":["GET"]}}],"collection":[{"href":"https:\/\/www.sudariumchristi.com\/fr\/wp-json\/wp\/v2\/pages"}],"about":[{"href":"https:\/\/www.sudariumchristi.com\/fr\/wp-json\/wp\/v2\/types\/page"}],"author":[{"embeddable":true,"href":"https:\/\/www.sudariumchristi.com\/fr\/wp-json\/wp\/v2\/users\/1"}],"replies":[{"embeddable":true,"href":"https:\/\/www.sudariumchristi.com\/fr\/wp-json\/wp\/v2\/comments?post=513"}],"version-history":[{"count":1,"href":"https:\/\/www.sudariumchristi.com\/fr\/wp-json\/wp\/v2\/pages\/513\/revisions"}],"predecessor-version":[{"id":514,"href":"https:\/\/www.sudariumchristi.com\/fr\/wp-json\/wp\/v2\/pages\/513\/revisions\/514"}],"wp:attachment":[{"href":"https:\/\/www.sudariumchristi.com\/fr\/wp-json\/wp\/v2\/media?parent=513"}],"curies":[{"name":"wp","href":"https:\/\/api.w.org\/{rel}","templated":true}]}}