{"id":192,"date":"2025-11-05T16:41:52","date_gmt":"2025-11-05T15:41:52","guid":{"rendered":"http:\/\/sudariumchristi.stage.bergwerk-it.de\/introduzione\/"},"modified":"2025-12-19T13:37:47","modified_gmt":"2025-12-19T12:37:47","slug":"introduzione","status":"publish","type":"page","link":"https:\/\/www.sudariumchristi.com\/it\/introduzione\/","title":{"rendered":"Introduzione"},"content":{"rendered":"\t\t<div data-elementor-type=\"wp-page\" data-elementor-id=\"192\" class=\"elementor elementor-192 elementor-17\" data-elementor-post-type=\"page\">\n\t\t\t\t<div class=\"elementor-element elementor-element-3c76bd5 e-flex e-con-boxed e-con e-parent\" data-id=\"3c76bd5\" data-element_type=\"container\" data-e-type=\"container\">\n\t\t\t\t\t<div class=\"e-con-inner\">\n\t\t<div class=\"elementor-element elementor-element-8ae4f50 e-con-full e-flex e-con e-child\" data-id=\"8ae4f50\" data-element_type=\"container\" data-e-type=\"container\">\n\t\t\t\t<div class=\"elementor-element elementor-element-006c8ce elementor-blockquote--skin-quotation elementor-blockquote--align-left elementor-widget elementor-widget-blockquote\" data-id=\"006c8ce\" data-element_type=\"widget\" data-e-type=\"widget\" data-widget_type=\"blockquote.default\">\n\t\t\t\t\t\t\t<blockquote class=\"elementor-blockquote\">\n\t\t\t<p class=\"elementor-blockquote__content\">\n\t\t\t\tQuelli che seminano con lagrime, mieteranno con canti di gioia. Ben va piangendo colui che porta il seme da spargere; Ma torner\u00e0 con canti di gioia quando porter\u00e0 i suoi covoni \u2013 manipulos. \t\t\t<\/p>\n\t\t\t\t\t\t\t<div class=\"e-q-footer\">\n\t\t\t\t\t\t\t\t\t\t\t<cite class=\"elementor-blockquote__author\">\u2013 Ps 126,5 f.<\/cite>\n\t\t\t\t\t\t\t\t\t\t\t\t\t\t<\/div>\n\t\t\t\t\t<\/blockquote>\n\t\t\t\t\t\t<\/div>\n\t\t\t\t<div class=\"elementor-element elementor-element-dd7c92c elementor-widget elementor-widget-text-editor\" data-id=\"dd7c92c\" data-element_type=\"widget\" data-e-type=\"widget\" data-widget_type=\"text-editor.default\">\n\t\t\t\t\t\t\t\t\t<p><strong>Incastonata tra le colline del massiccio della Majella<\/strong> nel cuore dell&#8217;Abruzzo, si trova la citt\u00e0 di Manoppello. In questa remota localit\u00e0 \u00e8 conservata una reliquia d&#8217;incommensurabile valore: un velo che raffigura il volto di Ges\u00f9 Cristo. <\/p><p><strong>Per quasi 400 anni<\/strong> questo sudario ha dato conforto e speranza a uno sparuto numero di credenti, rimanendo oltremodo celato al resto della comunit\u00e0 cristiana. Nel corso del tempo si sono moltiplicati gli indizi attestanti la veridicit\u00e0 dell&#8217;immagine, quella stessa &#8220;vera immagine&#8221; che in realt\u00e0 dovrebbe trovarsi nella Basilica di S. Pietro a Roma. <\/p><p><strong>Dissimulazione, enigma, rivelazione<\/strong> \u2013 La stessa natura del sudario testimonia il suo carattere misterioso e segreto: un velo trasparente raffigurante l&#8217;immagine di Ges\u00f9 Cristo, che sembra cambiare costantemente al variare della luce che lo illumina. Solo durante le processioni il volto appare nella luce diurna fornendo di s\u00e9 la sua pi\u00f9 completa espressione. Prestigiosi artisti si sono cimentati nella riproduzione di quest&#8217;opera, ma anche le pi\u00f9 moderne tecniche fotografiche non sono state in grado di illuminare in modo appropriato questo volto lucente. Il velo, inoltre, \u00e8 costituito da un materiale particolare: il bisso, la leggendaria stoffa degli antichi. Un tessuto eterno, rimasto inalterato dalla morte di Ges\u00f9 Cristo avvenuta pi\u00f9 di 2.000 anni prima. I primi cristiani si erano gi\u00e0 interrogati sul modo in cui il volto di Ges\u00f9 Cristo potesse essere stato trasferito sul velo sepolcrale. \u00c8 un quesito che ancora oggi nasconde un notevole mistero.     <\/p><p><strong>Manoppello, Manipulus, Manipel<\/strong> \u2013 Il nome di questa cittadina apparentemente insignificante, che da secoli offre riparo al velo sepolcrale di Cristo, non potrebbe essere pi\u00f9 eloquente: Manoppello deriva dal termine latino &#8220;manipulus&#8221;, cio\u00e8 &#8220;mano piena&#8221; che sullo stemma del paese \u00e8 raffigurata da un &#8220;pugno di spighe&#8221;. Le spighe ricordano il pane, esattamente come Betlemme \u2013 luogo di nascita di Ges\u00f9 Cristo \u2013 significa in ebraico &#8220;casa del pane. &#8220;Quelli che seminano con lagrime, mieteranno con canti di gioia. Ben va piangendo colui che porta il seme da spargere; Ma torner\u00e0 con canti di gioia quando porter\u00e0 i suoi covoni \u2013 manipulos.&#8221; (Salmi 126,5 seg.) \u2013 cos\u00ec recita il salmo a cui il sacerdote si riferiva indossando il manipolo, un antico sudario che successivamente serviva durante la messa per coprire la mano sinistra quando si porgeva il calice, la patena e l&#8217;ostensorio vuoto. In tal senso il nome di Manoppello, fondato molto tempo prima dell&#8217;arrivo del Volto Santo, non fa solo riferimento al sudario stesso. Poich\u00e9 esso \u00e8 legato anche al pane e agli oggetti liturgici, esalta doppiamente il significato dell&#8217;Eucarestia:    <\/p><p><strong>&#8220;Egli prese il pane<\/strong> e rese grazie, lo spezz\u00f2, lo diede a Suoi discepoli e disse: &#8220;Prendete e mangiatene tutti, questo \u00e8 il mio corpo offerto in sacrificio per voi. Fate questo in memoria di me!&#8221; Dopo la cena, allo stesso modo, prese il calice e rese grazie, lo diede ai suoi discepoli e disse: &#8220;Prendete e bevetene tutti. Questo \u00e8 il calice del mio sangue per la Nuova ed Eterna Alleanza, versato per voi e per tutti in remissione dei peccati. Fate questo in memoria di me.&#8221; (Luca 22, 19-20)<\/p><p>Cos\u00ec si \u00e8 espresso anche Padre Ignazio Scurti, uno dei monaci cappuccini di Manoppello: <strong>&#8220;La vera Veronica, il vero velo, \u00e8 l&#8217;ostia eucaristica; e il vero volto di Dio lo trovi nel volto del tuo prossimo.&#8221;<\/strong><\/p>\t\t\t\t\t\t\t\t<\/div>\n\t\t\t\t<\/div>\n\t\t<div class=\"elementor-element elementor-element-98bb79e e-con-full e-flex e-con e-child\" data-id=\"98bb79e\" data-element_type=\"container\" data-e-type=\"container\">\n\t\t\t\t<div class=\"elementor-element elementor-element-51b12cf elementor-widget elementor-widget-image\" data-id=\"51b12cf\" data-element_type=\"widget\" data-e-type=\"widget\" data-widget_type=\"image.default\">\n\t\t\t\t\t\t\t\t\t\t\t\t<figure class=\"wp-caption\">\n\t\t\t\t\t\t\t\t\t\t<img fetchpriority=\"high\" decoding=\"async\" width=\"300\" height=\"222\" src=\"https:\/\/www.sudariumchristi.com\/wp-content\/uploads\/2025\/12\/santuario_1.jpg\" class=\"attachment-large size-large wp-image-1885\" alt=\"\" \/>\t\t\t\t\t\t\t\t\t\t\t<figcaption class=\"widget-image-caption wp-caption-text\">Manoppello \u00e8 un paesino isolato nel cuore dell'Abruzzo<\/figcaption>\n\t\t\t\t\t\t\t\t\t\t<\/figure>\n\t\t\t\t\t\t\t\t\t<\/div>\n\t\t\t\t<div class=\"elementor-element elementor-element-faa043f elementor-widget elementor-widget-image\" data-id=\"faa043f\" data-element_type=\"widget\" data-e-type=\"widget\" data-widget_type=\"image.default\">\n\t\t\t\t\t\t\t\t\t\t\t\t<figure class=\"wp-caption\">\n\t\t\t\t\t\t\t\t\t\t<img decoding=\"async\" width=\"278\" height=\"170\" src=\"https:\/\/www.sudariumchristi.com\/wp-content\/uploads\/2025\/12\/emblem.jpg\" class=\"attachment-large size-large wp-image-1886\" alt=\"\" \/>\t\t\t\t\t\t\t\t\t\t\t<figcaption class=\"widget-image-caption wp-caption-text\">Lo stemma di Manoppello e quello di Betlemme<\/figcaption>\n\t\t\t\t\t\t\t\t\t\t<\/figure>\n\t\t\t\t\t\t\t\t\t<\/div>\n\t\t\t\t<div class=\"elementor-element elementor-element-2b62c74 elementor-widget elementor-widget-image\" data-id=\"2b62c74\" data-element_type=\"widget\" data-e-type=\"widget\" data-widget_type=\"image.default\">\n\t\t\t\t\t\t\t\t\t\t\t\t<figure class=\"wp-caption\">\n\t\t\t\t\t\t\t\t\t\t<img decoding=\"async\" width=\"300\" height=\"256\" src=\"https:\/\/www.sudariumchristi.com\/wp-content\/uploads\/2025\/12\/santuario_2.jpg\" class=\"attachment-large size-large wp-image-1887\" alt=\"\" \/>\t\t\t\t\t\t\t\t\t\t\t<figcaption class=\"widget-image-caption wp-caption-text\">La Basilica del Volto Santo di Manoppello<\/figcaption>\n\t\t\t\t\t\t\t\t\t\t<\/figure>\n\t\t\t\t\t\t\t\t\t<\/div>\n\t\t\t\t<\/div>\n\t\t\t\t\t<\/div>\n\t\t\t\t<\/div>\n\t\t\t\t<\/div>\n\t\t","protected":false},"excerpt":{"rendered":"<p>Quelli che seminano con lagrime, mieteranno con canti di gioia. Ben va piangendo colui che porta il seme da spargere; Ma torner\u00e0 con canti di gioia quando porter\u00e0 i suoi covoni \u2013 manipulos. \u2013 Ps 126,5 f. Incastonata tra le colline del massiccio della Majella nel cuore dell&#8217;Abruzzo, si trova la citt\u00e0 di Manoppello. In [&hellip;]<\/p>\n","protected":false},"author":1,"featured_media":0,"parent":0,"menu_order":0,"comment_status":"closed","ping_status":"closed","template":"","meta":{"footnotes":""},"class_list":["post-192","page","type-page","status-publish","hentry"],"_links":{"self":[{"href":"https:\/\/www.sudariumchristi.com\/it\/wp-json\/wp\/v2\/pages\/192","targetHints":{"allow":["GET"]}}],"collection":[{"href":"https:\/\/www.sudariumchristi.com\/it\/wp-json\/wp\/v2\/pages"}],"about":[{"href":"https:\/\/www.sudariumchristi.com\/it\/wp-json\/wp\/v2\/types\/page"}],"author":[{"embeddable":true,"href":"https:\/\/www.sudariumchristi.com\/it\/wp-json\/wp\/v2\/users\/1"}],"replies":[{"embeddable":true,"href":"https:\/\/www.sudariumchristi.com\/it\/wp-json\/wp\/v2\/comments?post=192"}],"version-history":[{"count":9,"href":"https:\/\/www.sudariumchristi.com\/it\/wp-json\/wp\/v2\/pages\/192\/revisions"}],"predecessor-version":[{"id":3590,"href":"https:\/\/www.sudariumchristi.com\/it\/wp-json\/wp\/v2\/pages\/192\/revisions\/3590"}],"wp:attachment":[{"href":"https:\/\/www.sudariumchristi.com\/it\/wp-json\/wp\/v2\/media?parent=192"}],"curies":[{"name":"wp","href":"https:\/\/api.w.org\/{rel}","templated":true}]}}