{"id":228,"date":"2025-11-05T16:42:09","date_gmt":"2025-11-05T15:42:09","guid":{"rendered":"http:\/\/sudariumchristi.stage.bergwerk-it.de\/venite-e-vedrete\/"},"modified":"2025-12-18T14:08:40","modified_gmt":"2025-12-18T13:08:40","slug":"venite-e-vedrete","status":"publish","type":"page","link":"https:\/\/www.sudariumchristi.com\/it\/venite-e-vedrete\/","title":{"rendered":"Venite e vedrete! \u2013"},"content":{"rendered":"\t\t<div data-elementor-type=\"wp-page\" data-elementor-id=\"228\" class=\"elementor elementor-228 elementor-19\" data-elementor-post-type=\"page\">\n\t\t\t\t<div class=\"elementor-element elementor-element-2559779 e-flex e-con-boxed e-con e-parent\" data-id=\"2559779\" data-element_type=\"container\" data-e-type=\"container\">\n\t\t\t\t\t<div class=\"e-con-inner\">\n\t\t\t\t<div class=\"elementor-element elementor-element-1e4a1d3 elementor-blockquote--skin-quotation elementor-blockquote--align-left elementor-widget elementor-widget-blockquote\" data-id=\"1e4a1d3\" data-element_type=\"widget\" data-e-type=\"widget\" data-widget_type=\"blockquote.default\">\n\t\t\t\t\t\t\t<blockquote class=\"elementor-blockquote\">\n\t\t\t<p class=\"elementor-blockquote__content\">\n\t\t\t\tMaestro, dove dimori? Disse loro: Venite e vedrete! \t\t\t<\/p>\n\t\t\t\t\t\t\t<div class=\"e-q-footer\">\n\t\t\t\t\t\t\t\t\t\t\t<cite class=\"elementor-blockquote__author\">\u2013 Joh 1,38-39<\/cite>\n\t\t\t\t\t\t\t\t\t\t\t\t\t\t<\/div>\n\t\t\t\t\t<\/blockquote>\n\t\t\t\t\t\t<\/div>\n\t\t\t\t<div class=\"elementor-element elementor-element-866364b elementor-widget elementor-widget-text-editor\" data-id=\"866364b\" data-element_type=\"widget\" data-e-type=\"widget\" data-widget_type=\"text-editor.default\">\n\t\t\t\t\t\t\t\t\t<p> <\/p><p>Il Santuario del Volto Santo custodito dai frati cappuccini si trova in posizione collinare non lontano dal centro storico di Manoppello e dalle sue mura. Costruito nel 1620, il santurario \u00e8 stato sottoposto a interventi di ristrutturazione e ampliamento nel 1960, a seguito dei quali fu realizzata l&#8217;attuale facciata in pietre bianche e rosse simile a quella della chiesa romanico-protogotica di Santa Maria di Collemaggio (L&#8217;Aquila). Nel 1999, accanto al santuario, venne istituita una mostra permanente dal titolo &#8220;Penuel&#8221; (che in ebraico significa &#8220;Volto del Signore&#8221;). Interessanti sono anche i pannelli espositivi della mostra allestita al primo piano sul tema della &#8220;Trasfigurazione di Ges\u00f9 nell&#8217;iconografia occidentale e orientale&#8221;.   <\/p><p>Tutti gli anni vengono celebrate due processioni: La principale ha luogo la terza domenica di maggio, quella in forma abbreviata il 6 agosto (festa della Trasfigurazione del Signore). Alla processione di maggio la statua di San Pancrazio, che poi guider\u00e0 la processione con il Volto Santo, viene portata al mattino dalla chiesa parrocchiale alla basilica del Volto Santo. Tra il Volto Santo e San Pancrazio \u00e8 possibile ricreare una sorta di legame grazie agli apocrifi del Nuovo Testamento: &#8220;Porta qui l&#8217;effigie di nostro Ges\u00f9 Cristo e ponila nella torre, cos\u00ec che le genti vedano quali sembianze ha assunto il Figlio di Dio.&#8221; Cos\u00ec recita un decreto dell&#8217;apostolo Pietro negli Atti di San Pancrazio, primo vescovo della citt\u00e0 di Taormina, in Sicilia.   <\/p>\t\t\t\t\t\t\t\t<\/div>\n\t\t\t\t<div class=\"elementor-element elementor-element-aabef69 elementor-widget elementor-widget-video\" data-id=\"aabef69\" data-element_type=\"widget\" data-e-type=\"widget\" data-settings=\"{&quot;video_type&quot;:&quot;hosted&quot;,&quot;controls&quot;:&quot;yes&quot;}\" data-widget_type=\"video.default\">\n\t\t\t\t\t\t\t<div class=\"e-hosted-video elementor-wrapper elementor-open-inline\">\n\t\t\t\t\t<video class=\"elementor-video\" src=\"https:\/\/www.sudariumchristi.com\/wp-content\/uploads\/2025\/12\/come_w700_700kbit.mp4\" controls=\"\" preload=\"metadata\" controlsList=\"nodownload\" poster=\"https:\/\/www.sudariumchristi.com\/wp-content\/uploads\/2025\/12\/santuario.jpg\"><\/video>\n\t\t\t\t<\/div>\n\t\t\t\t\t\t<\/div>\n\t\t\t\t\t<\/div>\n\t\t\t\t<\/div>\n\t\t\t\t<\/div>\n\t\t","protected":false},"excerpt":{"rendered":"<p>Maestro, dove dimori? Disse loro: Venite e vedrete! \u2013 Joh 1,38-39 Il Santuario del Volto Santo custodito dai frati cappuccini si trova in posizione collinare non lontano dal centro storico di Manoppello e dalle sue mura. Costruito nel 1620, il santurario \u00e8 stato sottoposto a interventi di ristrutturazione e ampliamento nel 1960, a seguito dei [&hellip;]<\/p>\n","protected":false},"author":1,"featured_media":0,"parent":0,"menu_order":0,"comment_status":"closed","ping_status":"closed","template":"","meta":{"footnotes":""},"class_list":["post-228","page","type-page","status-publish","hentry"],"_links":{"self":[{"href":"https:\/\/www.sudariumchristi.com\/it\/wp-json\/wp\/v2\/pages\/228","targetHints":{"allow":["GET"]}}],"collection":[{"href":"https:\/\/www.sudariumchristi.com\/it\/wp-json\/wp\/v2\/pages"}],"about":[{"href":"https:\/\/www.sudariumchristi.com\/it\/wp-json\/wp\/v2\/types\/page"}],"author":[{"embeddable":true,"href":"https:\/\/www.sudariumchristi.com\/it\/wp-json\/wp\/v2\/users\/1"}],"replies":[{"embeddable":true,"href":"https:\/\/www.sudariumchristi.com\/it\/wp-json\/wp\/v2\/comments?post=228"}],"version-history":[{"count":6,"href":"https:\/\/www.sudariumchristi.com\/it\/wp-json\/wp\/v2\/pages\/228\/revisions"}],"predecessor-version":[{"id":3112,"href":"https:\/\/www.sudariumchristi.com\/it\/wp-json\/wp\/v2\/pages\/228\/revisions\/3112"}],"wp:attachment":[{"href":"https:\/\/www.sudariumchristi.com\/it\/wp-json\/wp\/v2\/media?parent=228"}],"curies":[{"name":"wp","href":"https:\/\/api.w.org\/{rel}","templated":true}]}}