{"id":298,"date":"2025-11-05T16:44:05","date_gmt":"2025-11-05T15:44:05","guid":{"rendered":"http:\/\/sudariumchristi.stage.bergwerk-it.de\/il-sepolcro-e-vuoto\/bisso-e-puro-lino\/"},"modified":"2026-01-21T11:38:56","modified_gmt":"2026-01-21T10:38:56","slug":"bisso-e-puro-lino","status":"publish","type":"page","link":"https:\/\/www.sudariumchristi.com\/it\/il-sepolcro-e-vuoto\/bisso-e-puro-lino\/","title":{"rendered":"Bisso e puro lino \u2013"},"content":{"rendered":"\t\t<div data-elementor-type=\"wp-page\" data-elementor-id=\"298\" class=\"elementor elementor-298 elementor-27\" data-elementor-post-type=\"page\">\n\t\t\t\t<div class=\"elementor-element elementor-element-244fe31 e-flex e-con-boxed e-con e-parent\" data-id=\"244fe31\" data-element_type=\"container\" data-e-type=\"container\">\n\t\t\t\t\t<div class=\"e-con-inner\">\n\t\t\t\t<div class=\"elementor-element elementor-element-c408579 elementor-widget elementor-widget-heading\" data-id=\"c408579\" data-element_type=\"widget\" data-e-type=\"widget\" data-widget_type=\"heading.default\">\n\t\t\t\t\t<h2 class=\"elementor-heading-title elementor-size-default\">I veli sepolcrali di Cristo<\/h2>\t\t\t\t<\/div>\n\t\t\t\t<div class=\"elementor-element elementor-element-0aae319 elementor-widget-divider--view-line elementor-widget elementor-widget-divider\" data-id=\"0aae319\" data-element_type=\"widget\" data-e-type=\"widget\" data-widget_type=\"divider.default\">\n\t\t\t\t\t\t\t<div class=\"elementor-divider\">\n\t\t\t<span class=\"elementor-divider-separator\">\n\t\t\t\t\t\t<\/span>\n\t\t<\/div>\n\t\t\t\t\t\t<\/div>\n\t\t\t\t<div class=\"elementor-element elementor-element-e2e5492 elementor-widget elementor-widget-image\" data-id=\"e2e5492\" data-element_type=\"widget\" data-e-type=\"widget\" data-widget_type=\"image.default\">\n\t\t\t\t\t\t\t\t\t\t\t\t\t\t\t<img fetchpriority=\"high\" decoding=\"async\" width=\"700\" height=\"375\" src=\"https:\/\/www.sudariumchristi.com\/wp-content\/uploads\/2025\/12\/cloths.jpg\" class=\"attachment-large size-large wp-image-1337\" alt=\"\" srcset=\"https:\/\/www.sudariumchristi.com\/wp-content\/uploads\/2025\/12\/cloths.jpg 700w, https:\/\/www.sudariumchristi.com\/wp-content\/uploads\/2025\/12\/cloths-300x161.jpg 300w\" sizes=\"(max-width: 700px) 100vw, 700px\" \/>\t\t\t\t\t\t\t\t\t\t\t\t\t\t\t<\/div>\n\t\t<div class=\"elementor-element elementor-element-f1a0982 e-con-full e-flex e-con e-child\" data-id=\"f1a0982\" data-element_type=\"container\" data-e-type=\"container\">\n\t\t<div class=\"elementor-element elementor-element-37136d5 e-con-full e-flex e-con e-child\" data-id=\"37136d5\" data-element_type=\"container\" data-e-type=\"container\">\n\t\t\t\t<div class=\"elementor-element elementor-element-dcbcde6 elementor-widget elementor-widget-text-editor\" data-id=\"dcbcde6\" data-element_type=\"widget\" data-e-type=\"widget\" data-widget_type=\"text-editor.default\">\n\t\t\t\t\t\t\t\t\t<p class=\"txt1\"><b>Il Sudario di Oviedo, citt\u00e0 nel nord della Spagna, la Santa Cuffia di Cahors, la Sindone di Torino, i Sudari di Kornelim\u00fcnster<\/b> \u2013 sono numerose le reliquie tessili collegate alla sepoltura di Ges\u00f9. Nel Vangelo pasquale Giovanni parla non solo di bende al plurale ma anche di un sudario arrotolato (o piegato \u2013 dal greco &#8220;entylisso&#8221;): <\/p><p class=\"txt1\"><b>&#8220;e vide le bende per terra, ma non entr\u00f2. Giunse intanto anche Simon Pietro che lo seguiva ed entr\u00f2 nel sepolcro e vide le bende per terra, e il sudario, che gli era stato posto sul capo, non per terra con le bende, ma piegato in un luogo a parte.&#8221; <\/b>(Giov 20,5, 7)<\/p><p class=\"txt1\">Nell&#8217;antichit\u00e0, non era inconsueto che se la sepoltura avveniva secondo il rito giudaico si utilizzassero parecchi veli. Anche nella resurrezione di Lazzaro si parla di bende e di un sudario: <\/p><p class=\"txt1\"><b>&#8220;Il morto usc\u00ec, con i piedi e le mani avvolti in bende, e il volto coperto da un sudario.&#8221;<\/b> (Giov 11,44)<\/p><p class=\"txt1\">Cos\u00ec come usavano fare gli egizi, il suo volto veniva nascosto da un velo trasparente di bisso, cos\u00ec da mantenerlo visibile durante la sepoltura. A causa delle forti emorragie, per Ges\u00f9 Cristo non fu tuttavia possibile collocare per prima cosa il velo di bisso, seguendo cos\u00ec questa tradizione, poich\u00e9 esso non assorbiva alcun liquido. <\/p><p class=\"txt1\"><b>La Sindone di Torino e il Sudario di Oviedo<\/b> sono stati oggetto di approfondite indagini scientifiche. Le tracce ematiche sui teli sono in entrambi i casi riconducibili al decesso di un uomo con gruppo sanguigno AB. <\/p><p class=\"txt1\">Dato che secondo la concezione ebraica il sangue \u00e8 sacro in quanto sede della vita e strumento di espiazione, tutto il sangue doveva essere raccolto e inumato insieme al cadavere. Immediatamente dopo la morte il Sudario di Oviedo venne collocato sul capo e premuto in due strati sulla bocca e sul naso durante la deposizione dalla croce. Il profilo della mano che esercit\u00f2 la pressione \u00e8 visibile sulla reliquia. Successivamente venne posata sul capo anche la Santa Cuffia conservata a Cahors (Francia), costituita da otto strati di garza e utilizzata per tenere ferma la mandibola. Quindi l&#8217;intero corpo venne avvolto nella <strong>Sindone di Torino.<\/strong>     <\/p><p class=\"txt1\">Giuseppe, preso il corpo di Ges\u00f9, lo avvolse in un candido lenzuolo e lo depose nella sua tomba. (Matteo 27,59). Senza dubbio il criterio per scegliere i veli sepolcrali non dipendeva solo dal loro utilizzo pratico ma anche dalla qualit\u00e0, attraverso la quale si voleva rendere onore alla persona morta. Questo vale per l\u2019enorme sudario di bisso (6,50 x 3,5 m circa) e per il velo sepolcrale riccamente ornato, entrambi conservati a Kornelim\u00fcnster.  <\/p><p class=\"txt1\">I tre veli che coprivano il viso incarnano il Triduo Sacro: il Sudario di Oviedo rappresenta la passione e la morte il Venerd\u00ec Santo, la Sindone di Torino la pace sepolcrale del sabato e il Volto Santo di Manoppello il momento della Resurrezione, la Domenica di Pasqua.<\/p>\t\t\t\t\t\t\t\t<\/div>\n\t\t\t\t<\/div>\n\t\t<div class=\"elementor-element elementor-element-5a0d8ad e-con-full e-flex e-con e-child\" data-id=\"5a0d8ad\" data-element_type=\"container\" data-e-type=\"container\">\n\t\t\t\t<div class=\"elementor-element elementor-element-94b3556 elementor-widget elementor-widget-image\" data-id=\"94b3556\" data-element_type=\"widget\" data-e-type=\"widget\" data-widget_type=\"image.default\">\n\t\t\t\t\t\t\t\t\t\t\t\t<figure class=\"wp-caption\">\n\t\t\t\t\t\t\t\t\t\t<img decoding=\"async\" width=\"300\" height=\"300\" src=\"https:\/\/www.sudariumchristi.com\/wp-content\/uploads\/2025\/12\/pala_1.jpg\" class=\"attachment-large size-large wp-image-1338\" alt=\"\" srcset=\"https:\/\/www.sudariumchristi.com\/wp-content\/uploads\/2025\/12\/pala_1.jpg 300w, https:\/\/www.sudariumchristi.com\/wp-content\/uploads\/2025\/12\/pala_1-150x150.jpg 150w\" sizes=\"(max-width: 300px) 100vw, 300px\" \/>\t\t\t\t\t\t\t\t\t\t\t<figcaption class=\"widget-image-caption wp-caption-text\">La Santa Cuffia, Pala d\u00b4Oro, Basilica di San Marco, Venezia<\/figcaption>\n\t\t\t\t\t\t\t\t\t\t<\/figure>\n\t\t\t\t\t\t\t\t\t<\/div>\n\t\t\t\t<div class=\"elementor-element elementor-element-dd24107 elementor-widget elementor-widget-image\" data-id=\"dd24107\" data-element_type=\"widget\" data-e-type=\"widget\" data-widget_type=\"image.default\">\n\t\t\t\t\t\t\t\t\t\t\t\t<figure class=\"wp-caption\">\n\t\t\t\t\t\t\t\t\t\t<img decoding=\"async\" width=\"300\" height=\"316\" src=\"https:\/\/www.sudariumchristi.com\/wp-content\/uploads\/2025\/12\/pala_2.jpg\" class=\"attachment-large size-large wp-image-1339\" alt=\"\" srcset=\"https:\/\/www.sudariumchristi.com\/wp-content\/uploads\/2025\/12\/pala_2.jpg 300w, https:\/\/www.sudariumchristi.com\/wp-content\/uploads\/2025\/12\/pala_2-285x300.jpg 285w\" sizes=\"(max-width: 300px) 100vw, 300px\" \/>\t\t\t\t\t\t\t\t\t\t\t<figcaption class=\"widget-image-caption wp-caption-text\">La Santa Cuffia, Codex Egberti, 980 \u2013 983<\/figcaption>\n\t\t\t\t\t\t\t\t\t\t<\/figure>\n\t\t\t\t\t\t\t\t\t<\/div>\n\t\t\t\t<div class=\"elementor-element elementor-element-4273564 elementor-widget elementor-widget-image\" data-id=\"4273564\" data-element_type=\"widget\" data-e-type=\"widget\" data-widget_type=\"image.default\">\n\t\t\t\t\t\t\t\t\t\t\t\t<figure class=\"wp-caption\">\n\t\t\t\t\t\t\t\t\t\t<img loading=\"lazy\" decoding=\"async\" width=\"300\" height=\"432\" src=\"https:\/\/www.sudariumchristi.com\/wp-content\/uploads\/2025\/12\/holy-coif-of-cahors.jpg\" class=\"attachment-large size-large wp-image-1340\" alt=\"\" srcset=\"https:\/\/www.sudariumchristi.com\/wp-content\/uploads\/2025\/12\/holy-coif-of-cahors.jpg 300w, https:\/\/www.sudariumchristi.com\/wp-content\/uploads\/2025\/12\/holy-coif-of-cahors-208x300.jpg 208w\" sizes=\"(max-width: 300px) 100vw, 300px\" \/>\t\t\t\t\t\t\t\t\t\t\t<figcaption class=\"widget-image-caption wp-caption-text\">La Santa Cuffia di Cahors<\/figcaption>\n\t\t\t\t\t\t\t\t\t\t<\/figure>\n\t\t\t\t\t\t\t\t\t<\/div>\n\t\t\t\t<\/div>\n\t\t\t\t<\/div>\n\t\t\t\t\t<\/div>\n\t\t\t\t<\/div>\n\t\t\t\t<\/div>\n\t\t","protected":false},"excerpt":{"rendered":"<p>I veli sepolcrali di Cristo Il Sudario di Oviedo, citt\u00e0 nel nord della Spagna, la Santa Cuffia di Cahors, la Sindone di Torino, i Sudari di Kornelim\u00fcnster \u2013 sono numerose le reliquie tessili collegate alla sepoltura di Ges\u00f9. Nel Vangelo pasquale Giovanni parla non solo di bende al plurale ma anche di un sudario arrotolato [&hellip;]<\/p>\n","protected":false},"author":1,"featured_media":0,"parent":262,"menu_order":0,"comment_status":"closed","ping_status":"closed","template":"","meta":{"footnotes":""},"class_list":["post-298","page","type-page","status-publish","hentry"],"_links":{"self":[{"href":"https:\/\/www.sudariumchristi.com\/it\/wp-json\/wp\/v2\/pages\/298","targetHints":{"allow":["GET"]}}],"collection":[{"href":"https:\/\/www.sudariumchristi.com\/it\/wp-json\/wp\/v2\/pages"}],"about":[{"href":"https:\/\/www.sudariumchristi.com\/it\/wp-json\/wp\/v2\/types\/page"}],"author":[{"embeddable":true,"href":"https:\/\/www.sudariumchristi.com\/it\/wp-json\/wp\/v2\/users\/1"}],"replies":[{"embeddable":true,"href":"https:\/\/www.sudariumchristi.com\/it\/wp-json\/wp\/v2\/comments?post=298"}],"version-history":[{"count":7,"href":"https:\/\/www.sudariumchristi.com\/it\/wp-json\/wp\/v2\/pages\/298\/revisions"}],"predecessor-version":[{"id":3923,"href":"https:\/\/www.sudariumchristi.com\/it\/wp-json\/wp\/v2\/pages\/298\/revisions\/3923"}],"up":[{"embeddable":true,"href":"https:\/\/www.sudariumchristi.com\/it\/wp-json\/wp\/v2\/pages\/262"}],"wp:attachment":[{"href":"https:\/\/www.sudariumchristi.com\/it\/wp-json\/wp\/v2\/media?parent=298"}],"curies":[{"name":"wp","href":"https:\/\/api.w.org\/{rel}","templated":true}]}}