{"id":330,"date":"2025-11-05T16:45:26","date_gmt":"2025-11-05T15:45:26","guid":{"rendered":"http:\/\/sudariumchristi.stage.bergwerk-it.de\/dipinti-affreschi-e-icone\/"},"modified":"2025-12-19T13:42:36","modified_gmt":"2025-12-19T12:42:36","slug":"dipinti-affreschi-e-icone","status":"publish","type":"page","link":"https:\/\/www.sudariumchristi.com\/it\/dipinti-affreschi-e-icone\/","title":{"rendered":"Dipinti, affreschi e icone"},"content":{"rendered":"\t\t<div data-elementor-type=\"wp-page\" data-elementor-id=\"330\" class=\"elementor elementor-330 elementor-35\" data-elementor-post-type=\"page\">\n\t\t\t\t<div class=\"elementor-element elementor-element-ec9d5da e-flex e-con-boxed e-con e-parent\" data-id=\"ec9d5da\" data-element_type=\"container\" data-e-type=\"container\">\n\t\t\t\t\t<div class=\"e-con-inner\">\n\t\t<div class=\"elementor-element elementor-element-710d013 e-con-full e-flex e-con e-child\" data-id=\"710d013\" data-element_type=\"container\" data-e-type=\"container\">\n\t\t\t\t<div class=\"elementor-element elementor-element-aff23a6 elementor-blockquote--skin-quotation elementor-blockquote--align-left elementor-widget elementor-widget-blockquote\" data-id=\"aff23a6\" data-element_type=\"widget\" data-e-type=\"widget\" data-widget_type=\"blockquote.default\">\n\t\t\t\t\t\t\t<blockquote class=\"elementor-blockquote\">\n\t\t\t<p class=\"elementor-blockquote__content\">\n\t\t\t\tCi\u00f2 che di pi\u00f9 bello vi \u00e8 al mondo:\nun volto illuminato dallo spirito,\nin cui regna la purezza d'animo,\nsu cui troneggia la pace celeste.<br>\n- Friedrich Gottlieb Klopstock (1724 - 1803)\t\t\t<\/p>\n\t\t\t\t\t<\/blockquote>\n\t\t\t\t\t\t<\/div>\n\t\t\t\t<div class=\"elementor-element elementor-element-a6c556d elementor-widget elementor-widget-text-editor\" data-id=\"a6c556d\" data-element_type=\"widget\" data-e-type=\"widget\" data-widget_type=\"text-editor.default\">\n\t\t\t\t\t\t\t\t\t<p class=\"txt1\"><b>\u00c8 solo un ciuffo di capelli poco appariscente<\/b> sulla fronte di Ges\u00f9 Cristo, che come un filo conduttore percorre la storia dell&#8217;arte evocando a modello il Volto Santo di Manoppello. I soli contorni sfumati della Sindone di Torino non sarebbero stati idonei a fornire una riproduzione cos\u00ec precisa. <\/p><p class=\"txt1\"><b>L&#8217;esigenza iconografica <\/b>dei cristiani prevalse sui dettami del Vecchio Testamento, che vietava qualsiasi tipo di immagine, e sull&#8217;iconoclasia bizantina. Nel 2005 Andreas Resch, nel suo libro \u201cDas Antlitz Christi\u201d, ha rivelato che opere come il \u201cBuon Pastore\u201d (catacombe di Priscilla) nascondono in realt\u00e0 l&#8217;effige di Cristo. Egli stesso applic\u00f2 il principio della sovrapposizione, gi\u00e0 ideato da Suor Blandina, a icone e rappresentazioni protocristiane presenti nelle catacombe di Roma, per dimostrare la perfetta coincidenza tra veli sepolcrali diversi.  <\/p><p class=\"txt1\"><b>Numerose sono le opere d&#8217;arte che fino al XVII\u00b0<\/b> secolo riproducono le caratteristiche del sudario rivelando sorprendenti somiglianze, come la Santa Veronica del Maestro di Fl\u00e9maille (vissuto probabilmente tra il 1375 e il 1444). In questo tipo di riproduzioni, che si attengono strettamente all&#8217;originale, vengono ritratti unicamente il volto e la chioma (con o senza velo). <\/p><p class=\"txt1\">Sia ad est (Bisanzio) che ad ovest il Sudario \u2013 <b>in quanto protoicona <\/b>\u2013 serv\u00ec a sviluppare l&#8217;ideale divino della bellezza in senso figurativo attraverso l&#8217;applicazione di criteri geometrici. Questo assunto non vale solo per le copie e i campioni di icone, ma anche per le nuove creazioni individuali. Molte rappresentazioni sono caratteristiche dell&#8217;epoca in cui furono realizzate attraverso l&#8217;applicazione dei rispettivi fondamenti pittorici (come quelli della tecnica ritrattistica). Talvolta, per rendere l&#8217;immagine ancora pi\u00f9 autentica, si ricorre a uno stile pittorico ancora pi\u00f9 antico. Anche l&#8217;espressione del viso riflette il ruolo ascritto a Ges\u00f9 Cristo.    <\/p><p class=\"txt1\">Spesso l&#8217;immagine del sudario \u00e8 inserita in un <b>racconto figurativo,<\/b> per esempio introducendo delle figure di sostegno per spiegare in modi diversi l&#8217;origine della reliquia. Se \u00e8 la Veronica a porgere la Sindone da adorare, la rappresentazione della reliquia e la leggenda sono riunite in un&#8217;unica immagine. Se sono gli angeli a recare l&#8217;immagine del Cristo, \u00e8 per evidenziare la natura celeste. Anche il fatto che il drappeggio non sia visibile sul volto del Cristo, ma che questo sembri fluttuare davanti al tessuto, mira a sottolinearne l&#8217;origine sovrannaturale.    <\/p>\t\t\t\t\t\t\t\t<\/div>\n\t\t\t\t<\/div>\n\t\t<div class=\"elementor-element elementor-element-797ddf0 e-con-full e-flex e-con e-child\" data-id=\"797ddf0\" data-element_type=\"container\" data-e-type=\"container\">\n\t\t\t\t<div class=\"elementor-element elementor-element-f30ddd2 elementor-widget elementor-widget-image\" data-id=\"f30ddd2\" data-element_type=\"widget\" data-e-type=\"widget\" data-widget_type=\"image.default\">\n\t\t\t\t\t\t\t\t\t\t\t\t\t\t\t<img fetchpriority=\"high\" decoding=\"async\" width=\"300\" height=\"352\" src=\"https:\/\/www.sudariumchristi.com\/wp-content\/uploads\/2025\/12\/ikonen.jpg\" class=\"attachment-large size-large wp-image-1982\" alt=\"\" srcset=\"https:\/\/www.sudariumchristi.com\/wp-content\/uploads\/2025\/12\/ikonen.jpg 300w, https:\/\/www.sudariumchristi.com\/wp-content\/uploads\/2025\/12\/ikonen-256x300.jpg 256w\" sizes=\"(max-width: 300px) 100vw, 300px\" \/>\t\t\t\t\t\t\t\t\t\t\t\t\t\t\t<\/div>\n\t\t\t\t<\/div>\n\t\t\t\t\t<\/div>\n\t\t\t\t<\/div>\n\t\t\t\t<\/div>\n\t\t","protected":false},"excerpt":{"rendered":"<p>Ci\u00f2 che di pi\u00f9 bello vi \u00e8 al mondo: un volto illuminato dallo spirito, in cui regna la purezza d&#8217;animo, su cui troneggia la pace celeste. &#8211; Friedrich Gottlieb Klopstock (1724 &#8211; 1803) \u00c8 solo un ciuffo di capelli poco appariscente sulla fronte di Ges\u00f9 Cristo, che come un filo conduttore percorre la storia dell&#8217;arte [&hellip;]<\/p>\n","protected":false},"author":1,"featured_media":0,"parent":0,"menu_order":0,"comment_status":"closed","ping_status":"closed","template":"","meta":{"footnotes":""},"class_list":["post-330","page","type-page","status-publish","hentry"],"_links":{"self":[{"href":"https:\/\/www.sudariumchristi.com\/it\/wp-json\/wp\/v2\/pages\/330","targetHints":{"allow":["GET"]}}],"collection":[{"href":"https:\/\/www.sudariumchristi.com\/it\/wp-json\/wp\/v2\/pages"}],"about":[{"href":"https:\/\/www.sudariumchristi.com\/it\/wp-json\/wp\/v2\/types\/page"}],"author":[{"embeddable":true,"href":"https:\/\/www.sudariumchristi.com\/it\/wp-json\/wp\/v2\/users\/1"}],"replies":[{"embeddable":true,"href":"https:\/\/www.sudariumchristi.com\/it\/wp-json\/wp\/v2\/comments?post=330"}],"version-history":[{"count":5,"href":"https:\/\/www.sudariumchristi.com\/it\/wp-json\/wp\/v2\/pages\/330\/revisions"}],"predecessor-version":[{"id":3655,"href":"https:\/\/www.sudariumchristi.com\/it\/wp-json\/wp\/v2\/pages\/330\/revisions\/3655"}],"wp:attachment":[{"href":"https:\/\/www.sudariumchristi.com\/it\/wp-json\/wp\/v2\/media?parent=330"}],"curies":[{"name":"wp","href":"https:\/\/api.w.org\/{rel}","templated":true}]}}