{"id":379,"date":"2025-11-05T16:46:57","date_gmt":"2025-11-05T15:46:57","guid":{"rendered":"http:\/\/sudariumchristi.stage.bergwerk-it.de\/fantasia-e-realta\/la-contraddizione-sul-pilastro-della-veronica\/"},"modified":"2025-12-19T13:44:18","modified_gmt":"2025-12-19T12:44:18","slug":"la-contraddizione-sul-pilastro-della-veronica","status":"publish","type":"page","link":"https:\/\/www.sudariumchristi.com\/it\/fantasia-e-realta\/la-contraddizione-sul-pilastro-della-veronica\/","title":{"rendered":"La contraddizione sul pilastro della Veronica"},"content":{"rendered":"\t\t<div data-elementor-type=\"wp-page\" data-elementor-id=\"379\" class=\"elementor elementor-379 elementor-45\" data-elementor-post-type=\"page\">\n\t\t\t\t<div class=\"elementor-element elementor-element-afb83c0 e-flex e-con-boxed e-con e-parent\" data-id=\"afb83c0\" data-element_type=\"container\" data-e-type=\"container\">\n\t\t\t\t\t<div class=\"e-con-inner\">\n\t\t\t\t<div class=\"elementor-element elementor-element-4b76fd5 elementor-blockquote--skin-quotation elementor-blockquote--align-left elementor-widget elementor-widget-blockquote\" data-id=\"4b76fd5\" data-element_type=\"widget\" data-e-type=\"widget\" data-widget_type=\"blockquote.default\">\n\t\t\t\t\t\t\t<blockquote class=\"elementor-blockquote\">\n\t\t\t<p class=\"elementor-blockquote__content\">\n\t\t\t\tVULTUM TUUM DEPRECABUNTUR \u2013 Implorano il tuo Volto\t\t\t<\/p>\n\t\t\t\t\t\t\t<div class=\"e-q-footer\">\n\t\t\t\t\t\t\t\t\t\t\t<cite class=\"elementor-blockquote__author\">(Ps 45,13)<\/cite>\n\t\t\t\t\t\t\t\t\t\t\t\t\t\t<\/div>\n\t\t\t\t\t<\/blockquote>\n\t\t\t\t\t\t<\/div>\n\t\t\t\t<div class=\"elementor-element elementor-element-ec493d8 elementor-widget__width-initial elementor-widget elementor-widget-image-carousel\" data-id=\"ec493d8\" data-element_type=\"widget\" data-e-type=\"widget\" data-settings=\"{&quot;slides_to_show&quot;:&quot;1&quot;,&quot;navigation&quot;:&quot;none&quot;,&quot;lazyload&quot;:&quot;yes&quot;,&quot;autoplay&quot;:&quot;yes&quot;,&quot;pause_on_hover&quot;:&quot;yes&quot;,&quot;pause_on_interaction&quot;:&quot;yes&quot;,&quot;autoplay_speed&quot;:5000,&quot;infinite&quot;:&quot;yes&quot;,&quot;effect&quot;:&quot;slide&quot;,&quot;speed&quot;:500}\" data-widget_type=\"image-carousel.default\">\n\t\t\t\t\t\t\t<div class=\"elementor-image-carousel-wrapper swiper\" role=\"region\" aria-roledescription=\"carousel\" aria-label=\"Bild Karussell\" dir=\"ltr\">\n\t\t\t<div class=\"elementor-image-carousel swiper-wrapper swiper-image-stretch\" aria-live=\"off\">\n\t\t\t\t\t\t\t\t<div class=\"swiper-slide\" role=\"group\" aria-roledescription=\"slide\" aria-label=\"1 di 7\"><figure class=\"swiper-slide-inner\"><img class=\"swiper-slide-image swiper-lazy\" data-src=\"https:\/\/www.sudariumchristi.com\/wp-content\/uploads\/2025\/12\/veronica_01.jpg\" alt=\"Veronika-Pfeiler\" \/><div class=\"swiper-lazy-preloader\"><\/div><figcaption class=\"elementor-image-carousel-caption\">Veronika-Pfeiler<\/figcaption><\/figure><\/div><div class=\"swiper-slide\" role=\"group\" aria-roledescription=\"slide\" aria-label=\"2 di 7\"><figure class=\"swiper-slide-inner\"><img class=\"swiper-slide-image swiper-lazy\" data-src=\"https:\/\/www.sudariumchristi.com\/wp-content\/uploads\/2025\/12\/veronica_02.jpg\" alt=\"Veronika mit Schwei\u00dftuch\" \/><div class=\"swiper-lazy-preloader\"><\/div><figcaption class=\"elementor-image-carousel-caption\">Veronika mit Schwei\u00dftuch<\/figcaption><\/figure><\/div><div class=\"swiper-slide\" role=\"group\" aria-roledescription=\"slide\" aria-label=\"3 di 7\"><figure class=\"swiper-slide-inner\"><img class=\"swiper-slide-image swiper-lazy\" data-src=\"https:\/\/www.sudariumchristi.com\/wp-content\/uploads\/2025\/12\/veronica_03.jpg\" alt=\"Veronika mit Schwei\u00dftuch\" \/><div class=\"swiper-lazy-preloader\"><\/div><figcaption class=\"elementor-image-carousel-caption\">Veronika mit Schwei\u00dftuch<\/figcaption><\/figure><\/div><div class=\"swiper-slide\" role=\"group\" aria-roledescription=\"slide\" aria-label=\"4 di 7\"><figure class=\"swiper-slide-inner\"><img class=\"swiper-slide-image swiper-lazy\" data-src=\"https:\/\/www.sudariumchristi.com\/wp-content\/uploads\/2025\/12\/veronica_04.jpg\" alt=\"Veronika mit Schwei\u00dftuch\" \/><div class=\"swiper-lazy-preloader\"><\/div><figcaption class=\"elementor-image-carousel-caption\">Veronika mit Schwei\u00dftuch<\/figcaption><\/figure><\/div><div class=\"swiper-slide\" role=\"group\" aria-roledescription=\"slide\" aria-label=\"5 di 7\"><figure class=\"swiper-slide-inner\"><img class=\"swiper-slide-image swiper-lazy\" data-src=\"https:\/\/www.sudariumchristi.com\/wp-content\/uploads\/2025\/12\/veronica_05.jpg\" alt=\"Engel mit dem Sudarium Christi\" \/><div class=\"swiper-lazy-preloader\"><\/div><figcaption class=\"elementor-image-carousel-caption\">Engel mit dem Sudarium Christi<\/figcaption><\/figure><\/div><div class=\"swiper-slide\" role=\"group\" aria-roledescription=\"slide\" aria-label=\"6 di 7\"><figure class=\"swiper-slide-inner\"><img class=\"swiper-slide-image swiper-lazy\" data-src=\"https:\/\/www.sudariumchristi.com\/wp-content\/uploads\/2025\/12\/veronica_06.jpg\" alt=\"Engel mit dem Sudarium Christi\" \/><div class=\"swiper-lazy-preloader\"><\/div><figcaption class=\"elementor-image-carousel-caption\">Engel mit dem Sudarium Christi<\/figcaption><\/figure><\/div><div class=\"swiper-slide\" role=\"group\" aria-roledescription=\"slide\" aria-label=\"7 di 7\"><figure class=\"swiper-slide-inner\"><img class=\"swiper-slide-image swiper-lazy\" data-src=\"https:\/\/www.sudariumchristi.com\/wp-content\/uploads\/2025\/12\/veronica_07.jpg\" alt=\"Engel mit dem Sudarium Christi\" \/><div class=\"swiper-lazy-preloader\"><\/div><figcaption class=\"elementor-image-carousel-caption\">Engel mit dem Sudarium Christi<\/figcaption><\/figure><\/div>\t\t\t<\/div>\n\t\t\t\t\t\t\t\n\t\t\t\t\t\t\t\t\t<\/div>\n\t\t\t\t\t\t<\/div>\n\t\t\t\t<div class=\"elementor-element elementor-element-1e1a280 elementor-widget elementor-widget-text-editor\" data-id=\"1e1a280\" data-element_type=\"widget\" data-e-type=\"widget\" data-widget_type=\"text-editor.default\">\n\t\t\t\t\t\t\t\t\t<p class=\"txt1\">Ci\u00f2 che \u00e8 inciso sulla superficie lapidea della Veronica conservata all&#8217;interno di uno dei pilastri della Basilica di San Pietro \u00e8 un&#8217;evidente contraddizione. Nella parte bassa la scultura, creata nel 1646 da Francesco Mochi, fa ondeggiare un sudario sul quale \u00e8 riconoscibile un volto dagli occhi chiusi. L&#8217;angelo che si trova sopra la balconata, probabile opera della scuola di Gianlorenzo Bernini, reca invece un panno su cui spicca un volto con gli occhi aperti identico al Volto Santo di Manoppello, cio\u00e8 al volto del Signore.   <\/p><p class=\"txt1\">L&#8217;\u201cOpusculum de Sacrosanto Veronicae Sudario\u201d di <b>Jacopo Grimaldi, <\/b>un inventario dei tesori presenti nell&#8217;antica Basilica di San Pietro, documenta anch&#8217;esso in modo impressionante l&#8217;evolversi dell&#8217;iconografia cristiana nel corso del XVII\u00b0 secolo: sul frontespizio \u00e8 raffigurata la Veronica, mentre nelle edizioni del 1618 e del 1620 appare il noto volto con gli occhi aperti e nella trascrizione fedele del 1635 un viso sconosciuto e con gli occhi chiusi. <\/p>\t\t\t\t\t\t\t\t<\/div>\n\t\t\t\t\t<\/div>\n\t\t\t\t<\/div>\n\t\t\t\t<\/div>\n\t\t","protected":false},"excerpt":{"rendered":"<p>VULTUM TUUM DEPRECABUNTUR \u2013 Implorano il tuo Volto (Ps 45,13) Veronika-Pfeiler Veronika mit Schwei\u00dftuch Veronika mit Schwei\u00dftuch Veronika mit Schwei\u00dftuch Engel mit dem Sudarium Christi Engel mit dem Sudarium Christi Engel mit dem Sudarium Christi Ci\u00f2 che \u00e8 inciso sulla superficie lapidea della Veronica conservata all&#8217;interno di uno dei pilastri della Basilica di San Pietro [&hellip;]<\/p>\n","protected":false},"author":1,"featured_media":0,"parent":346,"menu_order":0,"comment_status":"closed","ping_status":"closed","template":"","meta":{"footnotes":""},"class_list":["post-379","page","type-page","status-publish","hentry"],"_links":{"self":[{"href":"https:\/\/www.sudariumchristi.com\/it\/wp-json\/wp\/v2\/pages\/379","targetHints":{"allow":["GET"]}}],"collection":[{"href":"https:\/\/www.sudariumchristi.com\/it\/wp-json\/wp\/v2\/pages"}],"about":[{"href":"https:\/\/www.sudariumchristi.com\/it\/wp-json\/wp\/v2\/types\/page"}],"author":[{"embeddable":true,"href":"https:\/\/www.sudariumchristi.com\/it\/wp-json\/wp\/v2\/users\/1"}],"replies":[{"embeddable":true,"href":"https:\/\/www.sudariumchristi.com\/it\/wp-json\/wp\/v2\/comments?post=379"}],"version-history":[{"count":7,"href":"https:\/\/www.sudariumchristi.com\/it\/wp-json\/wp\/v2\/pages\/379\/revisions"}],"predecessor-version":[{"id":3708,"href":"https:\/\/www.sudariumchristi.com\/it\/wp-json\/wp\/v2\/pages\/379\/revisions\/3708"}],"up":[{"embeddable":true,"href":"https:\/\/www.sudariumchristi.com\/it\/wp-json\/wp\/v2\/pages\/346"}],"wp:attachment":[{"href":"https:\/\/www.sudariumchristi.com\/it\/wp-json\/wp\/v2\/media?parent=379"}],"curies":[{"name":"wp","href":"https:\/\/api.w.org\/{rel}","templated":true}]}}