{"id":395,"date":"2025-11-05T16:48:44","date_gmt":"2025-11-05T15:48:44","guid":{"rendered":"http:\/\/sudariumchristi.stage.bergwerk-it.de\/maria-madre-di-dio\/"},"modified":"2025-12-19T13:45:02","modified_gmt":"2025-12-19T12:45:02","slug":"maria-madre-di-dio","status":"publish","type":"page","link":"https:\/\/www.sudariumchristi.com\/it\/maria-madre-di-dio\/","title":{"rendered":"Maria, Madre di Dio"},"content":{"rendered":"\t\t<div data-elementor-type=\"wp-page\" data-elementor-id=\"395\" class=\"elementor elementor-395 elementor-51\" data-elementor-post-type=\"page\">\n\t\t\t\t<div class=\"elementor-element elementor-element-7891ae7 e-flex e-con-boxed e-con e-parent\" data-id=\"7891ae7\" data-element_type=\"container\" data-e-type=\"container\">\n\t\t\t\t\t<div class=\"e-con-inner\">\n\t\t<div class=\"elementor-element elementor-element-9c9a684 e-con-full e-flex e-con e-child\" data-id=\"9c9a684\" data-element_type=\"container\" data-e-type=\"container\">\n\t\t\t\t<div class=\"elementor-element elementor-element-15256e5 elementor-widget elementor-widget-text-editor\" data-id=\"15256e5\" data-element_type=\"widget\" data-e-type=\"widget\" data-widget_type=\"text-editor.default\">\n\t\t\t\t\t\t\t\t\t<p>Come Maria ha preceduto Ges\u00f9 in vita, cos\u00ec il suo velo \u00e8 giunto per primo a Manoppello, seguito dal velo sepolcrale di suo Figlio (entrambi di bisso): Nel 1320 Tommaso degli Orsini originario di Manoppello, guarito da una malattia incurabile, don\u00f2 alla Basilica di San Francesco d&#8217;Assisi il Velo di Maria Vergine.<\/p>\t\t\t\t\t\t\t\t<\/div>\n\t\t\t\t<\/div>\n\t\t<div class=\"elementor-element elementor-element-17684ca e-con-full e-flex e-con e-child\" data-id=\"17684ca\" data-element_type=\"container\" data-e-type=\"container\">\n\t\t\t\t<div class=\"elementor-element elementor-element-8170f8b elementor-widget elementor-widget-image\" data-id=\"8170f8b\" data-element_type=\"widget\" data-e-type=\"widget\" data-widget_type=\"image.default\">\n\t\t\t\t\t\t\t\t\t\t\t\t<figure class=\"wp-caption\">\n\t\t\t\t\t\t\t\t\t\t<img fetchpriority=\"high\" decoding=\"async\" width=\"300\" height=\"224\" src=\"https:\/\/www.sudariumchristi.com\/wp-content\/uploads\/2025\/12\/maria_1.jpg\" class=\"attachment-large size-large wp-image-2051\" alt=\"\" \/>\t\t\t\t\t\t\t\t\t\t\t<figcaption class=\"widget-image-caption wp-caption-text\">Welon bisiorowy Matki Boskiej w Asy\u017cu<\/figcaption>\n\t\t\t\t\t\t\t\t\t\t<\/figure>\n\t\t\t\t\t\t\t\t\t<\/div>\n\t\t\t\t<\/div>\n\t\t\t\t\t<\/div>\n\t\t\t\t<\/div>\n\t\t\t\t<\/div>\n\t\t","protected":false},"excerpt":{"rendered":"<p>Come Maria ha preceduto Ges\u00f9 in vita, cos\u00ec il suo velo \u00e8 giunto per primo a Manoppello, seguito dal velo sepolcrale di suo Figlio (entrambi di bisso): Nel 1320 Tommaso degli Orsini originario di Manoppello, guarito da una malattia incurabile, don\u00f2 alla Basilica di San Francesco d&#8217;Assisi il Velo di Maria Vergine. Welon bisiorowy Matki [&hellip;]<\/p>\n","protected":false},"author":1,"featured_media":0,"parent":0,"menu_order":0,"comment_status":"closed","ping_status":"closed","template":"","meta":{"footnotes":""},"class_list":["post-395","page","type-page","status-publish","hentry"],"_links":{"self":[{"href":"https:\/\/www.sudariumchristi.com\/it\/wp-json\/wp\/v2\/pages\/395","targetHints":{"allow":["GET"]}}],"collection":[{"href":"https:\/\/www.sudariumchristi.com\/it\/wp-json\/wp\/v2\/pages"}],"about":[{"href":"https:\/\/www.sudariumchristi.com\/it\/wp-json\/wp\/v2\/types\/page"}],"author":[{"embeddable":true,"href":"https:\/\/www.sudariumchristi.com\/it\/wp-json\/wp\/v2\/users\/1"}],"replies":[{"embeddable":true,"href":"https:\/\/www.sudariumchristi.com\/it\/wp-json\/wp\/v2\/comments?post=395"}],"version-history":[{"count":4,"href":"https:\/\/www.sudariumchristi.com\/it\/wp-json\/wp\/v2\/pages\/395\/revisions"}],"predecessor-version":[{"id":3737,"href":"https:\/\/www.sudariumchristi.com\/it\/wp-json\/wp\/v2\/pages\/395\/revisions\/3737"}],"wp:attachment":[{"href":"https:\/\/www.sudariumchristi.com\/it\/wp-json\/wp\/v2\/media?parent=395"}],"curies":[{"name":"wp","href":"https:\/\/api.w.org\/{rel}","templated":true}]}}