{"id":409,"date":"2025-11-05T16:49:20","date_gmt":"2025-11-05T15:49:20","guid":{"rendered":"http:\/\/sudariumchristi.stage.bergwerk-it.de\/maria-di-guadalupe\/rose-dinverno\/"},"modified":"2025-12-19T13:45:22","modified_gmt":"2025-12-19T12:45:22","slug":"rose-dinverno","status":"publish","type":"page","link":"https:\/\/www.sudariumchristi.com\/it\/maria-di-guadalupe\/rose-dinverno\/","title":{"rendered":"Rose d&#8217;inverno"},"content":{"rendered":"\t\t<div data-elementor-type=\"wp-page\" data-elementor-id=\"409\" class=\"elementor elementor-409 elementor-54\" data-elementor-post-type=\"page\">\n\t\t\t\t<div class=\"elementor-element elementor-element-0c17328 e-flex e-con-boxed e-con e-parent\" data-id=\"0c17328\" data-element_type=\"container\" data-e-type=\"container\">\n\t\t\t\t\t<div class=\"e-con-inner\">\n\t\t\t\t<div class=\"elementor-element elementor-element-22ef8f8 elementor-widget__width-initial elementor-widget elementor-widget-image-carousel\" data-id=\"22ef8f8\" data-element_type=\"widget\" data-e-type=\"widget\" data-settings=\"{&quot;slides_to_show&quot;:&quot;1&quot;,&quot;navigation&quot;:&quot;none&quot;,&quot;lazyload&quot;:&quot;yes&quot;,&quot;autoplay&quot;:&quot;yes&quot;,&quot;pause_on_hover&quot;:&quot;yes&quot;,&quot;pause_on_interaction&quot;:&quot;yes&quot;,&quot;autoplay_speed&quot;:5000,&quot;infinite&quot;:&quot;yes&quot;,&quot;effect&quot;:&quot;slide&quot;,&quot;speed&quot;:500}\" data-widget_type=\"image-carousel.default\">\n\t\t\t\t\t\t\t<div class=\"elementor-image-carousel-wrapper swiper\" role=\"region\" aria-roledescription=\"carousel\" aria-label=\"Bild Karussell\" dir=\"ltr\">\n\t\t\t<div class=\"elementor-image-carousel swiper-wrapper swiper-image-stretch\" aria-live=\"off\">\n\t\t\t\t\t\t\t\t<div class=\"swiper-slide\" role=\"group\" aria-roledescription=\"slide\" aria-label=\"1 di 6\"><figure class=\"swiper-slide-inner\"><img class=\"swiper-slide-image swiper-lazy\" data-src=\"https:\/\/www.sudariumchristi.com\/wp-content\/uploads\/2025\/12\/la-villa_01.jpg\" alt=\"La Villa, Mexico D.F.\" \/><div class=\"swiper-lazy-preloader\"><\/div><figcaption class=\"elementor-image-carousel-caption\">La Villa, Mexico D.F.<\/figcaption><\/figure><\/div><div class=\"swiper-slide\" role=\"group\" aria-roledescription=\"slide\" aria-label=\"2 di 6\"><figure class=\"swiper-slide-inner\"><img class=\"swiper-slide-image swiper-lazy\" data-src=\"https:\/\/www.sudariumchristi.com\/wp-content\/uploads\/2025\/12\/la-villa_02.jpg\" alt=\"La Villa, Mexico D.F.\" \/><div class=\"swiper-lazy-preloader\"><\/div><figcaption class=\"elementor-image-carousel-caption\">La Villa, Mexico D.F.<\/figcaption><\/figure><\/div><div class=\"swiper-slide\" role=\"group\" aria-roledescription=\"slide\" aria-label=\"3 di 6\"><figure class=\"swiper-slide-inner\"><img class=\"swiper-slide-image swiper-lazy\" data-src=\"https:\/\/www.sudariumchristi.com\/wp-content\/uploads\/2025\/12\/la-villa_03.jpg\" alt=\"La Villa, Mexico D.F.\" \/><div class=\"swiper-lazy-preloader\"><\/div><figcaption class=\"elementor-image-carousel-caption\">La Villa, Mexico D.F.<\/figcaption><\/figure><\/div><div class=\"swiper-slide\" role=\"group\" aria-roledescription=\"slide\" aria-label=\"4 di 6\"><figure class=\"swiper-slide-inner\"><img class=\"swiper-slide-image swiper-lazy\" data-src=\"https:\/\/www.sudariumchristi.com\/wp-content\/uploads\/2025\/12\/la-villa_04.jpg\" alt=\"La Villa, Mexico D.F.\" \/><div class=\"swiper-lazy-preloader\"><\/div><figcaption class=\"elementor-image-carousel-caption\">La Villa, Mexico D.F.<\/figcaption><\/figure><\/div><div class=\"swiper-slide\" role=\"group\" aria-roledescription=\"slide\" aria-label=\"5 di 6\"><figure class=\"swiper-slide-inner\"><img class=\"swiper-slide-image swiper-lazy\" data-src=\"https:\/\/www.sudariumchristi.com\/wp-content\/uploads\/2025\/12\/la-villa_05.jpg\" alt=\"La Villa, Mexico D.F.\" \/><div class=\"swiper-lazy-preloader\"><\/div><figcaption class=\"elementor-image-carousel-caption\">La Villa, Mexico D.F.<\/figcaption><\/figure><\/div><div class=\"swiper-slide\" role=\"group\" aria-roledescription=\"slide\" aria-label=\"6 di 6\"><figure class=\"swiper-slide-inner\"><img class=\"swiper-slide-image swiper-lazy\" data-src=\"https:\/\/www.sudariumchristi.com\/wp-content\/uploads\/2025\/12\/la-villa_06.jpg\" alt=\"La Villa, Mexico D.F.\" \/><div class=\"swiper-lazy-preloader\"><\/div><figcaption class=\"elementor-image-carousel-caption\">La Villa, Mexico D.F.<\/figcaption><\/figure><\/div>\t\t\t<\/div>\n\t\t\t\t\t\t\t\n\t\t\t\t\t\t\t\t\t<\/div>\n\t\t\t\t\t\t<\/div>\n\t\t\t\t<div class=\"elementor-element elementor-element-8960847 elementor-widget elementor-widget-text-editor\" data-id=\"8960847\" data-element_type=\"widget\" data-e-type=\"widget\" data-widget_type=\"text-editor.default\">\n\t\t\t\t\t\t\t\t\t<p class=\"txt1\"><b>Il 9 dicembre 1531,<\/b> giorno della &#8220;Immacolata Concezione&#8221;, la Santa Vergine Maria appare sulla collina Tepeyac a un azteco ribattezzato con il nome di Juan Diego. Anticamente quello stesso punto a nord di Citt\u00e0 del Messico, conquistata 10 anni prima dagli spagnoli, era stato un luogo sacro per l&#8217;adorazione di Tonantzin, una divinit\u00e0 femminile simbolo della terra e della maternit\u00e0. Maria invia Juan Diego dal vescovo con la preghiera di far erigere una chiesa esattamente in quel luogo. Inizialmente il prelato non sembra prestar fede alla descrizione fornita da quell&#8217;uomo semplice. Per tale ragione Juan Diego \u00e8 costretto a presentarsi pi\u00f9 volte al suo cospetto, incoraggiato anche da altre apparizioni della Vergine. Il vescovo, infine, chiede un segno tangibile dell&#8217;apparizione che Maria fornir\u00e0 a Juan Diego nel loro quarto e ultimo incontro avvenuto il 12 dicembre dello stesso anno: in cima alla collina, dove normalmente crescevano solo piante particolarmente resistenti al clima inclemente, egli trova un gran numero di rose sbocciate nel cuore dell&#8217;inverno. Recatosi dal vescovo, Juan Diego lascia che i fiori profumati cadano dal suo mantello (tilma) sparpagliandosi per terra e mostrando sul tessuto del mantello l&#8217;immagine della Vergine Maria. Lo stesso giorno Maria appare anche allo zio di Juan Diego, gi\u00e0 sul letto di morte per una malattia incurabile. Dopo averlo guarito, la Vergine lo prega di venerarla con il nome di Santa Vergine di Guadalupe.       <\/p><p class=\"txt1\">Il 26 dicembre dello stesso anno viene eretta una piccola cappella nel luogo dove oggi sorge la &#8220;Bas\u00edlica de Nuestra Se\u00f1ora de Guadalupe&#8221;, in grado di accogliere fino a 10.000 fedeli. Con 20 milioni di devoti l&#8217;anno \u00e8 il luogo di pellegrinaggio pi\u00f9 visitato del mondo cristiano.  <\/p>\t\t\t\t\t\t\t\t<\/div>\n\t\t\t\t\t<\/div>\n\t\t\t\t<\/div>\n\t\t\t\t<\/div>\n\t\t","protected":false},"excerpt":{"rendered":"<p>La Villa, Mexico D.F. La Villa, Mexico D.F. La Villa, Mexico D.F. La Villa, Mexico D.F. La Villa, Mexico D.F. La Villa, Mexico D.F. Il 9 dicembre 1531, giorno della &#8220;Immacolata Concezione&#8221;, la Santa Vergine Maria appare sulla collina Tepeyac a un azteco ribattezzato con il nome di Juan Diego. Anticamente quello stesso punto a [&hellip;]<\/p>\n","protected":false},"author":1,"featured_media":0,"parent":401,"menu_order":0,"comment_status":"closed","ping_status":"closed","template":"","meta":{"footnotes":""},"class_list":["post-409","page","type-page","status-publish","hentry"],"_links":{"self":[{"href":"https:\/\/www.sudariumchristi.com\/it\/wp-json\/wp\/v2\/pages\/409","targetHints":{"allow":["GET"]}}],"collection":[{"href":"https:\/\/www.sudariumchristi.com\/it\/wp-json\/wp\/v2\/pages"}],"about":[{"href":"https:\/\/www.sudariumchristi.com\/it\/wp-json\/wp\/v2\/types\/page"}],"author":[{"embeddable":true,"href":"https:\/\/www.sudariumchristi.com\/it\/wp-json\/wp\/v2\/users\/1"}],"replies":[{"embeddable":true,"href":"https:\/\/www.sudariumchristi.com\/it\/wp-json\/wp\/v2\/comments?post=409"}],"version-history":[{"count":4,"href":"https:\/\/www.sudariumchristi.com\/it\/wp-json\/wp\/v2\/pages\/409\/revisions"}],"predecessor-version":[{"id":3746,"href":"https:\/\/www.sudariumchristi.com\/it\/wp-json\/wp\/v2\/pages\/409\/revisions\/3746"}],"up":[{"embeddable":true,"href":"https:\/\/www.sudariumchristi.com\/it\/wp-json\/wp\/v2\/pages\/401"}],"wp:attachment":[{"href":"https:\/\/www.sudariumchristi.com\/it\/wp-json\/wp\/v2\/media?parent=409"}],"curies":[{"name":"wp","href":"https:\/\/api.w.org\/{rel}","templated":true}]}}