{"id":417,"date":"2025-11-05T16:49:46","date_gmt":"2025-11-05T15:49:46","guid":{"rendered":"http:\/\/sudariumchristi.stage.bergwerk-it.de\/maria-di-guadalupe\/limmagine-acheiropoietica-a-confronto\/"},"modified":"2025-12-19T13:41:48","modified_gmt":"2025-12-19T12:41:48","slug":"limmagine-acheiropoietica-a-confronto","status":"publish","type":"page","link":"https:\/\/www.sudariumchristi.com\/it\/maria-di-guadalupe\/limmagine-acheiropoietica-a-confronto\/","title":{"rendered":"L&#8217;immagine acheiropoietica a confronto"},"content":{"rendered":"\t\t<div data-elementor-type=\"wp-page\" data-elementor-id=\"417\" class=\"elementor elementor-417 elementor-55\" data-elementor-post-type=\"page\">\n\t\t\t\t<div class=\"elementor-element elementor-element-a55d9d8 e-flex e-con-boxed e-con e-parent\" data-id=\"a55d9d8\" data-element_type=\"container\" data-e-type=\"container\">\n\t\t\t\t\t<div class=\"e-con-inner\">\n\t\t\t\t<div class=\"elementor-element elementor-element-fb8fbe6 elementor-widget__width-initial elementor-widget elementor-widget-image-carousel\" data-id=\"fb8fbe6\" data-element_type=\"widget\" data-e-type=\"widget\" data-settings=\"{&quot;slides_to_show&quot;:&quot;1&quot;,&quot;navigation&quot;:&quot;none&quot;,&quot;lazyload&quot;:&quot;yes&quot;,&quot;autoplay&quot;:&quot;yes&quot;,&quot;pause_on_hover&quot;:&quot;yes&quot;,&quot;pause_on_interaction&quot;:&quot;yes&quot;,&quot;autoplay_speed&quot;:5000,&quot;infinite&quot;:&quot;yes&quot;,&quot;effect&quot;:&quot;slide&quot;,&quot;speed&quot;:500}\" data-widget_type=\"image-carousel.default\">\n\t\t\t\t\t\t\t<div class=\"elementor-image-carousel-wrapper swiper\" role=\"region\" aria-roledescription=\"carousel\" aria-label=\"Bild Karussell\" dir=\"ltr\">\n\t\t\t<div class=\"elementor-image-carousel swiper-wrapper swiper-image-stretch\" aria-live=\"off\">\n\t\t\t\t\t\t\t\t<div class=\"swiper-slide\" role=\"group\" aria-roledescription=\"slide\" aria-label=\"1 di 9\"><figure class=\"swiper-slide-inner\"><img class=\"swiper-slide-image swiper-lazy\" data-src=\"https:\/\/www.sudariumchristi.com\/wp-content\/uploads\/2025\/12\/la-villa_07.jpg\" alt=\"La Villa, Mexico D.F.\" \/><div class=\"swiper-lazy-preloader\"><\/div><figcaption class=\"elementor-image-carousel-caption\">La Villa, Mexico D.F.<\/figcaption><\/figure><\/div><div class=\"swiper-slide\" role=\"group\" aria-roledescription=\"slide\" aria-label=\"2 di 9\"><figure class=\"swiper-slide-inner\"><img class=\"swiper-slide-image swiper-lazy\" data-src=\"https:\/\/www.sudariumchristi.com\/wp-content\/uploads\/2025\/12\/la-villa_08.jpg\" alt=\"La Villa, Mexico D.F.\" \/><div class=\"swiper-lazy-preloader\"><\/div><figcaption class=\"elementor-image-carousel-caption\">La Villa, Mexico D.F.<\/figcaption><\/figure><\/div><div class=\"swiper-slide\" role=\"group\" aria-roledescription=\"slide\" aria-label=\"3 di 9\"><figure class=\"swiper-slide-inner\"><img class=\"swiper-slide-image swiper-lazy\" data-src=\"https:\/\/www.sudariumchristi.com\/wp-content\/uploads\/2025\/12\/la-villa_09.jpg\" alt=\"La Villa, Mexico D.F.\" \/><div class=\"swiper-lazy-preloader\"><\/div><figcaption class=\"elementor-image-carousel-caption\">La Villa, Mexico D.F.<\/figcaption><\/figure><\/div><div class=\"swiper-slide\" role=\"group\" aria-roledescription=\"slide\" aria-label=\"4 di 9\"><figure class=\"swiper-slide-inner\"><img class=\"swiper-slide-image swiper-lazy\" data-src=\"https:\/\/www.sudariumchristi.com\/wp-content\/uploads\/2025\/12\/la-villa_10.jpg\" alt=\"La Villa, Mexico D.F.\" \/><div class=\"swiper-lazy-preloader\"><\/div><figcaption class=\"elementor-image-carousel-caption\">La Villa, Mexico D.F.<\/figcaption><\/figure><\/div><div class=\"swiper-slide\" role=\"group\" aria-roledescription=\"slide\" aria-label=\"5 di 9\"><figure class=\"swiper-slide-inner\"><img class=\"swiper-slide-image swiper-lazy\" data-src=\"https:\/\/www.sudariumchristi.com\/wp-content\/uploads\/2025\/12\/la-villa_11.jpg\" alt=\"La Villa, Mexico D.F.\" \/><div class=\"swiper-lazy-preloader\"><\/div><figcaption class=\"elementor-image-carousel-caption\">La Villa, Mexico D.F.<\/figcaption><\/figure><\/div><div class=\"swiper-slide\" role=\"group\" aria-roledescription=\"slide\" aria-label=\"6 di 9\"><figure class=\"swiper-slide-inner\"><img class=\"swiper-slide-image swiper-lazy\" data-src=\"https:\/\/www.sudariumchristi.com\/wp-content\/uploads\/2025\/12\/capilla-del-pocito_01.jpg\" alt=\"Capilla del Pocito\" \/><div class=\"swiper-lazy-preloader\"><\/div><figcaption class=\"elementor-image-carousel-caption\">Capilla del Pocito<\/figcaption><\/figure><\/div><div class=\"swiper-slide\" role=\"group\" aria-roledescription=\"slide\" aria-label=\"7 di 9\"><figure class=\"swiper-slide-inner\"><img class=\"swiper-slide-image swiper-lazy\" data-src=\"https:\/\/www.sudariumchristi.com\/wp-content\/uploads\/2025\/12\/basilica_01.jpg\" alt=\"Basilica del Volto Santo, Manoppello\" \/><div class=\"swiper-lazy-preloader\"><\/div><figcaption class=\"elementor-image-carousel-caption\">Basilica del Volto Santo, Manoppello<\/figcaption><\/figure><\/div><div class=\"swiper-slide\" role=\"group\" aria-roledescription=\"slide\" aria-label=\"8 di 9\"><figure class=\"swiper-slide-inner\"><img class=\"swiper-slide-image swiper-lazy\" data-src=\"https:\/\/www.sudariumchristi.com\/wp-content\/uploads\/2025\/12\/la-villa_12.jpg\" alt=\"La Villa, Mexico D.F.\" \/><div class=\"swiper-lazy-preloader\"><\/div><figcaption class=\"elementor-image-carousel-caption\">La Villa, Mexico D.F.<\/figcaption><\/figure><\/div><div class=\"swiper-slide\" role=\"group\" aria-roledescription=\"slide\" aria-label=\"9 di 9\"><figure class=\"swiper-slide-inner\"><img class=\"swiper-slide-image swiper-lazy\" data-src=\"https:\/\/www.sudariumchristi.com\/wp-content\/uploads\/2025\/12\/la-villa_13.jpg\" alt=\"La Villa, Mexico D.F.\" \/><div class=\"swiper-lazy-preloader\"><\/div><figcaption class=\"elementor-image-carousel-caption\">La Villa, Mexico D.F.<\/figcaption><\/figure><\/div>\t\t\t<\/div>\n\t\t\t\t\t\t\t\n\t\t\t\t\t\t\t\t\t<\/div>\n\t\t\t\t\t\t<\/div>\n\t\t\t\t<div class=\"elementor-element elementor-element-12396a9 elementor-widget elementor-widget-text-editor\" data-id=\"12396a9\" data-element_type=\"widget\" data-e-type=\"widget\" data-widget_type=\"text-editor.default\">\n\t\t\t\t\t\t\t\t\t<div class=\"main\"><p class=\"txt1\">La Sacra Sindone di Torino e il Volto Santo di Manoppello, con le loro prospettive frontali, appaiono come foto, cio\u00e8 come immagini biometriche. L&#8217;effigie della Maria di Guadalupe messicana, invece, ricorda in modo molto pi\u00f9 marcato un dipinto, cio\u00e8 una rappresentazione artistica della Madonna. Olio, tempera, acquarello e tempera lavorata: per realizzarla sembra siano state utilizzate le pi\u00f9 svariate tecniche pittoriche, ma sull&#8217;immagine non \u00e8 tuttavia possibile riconoscere alcuna traccia di pennellata.  <\/p><p class=\"txt1\">Mentre i veli sepolcrali venivano scelti \u2013 in segno di deferenza e rispetto \u2013 con una particolare attenzione alla qualit\u00e0 del materiale, l&#8217;immagine della Maria di Guadalupe \u00e8 impressa su un supporto di scarso valore e normalmente destinato ad avere vita piuttosto breve (massimo 20 anni). La tilma che Juan Diego indossava come una sorta di toga romana \u00e8 costituita da una stoffa grezza realizzata con fibre di agave. Per poter dipingere un materiale di questo genere, \u00e8 indispensabile applicare prima di tutto una mano di fondo. Questa, tuttavia, manca completamente sul tessuto in oggetto, in caso contrario non sarebbe possibile osservare il motivo anche sul suo lato posteriore. Alcuni dislivelli sono stati palesemente sfruttati per conferire profondit\u00e0 al volto. Ci\u00f2 nonostante la superficie \u00e8 levigata e livellata al punto tale da non trovare alcuna spiegazione da parte dei ricercatori. Mentre il velo di Manoppello si pu\u00f2 osservare da ambo i lati, l&#8217;immagine della Maria di Guadalupe offre solo una trasparenza unilaterale, poich\u00e9 una macchia verde presente sul retro non \u00e8 visibile sul lato anteriore.      <\/p><p class=\"txt1\">Esattamente come nelle altre due effigi presenti sui veli, anche in questo caso potrebbe trattarsi di una rappresentazione a grandezza naturale: la graziosa figura presente sulla tilma, formata da due teli e grande circa 1,67 m x 1,05 m, misura 1,43 m. Da lontano l&#8217;immagine sembra pi\u00f9 grande e netta.<\/p><p class=\"txt1\">Diversamente dalla Sindone e dal Volto Santo l&#8217;immagine miracolosa della Vergine di Guadalupe \u00e8 stata sin dalle sue origini accessibile a un vasto pubblico, per molto tempo anche senza protezioni particolari. Malgrado l&#8217;influenza di sfavorevoli agenti atmosferici (dovuti alla posizione geografica), nonostante la luce delle candele, la fuliggine e l&#8217;incenso, il tocco di innumerevoli pellegrini, un incidente con l&#8217;acido e un forte urto, il tessuto e i colori vantano ancora uno stato di conservazione sorprendentemente buono. Le tonalit\u00e0 rosa sono inspiegabilmente permeabili ai raggi infrarossi e non sono stati riscontrati coloranti organici o minerali. Esattamente come sul Volto Santo e sulle ali delle farfalle, anche qui i colori \u2013 che sembrano cambiare in base all&#8217;angolo di osservazione \u2013 vengono generati dalla rifrazione della luce.   <\/p><p class=\"txt1\">Particolare importanza assumono in questo &#8220;acheiropoieto&#8221; (cio\u00e8 non realizzato dalla mano dell&#8217;uomo) gli occhi, che da lontano sembrano chiusi ed hanno lo stesso colore del sudario. Diversi fenomeni legati all&#8217;occhio umano, e scoperti nel corso del XIX\u00b0 secolo in relazione alla luce riflessa (Helmholtz) e alle immagini riflesse (Purkinje-Samson), sono constatabili anche negli occhi della Maria di Guadalupe. Nelle sue pupille, inoltre, la scena in cui si genera l&#8217;immagine si riflette come se il soggetto fosse vivente, con le rispettive distorsioni dovute alla curvatura della cornea e lo spostamento nel secondo occhio. A questo proposito \u00e8 stato possibile identificare un gran numero di presenti.    <\/p><\/div>\t\t\t\t\t\t\t\t<\/div>\n\t\t\t\t\t<\/div>\n\t\t\t\t<\/div>\n\t\t\t\t<\/div>\n\t\t","protected":false},"excerpt":{"rendered":"<p>La Villa, Mexico D.F. La Villa, Mexico D.F. La Villa, Mexico D.F. La Villa, Mexico D.F. La Villa, Mexico D.F. Capilla del Pocito Basilica del Volto Santo, Manoppello La Villa, Mexico D.F. La Villa, Mexico D.F. La Sacra Sindone di Torino e il Volto Santo di Manoppello, con le loro prospettive frontali, appaiono come foto, [&hellip;]<\/p>\n","protected":false},"author":1,"featured_media":0,"parent":401,"menu_order":0,"comment_status":"closed","ping_status":"closed","template":"","meta":{"footnotes":""},"class_list":["post-417","page","type-page","status-publish","hentry"],"_links":{"self":[{"href":"https:\/\/www.sudariumchristi.com\/it\/wp-json\/wp\/v2\/pages\/417","targetHints":{"allow":["GET"]}}],"collection":[{"href":"https:\/\/www.sudariumchristi.com\/it\/wp-json\/wp\/v2\/pages"}],"about":[{"href":"https:\/\/www.sudariumchristi.com\/it\/wp-json\/wp\/v2\/types\/page"}],"author":[{"embeddable":true,"href":"https:\/\/www.sudariumchristi.com\/it\/wp-json\/wp\/v2\/users\/1"}],"replies":[{"embeddable":true,"href":"https:\/\/www.sudariumchristi.com\/it\/wp-json\/wp\/v2\/comments?post=417"}],"version-history":[{"count":6,"href":"https:\/\/www.sudariumchristi.com\/it\/wp-json\/wp\/v2\/pages\/417\/revisions"}],"predecessor-version":[{"id":3644,"href":"https:\/\/www.sudariumchristi.com\/it\/wp-json\/wp\/v2\/pages\/417\/revisions\/3644"}],"up":[{"embeddable":true,"href":"https:\/\/www.sudariumchristi.com\/it\/wp-json\/wp\/v2\/pages\/401"}],"wp:attachment":[{"href":"https:\/\/www.sudariumchristi.com\/it\/wp-json\/wp\/v2\/media?parent=417"}],"curies":[{"name":"wp","href":"https:\/\/api.w.org\/{rel}","templated":true}]}}