{"id":426,"date":"2025-11-05T16:49:54","date_gmt":"2025-11-05T15:49:54","guid":{"rendered":"http:\/\/sudariumchristi.stage.bergwerk-it.de\/maria-di-guadalupe\/sole-luna-e-stelle\/"},"modified":"2025-12-19T13:45:57","modified_gmt":"2025-12-19T12:45:57","slug":"sole-luna-e-stelle","status":"publish","type":"page","link":"https:\/\/www.sudariumchristi.com\/it\/maria-di-guadalupe\/sole-luna-e-stelle\/","title":{"rendered":"Sole, luna e stelle"},"content":{"rendered":"\t\t<div data-elementor-type=\"wp-page\" data-elementor-id=\"426\" class=\"elementor elementor-426 elementor-56\" data-elementor-post-type=\"page\">\n\t\t\t\t<div class=\"elementor-element elementor-element-e618e8f e-flex e-con-boxed e-con e-parent\" data-id=\"e618e8f\" data-element_type=\"container\" data-e-type=\"container\">\n\t\t\t\t\t<div class=\"e-con-inner\">\n\t\t\t\t<div class=\"elementor-element elementor-element-5de1774 elementor-blockquote--skin-quotation elementor-blockquote--align-left elementor-widget elementor-widget-blockquote\" data-id=\"5de1774\" data-element_type=\"widget\" data-e-type=\"widget\" data-widget_type=\"blockquote.default\">\n\t\t\t\t\t\t\t<blockquote class=\"elementor-blockquote\">\n\t\t\t<p class=\"elementor-blockquote__content\">\n\t\t\t\t\u201ePoi apparve una gran segno: una donna vestita di sole, con la luna sotto i suoi piedi e sul capo una corona di dodici stelle.\"\n(Apocalisse di Giovanni, 12,1)\t\t\t<\/p>\n\t\t\t\t\t\t\t<div class=\"e-q-footer\">\n\t\t\t\t\t\t\t\t\t\t\t<cite class=\"elementor-blockquote__author\">\u2013 Ps 126,5 f.<\/cite>\n\t\t\t\t\t\t\t\t\t\t\t\t\t\t<\/div>\n\t\t\t\t\t<\/blockquote>\n\t\t\t\t\t\t<\/div>\n\t\t\t\t<div class=\"elementor-element elementor-element-b8a4e96 elementor-widget__width-initial elementor-widget elementor-widget-image-carousel\" data-id=\"b8a4e96\" data-element_type=\"widget\" data-e-type=\"widget\" data-settings=\"{&quot;slides_to_show&quot;:&quot;1&quot;,&quot;navigation&quot;:&quot;none&quot;,&quot;lazyload&quot;:&quot;yes&quot;,&quot;autoplay&quot;:&quot;yes&quot;,&quot;pause_on_hover&quot;:&quot;yes&quot;,&quot;pause_on_interaction&quot;:&quot;yes&quot;,&quot;autoplay_speed&quot;:5000,&quot;infinite&quot;:&quot;yes&quot;,&quot;effect&quot;:&quot;slide&quot;,&quot;speed&quot;:500}\" data-widget_type=\"image-carousel.default\">\n\t\t\t\t\t\t\t<div class=\"elementor-image-carousel-wrapper swiper\" role=\"region\" aria-roledescription=\"carousel\" aria-label=\"Bild Karussell\" dir=\"ltr\">\n\t\t\t<div class=\"elementor-image-carousel swiper-wrapper swiper-image-stretch\" aria-live=\"off\">\n\t\t\t\t\t\t\t\t<div class=\"swiper-slide\" role=\"group\" aria-roledescription=\"slide\" aria-label=\"1 di 8\"><figure class=\"swiper-slide-inner\"><img class=\"swiper-slide-image swiper-lazy\" data-src=\"https:\/\/www.sudariumchristi.com\/wp-content\/uploads\/2025\/12\/la-villa_14.jpg\" alt=\"La Villa, Mexico D.F.\" \/><div class=\"swiper-lazy-preloader\"><\/div><figcaption class=\"elementor-image-carousel-caption\">La Villa, Mexico D.F.<\/figcaption><\/figure><\/div><div class=\"swiper-slide\" role=\"group\" aria-roledescription=\"slide\" aria-label=\"2 di 8\"><figure class=\"swiper-slide-inner\"><img class=\"swiper-slide-image swiper-lazy\" data-src=\"https:\/\/www.sudariumchristi.com\/wp-content\/uploads\/2025\/12\/la-villa_15.jpg\" alt=\"La Villa, Mexico D.F.\" \/><div class=\"swiper-lazy-preloader\"><\/div><figcaption class=\"elementor-image-carousel-caption\">La Villa, Mexico D.F.<\/figcaption><\/figure><\/div><div class=\"swiper-slide\" role=\"group\" aria-roledescription=\"slide\" aria-label=\"3 di 8\"><figure class=\"swiper-slide-inner\"><img class=\"swiper-slide-image swiper-lazy\" data-src=\"https:\/\/www.sudariumchristi.com\/wp-content\/uploads\/2025\/12\/la-villa_16.jpg\" alt=\"La Villa, Mexico D.F.\" \/><div class=\"swiper-lazy-preloader\"><\/div><figcaption class=\"elementor-image-carousel-caption\">La Villa, Mexico D.F.<\/figcaption><\/figure><\/div><div class=\"swiper-slide\" role=\"group\" aria-roledescription=\"slide\" aria-label=\"4 di 8\"><figure class=\"swiper-slide-inner\"><img class=\"swiper-slide-image swiper-lazy\" data-src=\"https:\/\/www.sudariumchristi.com\/wp-content\/uploads\/2025\/12\/la-villa_17.jpg\" alt=\"La Villa, Mexico D.F.\" \/><div class=\"swiper-lazy-preloader\"><\/div><figcaption class=\"elementor-image-carousel-caption\">La Villa, Mexico D.F.<\/figcaption><\/figure><\/div><div class=\"swiper-slide\" role=\"group\" aria-roledescription=\"slide\" aria-label=\"5 di 8\"><figure class=\"swiper-slide-inner\"><img class=\"swiper-slide-image swiper-lazy\" data-src=\"https:\/\/www.sudariumchristi.com\/wp-content\/uploads\/2025\/12\/la-villa_18.jpg\" alt=\"La Villa, Mexico D.F.\" \/><div class=\"swiper-lazy-preloader\"><\/div><figcaption class=\"elementor-image-carousel-caption\">La Villa, Mexico D.F.<\/figcaption><\/figure><\/div><div class=\"swiper-slide\" role=\"group\" aria-roledescription=\"slide\" aria-label=\"6 di 8\"><figure class=\"swiper-slide-inner\"><img class=\"swiper-slide-image swiper-lazy\" data-src=\"https:\/\/www.sudariumchristi.com\/wp-content\/uploads\/2025\/12\/la-villa_19.jpg\" alt=\"La Villa, Mexico D.F.\" \/><div class=\"swiper-lazy-preloader\"><\/div><figcaption class=\"elementor-image-carousel-caption\">La Villa, Mexico D.F.<\/figcaption><\/figure><\/div><div class=\"swiper-slide\" role=\"group\" aria-roledescription=\"slide\" aria-label=\"7 di 8\"><figure class=\"swiper-slide-inner\"><img class=\"swiper-slide-image swiper-lazy\" data-src=\"https:\/\/www.sudariumchristi.com\/wp-content\/uploads\/2025\/12\/la-villa_20.jpg\" alt=\"La Villa, Mexico D.F.\" \/><div class=\"swiper-lazy-preloader\"><\/div><figcaption class=\"elementor-image-carousel-caption\">La Villa, Mexico D.F.<\/figcaption><\/figure><\/div><div class=\"swiper-slide\" role=\"group\" aria-roledescription=\"slide\" aria-label=\"8 di 8\"><figure class=\"swiper-slide-inner\"><img class=\"swiper-slide-image swiper-lazy\" data-src=\"https:\/\/www.sudariumchristi.com\/wp-content\/uploads\/2025\/12\/la-villa_21.jpg\" alt=\"La Villa, Mexico D.F.\" \/><div class=\"swiper-lazy-preloader\"><\/div><figcaption class=\"elementor-image-carousel-caption\">La Villa, Mexico D.F.<\/figcaption><\/figure><\/div>\t\t\t<\/div>\n\t\t\t\t\t\t\t\n\t\t\t\t\t\t\t\t\t<\/div>\n\t\t\t\t\t\t<\/div>\n\t\t\t\t<div class=\"elementor-element elementor-element-9c94565 elementor-widget elementor-widget-text-editor\" data-id=\"9c94565\" data-element_type=\"widget\" data-e-type=\"widget\" data-widget_type=\"text-editor.default\">\n\t\t\t\t\t\t\t\t\t<p class=\"txt1\">Mentre sul Volto Santo e sulla Sindone non vi \u00e8 traccia di vestiario o di accessorio riconducibile alla persona raffigurata, la Vergine di Guadalupe \u00e8 quasi del tutto avvolta nelle sue vesti (fatta eccezione per il volto e le mani). Incorniciata da nubi compatte, circondata dai raggi del sole, la Vergine \u00e8 in piedi su una falce di luna nera sotto la quale volteggia un angelo.  <\/p><p class=\"txt1\">La rappresentazione \u00e8 ricca di simboli che vanno interpretati secondo la scrittura ideografica azteca.Ha una pelle leggermente colorita e capelli neri portati sciolti (simbolo di gravidanza secondo gli aztechi). Le mani giunte di colore differente \u2013 la destra pi\u00f9 chiara, la sinistra pi\u00f9 scura \u2013 potrebbero rappresentare l&#8217;unificazione di due etnie. <\/p><p class=\"txt1\">I numerosi ornamenti sulla tunica fanno riferimento alla Terra e all&#8217;Alta Valle del Messico nonch\u00e9 alla storia degli aztechi. Sotto le mani giunte sono visibili i lacci neri di una cinta che \u00e8 indicativa della sua gravidanza. Le estremit\u00e0 trapezoidali sono il segno dell&#8217;imminente parto. Nel punto del grembo materno in cui riposa il feto \u00e8 raffigurato un germoglio di gelsomino a quattro petali chiamato &#8220;Nahui Ollin&#8221;, centro dello spazio e del tempo e simbolo azteco che indica la presenza del dio creatore. Questo motivo assume una posizione centrale anche sul Calendario azteco o Pietra del Sole. Sull&#8217;immagine miracolosa fortemente ingrandita \u00e8 possibile vedervi il volto di un neonato al risveglio.     <\/p><p class=\"txt1\">Il mantello di Maria \u00e8 di colore verde-turchese \u2013 lo stesso usato per i re aztechi \u2013 simbolo della divinit\u00e0 e dell&#8217;universo. Sul mantello sono presenti 46 stelle che, viste dall&#8217;alto, riproducono la volta celeste del 12 dicembre 1531. <\/p><p class=\"txt1\">La data in cui ebbe origine l&#8217;immagine non potrebbe essere stata scelta con maggior cura, poich\u00e9 quel giorno ebbe luogo il solstizio d&#8217;inverno che per gli aztechi preannuncia la nascita del nuovo sole e il ritorno alla vita. Nello stesso periodo la cometa di Halley raggiunse lo zenit e si verific\u00f2 una congiunzione astrale tra Sole e Venere (fenomeno visibile in tal forma solo ogni otto anni e interpretato dagli aztechi come il ritorno di Venere, rappresentazione del loro Dio creatore). Sull&#8217;immagine miracolosa la Vergine Maria manifesta la sua supremazia nei confronti del Sole, occultandone l&#8217;ascesa avvolta dai suoi raggi come da un&#8217;aureola.   <\/p><p class=\"txt1\">Nel linguaggio degli indigeni Messico significa &#8220;Al centro della luna&#8221;; nello stesso tempo la mezza luna \u00e8 il simbolo del dio serpente piumato Quetzalc\u00f3atl. In questo modo la rappresentazione della Vergine Maria che sovrasta una falce di luna \u00e8 determinante del luogo e allude nel contempo alla sottomissione del dio azteco. Il nome Guadalupe potrebbe essere stato generato da un errore di comprensione orale del termine Coatlaxopeuh (&#8220;Colei che vince il serpente&#8221;). La luna, inoltre, \u00e8 simbolo di fecondit\u00e0.   <\/p><p class=\"txt1\">L&#8217;angelo con ali d&#8217;aquila viene generalmente identificato con Juan Diego, il cui nome indiano tradotto significa &#8220;colui che parla come un&#8217;aquila&#8221;. Con una mano sul mantello e l&#8217;altra sulla tunica egli rappresenta l&#8217;unificazione del cielo e della terra. Il sospetto \u00e8 che sia stato aggiunto solo in un momento successivo, esattamente come altri elementi figurativi. Forse quest&#8217;operazione di inserimento venne compiuta da alcuni monaci spagnoli per rendere l&#8217;immagine pi\u00f9 affine alla loro immaginazione.   <\/p><p class=\"txt1\">Il luogo e il momento dell&#8217;apparizione, l&#8217;aspetto e i simboli fanno di Maria di Guadalupe l&#8217;incarnazione del passato azteco che si fonde con il presente cristiano, cio\u00e8 del Mondo Antico che si fonde con il Nuovo Mondo. Negli anni successivi alla sua apparizione milioni di aztechi, fino ad allora ostili al cristianesimo, si convertiranno alla religione cattolica. <\/p>\t\t\t\t\t\t\t\t<\/div>\n\t\t\t\t\t<\/div>\n\t\t\t\t<\/div>\n\t\t<div class=\"elementor-element elementor-element-46a1bdf e-flex e-con-boxed e-con e-parent\" data-id=\"46a1bdf\" data-element_type=\"container\" data-e-type=\"container\">\n\t\t\t\t\t<div class=\"e-con-inner\">\n\t\t\t\t\t<\/div>\n\t\t\t\t<\/div>\n\t\t\t\t<\/div>\n\t\t","protected":false},"excerpt":{"rendered":"<p>\u201ePoi apparve una gran segno: una donna vestita di sole, con la luna sotto i suoi piedi e sul capo una corona di dodici stelle.&#8221; (Apocalisse di Giovanni, 12,1) \u2013 Ps 126,5 f. La Villa, Mexico D.F. La Villa, Mexico D.F. La Villa, Mexico D.F. La Villa, Mexico D.F. La Villa, Mexico D.F. La Villa, [&hellip;]<\/p>\n","protected":false},"author":1,"featured_media":0,"parent":401,"menu_order":0,"comment_status":"closed","ping_status":"closed","template":"","meta":{"footnotes":""},"class_list":["post-426","page","type-page","status-publish","hentry"],"_links":{"self":[{"href":"https:\/\/www.sudariumchristi.com\/it\/wp-json\/wp\/v2\/pages\/426","targetHints":{"allow":["GET"]}}],"collection":[{"href":"https:\/\/www.sudariumchristi.com\/it\/wp-json\/wp\/v2\/pages"}],"about":[{"href":"https:\/\/www.sudariumchristi.com\/it\/wp-json\/wp\/v2\/types\/page"}],"author":[{"embeddable":true,"href":"https:\/\/www.sudariumchristi.com\/it\/wp-json\/wp\/v2\/users\/1"}],"replies":[{"embeddable":true,"href":"https:\/\/www.sudariumchristi.com\/it\/wp-json\/wp\/v2\/comments?post=426"}],"version-history":[{"count":5,"href":"https:\/\/www.sudariumchristi.com\/it\/wp-json\/wp\/v2\/pages\/426\/revisions"}],"predecessor-version":[{"id":3757,"href":"https:\/\/www.sudariumchristi.com\/it\/wp-json\/wp\/v2\/pages\/426\/revisions\/3757"}],"up":[{"embeddable":true,"href":"https:\/\/www.sudariumchristi.com\/it\/wp-json\/wp\/v2\/pages\/401"}],"wp:attachment":[{"href":"https:\/\/www.sudariumchristi.com\/it\/wp-json\/wp\/v2\/media?parent=426"}],"curies":[{"name":"wp","href":"https:\/\/api.w.org\/{rel}","templated":true}]}}