{"id":434,"date":"2025-11-05T16:51:07","date_gmt":"2025-11-05T15:51:07","guid":{"rendered":"http:\/\/sudariumchristi.stage.bergwerk-it.de\/maria-di-absam\/"},"modified":"2025-12-19T13:46:13","modified_gmt":"2025-12-19T12:46:13","slug":"maria-di-absam","status":"publish","type":"page","link":"https:\/\/www.sudariumchristi.com\/it\/maria-di-absam\/","title":{"rendered":"Maria di Absam"},"content":{"rendered":"\t\t<div data-elementor-type=\"wp-page\" data-elementor-id=\"434\" class=\"elementor elementor-434 elementor-61\" data-elementor-post-type=\"page\">\n\t\t\t\t<div class=\"elementor-element elementor-element-85abdd6 e-flex e-con-boxed e-con e-parent\" data-id=\"85abdd6\" data-element_type=\"container\" data-e-type=\"container\">\n\t\t\t\t\t<div class=\"e-con-inner\">\n\t\t<div class=\"elementor-element elementor-element-5f1ea6c e-con-full e-flex e-con e-child\" data-id=\"5f1ea6c\" data-element_type=\"container\" data-e-type=\"container\">\n\t\t\t\t<div class=\"elementor-element elementor-element-bab94e6 elementor-widget elementor-widget-heading\" data-id=\"bab94e6\" data-element_type=\"widget\" data-e-type=\"widget\" data-widget_type=\"heading.default\">\n\t\t\t\t\t<h2 class=\"elementor-heading-title elementor-size-default\">L'immagine miracolosa di Absam<\/h2>\t\t\t\t<\/div>\n\t\t\t\t<div class=\"elementor-element elementor-element-ca6141b elementor-widget-divider--view-line elementor-widget elementor-widget-divider\" data-id=\"ca6141b\" data-element_type=\"widget\" data-e-type=\"widget\" data-widget_type=\"divider.default\">\n\t\t\t\t\t\t\t<div class=\"elementor-divider\">\n\t\t\t<span class=\"elementor-divider-separator\">\n\t\t\t\t\t\t<\/span>\n\t\t<\/div>\n\t\t\t\t\t\t<\/div>\n\t\t\t\t<div class=\"elementor-element elementor-element-fa56deb elementor-widget elementor-widget-text-editor\" data-id=\"fa56deb\" data-element_type=\"widget\" data-e-type=\"widget\" data-widget_type=\"text-editor.default\">\n\t\t\t\t\t\t\t\t\t<p class=\"txt1\">Il 17 gennaio 1797, tra le ore 15 e le 16, Rosina Bucher, allora diciottenne, scopr\u00ec un&#8217;immagine della Madonna sul vetro di una finestra al piano terra della casa paterna ad Absam, in Tirolo.<\/p><p class=\"txt1\">Dopo l&#8217;apparizione l&#8217;immagine venne esaminata a fondo da autorit\u00e0 laiche ed ecclesiastiche, cos\u00ec come da scienziati e artigiani:<\/p><p class=\"txt1\">Sulla liscia superficie del vetro non si pot\u00e9 riscontrare la presenza di agenti esterni, n\u00e9 alcuna differenza nelle caratteristiche superficiali. Lavandolo via, il motivo scompariva ma riappariva poco tempo dopo non appena il vetro si appannava. Anche applicando delle sostanze chimiche, non era possibile ottenere la scomparsa permanente del volto. Usando diverse tecniche di molitura ovvero di politura, l&#8217;immagine spariva definitivamente solo nei punti lucidati con farina fossile.   <\/p><p class=\"txt1\">Sebbene le autorit\u00e0 \u2013 nonostante le indagini \u2013escludessero il miracolo, la popolazione port\u00f2 l&#8217;immagine miracolosa nella chiesa parrocchiale di San Michele, che divent\u00f2 la pi\u00f9 importante meta di pellegrinaggio del Tirolo, tanto che nel 2000 Papa Giovanni Paolo II la convert\u00ec in basilica.<\/p><p class=\"txt1\">L&#8217;immagine apparve su un quarto della sezione superiore di una finestra interna, costituita da una lastra di circa 0,18 x 0,13 m. Essa non si trova perfettamente al centro della lastra, ma spostata sul bordo\/angolo inferiore sinistro.<\/p><p class=\"txt1\">L&#8217;immagine ricorda non tanto una foto quanto una xilografia espressionistica in bianco e nero, che si concentra sulle informazioni essenziali del modello mancando di colori e di contorni sottili.<\/p><p class=\"txt1\">Mentre nell&#8217;immagine di Maria di Guadalupe la mantellina copre la chioma dei capelli divisi da una riga centrale, un velo doppio copre il capo di Maria di Absam. La mantellina \u00e8 circondata da raggi di sole, il velo da un&#8217;aureola <\/p><p class=\"txt1\">In entrambi i ritratti mariani il capo \u00e8 inclinato verso destra formando un angolo equiparabile. Mentre lo sguardo di Maria di Guadalupe \u00e8 rivolto in basso a destra, Maria di Absam sembra guardare distrattamente l&#8217;osservatore. Nell&#8217;occhio destro sono visibili delle lacrime.  <\/p><p class=\"txt1\">Le quattro immagini di Maria e Ges\u00f9 non realizzate da mano umana &#8211; rispettivamente un ritratto e un&#8217;immagine a persona intera &#8211; si assomigliano, evidenziando entrambi un naso fino e allungato.<\/p>\t\t\t\t\t\t\t\t<\/div>\n\t\t\t\t<\/div>\n\t\t<div class=\"elementor-element elementor-element-aa93c3c e-con-full e-flex e-con e-child\" data-id=\"aa93c3c\" data-element_type=\"container\" data-e-type=\"container\">\n\t\t\t\t<div class=\"elementor-element elementor-element-4ec6908 elementor-widget elementor-widget-image\" data-id=\"4ec6908\" data-element_type=\"widget\" data-e-type=\"widget\" data-widget_type=\"image.default\">\n\t\t\t\t\t\t\t\t\t\t\t\t<figure class=\"wp-caption\">\n\t\t\t\t\t\t\t\t\t\t<img fetchpriority=\"high\" decoding=\"async\" width=\"300\" height=\"200\" src=\"https:\/\/www.sudariumchristi.com\/wp-content\/uploads\/2025\/12\/absam_1.jpg\" class=\"attachment-large size-large wp-image-2041\" alt=\"\" \/>\t\t\t\t\t\t\t\t\t\t\t<figcaption class=\"widget-image-caption wp-caption-text\">L'immagine miracolosa di Absam<\/figcaption>\n\t\t\t\t\t\t\t\t\t\t<\/figure>\n\t\t\t\t\t\t\t\t\t<\/div>\n\t\t\t\t<div class=\"elementor-element elementor-element-1af7f79 elementor-widget elementor-widget-image\" data-id=\"1af7f79\" data-element_type=\"widget\" data-e-type=\"widget\" data-widget_type=\"image.default\">\n\t\t\t\t\t\t\t\t\t\t\t\t<figure class=\"wp-caption\">\n\t\t\t\t\t\t\t\t\t\t<img decoding=\"async\" width=\"300\" height=\"200\" src=\"https:\/\/www.sudariumchristi.com\/wp-content\/uploads\/2025\/12\/absam_2.jpg\" class=\"attachment-large size-large wp-image-2042\" alt=\"\" \/>\t\t\t\t\t\t\t\t\t\t\t<figcaption class=\"widget-image-caption wp-caption-text\">Depictions of the Sudarium in the Basilica of St. Mary in Absam<\/figcaption>\n\t\t\t\t\t\t\t\t\t\t<\/figure>\n\t\t\t\t\t\t\t\t\t<\/div>\n\t\t\t\t<div class=\"elementor-element elementor-element-819d305 elementor-widget elementor-widget-image\" data-id=\"819d305\" data-element_type=\"widget\" data-e-type=\"widget\" data-widget_type=\"image.default\">\n\t\t\t\t\t\t\t\t\t\t\t\t<figure class=\"wp-caption\">\n\t\t\t\t\t\t\t\t\t\t<img decoding=\"async\" width=\"300\" height=\"200\" src=\"https:\/\/www.sudariumchristi.com\/wp-content\/uploads\/2025\/12\/absam_3.jpg\" class=\"attachment-large size-large wp-image-2043\" alt=\"\" \/>\t\t\t\t\t\t\t\t\t\t\t<figcaption class=\"widget-image-caption wp-caption-text\"><\/figcaption>\n\t\t\t\t\t\t\t\t\t\t<\/figure>\n\t\t\t\t\t\t\t\t\t<\/div>\n\t\t\t\t<\/div>\n\t\t\t\t\t<\/div>\n\t\t\t\t<\/div>\n\t\t\t\t<\/div>\n\t\t","protected":false},"excerpt":{"rendered":"<p>L&#8217;immagine miracolosa di Absam Il 17 gennaio 1797, tra le ore 15 e le 16, Rosina Bucher, allora diciottenne, scopr\u00ec un&#8217;immagine della Madonna sul vetro di una finestra al piano terra della casa paterna ad Absam, in Tirolo. Dopo l&#8217;apparizione l&#8217;immagine venne esaminata a fondo da autorit\u00e0 laiche ed ecclesiastiche, cos\u00ec come da scienziati e [&hellip;]<\/p>\n","protected":false},"author":1,"featured_media":0,"parent":0,"menu_order":0,"comment_status":"closed","ping_status":"closed","template":"","meta":{"footnotes":""},"class_list":["post-434","page","type-page","status-publish","hentry"],"_links":{"self":[{"href":"https:\/\/www.sudariumchristi.com\/it\/wp-json\/wp\/v2\/pages\/434","targetHints":{"allow":["GET"]}}],"collection":[{"href":"https:\/\/www.sudariumchristi.com\/it\/wp-json\/wp\/v2\/pages"}],"about":[{"href":"https:\/\/www.sudariumchristi.com\/it\/wp-json\/wp\/v2\/types\/page"}],"author":[{"embeddable":true,"href":"https:\/\/www.sudariumchristi.com\/it\/wp-json\/wp\/v2\/users\/1"}],"replies":[{"embeddable":true,"href":"https:\/\/www.sudariumchristi.com\/it\/wp-json\/wp\/v2\/comments?post=434"}],"version-history":[{"count":5,"href":"https:\/\/www.sudariumchristi.com\/it\/wp-json\/wp\/v2\/pages\/434\/revisions"}],"predecessor-version":[{"id":3768,"href":"https:\/\/www.sudariumchristi.com\/it\/wp-json\/wp\/v2\/pages\/434\/revisions\/3768"}],"wp:attachment":[{"href":"https:\/\/www.sudariumchristi.com\/it\/wp-json\/wp\/v2\/media?parent=434"}],"curies":[{"name":"wp","href":"https:\/\/api.w.org\/{rel}","templated":true}]}}