{"id":280,"date":"2025-11-05T16:42:32","date_gmt":"2025-11-05T15:42:32","guid":{"rendered":"http:\/\/sudariumchristi.stage.bergwerk-it.de\/od-oblicza-do-oblicza\/"},"modified":"2026-03-24T10:26:57","modified_gmt":"2026-03-24T09:26:57","slug":"od-oblicza-do-oblicza","status":"publish","type":"page","link":"https:\/\/www.sudariumchristi.com\/pl\/od-oblicza-do-oblicza-2\/od-oblicza-do-oblicza\/","title":{"rendered":"Od oblicza do oblicza \u2013"},"content":{"rendered":"\t\t<div data-elementor-type=\"wp-page\" data-elementor-id=\"280\" class=\"elementor elementor-280 elementor-23\" data-elementor-post-type=\"page\">\n\t\t\t\t<div class=\"elementor-element elementor-element-946e17c e-flex e-con-boxed e-con e-parent\" data-id=\"946e17c\" data-element_type=\"container\" data-e-type=\"container\">\n\t\t\t\t\t<div class=\"e-con-inner\">\n\t\t\t\t<div class=\"elementor-element elementor-element-a112764 elementor-blockquote--skin-quotation elementor-blockquote--align-left elementor-widget elementor-widget-blockquote\" data-id=\"a112764\" data-element_type=\"widget\" data-e-type=\"widget\" data-widget_type=\"blockquote.default\">\n\t\t\t\t\t\t\t<blockquote class=\"elementor-blockquote\">\n\t\t\t<p class=\"elementor-blockquote__content\">\n\t\t\t\tJak na owej chu\u015bcie chust\nOdbi\u0142o si\u0119 oblicze Pana.\t\t\t<\/p>\n\t\t\t\t\t\t\t<div class=\"e-q-footer\">\n\t\t\t\t\t\t\t\t\t\t\t<cite class=\"elementor-blockquote__author\">\u2013 Johann-Wolfgang von Goethe (1749-1832)<\/cite>\n\t\t\t\t\t\t\t\t\t\t\t\t\t\t<\/div>\n\t\t\t\t\t<\/blockquote>\n\t\t\t\t\t\t<\/div>\n\t\t\t\t<div class=\"elementor-element elementor-element-f2abf6c elementor-widget elementor-widget-text-editor\" data-id=\"f2abf6c\" data-element_type=\"widget\" data-e-type=\"widget\" data-widget_type=\"text-editor.default\">\n\t\t\t\t\t\t\t\t\t<p><strong>Ostatnia w swoim fachu, <\/strong>Chiara Vigo z Sardynii \u2013 tkaczka bisioru, wyja\u015bni\u0142a dnia 1 wrze\u015bnia 2004 r. w Manoppello, \u017ce Sudarium rzeczywi\u015bcie utkane zosta\u0142o z bisioru. By\u0142a r\u00f3wnie\u017c pod sporym wra\u017ceniem kunsztu, z jakim wykonano t\u0119 tkanin\u0119. Ten rodzaj tkaniny nazywany jest r\u00f3wnie\u017c jedwabiem morskim, gdy\u017c wykonuje si\u0119 go z substancji wydzielanych przez ma\u0142\u017c\u0119 (Pinna nobilis). Jest tylko niewiele substancji, kt\u00f3re mog\u0105 zabarwi\u0107 bisior, ale nie mo\u017cna go pomalowa\u0107. Nie rozpuszcza si\u0119 on w wodzie, ani nie jest zapalny, a ponadto jest bardzo odporny na dzia\u0142anie r\u00f3\u017cnych chemikali\u00f3w. Polscy naukowcy dowiedli, \u017ce jego nici potrafi\u0105 zachowa\u0107 w sobie \u015bwiat\u0142o, w podobny spos\u00f3b jak przechowywane s\u0105 informacje w pami\u0119ci komputera.     <\/p>\t\t\t\t\t\t\t\t<\/div>\n\t\t\t\t<div class=\"elementor-element elementor-element-40ca82e gallery-spacing-custom elementor-widget elementor-widget-image-gallery\" data-id=\"40ca82e\" data-element_type=\"widget\" data-e-type=\"widget\" data-widget_type=\"image-gallery.default\">\n\t\t\t\t\t\t\t<div class=\"elementor-image-gallery\">\n\t\t\t<div id='gallery-1' class='gallery galleryid-280 gallery-columns-5 gallery-size-large'><figure class='gallery-item'>\n\t\t\t<div class='gallery-icon landscape'>\n\t\t\t\t<a data-elementor-open-lightbox=\"yes\" data-elementor-lightbox-slideshow=\"40ca82e\" data-elementor-lightbox-title=\"shell_1\" data-e-action-hash=\"#elementor-action%3Aaction%3Dlightbox%26settings%3DeyJpZCI6MTkwOSwidXJsIjoiaHR0cHM6XC9cL3d3dy5zdWRhcml1bWNocmlzdGkuY29tXC93cC1jb250ZW50XC91cGxvYWRzXC8yMDI1XC8xMlwvc2hlbGxfMS5qcGciLCJzbGlkZXNob3ciOiI0MGNhODJlIn0%3D\" href='https:\/\/www.sudariumchristi.com\/wp-content\/uploads\/2025\/12\/shell_1.jpg'><img decoding=\"async\" width=\"190\" height=\"127\" src=\"https:\/\/www.sudariumchristi.com\/wp-content\/uploads\/2025\/12\/shell_1.jpg\" class=\"attachment-large size-large\" alt=\"\" \/><\/a>\n\t\t\t<\/div><\/figure><figure class='gallery-item'>\n\t\t\t<div class='gallery-icon landscape'>\n\t\t\t\t<a data-elementor-open-lightbox=\"yes\" data-elementor-lightbox-slideshow=\"40ca82e\" data-elementor-lightbox-title=\"shell_2\" data-e-action-hash=\"#elementor-action%3Aaction%3Dlightbox%26settings%3DeyJpZCI6MTkxMCwidXJsIjoiaHR0cHM6XC9cL3d3dy5zdWRhcml1bWNocmlzdGkuY29tXC93cC1jb250ZW50XC91cGxvYWRzXC8yMDI1XC8xMlwvc2hlbGxfMi5qcGciLCJzbGlkZXNob3ciOiI0MGNhODJlIn0%3D\" href='https:\/\/www.sudariumchristi.com\/wp-content\/uploads\/2025\/12\/shell_2.jpg'><img decoding=\"async\" width=\"190\" height=\"127\" src=\"https:\/\/www.sudariumchristi.com\/wp-content\/uploads\/2025\/12\/shell_2.jpg\" class=\"attachment-large size-large\" alt=\"\" \/><\/a>\n\t\t\t<\/div><\/figure><figure class='gallery-item'>\n\t\t\t<div class='gallery-icon landscape'>\n\t\t\t\t<a data-elementor-open-lightbox=\"yes\" data-elementor-lightbox-slideshow=\"40ca82e\" data-elementor-lightbox-title=\"shell_5\" data-e-action-hash=\"#elementor-action%3Aaction%3Dlightbox%26settings%3DeyJpZCI6MTkxMSwidXJsIjoiaHR0cHM6XC9cL3d3dy5zdWRhcml1bWNocmlzdGkuY29tXC93cC1jb250ZW50XC91cGxvYWRzXC8yMDI1XC8xMlwvc2hlbGxfNS5qcGciLCJzbGlkZXNob3ciOiI0MGNhODJlIn0%3D\" href='https:\/\/www.sudariumchristi.com\/wp-content\/uploads\/2025\/12\/shell_5.jpg'><img decoding=\"async\" width=\"190\" height=\"127\" src=\"https:\/\/www.sudariumchristi.com\/wp-content\/uploads\/2025\/12\/shell_5.jpg\" class=\"attachment-large size-large\" alt=\"\" \/><\/a>\n\t\t\t<\/div><\/figure><figure class='gallery-item'>\n\t\t\t<div class='gallery-icon landscape'>\n\t\t\t\t<a data-elementor-open-lightbox=\"yes\" data-elementor-lightbox-slideshow=\"40ca82e\" data-elementor-lightbox-title=\"shell_4\" data-e-action-hash=\"#elementor-action%3Aaction%3Dlightbox%26settings%3DeyJpZCI6MTkxMiwidXJsIjoiaHR0cHM6XC9cL3d3dy5zdWRhcml1bWNocmlzdGkuY29tXC93cC1jb250ZW50XC91cGxvYWRzXC8yMDI1XC8xMlwvc2hlbGxfNC5qcGciLCJzbGlkZXNob3ciOiI0MGNhODJlIn0%3D\" href='https:\/\/www.sudariumchristi.com\/wp-content\/uploads\/2025\/12\/shell_4.jpg'><img loading=\"lazy\" decoding=\"async\" width=\"190\" height=\"127\" src=\"https:\/\/www.sudariumchristi.com\/wp-content\/uploads\/2025\/12\/shell_4.jpg\" class=\"attachment-large size-large\" alt=\"\" \/><\/a>\n\t\t\t<\/div><\/figure><figure class='gallery-item'>\n\t\t\t<div class='gallery-icon landscape'>\n\t\t\t\t<a data-elementor-open-lightbox=\"yes\" data-elementor-lightbox-slideshow=\"40ca82e\" data-elementor-lightbox-title=\"shell_3\" data-e-action-hash=\"#elementor-action%3Aaction%3Dlightbox%26settings%3DeyJpZCI6MTkxMywidXJsIjoiaHR0cHM6XC9cL3d3dy5zdWRhcml1bWNocmlzdGkuY29tXC93cC1jb250ZW50XC91cGxvYWRzXC8yMDI1XC8xMlwvc2hlbGxfMy5qcGciLCJzbGlkZXNob3ciOiI0MGNhODJlIn0%3D\" href='https:\/\/www.sudariumchristi.com\/wp-content\/uploads\/2025\/12\/shell_3.jpg'><img loading=\"lazy\" decoding=\"async\" width=\"190\" height=\"127\" src=\"https:\/\/www.sudariumchristi.com\/wp-content\/uploads\/2025\/12\/shell_3.jpg\" class=\"attachment-large size-large\" alt=\"\" \/><\/a>\n\t\t\t<\/div><\/figure>\n\t\t<\/div>\n\t\t<\/div>\n\t\t\t\t\t\t<\/div>\n\t\t\t\t\t<\/div>\n\t\t\t\t<\/div>\n\t\t\t\t<\/div>\n\t\t","protected":false},"excerpt":{"rendered":"<p>Jak na owej chu\u015bcie chust Odbi\u0142o si\u0119 oblicze Pana. \u2013 Johann-Wolfgang von Goethe (1749-1832) Ostatnia w swoim fachu, Chiara Vigo z Sardynii \u2013 tkaczka bisioru, wyja\u015bni\u0142a dnia 1 wrze\u015bnia 2004 r. w Manoppello, \u017ce Sudarium rzeczywi\u015bcie utkane zosta\u0142o z bisioru. By\u0142a r\u00f3wnie\u017c pod sporym wra\u017ceniem kunsztu, z jakim wykonano t\u0119 tkanin\u0119. Ten rodzaj tkaniny nazywany [&hellip;]<\/p>\n","protected":false},"author":1,"featured_media":0,"parent":4172,"menu_order":0,"comment_status":"closed","ping_status":"closed","template":"","meta":{"footnotes":""},"class_list":["post-280","page","type-page","status-publish","hentry"],"_links":{"self":[{"href":"https:\/\/www.sudariumchristi.com\/pl\/wp-json\/wp\/v2\/pages\/280","targetHints":{"allow":["GET"]}}],"collection":[{"href":"https:\/\/www.sudariumchristi.com\/pl\/wp-json\/wp\/v2\/pages"}],"about":[{"href":"https:\/\/www.sudariumchristi.com\/pl\/wp-json\/wp\/v2\/types\/page"}],"author":[{"embeddable":true,"href":"https:\/\/www.sudariumchristi.com\/pl\/wp-json\/wp\/v2\/users\/1"}],"replies":[{"embeddable":true,"href":"https:\/\/www.sudariumchristi.com\/pl\/wp-json\/wp\/v2\/comments?post=280"}],"version-history":[{"count":4,"href":"https:\/\/www.sudariumchristi.com\/pl\/wp-json\/wp\/v2\/pages\/280\/revisions"}],"predecessor-version":[{"id":3620,"href":"https:\/\/www.sudariumchristi.com\/pl\/wp-json\/wp\/v2\/pages\/280\/revisions\/3620"}],"up":[{"embeddable":true,"href":"https:\/\/www.sudariumchristi.com\/pl\/wp-json\/wp\/v2\/pages\/4172"}],"wp:attachment":[{"href":"https:\/\/www.sudariumchristi.com\/pl\/wp-json\/wp\/v2\/media?parent=280"}],"curies":[{"name":"wp","href":"https:\/\/api.w.org\/{rel}","templated":true}]}}