{"id":282,"date":"2025-11-05T16:41:52","date_gmt":"2025-11-05T15:41:52","guid":{"rendered":"http:\/\/sudariumchristi.stage.bergwerk-it.de\/wprowadzenie\/"},"modified":"2025-12-19T13:37:47","modified_gmt":"2025-12-19T12:37:47","slug":"wprowadzenie","status":"publish","type":"page","link":"https:\/\/www.sudariumchristi.com\/pl\/wprowadzenie\/","title":{"rendered":"Wprowadzenie"},"content":{"rendered":"\t\t<div data-elementor-type=\"wp-page\" data-elementor-id=\"282\" class=\"elementor elementor-282 elementor-17\" data-elementor-post-type=\"page\">\n\t\t\t\t<div class=\"elementor-element elementor-element-3c76bd5 e-flex e-con-boxed e-con e-parent\" data-id=\"3c76bd5\" data-element_type=\"container\" data-e-type=\"container\">\n\t\t\t\t\t<div class=\"e-con-inner\">\n\t\t<div class=\"elementor-element elementor-element-8ae4f50 e-con-full e-flex e-con e-child\" data-id=\"8ae4f50\" data-element_type=\"container\" data-e-type=\"container\">\n\t\t\t\t<div class=\"elementor-element elementor-element-006c8ce elementor-blockquote--skin-quotation elementor-blockquote--align-left elementor-widget elementor-widget-blockquote\" data-id=\"006c8ce\" data-element_type=\"widget\" data-e-type=\"widget\" data-widget_type=\"blockquote.default\">\n\t\t\t\t\t\t\t<blockquote class=\"elementor-blockquote\">\n\t\t\t<p class=\"elementor-blockquote__content\">\n\t\t\t\tCi, kt\u00f3rzy siej\u0105 ze \u0142zami, b\u0119d\u0105 \u017c\u0105\u0107 z okrzykami rado\u015bci. Ten, kto nosi worek z ziarnem, p\u0142acze; ale ten, kto nosi swoje snopy \u2013 bez manipulacji \u2013 wraca do domu z okrzykami rado\u015bci. \t\t\t<\/p>\n\t\t\t\t\t\t\t<div class=\"e-q-footer\">\n\t\t\t\t\t\t\t\t\t\t\t<cite class=\"elementor-blockquote__author\">\u2013 Ps 126,5 f.<\/cite>\n\t\t\t\t\t\t\t\t\t\t\t\t\t\t<\/div>\n\t\t\t\t\t<\/blockquote>\n\t\t\t\t\t\t<\/div>\n\t\t\t\t<div class=\"elementor-element elementor-element-dd7c92c elementor-widget elementor-widget-text-editor\" data-id=\"dd7c92c\" data-element_type=\"widget\" data-e-type=\"widget\" data-widget_type=\"text-editor.default\">\n\t\t\t\t\t\t\t\t\t<p><strong>W g\u00f3rzystej okolicy<\/strong> u podn\u00f3\u017ca masywu Majella we w\u0142oskiej Abruzji po\u0142o\u017cone jest miasteczko Manoppello. W tej odleg\u0142ej miejscowo\u015bci przechowywana jest bezcennej warto\u015bci relikwia: welon, na kt\u00f3rym zosta\u0142o odbite oblicze Jezusa Chrystusa. <\/p><p><strong>Przez prawie 400 lat<\/strong> to Sudarium nios\u0142o pocieszenie i nadziej\u0119 tylko niewielkiej liczbie wiernych, podczas gdy przed reszt\u0105 chrze\u015bcijan by\u0142o ono ukryte. Jednak\u017ce coraz cz\u0119\u015bciej zacz\u0119\u0142y pojawia\u0107 si\u0119 g\u0142osy, \u017ce chodzi tu o \u201eprawdziwy obraz\u201c, kt\u00f3ry w\u0142a\u015bciwie powinien znajdowa\u0107 si\u0119 w Bazylice \u015awi\u0119tego Piotra w Rzymie. <\/p><p><strong>Ju\u017c nawet same w\u0142a\u015bciwo\u015bci Sudarium<\/strong> \u2013 wskazuj\u0105 na jego zagadkowy, tajemniczy charakter: przezroczysty welon, na kt\u00f3rym odbicie Jezusa Chrystusa zdaje si\u0119 podlega\u0107 ci\u0105g\u0142ym zmianom w zale\u017cno\u015bci od o\u015bwietlenia. Dopiero podczas procesji w \u015bwietle dziennym obraz ten ukazuje pe\u0142n\u0105 warto\u015b\u0107 w swoim bogactwie. Znani arty\u015bci podejmowali si\u0119 oddania tego motywu, jednak nawet najnowocze\u015bniejsze techniki fotograficzne nie potrafi\u0105 odpowiednio odda\u0107 blasku Oblicza. Na dodatek Sudarium wykonane jest ze szczeg\u00f3lnego materia\u0142u \u2013 bisioru, legendarnego materia\u0142u czas\u00f3w antycznych. Tkanina na ca\u0142\u0105 wieczno\u015b\u0107, kt\u00f3ra przetrwa\u0142a ju\u017c 2000 lat od \u015bmierci Chrystusa. Ju\u017c wczesnych chrze\u015bcijan nurtowa\u0142o pytanie, w jaki spos\u00f3b oblicze Jezusa zosta\u0142o odbite na Sudarium. Pytanie to pozostaje zagadk\u0105 do dzi\u015b.     <\/p><p><strong>Manoppello, manipulus, manipularz<\/strong> \u2013 Nazwa pozornie nic nieznacz\u0105cego miasteczka, w kt\u00f3rym od setek lat znajduje schronienie Sudarium Chrystusa, nie mog\u0142a by\u0107 bardziej znacz\u0105ca: Manoppello pochodzi od \u0142aci\u0144skiego s\u0142owa manipulus oznaczaj\u0105cego \u201egar\u015b\u0107\u201d. Nieprzypadkowo w herbie miasta jest przedstawiana d\u0142o\u0144 \u2013 jako \u201er\u0119ka pe\u0142na k\u0142os\u00f3w\u201c. K\u0142osy za\u015b przypominaj\u0105 o chlebie, podobnie jak nazwa miejsca narodzin Jezusa Chrystusa \u2013 Betlejem \u2013 oznacza po hebrajsku \u201edom chleba\u201c.    <\/p><p><strong>\u201eNast\u0119pnie wzi\u0105\u0142 chleb,<\/strong> odm\u00f3wiwszy dzi\u0119kczynienie \u0142ama\u0142 go i rozdawa\u0142 swoim uczniom, m\u00f3wi\u0105c: To jest Cia\u0142o moje, kt\u00f3re za was b\u0119dzie wydane. To czy\u0144cie na moj\u0105 pami\u0105tk\u0119! Podobnie po wieczerzy wzi\u0105\u0142 kielich, m\u00f3wi\u0105c: Ten kielich to Nowe Przymierze we Krwi mojej, kt\u00f3ra za was b\u0119dzie wylana.\u201c (\u0141k 22, 19\u201320)<\/p><p>Ojciec Ignazio Scruti, Kapucyn z Manoppello, podkre\u015bli\u0142: <strong>\u201ePrawdziw\u0105 Veronik\u0105, prawdziwym welonem, jest eucharystyczna Hostia, prawdziwe za\u015b oblicze Boga odnajdziesz w twarzy bli\u017aniego\u201c.<\/strong><\/p>\t\t\t\t\t\t\t\t<\/div>\n\t\t\t\t<\/div>\n\t\t<div class=\"elementor-element elementor-element-98bb79e e-con-full e-flex e-con e-child\" data-id=\"98bb79e\" data-element_type=\"container\" data-e-type=\"container\">\n\t\t\t\t<div class=\"elementor-element elementor-element-51b12cf elementor-widget elementor-widget-image\" data-id=\"51b12cf\" data-element_type=\"widget\" data-e-type=\"widget\" data-widget_type=\"image.default\">\n\t\t\t\t\t\t\t\t\t\t\t\t<figure class=\"wp-caption\">\n\t\t\t\t\t\t\t\t\t\t<img fetchpriority=\"high\" decoding=\"async\" width=\"300\" height=\"222\" src=\"https:\/\/www.sudariumchristi.com\/wp-content\/uploads\/2025\/12\/santuario_1.jpg\" class=\"attachment-large size-large wp-image-1905\" alt=\"\" \/>\t\t\t\t\t\t\t\t\t\t\t<figcaption class=\"widget-image-caption wp-caption-text\">Manoppello le\u017cy nieco na uboczu, we w\u0142oskiej Abruzji<\/figcaption>\n\t\t\t\t\t\t\t\t\t\t<\/figure>\n\t\t\t\t\t\t\t\t\t<\/div>\n\t\t\t\t<div class=\"elementor-element elementor-element-faa043f elementor-widget elementor-widget-image\" data-id=\"faa043f\" data-element_type=\"widget\" data-e-type=\"widget\" data-widget_type=\"image.default\">\n\t\t\t\t\t\t\t\t\t\t\t\t<figure class=\"wp-caption\">\n\t\t\t\t\t\t\t\t\t\t<img decoding=\"async\" width=\"278\" height=\"170\" src=\"https:\/\/www.sudariumchristi.com\/wp-content\/uploads\/2025\/12\/emblem.jpg\" class=\"attachment-large size-large wp-image-1906\" alt=\"\" \/>\t\t\t\t\t\t\t\t\t\t\t<figcaption class=\"widget-image-caption wp-caption-text\">Herby miast Manoppello i Betlejem<\/figcaption>\n\t\t\t\t\t\t\t\t\t\t<\/figure>\n\t\t\t\t\t\t\t\t\t<\/div>\n\t\t\t\t<div class=\"elementor-element elementor-element-2b62c74 elementor-widget elementor-widget-image\" data-id=\"2b62c74\" data-element_type=\"widget\" data-e-type=\"widget\" data-widget_type=\"image.default\">\n\t\t\t\t\t\t\t\t\t\t\t\t<figure class=\"wp-caption\">\n\t\t\t\t\t\t\t\t\t\t<img decoding=\"async\" width=\"300\" height=\"256\" src=\"https:\/\/www.sudariumchristi.com\/wp-content\/uploads\/2025\/12\/santuario_2.jpg\" class=\"attachment-large size-large wp-image-1907\" alt=\"\" \/>\t\t\t\t\t\t\t\t\t\t\t<figcaption class=\"widget-image-caption wp-caption-text\">Bazylika Papieska del Volto Santo w Manoppello<\/figcaption>\n\t\t\t\t\t\t\t\t\t\t<\/figure>\n\t\t\t\t\t\t\t\t\t<\/div>\n\t\t\t\t<\/div>\n\t\t\t\t\t<\/div>\n\t\t\t\t<\/div>\n\t\t\t\t<\/div>\n\t\t","protected":false},"excerpt":{"rendered":"<p>Ci, kt\u00f3rzy siej\u0105 ze \u0142zami, b\u0119d\u0105 \u017c\u0105\u0107 z okrzykami rado\u015bci. Ten, kto nosi worek z ziarnem, p\u0142acze; ale ten, kto nosi swoje snopy \u2013 bez manipulacji \u2013 wraca do domu z okrzykami rado\u015bci. \u2013 Ps 126,5 f. W g\u00f3rzystej okolicy u podn\u00f3\u017ca masywu Majella we w\u0142oskiej Abruzji po\u0142o\u017cone jest miasteczko Manoppello. W tej odleg\u0142ej miejscowo\u015bci [&hellip;]<\/p>\n","protected":false},"author":1,"featured_media":0,"parent":0,"menu_order":0,"comment_status":"closed","ping_status":"closed","template":"","meta":{"footnotes":""},"class_list":["post-282","page","type-page","status-publish","hentry"],"_links":{"self":[{"href":"https:\/\/www.sudariumchristi.com\/pl\/wp-json\/wp\/v2\/pages\/282","targetHints":{"allow":["GET"]}}],"collection":[{"href":"https:\/\/www.sudariumchristi.com\/pl\/wp-json\/wp\/v2\/pages"}],"about":[{"href":"https:\/\/www.sudariumchristi.com\/pl\/wp-json\/wp\/v2\/types\/page"}],"author":[{"embeddable":true,"href":"https:\/\/www.sudariumchristi.com\/pl\/wp-json\/wp\/v2\/users\/1"}],"replies":[{"embeddable":true,"href":"https:\/\/www.sudariumchristi.com\/pl\/wp-json\/wp\/v2\/comments?post=282"}],"version-history":[{"count":9,"href":"https:\/\/www.sudariumchristi.com\/pl\/wp-json\/wp\/v2\/pages\/282\/revisions"}],"predecessor-version":[{"id":3591,"href":"https:\/\/www.sudariumchristi.com\/pl\/wp-json\/wp\/v2\/pages\/282\/revisions\/3591"}],"wp:attachment":[{"href":"https:\/\/www.sudariumchristi.com\/pl\/wp-json\/wp\/v2\/media?parent=282"}],"curies":[{"name":"wp","href":"https:\/\/api.w.org\/{rel}","templated":true}]}}