{"id":299,"date":"2025-11-05T16:44:05","date_gmt":"2025-11-05T15:44:05","guid":{"rendered":"http:\/\/sudariumchristi.stage.bergwerk-it.de\/grob-jest-pusty\/bisior-i-czysty-len\/"},"modified":"2026-01-21T11:39:33","modified_gmt":"2026-01-21T10:39:33","slug":"bisior-i-czysty-len","status":"publish","type":"page","link":"https:\/\/www.sudariumchristi.com\/pl\/grob-jest-pusty\/bisior-i-czysty-len\/","title":{"rendered":"Bisior i czysty len \u2013"},"content":{"rendered":"\t\t<div data-elementor-type=\"wp-page\" data-elementor-id=\"299\" class=\"elementor elementor-299 elementor-27\" data-elementor-post-type=\"page\">\n\t\t\t\t<div class=\"elementor-element elementor-element-244fe31 e-flex e-con-boxed e-con e-parent\" data-id=\"244fe31\" data-element_type=\"container\" data-e-type=\"container\">\n\t\t\t\t\t<div class=\"e-con-inner\">\n\t\t\t\t<div class=\"elementor-element elementor-element-c408579 elementor-widget elementor-widget-heading\" data-id=\"c408579\" data-element_type=\"widget\" data-e-type=\"widget\" data-widget_type=\"heading.default\">\n\t\t\t\t\t<h2 class=\"elementor-heading-title elementor-size-default\">Ca\u0142uny pogrzebowe Chrystusa<\/h2>\t\t\t\t<\/div>\n\t\t\t\t<div class=\"elementor-element elementor-element-0aae319 elementor-widget-divider--view-line elementor-widget elementor-widget-divider\" data-id=\"0aae319\" data-element_type=\"widget\" data-e-type=\"widget\" data-widget_type=\"divider.default\">\n\t\t\t\t\t\t\t<div class=\"elementor-divider\">\n\t\t\t<span class=\"elementor-divider-separator\">\n\t\t\t\t\t\t<\/span>\n\t\t<\/div>\n\t\t\t\t\t\t<\/div>\n\t\t\t\t<div class=\"elementor-element elementor-element-e2e5492 elementor-widget elementor-widget-image\" data-id=\"e2e5492\" data-element_type=\"widget\" data-e-type=\"widget\" data-widget_type=\"image.default\">\n\t\t\t\t\t\t\t\t\t\t\t\t\t\t\t<img fetchpriority=\"high\" decoding=\"async\" width=\"700\" height=\"375\" src=\"https:\/\/www.sudariumchristi.com\/wp-content\/uploads\/2025\/12\/cloths.jpg\" class=\"attachment-large size-large wp-image-1341\" alt=\"\" srcset=\"https:\/\/www.sudariumchristi.com\/wp-content\/uploads\/2025\/12\/cloths.jpg 700w, https:\/\/www.sudariumchristi.com\/wp-content\/uploads\/2025\/12\/cloths-300x161.jpg 300w\" sizes=\"(max-width: 700px) 100vw, 700px\" \/>\t\t\t\t\t\t\t\t\t\t\t\t\t\t\t<\/div>\n\t\t<div class=\"elementor-element elementor-element-f1a0982 e-con-full e-flex e-con e-child\" data-id=\"f1a0982\" data-element_type=\"container\" data-e-type=\"container\">\n\t\t<div class=\"elementor-element elementor-element-37136d5 e-con-full e-flex e-con e-child\" data-id=\"37136d5\" data-element_type=\"container\" data-e-type=\"container\">\n\t\t\t\t<div class=\"elementor-element elementor-element-dcbcde6 elementor-widget elementor-widget-text-editor\" data-id=\"dcbcde6\" data-element_type=\"widget\" data-e-type=\"widget\" data-widget_type=\"text-editor.default\">\n\t\t\t\t\t\t\t\t\t<p class=\"txt1\"><b>Chusta z p\u00f3\u0142nocnohiszpa\u0144skiego Oviedo, \u015bwi\u0119ty czepek z Cahors, Ca\u0142un Tury\u0144ski, chusta napotna z Kornelim\u00fcnster<\/b> \u2013 to do\u015b\u0107 du\u017ca liczba relikwii z tkanin zwi\u0105zanych z pogrzebem Jezusa. \u015awi\u0119ty Jan w swojej paschalnej Ewangelii wspomina nie tylko o lnianych p\u0142\u00f3tnach w liczbie mnogiej, ale r\u00f3wnie\u017c o zwini\u0119tej (lub z\u0142o\u017conej \u2013 gr. entylisso) chu\u015bcie napotnej: <\/p><p class=\"txt1\"><b>\u201e\u2026i zobaczy\u0142 le\u017c\u0105ce p\u0142\u00f3tna, jednak\u017ce nie wszed\u0142 do \u015brodka. Nadszed\u0142 potem tak\u017ce Szymon Piotr, id\u0105cy za nim. Wszed\u0142 on do wn\u0119trza grobu i ujrza\u0142 le\u017c\u0105ce p\u0142\u00f3tna oraz chust\u0119, kt\u00f3ra by\u0142a na Jego g\u0142owie, le\u017c\u0105c\u0105 nie razem z p\u0142\u00f3tnami, ale oddzielnie zwini\u0119t\u0105 na jednym miejscu.\u201c<\/b> (J 20, 5-7)<\/p><p class=\"txt1\">W czasach staro\u017cytnych podczas pogrzebu dokonywanego wed\u0142ug zwyczaj\u00f3w \u017cydowskich nie by\u0142o niczym nadzwyczajnym u\u017cywanie wielu chust ani te\u017c zakrywanie twarzy zmar\u0142ych. R\u00f3wnie\u017c w opisie wskrzeszenia \u0141azarza jest mowa o opaskach i chu\u015bcie: <\/p><p class=\"txt1\"><b>\u201eI wyszed\u0142 zmar\u0142y, maj\u0105c nogi i r\u0119ce powi\u0105zane opaskami, a twarz jego by\u0142a zawini\u0119ta chust\u0105\u201c.<\/b> (J 11 ,44)<\/p><p class=\"txt1\">Wie schon bei den \u00c4gyptern wurde das Gesicht des Toten mit einem transparenten Byssusschleier bedeckt, sodass es bei der Bestattung sichtbar blieb. Wegen der starken Blutungen konnte bei Jesus Christus das Byssustuch jedoch nicht dieser Tradition folgend zuerst angebracht werden, da es keine Fl\u00fcssigkeit aufnimmt. <\/p><p class=\"txt1\">Ca\u0142un Tury\u0144ski oraz chusta z p\u00f3\u0142nocnohiszpa\u0144skiego Oviedo zosta\u0142y dobrze zbadane z naukowego punktu widzenia. W obu przypadkach \u015blady krwi pochodz\u0105 od zmar\u0142ego m\u0119\u017cczyzny o grupie krwi AB. <\/p><p class=\"txt1\">Wedle wierze\u0144 \u017cydowskich krew jest \u015bwi\u0119ta, gdy\u017c jest siedliskiem \u017cycia. Wszelka krew powinna by\u0107 zebrana i umieszczona w grobie razem ze zw\u0142okami. W\u0142a\u015bnie dlatego chusta z Oviedo bezpo\u015brednio po \u015bmierci Jezusa musia\u0142a by\u0107 przy\u0142o\u017conona do Jego ust i nosa, aby zatamowa\u0107 krew. Potem za\u0142o\u017cono jeszcze na Jego g\u0142ow\u0119 \u015bwi\u0119ty czepek sk\u0142adaj\u0105cy si\u0119 z o\u015bmiu warstw gazy, kt\u00f3ry przechowywany jest w Cahors we Francji. Wreszcie ca\u0142e cia\u0142o owini\u0119te zosta\u0142o <strong>Ca\u0142unem Tury\u0144skim.<\/strong>     <\/p><p class=\"txt1\">Jednak\u017ce w\u0142a\u015bciwo\u015bci ch\u0142onne nie by\u0142y jedynym kryterium przy wyborze ca\u0142un\u00f3w pogrzebowych, ale r\u00f3wnie\u017c ich jako\u015b\u0107: \u201eTen [J\u00f3zef z Arymatei] kupi\u0142 p\u0142\u00f3tno, zdj\u0105\u0142 Jezusa [z krzy\u017ca], owin\u0105\u0142 w p\u0142\u00f3tno\u2026\u201c (Mk 15,46)  <\/p><p class=\"txt1\">Tak wi\u0119c wydaje si\u0119 realne, \u017ce takie chusty jak Sudarium z Manoppello czy te\u017c chusta z Kornelim\u00fcnster, kt\u00f3re wykonane s\u0105 z bisioru i w zwi\u0105zku z tym nie absorbuj\u0105 jakichkolwiek p\u0142yn\u00f3w, zosta\u0142y u\u017cyte podczas pogrzebu Jezusa wy\u0142\u0105cznie z racji swojej jako\u015bci. U\u017cyto ich na samym ko\u0144cu, gdy\u017c ich tkanina nie wykazuje jakichkolwiek \u015blad\u00f3w krwi, a na chu\u015bcie z Kornelim\u00fcnster nie ma nawet jakiegokolwiek wizerunku.<\/p>\t\t\t\t\t\t\t\t<\/div>\n\t\t\t\t<\/div>\n\t\t<div class=\"elementor-element elementor-element-5a0d8ad e-con-full e-flex e-con e-child\" data-id=\"5a0d8ad\" data-element_type=\"container\" data-e-type=\"container\">\n\t\t\t\t<div class=\"elementor-element elementor-element-94b3556 elementor-widget elementor-widget-image\" data-id=\"94b3556\" data-element_type=\"widget\" data-e-type=\"widget\" data-widget_type=\"image.default\">\n\t\t\t\t\t\t\t\t\t\t\t\t<figure class=\"wp-caption\">\n\t\t\t\t\t\t\t\t\t\t<img decoding=\"async\" width=\"300\" height=\"300\" src=\"https:\/\/www.sudariumchristi.com\/wp-content\/uploads\/2025\/12\/pala_1.jpg\" class=\"attachment-large size-large wp-image-1342\" alt=\"\" srcset=\"https:\/\/www.sudariumchristi.com\/wp-content\/uploads\/2025\/12\/pala_1.jpg 300w, https:\/\/www.sudariumchristi.com\/wp-content\/uploads\/2025\/12\/pala_1-150x150.jpg 150w\" sizes=\"(max-width: 300px) 100vw, 300px\" \/>\t\t\t\t\t\t\t\t\t\t\t<figcaption class=\"widget-image-caption wp-caption-text\">\u015awi\u0119ty czepek, Palad\u2019Oro, Bazylika \u015bw. Marka w Wenecji<\/figcaption>\n\t\t\t\t\t\t\t\t\t\t<\/figure>\n\t\t\t\t\t\t\t\t\t<\/div>\n\t\t\t\t<div class=\"elementor-element elementor-element-dd24107 elementor-widget elementor-widget-image\" data-id=\"dd24107\" data-element_type=\"widget\" data-e-type=\"widget\" data-widget_type=\"image.default\">\n\t\t\t\t\t\t\t\t\t\t\t\t<figure class=\"wp-caption\">\n\t\t\t\t\t\t\t\t\t\t<img decoding=\"async\" width=\"300\" height=\"316\" src=\"https:\/\/www.sudariumchristi.com\/wp-content\/uploads\/2025\/12\/pala_2.jpg\" class=\"attachment-large size-large wp-image-1343\" alt=\"\" srcset=\"https:\/\/www.sudariumchristi.com\/wp-content\/uploads\/2025\/12\/pala_2.jpg 300w, https:\/\/www.sudariumchristi.com\/wp-content\/uploads\/2025\/12\/pala_2-285x300.jpg 285w\" sizes=\"(max-width: 300px) 100vw, 300px\" \/>\t\t\t\t\t\t\t\t\t\t\t<figcaption class=\"widget-image-caption wp-caption-text\">Die Heilige Haube, Codex Egberti, 980 - 983<\/figcaption>\n\t\t\t\t\t\t\t\t\t\t<\/figure>\n\t\t\t\t\t\t\t\t\t<\/div>\n\t\t\t\t<div class=\"elementor-element elementor-element-4273564 elementor-widget elementor-widget-image\" data-id=\"4273564\" data-element_type=\"widget\" data-e-type=\"widget\" data-widget_type=\"image.default\">\n\t\t\t\t\t\t\t\t\t\t\t\t<figure class=\"wp-caption\">\n\t\t\t\t\t\t\t\t\t\t<img loading=\"lazy\" decoding=\"async\" width=\"300\" height=\"432\" src=\"https:\/\/www.sudariumchristi.com\/wp-content\/uploads\/2025\/12\/holy-coif-of-cahors.jpg\" class=\"attachment-large size-large wp-image-1344\" alt=\"\" srcset=\"https:\/\/www.sudariumchristi.com\/wp-content\/uploads\/2025\/12\/holy-coif-of-cahors.jpg 300w, https:\/\/www.sudariumchristi.com\/wp-content\/uploads\/2025\/12\/holy-coif-of-cahors-208x300.jpg 208w\" sizes=\"(max-width: 300px) 100vw, 300px\" \/>\t\t\t\t\t\t\t\t\t\t\t<figcaption class=\"widget-image-caption wp-caption-text\">\u015awi\u0119ty czepek, Codex Egberti, 980-983<\/figcaption>\n\t\t\t\t\t\t\t\t\t\t<\/figure>\n\t\t\t\t\t\t\t\t\t<\/div>\n\t\t\t\t<\/div>\n\t\t\t\t<\/div>\n\t\t\t\t\t<\/div>\n\t\t\t\t<\/div>\n\t\t\t\t<\/div>\n\t\t","protected":false},"excerpt":{"rendered":"<p>Ca\u0142uny pogrzebowe Chrystusa Chusta z p\u00f3\u0142nocnohiszpa\u0144skiego Oviedo, \u015bwi\u0119ty czepek z Cahors, Ca\u0142un Tury\u0144ski, chusta napotna z Kornelim\u00fcnster \u2013 to do\u015b\u0107 du\u017ca liczba relikwii z tkanin zwi\u0105zanych z pogrzebem Jezusa. \u015awi\u0119ty Jan w swojej paschalnej Ewangelii wspomina nie tylko o lnianych p\u0142\u00f3tnach w liczbie mnogiej, ale r\u00f3wnie\u017c o zwini\u0119tej (lub z\u0142o\u017conej \u2013 gr. entylisso) chu\u015bcie napotnej: [&hellip;]<\/p>\n","protected":false},"author":1,"featured_media":0,"parent":266,"menu_order":0,"comment_status":"closed","ping_status":"closed","template":"","meta":{"footnotes":""},"class_list":["post-299","page","type-page","status-publish","hentry"],"_links":{"self":[{"href":"https:\/\/www.sudariumchristi.com\/pl\/wp-json\/wp\/v2\/pages\/299","targetHints":{"allow":["GET"]}}],"collection":[{"href":"https:\/\/www.sudariumchristi.com\/pl\/wp-json\/wp\/v2\/pages"}],"about":[{"href":"https:\/\/www.sudariumchristi.com\/pl\/wp-json\/wp\/v2\/types\/page"}],"author":[{"embeddable":true,"href":"https:\/\/www.sudariumchristi.com\/pl\/wp-json\/wp\/v2\/users\/1"}],"replies":[{"embeddable":true,"href":"https:\/\/www.sudariumchristi.com\/pl\/wp-json\/wp\/v2\/comments?post=299"}],"version-history":[{"count":6,"href":"https:\/\/www.sudariumchristi.com\/pl\/wp-json\/wp\/v2\/pages\/299\/revisions"}],"predecessor-version":[{"id":3925,"href":"https:\/\/www.sudariumchristi.com\/pl\/wp-json\/wp\/v2\/pages\/299\/revisions\/3925"}],"up":[{"embeddable":true,"href":"https:\/\/www.sudariumchristi.com\/pl\/wp-json\/wp\/v2\/pages\/266"}],"wp:attachment":[{"href":"https:\/\/www.sudariumchristi.com\/pl\/wp-json\/wp\/v2\/media?parent=299"}],"curies":[{"name":"wp","href":"https:\/\/api.w.org\/{rel}","templated":true}]}}