{"id":308,"date":"2025-11-05T16:44:34","date_gmt":"2025-11-05T15:44:34","guid":{"rendered":"http:\/\/sudariumchristi.stage.bergwerk-it.de\/grob-jest-pusty\/bisior-i-czysty-len-2\/"},"modified":"2025-12-19T14:15:15","modified_gmt":"2025-12-19T13:15:15","slug":"bisior-i-czysty-len-2","status":"publish","type":"page","link":"https:\/\/www.sudariumchristi.com\/pl\/grob-jest-pusty\/bisior-i-czysty-len-2\/","title":{"rendered":"Obraz niewykonany ludzk\u0105 r\u0119k\u0105 \u2013 por\u00f3wnanie"},"content":{"rendered":"\t\t<div data-elementor-type=\"wp-page\" data-elementor-id=\"308\" class=\"elementor elementor-308 elementor-29\" data-elementor-post-type=\"page\">\n\t\t\t\t<div class=\"elementor-element elementor-element-b49a01f e-flex e-con-boxed e-con e-parent\" data-id=\"b49a01f\" data-element_type=\"container\" data-e-type=\"container\">\n\t\t\t\t\t<div class=\"e-con-inner\">\n\t\t\t\t<div class=\"elementor-element elementor-element-605c662 elementor-widget-divider--view-line elementor-widget elementor-widget-divider\" data-id=\"605c662\" data-element_type=\"widget\" data-e-type=\"widget\" data-widget_type=\"divider.default\">\n\t\t\t\t\t\t\t<div class=\"elementor-divider\">\n\t\t\t<span class=\"elementor-divider-separator\">\n\t\t\t\t\t\t<\/span>\n\t\t<\/div>\n\t\t\t\t\t\t<\/div>\n\t\t\t\t<div class=\"elementor-element elementor-element-cc6e72f elementor-widget elementor-widget-text-editor\" data-id=\"cc6e72f\" data-element_type=\"widget\" data-e-type=\"widget\" data-widget_type=\"text-editor.default\">\n\t\t\t\t\t\t\t\t\t<p class=\"txt1\"><b>Pierwsze zdj\u0119cie Ca\u0142unu Tury\u0144skiego<\/b> z roku 1898 r. wykaza\u0142o, \u017ce mo\u017cna go por\u00f3wna\u0107 z negatywem fotograficznym. Sudarium z Manoppello natomiast przypomina slajd. Niemniej jednak to nie s\u0105 zdj\u0119cia. Na ca\u0142unie ukazany jest martwy cz\u0142owiek, na Sudarium natomiast przedstawiony jest \u017cywy m\u0119\u017cczyzna, naznaczony m\u0119k\u0105.   <\/p><p class=\"txt1\">Trapistka Blandina Paschalis Schl\u00f6mer, niemiecka farmaceutka i malarka ikon, odkry\u0142a zgodno\u015b\u0107 rys\u00f3w twarzy wizerunku na Sudarium i Ca\u0142unie Tury\u0144skim. Na podstawie punkt\u00f3w stycznych wykorzysta\u0142a technik\u0119 tzw. suprapozycji. Nak\u0142adaj\u0105c na siebie folie z obrazem twarzy z Manoppello oraz twarzy z Ca\u0142unu Tury\u0144skiego dzi\u0119ki ich zgodno\u015bci dowiod\u0142a, \u017ce na\u0142o\u017cone na siebie obrazy przedstawiaj\u0105 t\u0119 sam\u0105 osob\u0119.  <b>P\u00f3\u017aniej zastosowa\u0142a t\u0119 technik\u0119 z takim samym skutkiem do Chusty z Oviedo.<\/b><\/p>\t\t\t\t\t\t\t\t<\/div>\n\t\t\t\t<div class=\"elementor-element elementor-element-00b28ae elementor-widget-divider--view-line elementor-widget elementor-widget-divider\" data-id=\"00b28ae\" data-element_type=\"widget\" data-e-type=\"widget\" data-widget_type=\"divider.default\">\n\t\t\t\t\t\t\t<div class=\"elementor-divider\">\n\t\t\t<span class=\"elementor-divider-separator\">\n\t\t\t\t\t\t<\/span>\n\t\t<\/div>\n\t\t\t\t\t\t<\/div>\n\t\t\t\t<div class=\"elementor-element elementor-element-28a4d03 elementor-widget elementor-widget-heading\" data-id=\"28a4d03\" data-element_type=\"widget\" data-e-type=\"widget\" data-widget_type=\"heading.default\">\n\t\t\t\t\t<span class=\"elementor-heading-title elementor-size-default\">Por\u00f3wnanie Ca\u0142unu Tury\u0144skiego i Sudarium Chrystusa (Manoppello)<\/span>\t\t\t\t<\/div>\n\t\t<div class=\"elementor-element elementor-element-e70a8c9 e-con-full e-flex e-con e-child\" data-id=\"e70a8c9\" data-element_type=\"container\" data-e-type=\"container\">\n\t\t\t\t<div class=\"elementor-element elementor-element-f0709e6 elementor-widget elementor-widget-image\" data-id=\"f0709e6\" data-element_type=\"widget\" data-e-type=\"widget\" data-widget_type=\"image.default\">\n\t\t\t\t\t\t\t\t\t\t\t\t<figure class=\"wp-caption\">\n\t\t\t\t\t\t\t\t\t\t<img fetchpriority=\"high\" decoding=\"async\" width=\"221\" height=\"300\" src=\"https:\/\/www.sudariumchristi.com\/wp-content\/uploads\/2025\/12\/turin.jpg\" class=\"attachment-large size-large wp-image-3570\" alt=\"\" \/>\t\t\t\t\t\t\t\t\t\t\t<figcaption class=\"widget-image-caption wp-caption-text\">Ca\u0142un Tury\u0144ski<\/figcaption>\n\t\t\t\t\t\t\t\t\t\t<\/figure>\n\t\t\t\t\t\t\t\t\t<\/div>\n\t\t\t\t<div class=\"elementor-element elementor-element-94e1853 elementor-widget elementor-widget-image\" data-id=\"94e1853\" data-element_type=\"widget\" data-e-type=\"widget\" data-widget_type=\"image.default\">\n\t\t\t\t\t\t\t\t\t\t\t\t<figure class=\"wp-caption\">\n\t\t\t\t\t\t\t\t\t\t<img decoding=\"async\" width=\"221\" height=\"300\" src=\"https:\/\/www.sudariumchristi.com\/wp-content\/uploads\/2025\/12\/sudarium_1.jpg\" class=\"attachment-large size-large wp-image-3571\" alt=\"\" \/>\t\t\t\t\t\t\t\t\t\t\t<figcaption class=\"widget-image-caption wp-caption-text\">Sudarium Chrystusa<\/figcaption>\n\t\t\t\t\t\t\t\t\t\t<\/figure>\n\t\t\t\t\t\t\t\t\t<\/div>\n\t\t\t\t<div class=\"elementor-element elementor-element-b7e4ca4 elementor-widget elementor-widget-image\" data-id=\"b7e4ca4\" data-element_type=\"widget\" data-e-type=\"widget\" data-widget_type=\"image.default\">\n\t\t\t\t\t\t\t\t\t\t\t\t<figure class=\"wp-caption\">\n\t\t\t\t\t\t\t\t\t\t<img decoding=\"async\" width=\"200\" height=\"300\" src=\"https:\/\/www.sudariumchristi.com\/wp-content\/uploads\/2025\/12\/turinvoltosanto.jpg\" class=\"attachment-large size-large wp-image-3572\" alt=\"\" \/>\t\t\t\t\t\t\t\t\t\t\t<figcaption class=\"widget-image-caption wp-caption-text\">Na\u0142o\u017cenie<\/figcaption>\n\t\t\t\t\t\t\t\t\t\t<\/figure>\n\t\t\t\t\t\t\t\t\t<\/div>\n\t\t\t\t<\/div>\n\t\t\t\t<div class=\"elementor-element elementor-element-4d694b7 elementor-widget elementor-widget-heading\" data-id=\"4d694b7\" data-element_type=\"widget\" data-e-type=\"widget\" data-widget_type=\"heading.default\">\n\t\t\t\t\t<span class=\"elementor-heading-title elementor-size-default\">Miejsca wykazuj\u0105ce szczeg\u00f3ln\u0105 zgodno\u015b\u0107<\/span>\t\t\t\t<\/div>\n\t\t<div class=\"elementor-element elementor-element-a9a4bd0 e-con-full e-flex e-con e-child\" data-id=\"a9a4bd0\" data-element_type=\"container\" data-e-type=\"container\">\n\t\t\t\t<div class=\"elementor-element elementor-element-4552951 elementor-widget__width-initial elementor-icon-list--layout-traditional elementor-list-item-link-full_width elementor-widget elementor-widget-icon-list\" data-id=\"4552951\" data-element_type=\"widget\" data-e-type=\"widget\" data-widget_type=\"icon-list.default\">\n\t\t\t\t\t\t\t<ul class=\"elementor-icon-list-items\">\n\t\t\t\t\t\t\t<li class=\"elementor-icon-list-item\">\n\t\t\t\t\t\t\t\t\t\t<span class=\"elementor-icon-list-text\"><span class=\"number\">1<\/span> Lewa \u017arenica<\/span>\n\t\t\t\t\t\t\t\t\t<\/li>\n\t\t\t\t\t\t\t\t<li class=\"elementor-icon-list-item\">\n\t\t\t\t\t\t\t\t\t\t<span class=\"elementor-icon-list-text\"><span class=\"number\">2<\/span> Lewa dolna powieka<\/span>\n\t\t\t\t\t\t\t\t\t<\/li>\n\t\t\t\t\t\t\t\t<li class=\"elementor-icon-list-item\">\n\t\t\t\t\t\t\t\t\t\t<span class=\"elementor-icon-list-text\"><span class=\"number\">3<\/span> Prawa \u017arenica<\/span>\n\t\t\t\t\t\t\t\t\t<\/li>\n\t\t\t\t\t\t\t\t<li class=\"elementor-icon-list-item\">\n\t\t\t\t\t\t\t\t\t\t<span class=\"elementor-icon-list-text\"><span class=\"number\">4<\/span> Krwiak na z\u0142amanym nosie<\/span>\n\t\t\t\t\t\t\t\t\t<\/li>\n\t\t\t\t\t\t\t\t<li class=\"elementor-icon-list-item\">\n\t\t\t\t\t\t\t\t\t\t<span class=\"elementor-icon-list-text\"><span class=\"number\">5<\/span> Miejsca wk\u0142ucia cierni na lewym policzku i na prawej brwi lub w k\u0105ciku prawego oczodo\u0142u<\/span>\n\t\t\t\t\t\t\t\t\t<\/li>\n\t\t\t\t\t\t<\/ul>\n\t\t\t\t\t\t<\/div>\n\t\t\t\t<div class=\"elementor-element elementor-element-4b1d88c elementor-widget__width-initial elementor-icon-list--layout-traditional elementor-list-item-link-full_width elementor-widget elementor-widget-icon-list\" data-id=\"4b1d88c\" data-element_type=\"widget\" data-e-type=\"widget\" data-widget_type=\"icon-list.default\">\n\t\t\t\t\t\t\t<ul class=\"elementor-icon-list-items\">\n\t\t\t\t\t\t\t<li class=\"elementor-icon-list-item\">\n\t\t\t\t\t\t\t\t\t\t<span class=\"elementor-icon-list-text\"><span class=\"number\">6<\/span> Prawe skrzyde\u0142ko nosa<\/span>\n\t\t\t\t\t\t\t\t\t<\/li>\n\t\t\t\t\t\t\t\t<li class=\"elementor-icon-list-item\">\n\t\t\t\t\t\t\t\t\t\t<span class=\"elementor-icon-list-text\"><span class=\"number\">7<\/span> Lewe, zranione skrzyde\u0142ko nosa<\/span>\n\t\t\t\t\t\t\t\t\t<\/li>\n\t\t\t\t\t\t\t\t<li class=\"elementor-icon-list-item\">\n\t\t\t\t\t\t\t\t\t\t<span class=\"elementor-icon-list-text\"><span class=\"number\">8<\/span> Linie w kszta\u0142cie krzy\u017ca i \u0142uku przy lewym k\u0105ciku ust<\/span>\n\t\t\t\t\t\t\t\t\t<\/li>\n\t\t\t\t\t\t\t\t<li class=\"elementor-icon-list-item\">\n\t\t\t\t\t\t\t\t\t\t<span class=\"elementor-icon-list-text\"><span class=\"number\">9<\/span> Uz\u0119bienie, ostatni widoczny z\u0105b<\/span>\n\t\t\t\t\t\t\t\t\t<\/li>\n\t\t\t\t\t\t\t\t<li class=\"elementor-icon-list-item\">\n\t\t\t\t\t\t\t\t\t\t<span class=\"elementor-icon-list-text\"><span class=\"number\">10<\/span> Skaleczenie dolnej wargi<\/span>\n\t\t\t\t\t\t\t\t\t<\/li>\n\t\t\t\t\t\t<\/ul>\n\t\t\t\t\t\t<\/div>\n\t\t\t\t<\/div>\n\t\t\t\t<div class=\"elementor-element elementor-element-2d5d117 elementor-widget-divider--view-line elementor-widget elementor-widget-divider\" data-id=\"2d5d117\" data-element_type=\"widget\" data-e-type=\"widget\" data-widget_type=\"divider.default\">\n\t\t\t\t\t\t\t<div class=\"elementor-divider\">\n\t\t\t<span class=\"elementor-divider-separator\">\n\t\t\t\t\t\t<\/span>\n\t\t<\/div>\n\t\t\t\t\t\t<\/div>\n\t\t\t\t<div class=\"elementor-element elementor-element-10e5007 elementor-widget elementor-widget-heading\" data-id=\"10e5007\" data-element_type=\"widget\" data-e-type=\"widget\" data-widget_type=\"heading.default\">\n\t\t\t\t\t<span class=\"elementor-heading-title elementor-size-default\">Por\u00f3wnanie Sudarium z Oviedo i Sudarium Chrystusa (Manoppello)<\/span>\t\t\t\t<\/div>\n\t\t<div class=\"elementor-element elementor-element-dae0f33 e-con-full e-flex e-con e-child\" data-id=\"dae0f33\" data-element_type=\"container\" data-e-type=\"container\">\n\t\t\t\t<div class=\"elementor-element elementor-element-30625b3 elementor-widget elementor-widget-image\" data-id=\"30625b3\" data-element_type=\"widget\" data-e-type=\"widget\" data-widget_type=\"image.default\">\n\t\t\t\t\t\t\t\t\t\t\t\t<figure class=\"wp-caption\">\n\t\t\t\t\t\t\t\t\t\t<img loading=\"lazy\" decoding=\"async\" width=\"221\" height=\"300\" src=\"https:\/\/www.sudariumchristi.com\/wp-content\/uploads\/2025\/12\/oviedo.jpg\" class=\"attachment-large size-large wp-image-3573\" alt=\"\" \/>\t\t\t\t\t\t\t\t\t\t\t<figcaption class=\"widget-image-caption wp-caption-text\">Sudarium z Oviedo<\/figcaption>\n\t\t\t\t\t\t\t\t\t\t<\/figure>\n\t\t\t\t\t\t\t\t\t<\/div>\n\t\t\t\t<div class=\"elementor-element elementor-element-da8a64f elementor-widget elementor-widget-image\" data-id=\"da8a64f\" data-element_type=\"widget\" data-e-type=\"widget\" data-widget_type=\"image.default\">\n\t\t\t\t\t\t\t\t\t\t\t\t<figure class=\"wp-caption\">\n\t\t\t\t\t\t\t\t\t\t<img loading=\"lazy\" decoding=\"async\" width=\"221\" height=\"300\" src=\"https:\/\/www.sudariumchristi.com\/wp-content\/uploads\/2025\/12\/sudarium_2.jpg\" class=\"attachment-large size-large wp-image-3574\" alt=\"\" \/>\t\t\t\t\t\t\t\t\t\t\t<figcaption class=\"widget-image-caption wp-caption-text\">Sudarium Chrystusa<\/figcaption>\n\t\t\t\t\t\t\t\t\t\t<\/figure>\n\t\t\t\t\t\t\t\t\t<\/div>\n\t\t\t\t<div class=\"elementor-element elementor-element-2199fee elementor-widget elementor-widget-image\" data-id=\"2199fee\" data-element_type=\"widget\" data-e-type=\"widget\" data-widget_type=\"image.default\">\n\t\t\t\t\t\t\t\t\t\t\t\t<figure class=\"wp-caption\">\n\t\t\t\t\t\t\t\t\t\t<img loading=\"lazy\" decoding=\"async\" width=\"200\" height=\"300\" src=\"https:\/\/www.sudariumchristi.com\/wp-content\/uploads\/2025\/12\/oviedovoltosanto.jpg\" class=\"attachment-large size-large wp-image-3575\" alt=\"\" \/>\t\t\t\t\t\t\t\t\t\t\t<figcaption class=\"widget-image-caption wp-caption-text\">Na\u0142o\u017cenie<\/figcaption>\n\t\t\t\t\t\t\t\t\t\t<\/figure>\n\t\t\t\t\t\t\t\t\t<\/div>\n\t\t\t\t<\/div>\n\t\t\t\t<div class=\"elementor-element elementor-element-4fa06e3 elementor-widget elementor-widget-heading\" data-id=\"4fa06e3\" data-element_type=\"widget\" data-e-type=\"widget\" data-widget_type=\"heading.default\">\n\t\t\t\t\t<span class=\"elementor-heading-title elementor-size-default\">Miejsca wykazuj\u0105ce szczeg\u00f3ln\u0105 zgodno\u015b\u0107<\/span>\t\t\t\t<\/div>\n\t\t<div class=\"elementor-element elementor-element-1e7c452 e-con-full e-flex e-con e-child\" data-id=\"1e7c452\" data-element_type=\"container\" data-e-type=\"container\">\n\t\t\t\t<div class=\"elementor-element elementor-element-8291c59 elementor-widget__width-initial elementor-icon-list--layout-traditional elementor-list-item-link-full_width elementor-widget elementor-widget-icon-list\" data-id=\"8291c59\" data-element_type=\"widget\" data-e-type=\"widget\" data-widget_type=\"icon-list.default\">\n\t\t\t\t\t\t\t<ul class=\"elementor-icon-list-items\">\n\t\t\t\t\t\t\t<li class=\"elementor-icon-list-item\">\n\t\t\t\t\t\t\t\t\t\t<span class=\"elementor-icon-list-text\"><span class=\"number\">1<\/span> Przerwa mi\u0119dzy dwoma widocznymi na Sudarium z\u0119bami<\/span>\n\t\t\t\t\t\t\t\t\t<\/li>\n\t\t\t\t\t\t\t\t<li class=\"elementor-icon-list-item\">\n\t\t\t\t\t\t\t\t\t\t<span class=\"elementor-icon-list-text\"><span class=\"number\">2<\/span> \u015alad od cierni na \u015brodkowym kra\u0144cu lewej brwi<\/span>\n\t\t\t\t\t\t\t\t\t<\/li>\n\t\t\t\t\t\t\t\t<li class=\"elementor-icon-list-item\">\n\t\t\t\t\t\t\t\t\t\t<span class=\"elementor-icon-list-text\"><span class=\"number\">3<\/span> Plamka nad skaleczeniem przy prawej brwi<\/span>\n\t\t\t\t\t\t\t\t\t<\/li>\n\t\t\t\t\t\t\t\t<li class=\"elementor-icon-list-item\">\n\t\t\t\t\t\t\t\t\t\t<span class=\"elementor-icon-list-text\"><span class=\"number\">4<\/span> Sko\u015bna linia, zgodna z jasnoczerwon\u0105 kresk\u0105 na \u015awi\u0119tym Obliczu<\/span>\n\t\t\t\t\t\t\t\t\t<\/li>\n\t\t\t\t\t\t\t\t<li class=\"elementor-icon-list-item\">\n\t\t\t\t\t\t\t\t\t\t<span class=\"elementor-icon-list-text\"><span class=\"number\">5<\/span> Zmiany na nosie, spowodowane uderzeniem kija. Wy\u0142aniaj\u0105 si\u0119 r\u00f3wnoleg\u0142e ciemne ci\u0119cia i jasna linia tr\u00f3jk\u0105ta, kt\u00f3rego wierzcho\u0142ek skierowany jest na d\u00f3\u0142. <\/span>\n\t\t\t\t\t\t\t\t\t<\/li>\n\t\t\t\t\t\t<\/ul>\n\t\t\t\t\t\t<\/div>\n\t\t\t\t<div class=\"elementor-element elementor-element-b34fde3 elementor-widget__width-initial elementor-icon-list--layout-traditional elementor-list-item-link-full_width elementor-widget elementor-widget-icon-list\" data-id=\"b34fde3\" data-element_type=\"widget\" data-e-type=\"widget\" data-widget_type=\"icon-list.default\">\n\t\t\t\t\t\t\t<ul class=\"elementor-icon-list-items\">\n\t\t\t\t\t\t\t<li class=\"elementor-icon-list-item\">\n\t\t\t\t\t\t\t\t\t\t<span class=\"elementor-icon-list-text\"><span class=\"number\">6<\/span> Lekko za\u0142amana linia pozioma, zaznaczaj\u0105ca od do\u0142u z\u0142amanie \u015brodkowej cz\u0119\u015bci nosa<\/span>\n\t\t\t\t\t\t\t\t\t<\/li>\n\t\t\t\t\t\t\t\t<li class=\"elementor-icon-list-item\">\n\t\t\t\t\t\t\t\t\t\t<span class=\"elementor-icon-list-text\"><span class=\"number\">7<\/span> Otarty lub posiniaczony czubek nosa<\/span>\n\t\t\t\t\t\t\t\t\t<\/li>\n\t\t\t\t\t\t\t\t<li class=\"elementor-icon-list-item\">\n\t\t\t\t\t\t\t\t\t\t<span class=\"elementor-icon-list-text\"><span class=\"number\">8<\/span> Skaleczenie na g\u00f3rnej wardze. Daje si\u0119 zauwa\u017cy\u0107 ciemne punkty na prostej linii, troch\u0119 powy\u017cej linii ust i wyra\u017ane zaczerwienienie, rozci\u0105gaj\u0105ce si\u0119 od tych prawdopodobnych uk\u0142u\u0107 ku g\u00f3rze. Opr\u00f3cz tego samo skaleczenie g\u00f3rnej wargi.  <\/span>\n\t\t\t\t\t\t\t\t\t<\/li>\n\t\t\t\t\t\t\t\t<li class=\"elementor-icon-list-item\">\n\t\t\t\t\t\t\t\t\t\t<span class=\"elementor-icon-list-text\"><span class=\"number\">9<\/span> \u015alady p\u0142ynu \u2013 pocz\u0105tek dok\u0142adnie na \u017arenicy. Wydaje si\u0119, \u017ce oko zosta\u0142o zranione przez uk\u0142ucie cierniem. <\/span>\n\t\t\t\t\t\t\t\t\t<\/li>\n\t\t\t\t\t\t\t\t<li class=\"elementor-icon-list-item\">\n\t\t\t\t\t\t\t\t\t\t<span class=\"elementor-icon-list-text\"><span class=\"number\">10<\/span> Skaleczenia na prawym policzku spowodowane przez ciernie w geometrycznym kszta\u0142cie trapezu z wierzcho\u0142kiem do do\u0142u.<\/span>\n\t\t\t\t\t\t\t\t\t<\/li>\n\t\t\t\t\t\t<\/ul>\n\t\t\t\t\t\t<\/div>\n\t\t\t\t<\/div>\n\t\t\t\t\t<\/div>\n\t\t\t\t<\/div>\n\t\t\t\t<\/div>\n\t\t","protected":false},"excerpt":{"rendered":"<p>Pierwsze zdj\u0119cie Ca\u0142unu Tury\u0144skiego z roku 1898 r. wykaza\u0142o, \u017ce mo\u017cna go por\u00f3wna\u0107 z negatywem fotograficznym. Sudarium z Manoppello natomiast przypomina slajd. Niemniej jednak to nie s\u0105 zdj\u0119cia. Na ca\u0142unie ukazany jest martwy cz\u0142owiek, na Sudarium natomiast przedstawiony jest \u017cywy m\u0119\u017cczyzna, naznaczony m\u0119k\u0105. Trapistka Blandina Paschalis Schl\u00f6mer, niemiecka farmaceutka i malarka ikon, odkry\u0142a zgodno\u015b\u0107 rys\u00f3w [&hellip;]<\/p>\n","protected":false},"author":1,"featured_media":0,"parent":266,"menu_order":0,"comment_status":"closed","ping_status":"closed","template":"","meta":{"footnotes":""},"class_list":["post-308","page","type-page","status-publish","hentry"],"_links":{"self":[{"href":"https:\/\/www.sudariumchristi.com\/pl\/wp-json\/wp\/v2\/pages\/308","targetHints":{"allow":["GET"]}}],"collection":[{"href":"https:\/\/www.sudariumchristi.com\/pl\/wp-json\/wp\/v2\/pages"}],"about":[{"href":"https:\/\/www.sudariumchristi.com\/pl\/wp-json\/wp\/v2\/types\/page"}],"author":[{"embeddable":true,"href":"https:\/\/www.sudariumchristi.com\/pl\/wp-json\/wp\/v2\/users\/1"}],"replies":[{"embeddable":true,"href":"https:\/\/www.sudariumchristi.com\/pl\/wp-json\/wp\/v2\/comments?post=308"}],"version-history":[{"count":12,"href":"https:\/\/www.sudariumchristi.com\/pl\/wp-json\/wp\/v2\/pages\/308\/revisions"}],"predecessor-version":[{"id":3863,"href":"https:\/\/www.sudariumchristi.com\/pl\/wp-json\/wp\/v2\/pages\/308\/revisions\/3863"}],"up":[{"embeddable":true,"href":"https:\/\/www.sudariumchristi.com\/pl\/wp-json\/wp\/v2\/pages\/266"}],"wp:attachment":[{"href":"https:\/\/www.sudariumchristi.com\/pl\/wp-json\/wp\/v2\/media?parent=308"}],"curies":[{"name":"wp","href":"https:\/\/api.w.org\/{rel}","templated":true}]}}