{"id":315,"date":"2025-11-05T16:45:04","date_gmt":"2025-11-05T15:45:04","guid":{"rendered":"http:\/\/sudariumchristi.stage.bergwerk-it.de\/sudarium-chrystusa-i-calun-turynski\/"},"modified":"2025-12-18T13:34:11","modified_gmt":"2025-12-18T12:34:11","slug":"sudarium-chrystusa-i-calun-turynski","status":"publish","type":"page","link":"https:\/\/www.sudariumchristi.com\/pl\/sudarium-chrystusa-i-calun-turynski\/","title":{"rendered":"Sudarium Chrystusa i Ca\u0142un Tury\u0144ski"},"content":{"rendered":"\t\t<div data-elementor-type=\"wp-page\" data-elementor-id=\"315\" class=\"elementor elementor-315 elementor-31\" data-elementor-post-type=\"page\">\n\t\t\t\t<div class=\"elementor-element elementor-element-42a2e65 e-flex e-con-boxed e-con e-parent\" data-id=\"42a2e65\" data-element_type=\"container\" data-e-type=\"container\">\n\t\t\t\t\t<div class=\"e-con-inner\">\n\t\t\t\t<div class=\"elementor-element elementor-element-541ecfd elementor-widget elementor-widget-heading\" data-id=\"541ecfd\" data-element_type=\"widget\" data-e-type=\"widget\" data-widget_type=\"heading.default\">\n\t\t\t\t\t<h2 class=\"elementor-heading-title elementor-size-default\">Por\u00f3wnanie chust<\/h2>\t\t\t\t<\/div>\n\t\t\t\t<div class=\"elementor-element elementor-element-fab683a elementor-widget-divider--view-line elementor-widget elementor-widget-divider\" data-id=\"fab683a\" data-element_type=\"widget\" data-e-type=\"widget\" data-widget_type=\"divider.default\">\n\t\t\t\t\t\t\t<div class=\"elementor-divider\">\n\t\t\t<span class=\"elementor-divider-separator\">\n\t\t\t\t\t\t<\/span>\n\t\t<\/div>\n\t\t\t\t\t\t<\/div>\n\t\t\t\t<div class=\"elementor-element elementor-element-2d8c9c3 elementor-widget elementor-widget-image\" data-id=\"2d8c9c3\" data-element_type=\"widget\" data-e-type=\"widget\" data-widget_type=\"image.default\">\n\t\t\t\t\t\t\t\t\t\t\t\t\t\t\t<img fetchpriority=\"high\" decoding=\"async\" width=\"700\" height=\"375\" src=\"https:\/\/www.sudariumchristi.com\/wp-content\/uploads\/2025\/12\/compare_1.jpg\" class=\"attachment-large size-large wp-image-2021\" alt=\"\" srcset=\"https:\/\/www.sudariumchristi.com\/wp-content\/uploads\/2025\/12\/compare_1.jpg 700w, https:\/\/www.sudariumchristi.com\/wp-content\/uploads\/2025\/12\/compare_1-300x161.jpg 300w\" sizes=\"(max-width: 700px) 100vw, 700px\" \/>\t\t\t\t\t\t\t\t\t\t\t\t\t\t\t<\/div>\n\t\t\t\t<div class=\"elementor-element elementor-element-efcee2c elementor-widget elementor-widget-text-editor\" data-id=\"efcee2c\" data-element_type=\"widget\" data-e-type=\"widget\" data-widget_type=\"text-editor.default\">\n\t\t\t\t\t\t\t\t\t<p><b>Na Ca\u0142unie Tury\u0144skim<\/b> uwieczniona zosta\u0142a m\u0119ka i \u015bmier\u0107 Jezusa Chrystusa. Jest martwy, Jego spojrzenie zgas\u0142o. Natomiast naznaczone m\u0119k\u0105 oblicze Zmartwychwsta\u0142ego na Sudarium Chrystusa zdaje si\u0119 patrze\u0107 na osob\u0119, kt\u00f3ra je rozwa\u017ca, uwa\u017cnym spojrzeniem.  <\/p><p><a href=\"https:\/\/www.sudariumchristi.com\/pl\/grob-jest-pusty\/bisior-i-czysty-len-2\/\">Wi\u0119cej na ten temat \u2026<\/a><\/p>\t\t\t\t\t\t\t\t<\/div>\n\t\t\t\t\t<\/div>\n\t\t\t\t<\/div>\n\t\t\t\t<\/div>\n\t\t","protected":false},"excerpt":{"rendered":"<p>Por\u00f3wnanie chust Na Ca\u0142unie Tury\u0144skim uwieczniona zosta\u0142a m\u0119ka i \u015bmier\u0107 Jezusa Chrystusa. Jest martwy, Jego spojrzenie zgas\u0142o. Natomiast naznaczone m\u0119k\u0105 oblicze Zmartwychwsta\u0142ego na Sudarium Chrystusa zdaje si\u0119 patrze\u0107 na osob\u0119, kt\u00f3ra je rozwa\u017ca, uwa\u017cnym spojrzeniem. Wi\u0119cej na ten temat \u2026<\/p>\n","protected":false},"author":1,"featured_media":0,"parent":0,"menu_order":0,"comment_status":"closed","ping_status":"closed","template":"","meta":{"footnotes":""},"class_list":["post-315","page","type-page","status-publish","hentry"],"_links":{"self":[{"href":"https:\/\/www.sudariumchristi.com\/pl\/wp-json\/wp\/v2\/pages\/315","targetHints":{"allow":["GET"]}}],"collection":[{"href":"https:\/\/www.sudariumchristi.com\/pl\/wp-json\/wp\/v2\/pages"}],"about":[{"href":"https:\/\/www.sudariumchristi.com\/pl\/wp-json\/wp\/v2\/types\/page"}],"author":[{"embeddable":true,"href":"https:\/\/www.sudariumchristi.com\/pl\/wp-json\/wp\/v2\/users\/1"}],"replies":[{"embeddable":true,"href":"https:\/\/www.sudariumchristi.com\/pl\/wp-json\/wp\/v2\/comments?post=315"}],"version-history":[{"count":6,"href":"https:\/\/www.sudariumchristi.com\/pl\/wp-json\/wp\/v2\/pages\/315\/revisions"}],"predecessor-version":[{"id":3074,"href":"https:\/\/www.sudariumchristi.com\/pl\/wp-json\/wp\/v2\/pages\/315\/revisions\/3074"}],"wp:attachment":[{"href":"https:\/\/www.sudariumchristi.com\/pl\/wp-json\/wp\/v2\/media?parent=315"}],"curies":[{"name":"wp","href":"https:\/\/api.w.org\/{rel}","templated":true}]}}